{"id":9958,"date":"2026-04-28T16:43:47","date_gmt":"2026-04-28T08:43:47","guid":{"rendered":"https:\/\/dlcpo.com\/svolt-cl67-97ah-celula-de-bateria-lifepo4-90ah-atualizacao\/"},"modified":"2026-04-28T17:32:40","modified_gmt":"2026-04-28T09:32:40","slug":"svolt-cl67-97ah-celula-de-bateria-lifepo4-90ah-atualizacao","status":"publish","type":"product","link":"https:\/\/dlcpo.com\/pt-br\/svolt-cl67-97ah-celula-de-bateria-lifepo4-90ah-atualizacao\/","title":{"rendered":"SVOLT CL67 97Ah 3,2 V LiFePO4 Prism\u00e1tica Bateria C\u00e9lula \u2014 Atualiza\u00e7\u00e3o de alta densidade de 90Ah, LFP de grau EV para Pot\u00eancia e ESS"},"content":{"rendered":"<div style=\"font-family: 'Segoe UI', Arial, sans-serif; line-height: 1.6; color: #333; max-width: 900px; margin: auto;\">\n<p style=\"font-size: 16px; margin-bottom: 25px;\">A <strong>SVOLT CL67 97Ah<\/strong> \u00e9 a vers\u00e3o profissional de n\u00edvel automotivo do cl\u00e1ssico formato prism\u00e1tico de 90Ah. Ele oferece uma densidade de energia l\u00edder do setor de <strong>187Wh\/kg<\/strong>, mantendo exatamente o mesmo tamanho f\u00edsico de uma c\u00e9lula padr\u00e3o de 90Ah. Isso torna o <strong>SVOLT CL67 97Ah<\/strong> a melhor op\u00e7\u00e3o de substitui\u00e7\u00e3o direta para sistemas de propuls\u00e3o de ve\u00edculos el\u00e9tricos de alta densidade e projetos de sistemas de armazenamento de energia (ESS) de ponta.  <\/p>\n<h2 style=\"font-size: 24px; color: #0056b3; margin-top: 30px; margin-bottom: 20px;\">\ud83d\ude80 Por que fazer o upgrade para a SVOLT CL67 97Ah?<\/h2>\n<p style=\"font-size: 15px; margin-bottom: 15px;\">Projetada para oferecer alto desempenho, a <strong>SVOLT CL67 97Ah<\/strong> suporta uma incr\u00edvel <strong>descarga de pulso de 1385 A<\/strong> durante 10 segundos. Verificada pela DLCPO, cada c\u00e9lula \u00e9 proveniente de linhas de produ\u00e7\u00e3o de n\u00edvel 1, garantindo consist\u00eancia de alto n\u00edvel em termos de resist\u00eancia interna e estabilidade de tens\u00e3o. <\/p>\n<ul style=\"font-size: 15px; list-style-type: none; padding-left: 0;\">\n<li style=\"margin-bottom: 10px;\">\ud83d\udd39 <strong>Excelente estabilidade t\u00e9rmica:<\/strong> Funciona de forma eficiente em climas extremos, de -30 \u00b0C at\u00e9 60 \u00b0C.<\/li>\n<li style=\"margin-bottom: 10px;\">\ud83d\udd39 <strong>Confiabilidade automotiva:<\/strong> Provenientes de linhas de produ\u00e7\u00e3o em massa \u201cPre-C\u201d com total rastreabilidade.<\/li>\n<li style=\"margin-bottom: 10px;\">\ud83d\udd39 <strong>Resist\u00eancia ultrabaixa:<\/strong> ACR nominal de \u2264 0,5 m\u03a9 garante alta efici\u00eancia e perda m\u00ednima de calor .<\/li>\n<\/ul>\n<h2 style=\"font-size: 24px; color: #222; margin-bottom: 25px;\">Principais destaques t\u00e9cnicos: O especialista em atualiza\u00e7\u00f5es de 187 Wh\/kg e 90 Ah<\/h2>\n<ul style=\"font-size: 15px; padding-left: 20px;\">\n<li style=\"margin-bottom: 15px;\"><strong>\ud83d\udccf Substitui\u00e7\u00e3o perfeita de 90 Ah:<\/strong> Aumente sua capacidade em quase 8% utilizando o mesmo espa\u00e7o de montagem das c\u00e9lulas padr\u00e3o de 90 Ah.<\/li>\n<li style=\"margin-bottom: 15px;\"><strong>\u26a1 Pico de corrente de pico de 1385 A:<\/strong> Otimizado para partidas de motores de alto torque e aplica\u00e7\u00f5es industriais de alta exig\u00eancia.<\/li>\n<li style=\"margin-bottom: 15px;\"><strong>\u2744\ufe0f Desempenho em baixas temperaturas (-30 \u00b0C):<\/strong> Mant\u00e9m excelente capacidade de descarga mesmo em ambientes com temperaturas abaixo de zero.<\/li>\n<li style=\"margin-bottom: 15px;\"><strong>\ud83c\udfd7\ufe0f Tecnologia avan\u00e7ada de empilhamento:<\/strong> O processo de empilhamento em alta velocidade garante uma distribui\u00e7\u00e3o uniforme da temperatura interna e maior durabilidade do ciclo.<\/li>\n<li style=\"margin-bottom: 15px;\"><strong>\ud83c\udfc5 Certificado Qualidade Grau A:<\/strong> Rec\u00e9m- produzido com c\u00f3digos QR de f\u00e1brica originais e total conformidade com a norma UN38.3\/GB .<\/li>\n<\/ul>\n<\/div>\n","protected":false},"excerpt":{"rendered":"<p><span data-path-to-node=\"10,0,1,0\"><span class=\"citation-315\">As c\u00e9lulas LiFePO4 SVOLT CL67 de 97 Ah oferecem uma densidade de energia de 187 Wh\/kg e pot\u00eancia de pulso de 1385 A<\/span><\/span><span data-path-to-node=\"10,0,1,2\">. <\/span><span data-path-to-node=\"10,0,1,4\"><span class=\"citation-314\">A atualiza\u00e7\u00e3o perfeita para 90Ah com dimens\u00f5es id\u00eanticas<\/span><\/span><span data-path-to-node=\"10,0,1,6\">. <\/span><span data-path-to-node=\"10,0,1,8\"><span class=\"citation-313\">Qualidade de n\u00edvel automotivo verificada pela DLCPO para projetos de ve\u00edculos el\u00e9tricos (EV) e sistemas de armazenamento de energia (ESS) de ponta<\/span><\/span><span data-path-to-node=\"10,0,1,10\">.<\/span><\/p>\n","protected":false},"featured_media":9955,"template":"","meta":{"_acf_changed":false,"_joinchat":[]},"product_brand":[],"product_cat":[913],"product_tag":[3409,3408,923,3410,3407],"class_list":{"0":"post-9958","1":"product","2":"type-product","3":"status-publish","4":"has-post-thumbnail","6":"product_cat-svolt","7":"product_tag-1385a-pulso-descarga","8":"product_tag-187-wh-kg-alta-densidade","9":"product_tag-dlcpo","10":"product_tag-ev-celula-lfp-de-bateria","11":"product_tag-svolt-cl67-97ah","12":"pa_capacity-97ah","14":"first","15":"instock","16":"shipping-taxable","17":"product-type-simple"},"acf":[],"_links":{"self":[{"href":"https:\/\/dlcpo.com\/pt-br\/wp-json\/wp\/v2\/product\/9958","targetHints":{"allow":["GET"]}}],"collection":[{"href":"https:\/\/dlcpo.com\/pt-br\/wp-json\/wp\/v2\/product"}],"about":[{"href":"https:\/\/dlcpo.com\/pt-br\/wp-json\/wp\/v2\/types\/product"}],"version-history":[{"count":1,"href":"https:\/\/dlcpo.com\/pt-br\/wp-json\/wp\/v2\/product\/9958\/revisions"}],"predecessor-version":[{"id":9968,"href":"https:\/\/dlcpo.com\/pt-br\/wp-json\/wp\/v2\/product\/9958\/revisions\/9968"}],"wp:featuredmedia":[{"embeddable":true,"href":"https:\/\/dlcpo.com\/pt-br\/wp-json\/wp\/v2\/media\/9955"}],"wp:attachment":[{"href":"https:\/\/dlcpo.com\/pt-br\/wp-json\/wp\/v2\/media?parent=9958"}],"wp:term":[{"taxonomy":"product_brand","embeddable":true,"href":"https:\/\/dlcpo.com\/pt-br\/wp-json\/wp\/v2\/product_brand?post=9958"},{"taxonomy":"product_cat","embeddable":true,"href":"https:\/\/dlcpo.com\/pt-br\/wp-json\/wp\/v2\/product_cat?post=9958"},{"taxonomy":"product_tag","embeddable":true,"href":"https:\/\/dlcpo.com\/pt-br\/wp-json\/wp\/v2\/product_tag?post=9958"}],"curies":[{"name":"wp","href":"https:\/\/api.w.org\/{rel}","templated":true}]}}