{"id":9732,"date":"2026-04-23T07:47:37","date_gmt":"2026-04-22T23:47:37","guid":{"rendered":"https:\/\/dlcpo.com\/?post_type=product&#038;p=9732"},"modified":"2026-04-26T10:29:03","modified_gmt":"2026-04-26T02:29:03","slug":"dlcpo-nacr32140-mp10-10ah-celula-de-bateria-de-ions-de-sodio","status":"publish","type":"product","link":"https:\/\/dlcpo.com\/pt-br\/dlcpo-nacr32140-mp10-10ah-celula-de-bateria-de-ions-de-sodio\/","title":{"rendered":"C\u00e9lula de bateria de \u00edons de s\u00f3dio DLCPO NaCR32140-MP10 de 10 Ah \u2013 Alta pot\u00eancia e desempenho em temperaturas extremamente baixas"},"content":{"rendered":"<div class=\"product-description-container\">\n<h2>DLCPO NaCR32140-MP10: A bateria de \u00edons de s\u00f3dio de 10 Ah de \u00faltima gera\u00e7\u00e3o<\/h2>\n<p>A <strong>DLCPO NaCR32140-MP10<\/strong> \u00e9 uma c\u00e9lula de bateria cil\u00edndrica de \u00edons de s\u00f3dio (SIB) de alto desempenho, projetada para oferecer pot\u00eancia extrema e resist\u00eancia ambiental. Utilizando uma qu\u00edmica avan\u00e7ada de SIB, ela oferece uma alternativa mais segura, com carregamento mais r\u00e1pido e mais econ\u00f4mica \u00e0s baterias de l\u00edtio tradicionais, especialmente em climas adversos. <\/p>\n<ul>\n<li>\u2744\ufe0f <strong>Her\u00f3i do clima extremo:<\/strong> Desempenho de descarga confi\u00e1vel at\u00e9 <strong>-40 \u00b0C<\/strong>, mantendo a pot\u00eancia onde as baterias de l\u00edtio falham.<\/li>\n<li>\u26a1 <strong>Carregamento ultrarr\u00e1pido:<\/strong> Compat\u00edvel com <strong>carregamento r\u00e1pido 4C<\/strong>, atingindo 80% da carga em apenas 15 minutos para minimizar o tempo de inatividade.<\/li>\n<li>\ud83d\ude80 <strong>Alta densidade de pot\u00eancia:<\/strong> Taxa de descarga cont\u00ednua de at\u00e9 <strong>3C (30 A)<\/strong>, ideal para aplica\u00e7\u00f5es industriais de alta carga.<\/li>\n<li>\ud83d\udee1\ufe0f <strong>Perfil de seguran\u00e7a superior:<\/strong> Composi\u00e7\u00e3o qu\u00edmica inerentemente est\u00e1vel que passa nos testes de penetra\u00e7\u00e3o com prego, sobrecarga e esmagamento sem provocar inc\u00eandio ou explos\u00e3o.<\/li>\n<li>\ud83d\udd0b <strong>Maior durabilidade:<\/strong> Oferece <strong>\u2265 3.000 ciclos completos<\/strong> a 100% de profundidade de descarga (DOD), proporcionando um ciclo de vida excepcional para sistemas de armazenamento de energia.<\/li>\n<\/ul>\n<h3>Aplica\u00e7\u00f5es ideais:<\/h3>\n<ul>\n<li><strong>ESS para o \u00c1rtico e altitudes elevadas:<\/strong> Ideal para armazenamento de energia ao ar livre em regi\u00f5es com temperaturas abaixo de zero.<\/li>\n<li><strong>Mobilidade el\u00e9trica:<\/strong> Pot\u00eancia de alto desempenho para bicicletas el\u00e9tricas, scooters e ve\u00edculos guiados automaticamente (AGVs).<\/li>\n<li><strong>Ferramentas industriais:<\/strong> Energia robusta para ferramentas el\u00e9tricas e equipamentos de alta pot\u00eancia.<\/li>\n<li><strong>Infraestrutura de telecomunica\u00e7\u00f5es:<\/strong> Energia de reserva est\u00e1vel para esta\u00e7\u00f5es base remotas.<\/li>\n<\/ul>\n<\/div>\n","protected":false},"excerpt":{"rendered":"<p>Conhe\u00e7a a bateria de \u00edons de s\u00f3dio DLCPO NaCR32140-MP10 de 10 Ah. Com uma plataforma est\u00e1vel de 3,1 V, mais de 3.000 ciclos e excelente desempenho de descarga a temperaturas de at\u00e9 -40 \u00b0C. Otimizada para sistemas de armazenamento de energia (ESS) de alta pot\u00eancia, ve\u00edculos el\u00e9tricos de duas rodas e ferramentas industriais para climas frios.  <\/p>\n","protected":false},"featured_media":9744,"template":"","meta":{"_acf_changed":false,"_joinchat":[]},"product_brand":[],"product_cat":[3304],"product_tag":[3345,3343,3346,3306,3344],"class_list":{"0":"post-9732","1":"product","2":"type-product","3":"status-publish","4":"has-post-thumbnail","6":"product_cat-cat-de-bateria-de-ions-de-sodio","7":"product_tag-40-c-descarga","8":"product_tag-10ah","9":"product_tag-3346","10":"product_tag-bateria-de-ions-de-sodio-de-sodio-de-ions-de-sodio","11":"product_tag-cilindrica-celula","12":"pa_capacity-10ah","14":"first","15":"instock","16":"shipping-taxable","17":"product-type-simple"},"acf":[],"_links":{"self":[{"href":"https:\/\/dlcpo.com\/pt-br\/wp-json\/wp\/v2\/product\/9732","targetHints":{"allow":["GET"]}}],"collection":[{"href":"https:\/\/dlcpo.com\/pt-br\/wp-json\/wp\/v2\/product"}],"about":[{"href":"https:\/\/dlcpo.com\/pt-br\/wp-json\/wp\/v2\/types\/product"}],"version-history":[{"count":2,"href":"https:\/\/dlcpo.com\/pt-br\/wp-json\/wp\/v2\/product\/9732\/revisions"}],"predecessor-version":[{"id":9766,"href":"https:\/\/dlcpo.com\/pt-br\/wp-json\/wp\/v2\/product\/9732\/revisions\/9766"}],"wp:featuredmedia":[{"embeddable":true,"href":"https:\/\/dlcpo.com\/pt-br\/wp-json\/wp\/v2\/media\/9744"}],"wp:attachment":[{"href":"https:\/\/dlcpo.com\/pt-br\/wp-json\/wp\/v2\/media?parent=9732"}],"wp:term":[{"taxonomy":"product_brand","embeddable":true,"href":"https:\/\/dlcpo.com\/pt-br\/wp-json\/wp\/v2\/product_brand?post=9732"},{"taxonomy":"product_cat","embeddable":true,"href":"https:\/\/dlcpo.com\/pt-br\/wp-json\/wp\/v2\/product_cat?post=9732"},{"taxonomy":"product_tag","embeddable":true,"href":"https:\/\/dlcpo.com\/pt-br\/wp-json\/wp\/v2\/product_tag?post=9732"}],"curies":[{"name":"wp","href":"https:\/\/api.w.org\/{rel}","templated":true}]}}