{"id":5188,"date":"2026-03-08T10:03:00","date_gmt":"2026-03-08T02:03:00","guid":{"rendered":"https:\/\/dlcpo.com\/calb-l173f163a-163ah-bateria-lifepo4-prismatica\/"},"modified":"2026-04-11T10:23:52","modified_gmt":"2026-04-11T02:23:52","slug":"calb-l173f163a-163ah-bateria-lifepo4-prismatica","status":"publish","type":"product","link":"https:\/\/dlcpo.com\/pt-br\/calb-l173f163a-163ah-bateria-lifepo4-prismatica\/","title":{"rendered":"CALB L173F163A 3,2 V 163 Ah LiFePO4 Grau A Prism\u00e1tica Bateria C\u00e9lula \u2013 3C Descarga, Nova Produ\u00e7\u00e3o e Personalizada DDP Solu\u00e7\u00f5es"},"content":{"rendered":"<div class=\"product-description-container\">\n<p>Embora muitas c\u00e9lulas de LiFePO4 sejam projetadas para armazenamento solar lento e constante, a <strong>Bateria Prism\u00e1tica LiFePO4 CALB L173F163A de 163 Ah<\/strong> foi desenvolvida especificamente para aplica\u00e7\u00f5es de alta intensidade. Projetada para o setor de desempenho de 2026, esta c\u00e9lula de 163Ah \u00e9 a escolha ideal para atualiza\u00e7\u00f5es de baterias de ve\u00edculos el\u00e9tricos de alta tens\u00e3o (48V\/72V\/96V) e sistemas de energia industrial de alta pot\u00eancia que exigem libera\u00e7\u00e3o imediata e massiva de energia. <\/p>\n<h3>Superioridade t\u00e9cnica: O 3C High-Power Action Specialist<\/h3>\n<ul class=\"product-features-list\" style=\"list-style: none; padding-left: 0;\">\n<li style=\"margin-bottom: 15px;\">\u26a1 <strong>Descarga cont\u00ednua excepcional de 3C (489 A):<\/strong> Com uma capacidade de sa\u00edda de pico de <strong>489 A<\/strong>, um \u00fanico pacote de 4 c\u00e9lulas (12 V) constru\u00eddo com a <strong>bateria prism\u00e1tica CALB L173F163A de 163 Ah LiFePO4<\/strong> pode fornecer quase 6.000 watts de pot\u00eancia instant\u00e2nea. Isso a torna uma fera para partidas de motores de alto torque e acelera\u00e7\u00e3o r\u00e1pida. <\/li>\n<li style=\"margin-bottom: 15px;\">\ud83c\udfce\ufe0f <strong>Resist\u00eancia interna ultrabaixa (0,2\u20130,5 m\u03a9):<\/strong> Com uma resist\u00eancia interna de n\u00edvel de elite de <strong>0,2\u20130,5 m\u03a9<\/strong>, esta c\u00e9lula garante uma queda de tens\u00e3o m\u00ednima mesmo sob cargas de pico elevadas. Essa efici\u00eancia proporciona uma acelera\u00e7\u00e3o mais \u00e1gil para ve\u00edculos el\u00e9tricos e reduz o desperd\u00edcio t\u00e9rmico em ciclos industriais. <\/li>\n<li style=\"margin-bottom: 15px;\">\ud83d\udee1\ufe0f <strong>N\u00edvel 1 de confiabilidade automotiva:<\/strong> A CALB \u00e9 um fornecedor N\u00edvel 1 verificado para fabricantes globais de ve\u00edculos el\u00e9tricos. Todas as <strong>baterias prism\u00e1ticas LiFePO4 CALB L173F163A de 163Ah <\/strong> atendem a rigorososautomotivos de durabilidade, garantindo integridade estrutural em ambientes m\u00f3veis de alta vibra\u00e7\u00e3o. <\/li>\n<li style=\"margin-bottom: 15px;\">\ud83d\udccf <strong>Perfil ultrafino de alta densidade (36,36 mm):<\/strong> Com apenas <strong>36,36 mm de espessura<\/strong>, essas c\u00e9lulas s\u00e3o otimizadas para configura\u00e7\u00f5es de alta densidade em compartimentos de bateria estreitos. Esse formato fino permite que os engenheiros maximizem a capacidade em chassis de ve\u00edculos el\u00e9tricos com espa\u00e7o limitado ou em caixas industriais modulares compactas. <\/li>\n<li style=\"margin-bottom: 15px;\">\ud83c\udfc5 <strong>Qualidade Grau A comprovada e rastreabilidade:<\/strong> Adquiridos diretamente como estoque Grau A rec\u00e9m-sa\u00eddo da f\u00e1brica, todos os componentes fornecidos pela <strong>DLCPO<\/strong> incluem c\u00f3digos QR originais e intactos da f\u00e1brica. Garantimos a perfeita correspond\u00eancia entre tens\u00e3o e resist\u00eancia interna, oferecendo a confiabilidade e a seguran\u00e7a a longo prazo necess\u00e1rias para projetos de engenharia B2B profissionais. <\/li>\n<\/ul>\n<\/div>\n","protected":false},"excerpt":{"rendered":"<p>Compre a <b data-path-to-node=\"4,2,0\" data-index-in-node=\"36\">Bateria Prism\u00e1tica CALB L173F163A de 163 Ah LiFePO4<\/b> na DLCPO. Com descarga cont\u00ednua de 3C (489 A), resist\u00eancia interna ultrabaixa e um perfil fino de 36 mm. Qualidade automotiva de n\u00edvel 1 para atualiza\u00e7\u00f5es de ve\u00edculos el\u00e9tricos.  <\/p>\n","protected":false},"featured_media":1985,"template":"","meta":{"_acf_changed":false,"_joinchat":[]},"product_brand":[],"product_cat":[902],"product_tag":[1309,1124,1308,973,923],"class_list":{"0":"post-5188","1":"product","2":"type-product","3":"status-publish","4":"has-post-thumbnail","6":"product_cat-calb","7":"product_tag-163ah-lifepo4","8":"product_tag-alta-potencia-lfp","9":"product_tag-calb-l173f163a","10":"product_tag-celula-de-descarga-3c","11":"product_tag-dlcpo","12":"pa_capacity-163ah","14":"first","15":"instock","16":"shipping-taxable","17":"product-type-simple"},"acf":[],"_links":{"self":[{"href":"https:\/\/dlcpo.com\/pt-br\/wp-json\/wp\/v2\/product\/5188","targetHints":{"allow":["GET"]}}],"collection":[{"href":"https:\/\/dlcpo.com\/pt-br\/wp-json\/wp\/v2\/product"}],"about":[{"href":"https:\/\/dlcpo.com\/pt-br\/wp-json\/wp\/v2\/types\/product"}],"version-history":[{"count":1,"href":"https:\/\/dlcpo.com\/pt-br\/wp-json\/wp\/v2\/product\/5188\/revisions"}],"predecessor-version":[{"id":7186,"href":"https:\/\/dlcpo.com\/pt-br\/wp-json\/wp\/v2\/product\/5188\/revisions\/7186"}],"wp:featuredmedia":[{"embeddable":true,"href":"https:\/\/dlcpo.com\/pt-br\/wp-json\/wp\/v2\/media\/1985"}],"wp:attachment":[{"href":"https:\/\/dlcpo.com\/pt-br\/wp-json\/wp\/v2\/media?parent=5188"}],"wp:term":[{"taxonomy":"product_brand","embeddable":true,"href":"https:\/\/dlcpo.com\/pt-br\/wp-json\/wp\/v2\/product_brand?post=5188"},{"taxonomy":"product_cat","embeddable":true,"href":"https:\/\/dlcpo.com\/pt-br\/wp-json\/wp\/v2\/product_cat?post=5188"},{"taxonomy":"product_tag","embeddable":true,"href":"https:\/\/dlcpo.com\/pt-br\/wp-json\/wp\/v2\/product_tag?post=5188"}],"curies":[{"name":"wp","href":"https:\/\/api.w.org\/{rel}","templated":true}]}}