{"id":5181,"date":"2026-03-08T10:44:21","date_gmt":"2026-03-08T02:44:21","guid":{"rendered":"https:\/\/dlcpo.com\/bateria-prismatica-lifepo%e2%82%84-calb-l173f280a-280ah\/"},"modified":"2026-04-11T11:26:05","modified_gmt":"2026-04-11T03:26:05","slug":"bateria-prismatica-lifepo%e2%82%84-calb-l173f280a-280ah","status":"publish","type":"product","link":"https:\/\/dlcpo.com\/pt-br\/bateria-prismatica-lifepo%e2%82%84-calb-l173f280a-280ah\/","title":{"rendered":"CALB L173F280A 3.2V 280Ah Grade A LiFePO4 Prismatic Cell &#8211; Produ\u00e7\u00e3o fresca, 300kgf Compression Spec &amp; DDP Shipping"},"content":{"rendered":"<div class=\"product-description-container\">\n<p>A <strong>bateria prism\u00e1tica CALB L173F280A 280Ah LiFePO4<\/strong> \u00e9 uma refer\u00eancia premium no mercado de c\u00e9lulas prism\u00e1ticas de grande formato 2026. Projetado especificamente para uma longevidade extrema, esse modelo de grau A oferece uma <strong>vida \u00fatil<\/strong> impressionante <strong>de 9.000 ciclos<\/strong>, permitindo que os integradores de sistemas profissionais &#8220;instalem uma vez e esque\u00e7am por uma d\u00e9cada&#8221; em ESS solar residencial, energia de backup comercial e projetos de convers\u00e3o de EV de ponta. <\/p>\n<h3>Excel\u00eancia t\u00e9cnica: O padr\u00e3o da ind\u00fastria de 9.000 ciclos<\/h3>\n<ul class=\"product-features-list\" style=\"list-style: none; padding-left: 0;\">\n<li style=\"margin-bottom: 15px;\"><strong>Longevidade de 9.000 ciclos l\u00edder do setor:<\/strong> Com um perfil qu\u00edmico avan\u00e7ado classificado para <strong>9.000 ciclos<\/strong>, a <strong>bateria prism\u00e1tica CALB L173F280A 280Ah LiFePO4<\/strong> supera significativamente o desempenho das c\u00e9lulas padr\u00e3o de 280Ah. Essa longevidade garante que o seu sistema de bateria ofere\u00e7a o maior ROI poss\u00edvel a longo prazo e estabilidade operacional. <\/li>\n<li style=\"margin-bottom: 15px;\">\u2744\ufe0f <strong>Resist\u00eancia interna extremamente baixa de 0,18 m\u03a9: <\/strong> Esta bateria garante uma imped\u00e2ncia t\u00edpica de corrente a12&gt; igual a aproximadamente <strong>0,18 m\u03a9<\/strong>, o que representa um dos valores mais baixos do setor. Isso leva a uma temperatura significativamente mais baixa durante a32&gt; cargas intensas cont\u00ednuas e a uma excelente efici\u00eancia energ\u00e9tica no ciclo em compara\u00e7\u00e3o em compara\u00e7\u00e3o com os concorrentes padr\u00e3o de n\u00edvel Tier 1. <\/li>\n<li style=\"margin-bottom: 15px;\">\ud83d\udccf <strong>Precis\u00e3o Industrial Dimens\u00f5es e pr\u00e9-aperto:<\/strong> Apresenta uma padr\u00e3o industrial dimens\u00f5es (174,4 x 71,4 x 207 mm). Para manter a sa\u00fade ideal e prevenir o incha\u00e7o por mais de 15 anos, a folha de dados de engenharia exige uma press\u00e3o de pr\u00e9-aperto espec\u00edfica de <strong>300 \u00b1 20 kgf<\/strong>, garantindo a integridade estrutural em configura\u00e7\u00f5es de rack de alta densidade. <\/li>\n<li style=\"margin-bottom: 15px;\">\ud83d\ude80 <strong>Maximizando o retorno sobre o investimento (ROI) de sistemas de grande escala:<\/strong> A combina\u00e7\u00e3o de alta capacidade e n\u00famero extremo de ciclos torna esta c\u00e9lula a melhor op\u00e7\u00e3o para estrat\u00e9gias de regula\u00e7\u00e3o de frequ\u00eancia em escala de concession\u00e1ria e de energia com exporta\u00e7\u00e3o zero, nas quais o tempo de atividade e a consist\u00eancia do desempenho s\u00e3o essenciais.<\/li>\n<li style=\"margin-bottom: 15px;\"><strong>Rastreabilidade de grau A verificada pela DLCPO:<\/strong> Cada c\u00e9lula de 280Ah fornecida pela <strong>DLCPO<\/strong> \u00e9 obtida diretamente da linha de produ\u00e7\u00e3o com <strong>c\u00f3digos QR originais e intactos<\/strong>. Garantimos uma tens\u00e3o e uma resist\u00eancia interna perfeitamente compat\u00edveis, proporcionando a transpar\u00eancia e a viabilidade financeira necess\u00e1rias para projetos profissionais de energia B2B. <\/li>\n<\/ul>\n<\/div>\n","protected":false},"excerpt":{"rendered":"<p>Compre <b data-path-to-node=\"4,2,0\" data-index-in-node=\"36\">CALB L173F280A \u2014 bateria prism\u00e1tica de LiFePO4 com capacidade de 280 Ah<\/b> na DLCPO. Caracter\u00edsticas: 9.000 ciclos de carga e descarga, resist\u00eancia ultrabaixa de 0,18 m\u03a9 e resist\u00eancia \u00e0 compress\u00e3o industrial de 300 kgf \u2014 a solu\u00e7\u00e3o ideal para sistemas de armazenamento de energia solar (ESS) de alto desempenho. <\/p>\n","protected":false},"featured_media":5178,"template":"","meta":{"_acf_changed":false,"_joinchat":[]},"product_brand":[],"product_cat":[902],"product_tag":[1243,1306,1305,923,1033],"class_list":{"0":"post-5181","1":"product","2":"type-product","3":"status-publish","4":"has-post-thumbnail","6":"product_cat-calb","7":"product_tag-280-ah-lifepo","8":"product_tag-9-000-ciclos-bateria","9":"product_tag-calb-l173f280a","10":"product_tag-dlcpo","11":"product_tag-grau-a-prismatico","12":"pa_capacity-280ah","14":"first","15":"instock","16":"featured","17":"shipping-taxable","18":"product-type-simple"},"acf":[],"_links":{"self":[{"href":"https:\/\/dlcpo.com\/pt-br\/wp-json\/wp\/v2\/product\/5181","targetHints":{"allow":["GET"]}}],"collection":[{"href":"https:\/\/dlcpo.com\/pt-br\/wp-json\/wp\/v2\/product"}],"about":[{"href":"https:\/\/dlcpo.com\/pt-br\/wp-json\/wp\/v2\/types\/product"}],"version-history":[{"count":3,"href":"https:\/\/dlcpo.com\/pt-br\/wp-json\/wp\/v2\/product\/5181\/revisions"}],"predecessor-version":[{"id":7547,"href":"https:\/\/dlcpo.com\/pt-br\/wp-json\/wp\/v2\/product\/5181\/revisions\/7547"}],"wp:featuredmedia":[{"embeddable":true,"href":"https:\/\/dlcpo.com\/pt-br\/wp-json\/wp\/v2\/media\/5178"}],"wp:attachment":[{"href":"https:\/\/dlcpo.com\/pt-br\/wp-json\/wp\/v2\/media?parent=5181"}],"wp:term":[{"taxonomy":"product_brand","embeddable":true,"href":"https:\/\/dlcpo.com\/pt-br\/wp-json\/wp\/v2\/product_brand?post=5181"},{"taxonomy":"product_cat","embeddable":true,"href":"https:\/\/dlcpo.com\/pt-br\/wp-json\/wp\/v2\/product_cat?post=5181"},{"taxonomy":"product_tag","embeddable":true,"href":"https:\/\/dlcpo.com\/pt-br\/wp-json\/wp\/v2\/product_tag?post=5181"}],"curies":[{"name":"wp","href":"https:\/\/api.w.org\/{rel}","templated":true}]}}