{"id":5160,"date":"2026-03-08T17:06:02","date_gmt":"2026-03-08T09:06:02","guid":{"rendered":"https:\/\/dlcpo.com\/calb-l221n113a-113ah-nmc-bateria-de-litio-ternaria\/"},"modified":"2026-04-11T10:23:47","modified_gmt":"2026-04-11T02:23:47","slug":"calb-l221n113a-113ah-nmc-bateria-de-litio-ternaria","status":"publish","type":"product","link":"https:\/\/dlcpo.com\/pt-br\/calb-l221n113a-113ah-nmc-bateria-de-litio-ternaria\/","title":{"rendered":"CALB L221N113A 3,7 V 113 Ah Grau A NMC Prism\u00e1tica Bateria C\u00e9lula \u2013 Rec\u00e9m-fabricada, perfil ultrafino de 33,36 mm e DDP Solu\u00e7\u00f5es de envio Solu\u00e7\u00f5es"},"content":{"rendered":"<div class=\"product-description-container\">\n<p>A <strong>Bateria de l\u00edtio tern\u00e1ria NMC CALB L221N113A de 113 Ah<\/strong> \u00e9 uma solu\u00e7\u00e3o energ\u00e9tica avan\u00e7ada, projetada com precis\u00e3o para aplica\u00e7\u00f5es em que cada grama de peso e cada mil\u00edmetro de espa\u00e7o s\u00e3o fundamentais. Projetada com qu\u00edmica tern\u00e1ria l\u00edder do setor para o segmento de alto desempenho de 2026, esta c\u00e9lula de 113 Ah oferece uma enorme vantagem em termos de rela\u00e7\u00e3o energia\/peso, armazenando aproximadamente <strong>40% mais energia por quilograma<\/strong> do que as configura\u00e7\u00f5es padr\u00e3o de LiFePO4. <\/p>\n<h3>Vantagens t\u00e9cnicas de ponta: Por que escolher o CALB L221N113A?<\/h3>\n<ul class=\"product-benefits-list\" style=\"list-style: none; padding-left: 0;\">\n<li style=\"margin-bottom: 15px;\">\ud83d\ude80 <strong>Densidade energ\u00e9tica gravim\u00e9trica superior (232 Wh\/kg): <\/strong> Com impressionantes <strong>232 Wh\/kg<\/strong>, a <strong>Bateria de l\u00edtio tern\u00e1ria NMC CALB L221N113A 113Ah<\/strong> oferece pot\u00eancia m\u00e1xima em um pacote leve. Isso a torna a escolha ideal para projetos aeroespaciais, aeronaves el\u00e9tricas de decolagem e aterrissagem vertical (eVTOL) e ve\u00edculos el\u00e9tricos de corrida de alto desempenho. <\/li>\n<li style=\"margin-bottom: 15px;\">\u26a1 <strong>Plataforma de alta tens\u00e3o (3,7 V):<\/strong> A <strong>tens\u00e3o nominal de 3,7 V<\/strong> permite um fornecimento de energia mais eficiente e uma tens\u00e3o total da bateria mais elevada com menos c\u00e9lulas, em compara\u00e7\u00e3o com as configura\u00e7\u00f5es tradicionais de LFP de 3,2 V. Isso reduz a complexidade do Sistema de Gerenciamento de Bateria (BMS) e minimiza o peso do cabeamento. <\/li>\n<li style=\"margin-bottom: 15px;\">\ud83d\udcd0 <strong>Perfil ultrafino de precis\u00e3o (33,36 mm):<\/strong> Com uma espessura especializada de apenas <strong>33,36 mm<\/strong>, esta c\u00e9lula foi especificamente otimizada para instala\u00e7\u00f5es flex\u00edveis instala\u00e7\u00f5es em espa\u00e7os apertados compartimentos ou compactos caixas modulares, oferecendo aos engenheiros uma maior liberdade de projeto.<\/li>\n<li style=\"margin-bottom: 15px;\">\ud83c\udfce\ufe0f <strong>Confiabilidade e consist\u00eancia de n\u00edvel automotivo:<\/strong> Fornecidas com qualidade de grau A pela <strong>DLCPO<\/strong>, todas as unidades apresentam c\u00f3digos QR originais e intactos de f\u00e1brica. Isso garante total rastreabilidade e resist\u00eancia interna perfeitamente harmonizada entre os bancos modulares, o que \u00e9 essencial para a estabilidade t\u00e9rmica de sistemas tern\u00e1rios de alta pot\u00eancia. <\/li>\n<li style=\"margin-bottom: 15px;\">\ud83c\udfc5 <strong>Qualidade verificada pela DLCPO:<\/strong> Garantimos que todas as c\u00e9lulas NMC de 113 Ah atendem aos mais elevados padr\u00f5es de desempenho de N\u00edvel 1. Com tens\u00e3o e capacidade perfeitamente compat\u00edveis, essas c\u00e9lulas oferecem a confiabilidade financeira e a seguran\u00e7a a longo prazo necess\u00e1rias para projetos de energia de import\u00e2ncia cr\u00edtica. <\/li>\n<\/ul>\n<\/div>\n","protected":false},"excerpt":{"rendered":"<p>Descubra a <b data-path-to-node=\"4,2,0\" data-index-in-node=\"41\">bateria de l\u00edtio tern\u00e1ria NMC CALB L221N113A de 113 Ah<\/b> na DLCPO. Com densidade energ\u00e9tica de 232 Wh\/kg e um perfil fino de 33,36 mm, \u00e9 a escolha de excel\u00eancia para os setores aeroespacial, ve\u00edculos el\u00e9tricos de alto desempenho e propuls\u00e3o mar\u00edtima. <\/p>\n","protected":false},"featured_media":2032,"template":"","meta":{"_acf_changed":false,"_joinchat":[]},"product_brand":[],"product_cat":[902],"product_tag":[1282,1284,1283,1281,923],"class_list":{"0":"post-5160","1":"product","2":"type-product","3":"status-publish","4":"has-post-thumbnail","6":"product_cat-calb","7":"product_tag-113ah-nmc-cell","8":"product_tag-bateria-de-alto-desempenho-para-veiculos-eletricos","9":"product_tag-bateria-de-grau-aeroespacial","10":"product_tag-calb-l221n113a","11":"product_tag-dlcpo","12":"pa_capacity-113ah","14":"first","15":"instock","16":"shipping-taxable","17":"product-type-simple"},"acf":[],"_links":{"self":[{"href":"https:\/\/dlcpo.com\/pt-br\/wp-json\/wp\/v2\/product\/5160","targetHints":{"allow":["GET"]}}],"collection":[{"href":"https:\/\/dlcpo.com\/pt-br\/wp-json\/wp\/v2\/product"}],"about":[{"href":"https:\/\/dlcpo.com\/pt-br\/wp-json\/wp\/v2\/types\/product"}],"version-history":[{"count":1,"href":"https:\/\/dlcpo.com\/pt-br\/wp-json\/wp\/v2\/product\/5160\/revisions"}],"predecessor-version":[{"id":7179,"href":"https:\/\/dlcpo.com\/pt-br\/wp-json\/wp\/v2\/product\/5160\/revisions\/7179"}],"wp:featuredmedia":[{"embeddable":true,"href":"https:\/\/dlcpo.com\/pt-br\/wp-json\/wp\/v2\/media\/2032"}],"wp:attachment":[{"href":"https:\/\/dlcpo.com\/pt-br\/wp-json\/wp\/v2\/media?parent=5160"}],"wp:term":[{"taxonomy":"product_brand","embeddable":true,"href":"https:\/\/dlcpo.com\/pt-br\/wp-json\/wp\/v2\/product_brand?post=5160"},{"taxonomy":"product_cat","embeddable":true,"href":"https:\/\/dlcpo.com\/pt-br\/wp-json\/wp\/v2\/product_cat?post=5160"},{"taxonomy":"product_tag","embeddable":true,"href":"https:\/\/dlcpo.com\/pt-br\/wp-json\/wp\/v2\/product_tag?post=5160"}],"curies":[{"name":"wp","href":"https:\/\/api.w.org\/{rel}","templated":true}]}}