{"id":5148,"date":"2026-03-08T21:04:07","date_gmt":"2026-03-08T13:04:07","guid":{"rendered":"https:\/\/dlcpo.com\/rept-cb56-100ah-celula-de-bateria-lifepo4-6000-ciclos\/"},"modified":"2026-04-11T11:26:07","modified_gmt":"2026-04-11T03:26:07","slug":"rept-cb56-100ah-celula-de-bateria-lifepo4-6000-ciclos","status":"publish","type":"product","link":"https:\/\/dlcpo.com\/pt-br\/rept-cb56-100ah-celula-de-bateria-lifepo4-6000-ciclos\/","title":{"rendered":"REPT CB56 3.2V 100Ah Grade A LiFePO4 Prismatic Battery Cell para armazenamento de energia solar e industrial"},"content":{"rendered":"<div class=\"product-description-container\">\n<p>A <strong>c\u00e9lula de bateria REPT CB56-100Ah LiFePO4 6000 Cycles<\/strong> \u00e9 uma solu\u00e7\u00e3o revolucion\u00e1ria de energia prism\u00e1tica de alta densidade fabricada pela REPT BATTERO (uma subsidi\u00e1ria do gigante global Tsingshan Group). Para o mercado de armazenamento de energia de 2026, a REPT projetou uma c\u00e9lula que preenche perfeitamente a lacuna entre o armazenamento estacion\u00e1rio de vida \u00fatil ultralonga e o fornecimento agressivo de alta pot\u00eancia, o que a torna uma &#8220;pot\u00eancia&#8221; em sua classe de peso. <\/p>\n<h3>Superioridade t\u00e9cnica: a pot\u00eancia de 6.000 ciclos<\/h3>\n<ul class=\"product-features-list\" style=\"list-style: none; padding-left: 0;\">\n<li style=\"margin-bottom: 15px;\"><strong>Vida \u00fatil l\u00edder do setor:<\/strong> Classificada para \u2265 <strong>6.000 ciclos<\/strong>, a <strong>c\u00e9lula de bateria REPT CB56-100Ah LiFePO4 6000 Cycles<\/strong> foi projetada para durar mais do que a concorr\u00eancia. Em um sistema solar residencial ou comercial de uso di\u00e1rio, essa longevidade se traduz em mais de 15 anos de vida \u00fatil consistente, garantindo o m\u00e1ximo de ROI. <\/li>\n<li style=\"margin-bottom: 15px;\">\u26a1 <strong>Descarga de alta pot\u00eancia Elite 3C:<\/strong> Ao contr\u00e1rio das c\u00e9lulas de armazenamento t\u00edpicas de 100 Ah, limitadas a uma sa\u00edda de 100 A, a ficha t\u00e9cnica do CB56 especifica uma enorme <strong>corrente de descarga cont\u00ednua de 300 A (3C)<\/strong>. Essa capacidade excepcional permite que o sistema lide com picos repentinos de energia provenientes de aparelhos de ar condicionado, bombas de \u00e1gua ou ferramentas industriais pesadas sem queda de tens\u00e3o ou falha do sistema. <\/li>\n<li style=\"margin-bottom: 15px;\">\u2744\ufe0f <strong>Resist\u00eancia interna otimizada e efici\u00eancia:<\/strong> Gra\u00e7as \u00e0 resist\u00eancia interna extremamente baixa \u2264 0,4 <strong>m\u03a9<\/strong> este elemento funciona com m\u00ednimas perdas de energia na forma de calor. Isso garante uma temperatura de opera\u00e7\u00e3o mais baixa mesmo durante descarga corrente 3C, o que aumenta significativamente a seguran\u00e7a a34&gt; e a confiabilidade em compartimentos fechados de baterias de baterias. <\/li>\n<li style=\"margin-bottom: 15px;\">\u2696\ufe0f <strong>Design compacto e leve:<\/strong> Pesando apenas <strong>1,91 kg<\/strong>, a CB56 oferece uma excelente rela\u00e7\u00e3o energia-peso. Seu formato prism\u00e1tico \u00e9 ideal para a constru\u00e7\u00e3o de bancos de baterias de alta densidade e com \u00f3timo aproveitamento de espa\u00e7o para ve\u00edculos recreativos, aplica\u00e7\u00f5es n\u00e1uticas e armazenamento modular fora da rede. <\/li>\n<li style=\"margin-bottom: 15px;\"><strong>Qualidade e consist\u00eancia de grau A verificadas:<\/strong> Obtida diretamente pela <strong>DLCPO<\/strong>, cada c\u00e9lula de 100Ah apresenta c\u00f3digos QR originais de f\u00e1brica. Garantimos uma voltagem perfeitamente compat\u00edvel e baixa resist\u00eancia interna, proporcionando a viabilidade econ\u00f4mica e a seguran\u00e7a necess\u00e1rias para projetos profissionais de energia B2B em grande escala. <\/li>\n<\/ul>\n<\/div>\n","protected":false},"excerpt":{"rendered":"<p>Descubra para si mesmo a bateria recarreg\u00e1vel REPT CB56-100Ah LiFePO4 com vida \u00fatil de 6.000 ciclos da empresa DLCPO. Caracter\u00edsticas: corrente de descarga cont\u00ednua de 300 A (3C), resist\u00eancia \u2264<span class=\"math-inline\" data-math=\"\\le 0.4\\text&lt;wpml_curved wpml_value='m'&gt;&lt;\/wpml_curved&gt;\\Omega\" data-index-in-node=\"142\"> 0,4 m\u03a9<\/span> e vida \u00fatil de mais de 15 anos. Ideal para sistemas compactos de energia solar para armazenamento de energia (ESS) e potentes equipamentos industriais.  <\/p>\n","protected":false},"featured_media":5145,"template":"","meta":{"_acf_changed":false,"_joinchat":[]},"product_brand":[],"product_cat":[912],"product_tag":[1272,972,1273,923,1271],"class_list":{"0":"post-5148","1":"product","2":"type-product","3":"status-publish","4":"has-post-thumbnail","6":"product_cat-rept","7":"product_tag-6-000-ciclos-de-lifepo4","8":"product_tag-bateria-de-descarga-3c","9":"product_tag-celula-solar-de-100-ah","10":"product_tag-dlcpo","11":"product_tag-rept-cb56-100ah","12":"pa_capacity-100ah","14":"first","15":"instock","16":"featured","17":"shipping-taxable","18":"product-type-simple"},"acf":[],"_links":{"self":[{"href":"https:\/\/dlcpo.com\/pt-br\/wp-json\/wp\/v2\/product\/5148","targetHints":{"allow":["GET"]}}],"collection":[{"href":"https:\/\/dlcpo.com\/pt-br\/wp-json\/wp\/v2\/product"}],"about":[{"href":"https:\/\/dlcpo.com\/pt-br\/wp-json\/wp\/v2\/types\/product"}],"version-history":[{"count":3,"href":"https:\/\/dlcpo.com\/pt-br\/wp-json\/wp\/v2\/product\/5148\/revisions"}],"predecessor-version":[{"id":7551,"href":"https:\/\/dlcpo.com\/pt-br\/wp-json\/wp\/v2\/product\/5148\/revisions\/7551"}],"wp:featuredmedia":[{"embeddable":true,"href":"https:\/\/dlcpo.com\/pt-br\/wp-json\/wp\/v2\/media\/5145"}],"wp:attachment":[{"href":"https:\/\/dlcpo.com\/pt-br\/wp-json\/wp\/v2\/media?parent=5148"}],"wp:term":[{"taxonomy":"product_brand","embeddable":true,"href":"https:\/\/dlcpo.com\/pt-br\/wp-json\/wp\/v2\/product_brand?post=5148"},{"taxonomy":"product_cat","embeddable":true,"href":"https:\/\/dlcpo.com\/pt-br\/wp-json\/wp\/v2\/product_cat?post=5148"},{"taxonomy":"product_tag","embeddable":true,"href":"https:\/\/dlcpo.com\/pt-br\/wp-json\/wp\/v2\/product_tag?post=5148"}],"curies":[{"name":"wp","href":"https:\/\/api.w.org\/{rel}","templated":true}]}}