{"id":5128,"date":"2026-03-09T11:12:27","date_gmt":"2026-03-09T03:12:27","guid":{"rendered":"https:\/\/dlcpo.com\/rept-cc-0b1-54174l4-af-230ah-celula-de-bateria-lifepo4-descarga-2c\/"},"modified":"2026-04-11T10:00:00","modified_gmt":"2026-04-11T02:00:00","slug":"rept-cc-0b1-54174l4-af-230ah-celula-de-bateria-lifepo4-descarga-2c","status":"publish","type":"product","link":"https:\/\/dlcpo.com\/pt-br\/rept-cc-0b1-54174l4-af-230ah-celula-de-bateria-lifepo4-descarga-2c\/","title":{"rendered":"REPT CC-0B1-54174L4-AF-230Ah 3,2 V C\u00e9lula de bateria prism\u00e1tica LiFePO4 de grau A \u2013 LFP de alta efici\u00eancia para sistemas de energia solar ESS e sistemas de energia para ve\u00edculos el\u00e9tricos (EV)"},"content":{"rendered":"<div class=\"product-description-container\">\n<p>A <strong>C\u00e9lula de bateria REPT CC-0B1-54174L4-AF-230Ah LiFePO4 com descarga de 2C<\/strong> \u00e9 uma conquista de engenharia de destaque no mercado de baterias prism\u00e1ticas de grande formato de 2026. Enquanto a maioria das c\u00e9lulas competitivas acima de 200Ah est\u00e1 estritamente limitada ao armazenamento de baixa taxa (0,5C), este modelo foi projetado com precis\u00e3o para oferecer uma robusta <strong>descarga cont\u00ednua de 2C (460A)<\/strong>. Essa capacidade \u00fanica preenche efetivamente a lacuna entre o armazenamento de energia de alta capacidade e o fornecimento r\u00e1pido de pot\u00eancia para aplica\u00e7\u00f5es industriais e de propuls\u00e3o para servi\u00e7os pesados.  <\/p>\n<h3>Superioridade t\u00e9cnica: onde a alta capacidade se une \u00e0 alta pot\u00eancia<\/h3>\n<ul class=\"product-features-list\" style=\"list-style: none; padding-left: 0;\">\n<li style=\"margin-bottom: 15px;\">\u26a1 <strong>Sa\u00edda cont\u00ednua excepcional de 460 A:<\/strong> Com uma capacidade de descarga sustentada de <strong>460 A<\/strong>, uma \u00fanica cadeia em paralelo da <strong>c\u00e9lula de bateria REPT CC-0B1-54174L4 -AF-230Ah LiFePO4 com descarga 2C<\/strong> \u00e9 capaz de suportar cargas substanciais que normalmente exigem m\u00faltiplas cadeias de c\u00e9lulas padr\u00e3o, simplificando a arquitetura do seu sistema.<\/li>\n<li style=\"margin-bottom: 15px;\">\u2744\ufe0f <strong>Resist\u00eancia ultrabaixa e efici\u00eancia t\u00e9rmica:<\/strong> Com uma imped\u00e2ncia interna de <strong>\u2264 0,28 m\u03a9<\/strong>, esta c\u00e9lula minimiza a gera\u00e7\u00e3o de calor mesmo durante picos de alta corrente. Isso garante que a c\u00e9lula opere dentro de faixas de temperatura ideais, reduzindo significativamente a carga sobre seus sistemas de resfriamento ativo. <\/li>\n<li style=\"margin-bottom: 15px;\">\u23f3 <strong>Retorno sobre o investimento (ROI) a longo prazo da Elite com mais de 6.000 ciclos:<\/strong> Apesar de sua alta pot\u00eancia, esta c\u00e9lula mant\u00e9m uma vida \u00fatil comprovada de <strong>\u2265 6.000 ciclos<\/strong>. Isso a torna uma op\u00e7\u00e3o incrivelmente dur\u00e1vel e confi\u00e1vel para ciclos profundos di\u00e1rios em sistemas solares profissionais fora da rede, redu\u00e7\u00e3o de picos de demanda e energia motriz industrial intensiva. <\/li>\n<li style=\"margin-bottom: 15px;\">\ud83d\ude80 <strong>Resposta din\u00e2mica para redes modernas:<\/strong> A capacidade 2C permite uma r\u00e1pida regula\u00e7\u00e3o de frequ\u00eancia e inje\u00e7\u00e3o instant\u00e2nea de energia. \u00c9 a melhor op\u00e7\u00e3o para integradores de sistemas que est\u00e3o desenvolvendo sistemas de armazenamento de energia (ESS) com especifica\u00e7\u00f5es para 2026, que exigem tanto altas reservas de energia quanto a capacidade de responder a flutua\u00e7\u00f5es repentinas na rede. <\/li>\n<li style=\"margin-bottom: 15px;\">\ud83c\udfc5 <strong>Qualidade comprovada de grau A e rastreabilidade:<\/strong> Todas as c\u00e9lulas de 230 Ah fornecidas pela <strong>DLCPO<\/strong> s\u00e3o rec\u00e9m-produzidas e apresentam os c\u00f3digos QR originais de f\u00e1brica intactos. Garantimos a perfeita correspond\u00eancia entre tens\u00e3o e resist\u00eancia interna, assegurando a alta confiabilidade exigida para projetos profissionais de energia no setor B2B. <\/li>\n<\/ul>\n<\/div>\n","protected":false},"excerpt":{"rendered":"<p>Compre a c\u00e9lula de bateria LiFePO4 REPT CC-0B1-54174L4-AF-230Ah com descarga 2C na DLCPO. Projetada para fornecer uma pot\u00eancia cont\u00ednua robusta de 460 A, resist\u00eancia ultrabaixa e mais de 6.000 ciclos para projetos de sistemas de armazenamento de energia (ESS) de ponta. <\/p>\n","protected":false},"featured_media":2121,"template":"","meta":{"_acf_changed":false,"_joinchat":[]},"product_brand":[],"product_cat":[912],"product_tag":[1252,966,923,1253,1251],"class_list":{"0":"post-5128","1":"product","2":"type-product","3":"status-publish","4":"has-post-thumbnail","6":"product_cat-rept","7":"product_tag-460a-alimentacao-celula","8":"product_tag-bateria-de-descarga-2c","9":"product_tag-dlcpo","10":"product_tag-lifepo4-ess-grau","11":"product_tag-rept-230ah","12":"pa_capacity-230ah","14":"first","15":"instock","16":"shipping-taxable","17":"product-type-simple"},"acf":[],"_links":{"self":[{"href":"https:\/\/dlcpo.com\/pt-br\/wp-json\/wp\/v2\/product\/5128","targetHints":{"allow":["GET"]}}],"collection":[{"href":"https:\/\/dlcpo.com\/pt-br\/wp-json\/wp\/v2\/product"}],"about":[{"href":"https:\/\/dlcpo.com\/pt-br\/wp-json\/wp\/v2\/types\/product"}],"version-history":[{"count":1,"href":"https:\/\/dlcpo.com\/pt-br\/wp-json\/wp\/v2\/product\/5128\/revisions"}],"predecessor-version":[{"id":7171,"href":"https:\/\/dlcpo.com\/pt-br\/wp-json\/wp\/v2\/product\/5128\/revisions\/7171"}],"wp:featuredmedia":[{"embeddable":true,"href":"https:\/\/dlcpo.com\/pt-br\/wp-json\/wp\/v2\/media\/2121"}],"wp:attachment":[{"href":"https:\/\/dlcpo.com\/pt-br\/wp-json\/wp\/v2\/media?parent=5128"}],"wp:term":[{"taxonomy":"product_brand","embeddable":true,"href":"https:\/\/dlcpo.com\/pt-br\/wp-json\/wp\/v2\/product_brand?post=5128"},{"taxonomy":"product_cat","embeddable":true,"href":"https:\/\/dlcpo.com\/pt-br\/wp-json\/wp\/v2\/product_cat?post=5128"},{"taxonomy":"product_tag","embeddable":true,"href":"https:\/\/dlcpo.com\/pt-br\/wp-json\/wp\/v2\/product_tag?post=5128"}],"curies":[{"name":"wp","href":"https:\/\/api.w.org\/{rel}","templated":true}]}}