{"id":5119,"date":"2026-03-09T13:54:15","date_gmt":"2026-03-09T05:54:15","guid":{"rendered":"https:\/\/dlcpo.com\/rept-cb71173204eb-280ah-celula-de-bateria-lifepo4-descarga-1c\/"},"modified":"2026-04-11T09:59:47","modified_gmt":"2026-04-11T01:59:47","slug":"rept-cb71173204eb-280ah-celula-de-bateria-lifepo4-descarga-1c","status":"publish","type":"product","link":"https:\/\/dlcpo.com\/pt-br\/rept-cb71173204eb-280ah-celula-de-bateria-lifepo4-descarga-1c\/","title":{"rendered":"REPT CB71173204EB-280Ah 3,2 V C\u00e9lula de bateria prism\u00e1tica LiFePO4 Grau A \u2013 LFP de alta efici\u00eancia para armazenamento de energia em escala de servi\u00e7os p\u00fablicos e industrial"},"content":{"rendered":"<div class=\"product-description-container\">\n<p>A <strong>C\u00e9lula de bateria REPT CB71173204EB-280Ah LiFePO4 com descarga 1C<\/strong> \u00e9 a evolu\u00e7\u00e3o aperfei\u00e7oada da plataforma padr\u00e3o da ind\u00fastria de 280Ah, oferecendo desempenho qu\u00edmico otimizado em um formato prism\u00e1tico reconhecido mundialmente. Fabricada pela REPT BATTERO para o mercado de energia de alto desempenho de 2026, esta c\u00e9lula oferece uma sa\u00edda est\u00e1vel de 3,2 V com \u00eanfase estrat\u00e9gica na integridade estrutural de longo prazo e na alta densidade energ\u00e9tica volum\u00e9trica. \u00c9 a escolha definitiva para integradores de sistemas focados em armazenamento de energia em escala de concession\u00e1ria e solu\u00e7\u00f5es de energia industrial refor\u00e7adas.  <\/p>\n<ul class=\"product-technical-highlights\" style=\"list-style: none; padding-left: 0;\">\n<li style=\"margin-bottom: 15px;\">\ud83d\udccf <strong>Otimiza\u00e7\u00e3o do formato padronizado:<\/strong> Com largura precisa de <strong>174,00 mm<\/strong> e altura total de <strong>203,11 mm<\/strong>, a <strong>C\u00e9lula de bateria REPT CB71173204EB-280Ah LiFePO4 com descarga 1C<\/strong> foi projetada para integra\u00e7\u00e3o perfeita e sem ferramentas em racks ESS padr\u00e3o e cont\u00eaineres de bateria em todo o mundo. Isso garante compatibilidade m\u00e1xima tanto para novas instala\u00e7\u00f5es quanto para amplia\u00e7\u00f5es de instala\u00e7\u00f5es existentes. <\/li>\n<li style=\"margin-bottom: 15px;\">\ud83d\udee1\ufe0f <strong>Seguran\u00e7a mec\u00e2nica superior de 3000 N:<\/strong> Projetada para suportar uma enorme press\u00e3o de teste estrutural de <strong>3000 \u00b1 100 N<\/strong>, esta c\u00e9lula mant\u00e9m sua integridade f\u00edsica e qu\u00edmica sob tens\u00e3o extrema. Esse n\u00edvel de durabilidade \u00e9 essencial para garantir a seguran\u00e7a em aplica\u00e7\u00f5es industriais com alta vibra\u00e7\u00e3o e em GEOs mar\u00edtimos exigentes. <\/li>\n<li style=\"margin-bottom: 15px;\">\u26a1 <strong>Fornecimento cont\u00ednuo e eficiente de energia a 1C:<\/strong> Otimizada para armazenamento de energia de alto rendimento, a s\u00e9rie de 280 Ah suporta uma <strong>taxa de descarga constante de 1C<\/strong>. Isso proporciona a reposi\u00e7\u00e3o robusta de energia necess\u00e1ria para a estabiliza\u00e7\u00e3o da rede, o nivelamento de picos de demanda e transi\u00e7\u00f5es cont\u00ednuas de backup industrial. <\/li>\n<li style=\"margin-bottom: 15px;\">\ud83d\ude80 <strong>Empilhamento avan\u00e7ado e gerenciamento t\u00e9rmico:<\/strong> Gra\u00e7as \u00e0 tecnologia avan\u00e7ada de empilhamento da REPT, a resist\u00eancia interna \u00e9 minimizada para evitar o ac\u00famulo de calor. Isso garante uma distribui\u00e7\u00e3o uniforme da temperatura por toda a superf\u00edcie da c\u00e9lula, prolongando diretamente a vida \u00fatil e o retorno sobre o investimento de toda a cadeia de baterias. <\/li>\n<li style=\"margin-bottom: 15px;\">\ud83c\udfc5 <strong>Qualidade e consist\u00eancia comprovadas de grau A:<\/strong> Todas as c\u00e9lulas de 280 Ah adquiridas atrav\u00e9s da <strong>DLCPO<\/strong> s\u00e3o produtos rec\u00e9m-fabricados de grau A, com c\u00f3digos QR originais de f\u00e1brica. Isso garante a perfeita correspond\u00eancia entre tens\u00e3o e resist\u00eancia interna, proporcionando a confiabilidade financeira e a vida \u00fatil de longo prazo necess\u00e1rias para projetos de energia em grande escala. <\/li>\n<\/ul>\n<\/div>\n","protected":false},"excerpt":{"rendered":"<p>Conhe\u00e7a a c\u00e9lula de bateria LiFePO4 REPT CB71173204EB-280Ah com descarga de 1C na DLCPO. Apresenta altura padronizada de 203 mm, seguran\u00e7a mec\u00e2nica de <span class=\"math-inline\" data-math=\"3000\\text&lt;wpml_curved wpml_value='N'&gt;&lt;\/wpml_curved&gt;\" data-index-in-node=\"148\">3000 N<\/span> e consist\u00eancia de Grau A para racks de ESS em todo o mundo.<\/p>\n","protected":false},"featured_media":2135,"template":"","meta":{"_acf_changed":false,"_joinchat":[]},"product_brand":[],"product_cat":[912],"product_tag":[1243,1237,963,923,1242],"class_list":{"0":"post-5119","1":"product","2":"type-product","3":"status-publish","4":"has-post-thumbnail","6":"product_cat-rept","7":"product_tag-280-ah-lifepo","8":"product_tag-celula-ess-prismatica","9":"product_tag-descarga-de-1c-em-lfp","10":"product_tag-dlcpo","11":"product_tag-rept-cb71173204eb","12":"pa_capacity-280ah","14":"first","15":"instock","16":"shipping-taxable","17":"product-type-simple"},"acf":[],"_links":{"self":[{"href":"https:\/\/dlcpo.com\/pt-br\/wp-json\/wp\/v2\/product\/5119","targetHints":{"allow":["GET"]}}],"collection":[{"href":"https:\/\/dlcpo.com\/pt-br\/wp-json\/wp\/v2\/product"}],"about":[{"href":"https:\/\/dlcpo.com\/pt-br\/wp-json\/wp\/v2\/types\/product"}],"version-history":[{"count":1,"href":"https:\/\/dlcpo.com\/pt-br\/wp-json\/wp\/v2\/product\/5119\/revisions"}],"predecessor-version":[{"id":7131,"href":"https:\/\/dlcpo.com\/pt-br\/wp-json\/wp\/v2\/product\/5119\/revisions\/7131"}],"wp:featuredmedia":[{"embeddable":true,"href":"https:\/\/dlcpo.com\/pt-br\/wp-json\/wp\/v2\/media\/2135"}],"wp:attachment":[{"href":"https:\/\/dlcpo.com\/pt-br\/wp-json\/wp\/v2\/media?parent=5119"}],"wp:term":[{"taxonomy":"product_brand","embeddable":true,"href":"https:\/\/dlcpo.com\/pt-br\/wp-json\/wp\/v2\/product_brand?post=5119"},{"taxonomy":"product_cat","embeddable":true,"href":"https:\/\/dlcpo.com\/pt-br\/wp-json\/wp\/v2\/product_cat?post=5119"},{"taxonomy":"product_tag","embeddable":true,"href":"https:\/\/dlcpo.com\/pt-br\/wp-json\/wp\/v2\/product_tag?post=5119"}],"curies":[{"name":"wp","href":"https:\/\/api.w.org\/{rel}","templated":true}]}}