{"id":5110,"date":"2026-03-09T14:42:50","date_gmt":"2026-03-09T06:42:50","guid":{"rendered":"https:\/\/dlcpo.com\/rept-cb54173145ea-150ah-celula-de-bateria-lifepo4-1c-potencia\/"},"modified":"2026-04-11T09:59:52","modified_gmt":"2026-04-11T01:59:52","slug":"rept-cb54173145ea-150ah-celula-de-bateria-lifepo4-1c-potencia","status":"publish","type":"product","link":"https:\/\/dlcpo.com\/pt-br\/rept-cb54173145ea-150ah-celula-de-bateria-lifepo4-1c-potencia\/","title":{"rendered":"REPT CB54173145EA \u2013 C\u00e9lula de bateria prism\u00e1tica LiFePO4 de 150 Ah e 3,2 V, grau A \u2013 Solu\u00e7\u00e3o LFP de alta densidade para armazenamento de energia comercial e dom\u00e9stico"},"content":{"rendered":"<div class=\"product-description\">\n<p>A <strong>C\u00e9lula de bateria REPT CB54173145EA-150Ah LiFePO4 1C Power<\/strong> \u00e9 uma solu\u00e7\u00e3o energ\u00e9tica especializada de alto desempenho, projetada com precis\u00e3o para sistemas de armazenamento de alta densidade de \u00faltima gera\u00e7\u00e3o. Fabricada pela REPT BATTERO, esta c\u00e9lula prism\u00e1tica oferece uma sa\u00edda est\u00e1vel de 3,2 V, com foco estrat\u00e9gico na otimiza\u00e7\u00e3o de espa\u00e7o e na confiabilidade estrutural a longo prazo. \u00c9 a escolha definitiva para integradores de sistemas profissionais focados em ESS solares modulares de alta efici\u00eancia e ambientes de energia industrial com alta vibra\u00e7\u00e3o.  <\/p>\n<ul class=\"product-features-list\" style=\"list-style: none; padding-left: 0;\">\n<li style=\"margin-bottom: 15px;\">\ud83d\udccf <strong>Arquitetura compacta de perfil baixo (148,31 mm): <\/strong> Com apenas <strong>148,31 mm de altura<\/strong>, a <strong>C\u00e9lula de bateria REPT CB54173145EA-150Ah LiFePO4 1C Power<\/strong> permite um empilhamento vertical muito mais flex\u00edvel. Esse formato fino \u00e9 essencial para o projeto de gabinetes de bateria compactos, onde o espa\u00e7o vertical \u00e9 limitado, mas \u00e9 necess\u00e1ria alta densidade de energia. <\/li>\n<li style=\"margin-bottom: 15px;\">\ud83d\udee1\ufe0f <strong>Seguran\u00e7a estrutural superior de 3000 N:<\/strong> Projetada para suportar uma enorme press\u00e3o de teste estrutural de <strong>3000 N<\/strong>, esta c\u00e9lula mant\u00e9m sua integridade f\u00edsica e qu\u00edmica sob tens\u00e3o mec\u00e2nica extrema. Isso a torna excepcionalmente confi\u00e1vel em aplica\u00e7\u00f5es de log\u00edstica comercial com alta vibra\u00e7\u00e3o e em ambientes de transporte exigentes. <\/li>\n<li style=\"margin-bottom: 15px;\">\u26a1 <strong>Sa\u00edda de pot\u00eancia cont\u00ednua eficiente de 1C:<\/strong> Otimizada para uma <strong>taxa de descarga de 1C<\/strong> constante, esta c\u00e9lula oferece o fornecimento de energia \u00e1gil necess\u00e1rio para o nivelamento de picos de demanda industrial e transi\u00e7\u00f5es de backup sem interrup\u00e7\u00f5es, garantindo que seus sistemas modulares permane\u00e7am alimentados durante picos de carga cr\u00edticos.<\/li>\n<li style=\"margin-bottom: 15px;\">\ud83c\udfd7\ufe0f <strong>Utiliza\u00e7\u00e3o volum\u00e9trica do espa\u00e7o aprimorada: <\/strong> Em compara\u00e7\u00e3o com c\u00e9lulas prism\u00e1ticas de altura padr\u00e3o, as dimens\u00f5es do CB54173145EA permitem que os integradores concentrem mais capacidade em o mesmo espa\u00e7o ocupado, reduzindo o tamanho total do de armazenamento de energia em cont\u00eaineres e energia residencial e paredes de energia residenciais .<\/li>\n<li style=\"margin-bottom: 15px;\">\ud83c\udfc5 <strong>Verificado Grau A Qualidade e Rastreabilidade:<\/strong> Cada c\u00e9lula de 150Ah c\u00e9lula adquirida pela <strong>DLCPO<\/strong> \u00e9 rec\u00e9m- produzida com c\u00f3digos QR de f\u00e1brica originais. Isso garante tens\u00e3o consistente compat\u00edvel e baixa resist\u00eancia interna, proporcionando a viabilidade financeira e seguran\u00e7a necess\u00e1rias para profissionais de grande escala energia projetos. <\/li>\n<\/ul>\n<\/div>\n","protected":false},"excerpt":{"rendered":"<p>Descubra a c\u00e9lula de bateria REPT CB54173145EA-150Ah LiFePO4 com corrente de carga de 1C na DLCPO. Com uma altura ultrafina de 148 mm, seguran\u00e7a estrutural de 3000 N e consist\u00eancia comprovada para sistemas modulares de armazenamento de energia solar (ESS) e sistemas de backup industrial.<\/p>\n","protected":false},"featured_media":2153,"template":"","meta":{"_acf_changed":false,"_joinchat":[]},"product_brand":[],"product_cat":[912],"product_tag":[1233,1234,1232,923,1231],"class_list":{"0":"post-5110","1":"product","2":"type-product","3":"status-publish","4":"has-post-thumbnail","6":"product_cat-rept","7":"product_tag-bateria-modular-ess-bateria","8":"product_tag-celula-fina-de-148-mm","9":"product_tag-celula-lfp-de-150-ah","10":"product_tag-dlcpo","11":"product_tag-rept-cb54173145ea","12":"pa_capacity-150ah","14":"first","15":"instock","16":"shipping-taxable","17":"product-type-simple"},"acf":[],"_links":{"self":[{"href":"https:\/\/dlcpo.com\/pt-br\/wp-json\/wp\/v2\/product\/5110","targetHints":{"allow":["GET"]}}],"collection":[{"href":"https:\/\/dlcpo.com\/pt-br\/wp-json\/wp\/v2\/product"}],"about":[{"href":"https:\/\/dlcpo.com\/pt-br\/wp-json\/wp\/v2\/types\/product"}],"version-history":[{"count":1,"href":"https:\/\/dlcpo.com\/pt-br\/wp-json\/wp\/v2\/product\/5110\/revisions"}],"predecessor-version":[{"id":7164,"href":"https:\/\/dlcpo.com\/pt-br\/wp-json\/wp\/v2\/product\/5110\/revisions\/7164"}],"wp:featuredmedia":[{"embeddable":true,"href":"https:\/\/dlcpo.com\/pt-br\/wp-json\/wp\/v2\/media\/2153"}],"wp:attachment":[{"href":"https:\/\/dlcpo.com\/pt-br\/wp-json\/wp\/v2\/media?parent=5110"}],"wp:term":[{"taxonomy":"product_brand","embeddable":true,"href":"https:\/\/dlcpo.com\/pt-br\/wp-json\/wp\/v2\/product_brand?post=5110"},{"taxonomy":"product_cat","embeddable":true,"href":"https:\/\/dlcpo.com\/pt-br\/wp-json\/wp\/v2\/product_cat?post=5110"},{"taxonomy":"product_tag","embeddable":true,"href":"https:\/\/dlcpo.com\/pt-br\/wp-json\/wp\/v2\/product_tag?post=5110"}],"curies":[{"name":"wp","href":"https:\/\/api.w.org\/{rel}","templated":true}]}}