{"id":5105,"date":"2026-03-09T15:41:01","date_gmt":"2026-03-09T07:41:01","guid":{"rendered":"https:\/\/dlcpo.com\/rept-cb67-306ah-celula-de-bateria-lifepo4-8000-ciclos\/"},"modified":"2026-04-11T09:59:49","modified_gmt":"2026-04-11T01:59:49","slug":"rept-cb67-306ah-celula-de-bateria-lifepo4-8000-ciclos","status":"publish","type":"product","link":"https:\/\/dlcpo.com\/pt-br\/rept-cb67-306ah-celula-de-bateria-lifepo4-8000-ciclos\/","title":{"rendered":"REPT CB67-306Ah 3,2 V LiFePO4 Grau A Prism\u00e1tica Bateria C\u00e9lula \u2013 LFP de alta densidade Solu\u00e7\u00e3o para armazenamento em escala de rede e comercial"},"content":{"rendered":"<div class=\"product-description-container\">\n<p>A <strong>C\u00e9lula de bateria REPT CB67-306Ah LiFePO4 com 8.000 ciclos<\/strong> representa uma evolu\u00e7\u00e3o estrat\u00e9gica em termos de densidade energ\u00e9tica para o mercado profissional de armazenamento estacion\u00e1rio. Fabricada pela REPT BATTERO, esta c\u00e9lula oferece uma enorme capacidade de 306Ah em um formato padronizado, permitindo que os integradores de sistemas maximizem o armazenamento de energia por metro quadrado sem alterar os projetos de rack existentes de 280Ah. \u00c9 a escolha definitiva para BESS (Sistemas de Armazenamento de Energia em Bateria) de alta densidade que exigem r\u00e1pida implanta\u00e7\u00e3o e viabilidade financeira a longo prazo.  <\/p>\n<h3>Superioridade t\u00e9cnica: O especialista em armazenamento de 306 Ah<\/h3>\n<ul>\n<li>\ud83d\udccf <strong>Otimiza\u00e7\u00e3o do formato padronizado:<\/strong> Com uma largura de precis\u00e3o de <strong>174,00 mm<\/strong> e uma altura total de <strong>207,2 mm<\/strong>, a <strong>C\u00e9lula de bateria REPT CB67-306Ah LiFePO4 de 8.000 ciclos<\/strong> se encaixa perfeitamente em racks de bateria existentes baseados em 280Ah. Essa conquista de engenharia proporciona um aumento imediato de capacidade, mantendo total compatibilidade mec\u00e2nica com barramentos e gabinetes padr\u00e3o. <\/li>\n<li>\u23f3 <strong>Longevidade excepcional de mais de 8.000 ciclos:<\/strong> Projetada especificamente para o horizonte operacional de 20 anos de projetos em escala de rede, esta c\u00e9lula oferece uma vida \u00fatil comprovada de <strong>8.000 ciclos<\/strong>. Isso reduz significativamente o Custo Nivelado de Armazenamento (LCOS), garantindo um desempenho est\u00e1vel e confi\u00e1vel ao longo de toda a vida \u00fatil do ativo. <\/li>\n<li>\ud83d\udee1\ufe0f <strong>Seguran\u00e7a mec\u00e2nica e estrutural superior:<\/strong> Projetada para suportar uma rigorosa press\u00e3o de teste estrutural de 3000 \u00b1 200 N, esta c\u00e9lula garante a m\u00e1xima integridade em GEOs industriais e mar\u00edtimos sujeitos a altas vibra\u00e7\u00f5es. Seu design prism\u00e1tico robusto e sua v\u00e1lvula de escape sens\u00edvel \u00e0 explos\u00e3o oferecem prote\u00e7\u00e3o l\u00edder do setor contra eventos t\u00e9rmicos. <\/li>\n<li>\ud83c\udc0f <strong>Evolu\u00e7\u00e3o da densidade energ\u00e9tica volum\u00e9trica:<\/strong> A capacidade de acomodar 306 Ah no formato convencional permite uma maior concentra\u00e7\u00e3o de energia em cont\u00eaineres padr\u00e3o de 20 e 40 p\u00e9s. Isso permite que os integradores alcancem uma maior capacidade total do sistema (at\u00e9 mais de 5 MWh) em uma \u00e1rea ocupada menor, reduzindo os custos gerais de desenvolvimento do local. <\/li>\n<li>\ud83c\udfc5 <strong>Qualidade e uniformidade comprovadas de grau A:<\/strong> Todas as c\u00e9lulas fornecidas pela DLCPO s\u00e3o de grau A, rec\u00e9m-fabricadas e com os c\u00f3digos QR originais de f\u00e1brica intactos. Nossa rigorosa verifica\u00e7\u00e3o da uniformidade em termos de resist\u00eancia interna e tens\u00e3o garante que os arranjos modulares em grande escala operem com perfeita uniformidade t\u00e9rmica e m\u00e1xima seguran\u00e7a. <\/li>\n<\/ul>\n<\/div>\n","protected":false},"excerpt":{"rendered":"<p>Descubra a c\u00e9lula de bateria REPT CB67-306Ah LiFePO4 com 8.000 ciclos na DLCPO. Uma enorme capacidade de 306Ah em um formato padr\u00e3o de 280Ah, com mais de 8.000 ciclos e seguran\u00e7a mec\u00e2nica superior de <span class=\"math-inline\" data-math=\"3000\\text&lt;wpml_curved wpml_value='N'&gt;&lt;\/wpml_curved&gt;\" data-index-in-node=\"193\">3.000 N<\/span>. <\/p>\n","protected":false},"featured_media":2163,"template":"","meta":{"_acf_changed":false,"_joinchat":[]},"product_brand":[],"product_cat":[912],"product_tag":[1228,1229,923,1230,1227],"class_list":{"0":"post-5105","1":"product","2":"type-product","3":"status-publish","4":"has-post-thumbnail","6":"product_cat-rept","7":"product_tag-306ah-lfp","8":"product_tag-8-000-ciclos","9":"product_tag-dlcpo","10":"product_tag-ess-bateria-celula","11":"product_tag-rept-cb67-306ah","12":"pa_capacity-306ah","14":"first","15":"instock","16":"shipping-taxable","17":"product-type-simple"},"acf":[],"_links":{"self":[{"href":"https:\/\/dlcpo.com\/pt-br\/wp-json\/wp\/v2\/product\/5105","targetHints":{"allow":["GET"]}}],"collection":[{"href":"https:\/\/dlcpo.com\/pt-br\/wp-json\/wp\/v2\/product"}],"about":[{"href":"https:\/\/dlcpo.com\/pt-br\/wp-json\/wp\/v2\/types\/product"}],"version-history":[{"count":1,"href":"https:\/\/dlcpo.com\/pt-br\/wp-json\/wp\/v2\/product\/5105\/revisions"}],"predecessor-version":[{"id":7159,"href":"https:\/\/dlcpo.com\/pt-br\/wp-json\/wp\/v2\/product\/5105\/revisions\/7159"}],"wp:featuredmedia":[{"embeddable":true,"href":"https:\/\/dlcpo.com\/pt-br\/wp-json\/wp\/v2\/media\/2163"}],"wp:attachment":[{"href":"https:\/\/dlcpo.com\/pt-br\/wp-json\/wp\/v2\/media?parent=5105"}],"wp:term":[{"taxonomy":"product_brand","embeddable":true,"href":"https:\/\/dlcpo.com\/pt-br\/wp-json\/wp\/v2\/product_brand?post=5105"},{"taxonomy":"product_cat","embeddable":true,"href":"https:\/\/dlcpo.com\/pt-br\/wp-json\/wp\/v2\/product_cat?post=5105"},{"taxonomy":"product_tag","embeddable":true,"href":"https:\/\/dlcpo.com\/pt-br\/wp-json\/wp\/v2\/product_tag?post=5105"}],"curies":[{"name":"wp","href":"https:\/\/api.w.org\/{rel}","templated":true}]}}