{"id":5092,"date":"2026-03-09T19:18:17","date_gmt":"2026-03-09T11:18:17","guid":{"rendered":"https:\/\/dlcpo.com\/celula-de-bateria-svolt-l400-62ah-lifepo%e2%82%84-tipo-blade-170-wh-kg\/"},"modified":"2026-04-11T11:26:04","modified_gmt":"2026-04-11T03:26:04","slug":"celula-de-bateria-svolt-l400-62ah-lifepo%e2%82%84-tipo-blade-170-wh-kg","status":"publish","type":"product","link":"https:\/\/dlcpo.com\/pt-br\/celula-de-bateria-svolt-l400-62ah-lifepo%e2%82%84-tipo-blade-170-wh-kg\/","title":{"rendered":"SVOLT L400-62Ah 3.2V Grade A LiFePO4 Blade Battery Cell &#8211; LFP empilhado ultrafino de 14,9 mm para EV avan\u00e7ado e ESS compacto"},"content":{"rendered":"<div class=\"product-description-container\">\n<p>A <strong>SVOLT L400-62Ah LiFePO4 Blade Battery Cell 170Wh\/kg<\/strong> \u00e9 uma solu\u00e7\u00e3o de energia de \u00faltima gera\u00e7\u00e3o que redefine os limites da efici\u00eancia de espa\u00e7o no mercado de 2026. Desenvolvida pela SVOLT Energy usando a avan\u00e7ada tecnologia High-Speed Stacking, essa c\u00e9lula de 62Ah foi projetada com precis\u00e3o para sistemas em que cada mil\u00edmetro conta. Sua exclusiva arquitetura <strong>&#8220;Short Blade&#8221; de 14,9 mm<\/strong> oferece rigidez estrutural excepcional e desempenho t\u00e9rmico superior, tornando-a a principal op\u00e7\u00e3o para armazenamento de energia elegante e de \u00faltima gera\u00e7\u00e3o.  <\/p>\n<h3>Principais destaques t\u00e9cnicos: O especialista em espa\u00e7o de 14,9 mm<\/h3>\n<ul>\n<li><strong>Perfil ultrafino de 14,9 mm, l\u00edder do setor:<\/strong> A espessura inovadora da <strong>c\u00e9lula de bateria SVOLT L400-62Ah LiFePO4 Blade 170Wh\/kg<\/strong> permite a constru\u00e7\u00e3o de pacotes de baterias extremamente elegantes. \u00c9 a principal op\u00e7\u00e3o para armazenamento de energia dom\u00e9stico fino montado na parede (Powerwalls) e gabinetes industriais com requisitos de alta densidade. <\/li>\n<li><strong>Energia padr\u00e3o 3C e personalizada 5C atualizada:<\/strong> desenvolvida para um desempenho moderno, essa c\u00e9lula agora suporta uma <strong>taxa de descarga cont\u00ednua<\/strong> est\u00e1vel <strong>de 3C<\/strong> em toda a linha. Para regulagem especializada de frequ\u00eancia de alto torque ou de resposta r\u00e1pida, a DLCPO oferece op\u00e7\u00f5es personalizadas de <strong>pico de surto de 4C e 5C<\/strong>, garantindo um fornecimento de energia confi\u00e1vel em um formato compacto. <\/li>\n<li><strong>Alta densidade de energia gravim\u00e9trica (170Wh\/kg):<\/strong> Ao utilizar a qu\u00edmica avan\u00e7ada da SVOLT, essa c\u00e9lula tem uma enorme capacidade de 62 Ah em uma unidade estrutural leve. Isso permite que os projetistas de sistemas maximizem a capacidade em um espa\u00e7o limitado, melhorando diretamente a efici\u00eancia volum\u00e9trica do ESS geral. <\/li>\n<li>\ud83c\udfd7\ufe0f <strong>Efici\u00eancia revolucion\u00e1ria de empilhamento voador:<\/strong> Diferentemente das c\u00e9lulas enroladas tradicionais, o processo de empilhamento em alta velocidade garante uma distribui\u00e7\u00e3o mais uniforme da temperatura interna e uma vida \u00fatil mais longa do ciclo. Isso minimiza o ac\u00famulo de calor durante os eventos de carregamento r\u00e1pido, maximizando o desempenho de longo prazo e o ROI do seu investimento em energia. <\/li>\n<li><strong>Qualidade e rastreabilidade verificadas de grau A:<\/strong> A DLCPO garante que cada c\u00e9lula de 62Ah seja produzida recentemente com os c\u00f3digos QR originais de f\u00e1brica intactos. Garantimos zero envelhecimento qu\u00edmico e um hist\u00f3rico rastre\u00e1vel completo, fornecendo a confiabilidade e a credibilidade necess\u00e1rias para projetos profissionais de energia B2B. <\/li>\n<\/ul>\n<\/div>\n","protected":false},"excerpt":{"rendered":"<p>Descubra a c\u00e9lula de bateria de l\u00e2mina SVOLT L400-62Ah LiFePO4 170Wh\/kg na DLCPO. Perfil ultrafino de 14,9 mm com desempenho aprimorado de alta taxa 3C-5C para ESS fino e armazenamento dom\u00e9stico. <\/p>\n","protected":false},"featured_media":5089,"template":"","meta":{"_acf_changed":false,"_joinchat":[]},"product_brand":[],"product_cat":[913],"product_tag":[996,1212,980,923,1216],"class_list":{"0":"post-5092","1":"product","2":"type-product","3":"status-publish","4":"has-post-thumbnail","6":"product_cat-svolt","7":"product_tag-149-mm-ultrafino-3","8":"product_tag-celula-da-bateria-da-lamina","9":"product_tag-bateria-3c","10":"product_tag-dlcpo","11":"product_tag-svolt-l400-62ah","12":"pa_capacity-62ah","14":"first","15":"instock","16":"featured","17":"shipping-taxable","18":"product-type-simple"},"acf":[],"_links":{"self":[{"href":"https:\/\/dlcpo.com\/pt-br\/wp-json\/wp\/v2\/product\/5092","targetHints":{"allow":["GET"]}}],"collection":[{"href":"https:\/\/dlcpo.com\/pt-br\/wp-json\/wp\/v2\/product"}],"about":[{"href":"https:\/\/dlcpo.com\/pt-br\/wp-json\/wp\/v2\/types\/product"}],"version-history":[{"count":1,"href":"https:\/\/dlcpo.com\/pt-br\/wp-json\/wp\/v2\/product\/5092\/revisions"}],"predecessor-version":[{"id":6736,"href":"https:\/\/dlcpo.com\/pt-br\/wp-json\/wp\/v2\/product\/5092\/revisions\/6736"}],"wp:featuredmedia":[{"embeddable":true,"href":"https:\/\/dlcpo.com\/pt-br\/wp-json\/wp\/v2\/media\/5089"}],"wp:attachment":[{"href":"https:\/\/dlcpo.com\/pt-br\/wp-json\/wp\/v2\/media?parent=5092"}],"wp:term":[{"taxonomy":"product_brand","embeddable":true,"href":"https:\/\/dlcpo.com\/pt-br\/wp-json\/wp\/v2\/product_brand?post=5092"},{"taxonomy":"product_cat","embeddable":true,"href":"https:\/\/dlcpo.com\/pt-br\/wp-json\/wp\/v2\/product_cat?post=5092"},{"taxonomy":"product_tag","embeddable":true,"href":"https:\/\/dlcpo.com\/pt-br\/wp-json\/wp\/v2\/product_tag?post=5092"}],"curies":[{"name":"wp","href":"https:\/\/api.w.org\/{rel}","templated":true}]}}