{"id":5083,"date":"2026-03-10T07:45:40","date_gmt":"2026-03-09T23:45:40","guid":{"rendered":"https:\/\/dlcpo.com\/bateria-svolt-l600-145ah-4c-com-carregamento-rapido-e-conector-blade\/"},"modified":"2026-04-11T09:58:24","modified_gmt":"2026-04-11T01:58:24","slug":"bateria-svolt-l600-145ah-4c-com-carregamento-rapido-e-conector-blade","status":"publish","type":"product","link":"https:\/\/dlcpo.com\/pt-br\/bateria-svolt-l600-145ah-4c-com-carregamento-rapido-e-conector-blade\/","title":{"rendered":"C\u00e9lula de bateria SVOLT L600-145Ah 3,2 V 145 Ah LiFePO4 de grau A em formato de l\u00e2mina \u2013 LFP ultrafina de 16,4 mm empilhada para sistemas de ve\u00edculos el\u00e9tricos (EV) e sistemas de armazenamento de energia (ESS) de alta densidade"},"content":{"rendered":"<div class=\"product-description-container\">\n<p>A <strong>Bateria SVOLT L600-145Ah 4C Flash Charge Blade<\/strong> representa o que h\u00e1 de mais avan\u00e7ado em tecnologia de fosfato de ferro e l\u00edtio em 2026. Esta c\u00e9lula especializada em \u201cFlash Charge\u201d foi projetada para eliminar o principal obst\u00e1culo da mobilidade el\u00e9trica: o tempo de recarga. Com sua capacidade de carregamento 4C inovadora e sua arquitetura em l\u00e2mina caracter\u00edstica, ela redefine os limites de efici\u00eancia e desempenho para as plataformas modernas de ve\u00edculos baseadas em LFP.  <\/p>\n<h3>Superioridade t\u00e9cnica: a velocidade do l\u00edtio<\/h3>\n<ul>\n<li>\ud83d\ude80 <strong>Carregamento revolucion\u00e1rio em 10 minutos:<\/strong> Esta \u00e9 a principal caracter\u00edstica da <strong>bateria SVOLT L600-145Ah 4C Flash Charge Blade<\/strong>. A bateria pode carregar de <strong>10% a 80% de SOC em apenas 10 minutos<\/strong>. Essa velocidade revolucion\u00e1ria permite que os motoristas recarreguem significativamente durante uma breve pausa, tornando as viagens de longa dist\u00e2ncia em ve\u00edculos el\u00e9tricos tranquilas e sem preocupa\u00e7\u00f5es.  <\/li>\n<li>\ud83d\udcca <strong>Densidade energ\u00e9tica excepcional (&gt;183 Wh\/kg):<\/strong> Normalmente, uma pot\u00eancia extremamente alta implica uma redu\u00e7\u00e3o na capacidade. Mas n\u00e3o neste caso. A SVOLT manteve uma impressionante densidade energ\u00e9tica de <strong>&gt;183 Wh\/kg<\/strong>, garantindo que ve\u00edculos de alto desempenho permane\u00e7am leves e eficientes, mesmo com suas enormes capacidades de fornecimento de pot\u00eancia.  <\/li>\n<li>\ud83d\udccf <strong>Design t\u00e9rmico ultrafino de 16,4 mm:<\/strong> Com apenas <strong>16,4 mm de espessura<\/strong>, esta bateria \u00e9 mais fina do que as vers\u00f5es padr\u00e3o de 162Ah. Essa espessura reduzida minimiza drasticamente o caminho t\u00e9rmico, permitindo que o calor escape rapidamente durante eventos de carregamento 4C de alta corrente \u2014um recurso de seguran\u00e7a cr\u00edtico que garante a estabilidade eletroqu\u00edmica a longo prazo. <\/li>\n<li>\ud83d\udd0c <strong>Prepara\u00e7\u00e3o para Supercharge de 800 V:<\/strong> Otimizada para arquiteturas de alta tens\u00e3o de 800 V de \u00faltima gera\u00e7\u00e3o, a c\u00e9lula de 145 Ah 4C garante uma queda de tens\u00e3o m\u00ednima e efici\u00eancia m\u00e1xima. \u00c9 a escolha definitiva para autom\u00f3veis de passageiros de luxo e ve\u00edculos comerciais de alta carga que exigem recarga r\u00e1pida de energia. <\/li>\n<li>\ud83c\udfc6 <strong>Consist\u00eancia de grau A pela DLCPO:<\/strong> Todas as c\u00e9lulas fornecidas pela DLCPO s\u00e3o fabricadas recentemente e possuem c\u00f3digos QR originais de f\u00e1brica. Nossa correspond\u00eancia de consist\u00eancia de grau automotivo para a resist\u00eancia interna garante que seus conjuntos modulares permane\u00e7am equilibrados, confi\u00e1veis e seguros ao longo de milhares de ciclos de carregamento ultrarr\u00e1pido. <\/li>\n<\/ul>\n<\/div>\n","protected":false},"excerpt":{"rendered":"<p>Compre a bateria SVOLT L600-145Ah 4C Flash Charge Blade na DLCPO. Apresenta carregamento r\u00e1pido em 10 minutos (10%\u201380% de SOC), densidade de 183 Wh\/kg e design t\u00e9rmico ultrafino de 16,4 mm. <\/p>\n","protected":false},"featured_media":2212,"template":"","meta":{"_acf_changed":false,"_joinchat":[]},"product_brand":[],"product_cat":[913],"product_tag":[991,983,1209,923,1208],"class_list":{"0":"post-5083","1":"product","2":"type-product","3":"status-publish","4":"has-post-thumbnail","6":"product_cat-svolt","7":"product_tag-carregamento-em-10-minutos","8":"product_tag-carregamento-rapido-4c","9":"product_tag-carregamento-rapido-blade-bateria","10":"product_tag-dlcpo","11":"product_tag-svolt-l600-145ah","12":"pa_capacity-145ah","14":"first","15":"instock","16":"shipping-taxable","17":"product-type-simple"},"acf":[],"_links":{"self":[{"href":"https:\/\/dlcpo.com\/pt-br\/wp-json\/wp\/v2\/product\/5083","targetHints":{"allow":["GET"]}}],"collection":[{"href":"https:\/\/dlcpo.com\/pt-br\/wp-json\/wp\/v2\/product"}],"about":[{"href":"https:\/\/dlcpo.com\/pt-br\/wp-json\/wp\/v2\/types\/product"}],"version-history":[{"count":1,"href":"https:\/\/dlcpo.com\/pt-br\/wp-json\/wp\/v2\/product\/5083\/revisions"}],"predecessor-version":[{"id":7124,"href":"https:\/\/dlcpo.com\/pt-br\/wp-json\/wp\/v2\/product\/5083\/revisions\/7124"}],"wp:featuredmedia":[{"embeddable":true,"href":"https:\/\/dlcpo.com\/pt-br\/wp-json\/wp\/v2\/media\/2212"}],"wp:attachment":[{"href":"https:\/\/dlcpo.com\/pt-br\/wp-json\/wp\/v2\/media?parent=5083"}],"wp:term":[{"taxonomy":"product_brand","embeddable":true,"href":"https:\/\/dlcpo.com\/pt-br\/wp-json\/wp\/v2\/product_brand?post=5083"},{"taxonomy":"product_cat","embeddable":true,"href":"https:\/\/dlcpo.com\/pt-br\/wp-json\/wp\/v2\/product_cat?post=5083"},{"taxonomy":"product_tag","embeddable":true,"href":"https:\/\/dlcpo.com\/pt-br\/wp-json\/wp\/v2\/product_tag?post=5083"}],"curies":[{"name":"wp","href":"https:\/\/api.w.org\/{rel}","templated":true}]}}