{"id":5079,"date":"2026-03-10T08:00:00","date_gmt":"2026-03-10T00:00:00","guid":{"rendered":"https:\/\/dlcpo.com\/celula-de-bateria-svolt-l600-147ah-lifepo%e2%82%84-tipo-blade-ultrafina\/"},"modified":"2026-04-11T11:26:06","modified_gmt":"2026-04-11T03:26:06","slug":"celula-de-bateria-svolt-l600-147ah-lifepo%e2%82%84-tipo-blade-ultrafina","status":"publish","type":"product","link":"https:\/\/dlcpo.com\/pt-br\/celula-de-bateria-svolt-l600-147ah-lifepo%e2%82%84-tipo-blade-ultrafina\/","title":{"rendered":"SVOLT L600-147Ah 3.2V 2.2C 147Ah Grade A LiFePO4 Blade Battery Cell &#8211; 16.4mm Ultra-Thin 2.2C High-Rate Stacked LFP for Performance EVs &amp; Sleek ESS"},"content":{"rendered":"<div class=\"product-description-container\">\n<p>A <strong>SVOLT L600-147Ah LiFePO4 Blade Battery Cell Ultra-Thin<\/strong> se destaca como uma obra-prima especializada de alto desempenho no mercado de energia de 2026. Fabricada pela SVOLT Energy usando tecnologia avan\u00e7ada de empilhamento de alta velocidade, essa c\u00e9lula de 147Ah foi projetada para aplica\u00e7\u00f5es de elite em que a embalagem excepcionalmente fina e a alta densidade de energia volum\u00e9trica s\u00e3o restri\u00e7\u00f5es inegoci\u00e1veis. <\/p>\n<h3>Principais vantagens t\u00e9cnicas: A l\u00e2mina de corte ultrafina<\/h3>\n<ul>\n<li><strong>Perfil ultrafino inovador de 16,4 mm:<\/strong> Mais fina do que as c\u00e9lulas blade padr\u00e3o de 18 mm, a <strong>SVOLT L600-147Ah LiFePO4 Blade Battery Cell Ultra-Thin<\/strong> permite que os projetistas de sistemas coloquem mais camadas de c\u00e9lulas em uma determinada altura de chassi. \u00c9 a escolha definitiva para a cria\u00e7\u00e3o de pacotes de baterias de perfil ultrabaixo para carros esportivos de alto desempenho e sed\u00e3s elegantes e aerodin\u00e2micos. <\/li>\n<li><strong>Pot\u00eancia padr\u00e3o 3C e personalizada 5C atualizada:<\/strong> Embora mantenha sua classifica\u00e7\u00e3o antiga de 2,2C, a linha 2026 SVOLT agora suporta uma <strong>taxa de descarga cont\u00ednua de 3C (441A)<\/strong>. Para plataformas de sobrealimenta\u00e7\u00e3o de 800 V, a DLCPO oferece personaliza\u00e7\u00e3o de <strong>pulso de pico de 4C e 5C<\/strong>, garantindo uma acelera\u00e7\u00e3o feroz e uma r\u00e1pida reposi\u00e7\u00e3o de energia. <\/li>\n<li>\ud83c\udc3d <strong>Densidade energ\u00e9tica volum\u00e9trica superior:<\/strong> Ao utilizar sua arquitetura de l\u00e2minas de formato alongado, esta c\u00e9lula de 147 Ah maximiza o espa\u00e7o interno para o material ativo, mantendo um formato ultraplano. Isso ajuda os engenheiros a alcan\u00e7ar uma maior densidade energ\u00e9tica no n\u00edvel do sistema sem comprometer a seguran\u00e7a da composi\u00e7\u00e3o qu\u00edmica LFP sem cobalto. <\/li>\n<li>\u23f3 <strong>Longevidade de n\u00edvel comercial (\u2265 2.500 ciclos):<\/strong> Reconhecida como uma \u201cvers\u00e3o de longa dura\u00e7\u00e3o\u201d, oferece uma vida \u00fatil robusta de 2.500 ciclos completos ou mais. Isso garante um baixo custo total de propriedade (TCO) para frotas comerciais e ve\u00edculos de alto desempenho, nos quais o tempo de atividade e o valor dos ativos a longo prazo s\u00e3o fundamentais. <\/li>\n<li>\ud83c\udfc6 <strong>Qualidade comprovada de classe A de n\u00edvel Tier-1:<\/strong> Cada bateria, fornecida pela empresa DLCPO, \u00e9 rec\u00e9m-fabricada e possui intactos c\u00f3digos QR originais de f\u00e1brica. Nossa rigorosa automatizada verifica\u00e7\u00e3o da conformidade dos par\u00e2metros de tens\u00e3o e da resist\u00eancia interna (\u2264 0,6 m\u03a9) garante a aus\u00eancia de envelhecimento qu\u00edmico a31&gt; e capacidade total para seus projetos modulares de alto desempenho. <\/li>\n<\/ul>\n<\/div>\n","protected":false},"excerpt":{"rendered":"<p>Descubra a c\u00e9lula de bateria de l\u00e2mina SVOLT L600-147Ah LiFePO4 ultrafina na DLCPO. Apenas 16,4 mm de espessura com desempenho 3C-5C atualizado para carros esportivos EV de baixo perfil. <\/p>\n","protected":false},"featured_media":5078,"template":"","meta":{"_acf_changed":false,"_joinchat":[]},"product_brand":[],"product_cat":[913],"product_tag":[1000,1206,1207,980,923],"class_list":{"0":"post-5079","1":"product","2":"type-product","3":"status-publish","4":"has-post-thumbnail","6":"product_cat-svolt","7":"product_tag-164-mm-ultrafino","8":"product_tag-bateria-de-lamina-de-alta-densidade-para-carros-esportivos","9":"product_tag-ev-lamina-bateria","10":"product_tag-bateria-3c","11":"product_tag-dlcpo","12":"pa_capacity-147ah","14":"first","15":"instock","16":"featured","17":"shipping-taxable","18":"product-type-simple"},"acf":[],"_links":{"self":[{"href":"https:\/\/dlcpo.com\/pt-br\/wp-json\/wp\/v2\/product\/5079","targetHints":{"allow":["GET"]}}],"collection":[{"href":"https:\/\/dlcpo.com\/pt-br\/wp-json\/wp\/v2\/product"}],"about":[{"href":"https:\/\/dlcpo.com\/pt-br\/wp-json\/wp\/v2\/types\/product"}],"version-history":[{"count":3,"href":"https:\/\/dlcpo.com\/pt-br\/wp-json\/wp\/v2\/product\/5079\/revisions"}],"predecessor-version":[{"id":7548,"href":"https:\/\/dlcpo.com\/pt-br\/wp-json\/wp\/v2\/product\/5079\/revisions\/7548"}],"wp:featuredmedia":[{"embeddable":true,"href":"https:\/\/dlcpo.com\/pt-br\/wp-json\/wp\/v2\/media\/5078"}],"wp:attachment":[{"href":"https:\/\/dlcpo.com\/pt-br\/wp-json\/wp\/v2\/media?parent=5079"}],"wp:term":[{"taxonomy":"product_brand","embeddable":true,"href":"https:\/\/dlcpo.com\/pt-br\/wp-json\/wp\/v2\/product_brand?post=5079"},{"taxonomy":"product_cat","embeddable":true,"href":"https:\/\/dlcpo.com\/pt-br\/wp-json\/wp\/v2\/product_cat?post=5079"},{"taxonomy":"product_tag","embeddable":true,"href":"https:\/\/dlcpo.com\/pt-br\/wp-json\/wp\/v2\/product_tag?post=5079"}],"curies":[{"name":"wp","href":"https:\/\/api.w.org\/{rel}","templated":true}]}}