{"id":5076,"date":"2026-03-10T08:36:57","date_gmt":"2026-03-10T00:36:57","guid":{"rendered":"https:\/\/dlcpo.com\/celula-de-bateria-svolt-l500-770ah-lifepo%e2%82%84-para-sistema-de-armazenamento-de-energia-ess-de-6-mwh\/"},"modified":"2026-04-21T21:19:06","modified_gmt":"2026-04-21T13:19:06","slug":"celula-de-bateria-svolt-l500-770ah-lifepo%e2%82%84-para-sistema-de-armazenamento-de-energia-ess-de-6-mwh","status":"publish","type":"product","link":"https:\/\/dlcpo.com\/pt-br\/celula-de-bateria-svolt-l500-770ah-lifepo%e2%82%84-para-sistema-de-armazenamento-de-energia-ess-de-6-mwh\/","title":{"rendered":"SVOLT L500 3,2 V 770 Ah Bateria C\u00e9lula de LiFePO4 de tamanho extragrande \u2013 15.000 Ciclos \u2013 Flying Stack Tecnologia para armazenamento de energia em escala de rede e comercial"},"content":{"rendered":"<div class=\"product-description-container\">\n<p>O <strong>Sistema de Armazenamento de Energia (ESS) de 6 MWh com c\u00e9lulas de bateria LiFePO4 SVOLT L500-770Ah<\/strong> representa uma mudan\u00e7a de paradigma definitiva no armazenamento de energia estacion\u00e1ria. Indo al\u00e9m dos formatos padr\u00e3o de 280Ah\/314Ah, a SVOLT utilizou seu avan\u00e7ado <strong>&#8220;Flying Stack + Short Knife&#8221;<\/strong> para criar um gigante monol\u00edtico de 770Ah. Esta unidade de capacidade ultragrande foi projetada para maximizar a densidade e a vida \u00fatil das centrais el\u00e9tricas de \u00faltima gera\u00e7\u00e3o, oferecendo um n\u00edvel de integra\u00e7\u00e3o de sistemas antes considerado imposs\u00edvel.  <\/p>\n<h3>Superioridade t\u00e9cnica fundamental: a refer\u00eancia da era dos 6 MWh+<\/h3>\n<ul>\n<li>\ud83c\udfd7\ufe0f <strong>Uma substitui duas (redu\u00e7\u00e3o da lista de materiais):<\/strong> Uma \u00fanica <strong>c\u00e9lula de bateria SVOLT L500-770Ah LiFePO4 para ESS de 6 MWh<\/strong> foi projetada para substituir duas c\u00e9lulas padr\u00e3o de 350Ah ou 314Ah. Isso reduz drasticamente o n\u00famero de componentes estruturais (terminais, barramentos, pontos de detec\u00e7\u00e3o do BMS) em 50%, diminuindo efetivamente as taxas de falha e os custos de montagem para integradores de grande escala. <\/li>\n<li>\ud83d\udea2 <strong>Arquitetura pronta para cont\u00eaineres de 6 MWh+:<\/strong> Ao utilizar essas c\u00e9lulas monol\u00edticas de alta densidade (&gt;435 Wh\/L), os integradores de sistemas agora podem acomodar mais de <strong>6 MWh de energia em um cont\u00eainer padr\u00e3o de 20 p\u00e9s<\/strong>. Isso representa um grande salto em rela\u00e7\u00e3o \u00e0 m\u00e9dia atual do setor, de 3,7 a 5 MWh, reduzindo significativamente o espa\u00e7o ocupado e os custos de transporte por MWh. <\/li>\n<li>\u23f3 <strong>Vida \u00fatil de 15.000 ciclos sem concess\u00f5es:<\/strong> Projetada para oferecer extrema longevidade, a L500-770Ah apresenta uma vida \u00fatil de at\u00e9 <strong>15.000 ciclos<\/strong>. Para aplica\u00e7\u00f5es de servi\u00e7os p\u00fablicos conectadas \u00e0 rede, isso se traduz em mais de 20 a 25 anos de opera\u00e7\u00e3o di\u00e1ria confi\u00e1vel, proporcionando o menor Custo Nivelado de Armazenamento (LCOS) do mercado atual. <\/li>\n<li>\u26a1 <strong>All-New 3C Standard &amp; 5C Customization:<\/strong> Upgraded for 2026, the 770Ah giant now supports <strong>3C continuous discharge<\/strong> as a baseline. For specialized high-torque or frequency regulation needs, DLCPO offers tailored 4C and <strong>5C peak surge<\/strong> customization, providing immense power throughput despite its massive capacity. <\/li>\n<li>\ud83c\udfc5 <strong>Qualidade Grau A de N\u00edvel 1 verificada:<\/strong> A DLCPO garante que todas as c\u00e9lulas de 770 Ah sejam de Grau A, rec\u00e9m-fabricadas e com o c\u00f3digo QR original intacto. Nosso rigoroso processo de correspond\u00eancia de resist\u00eancia interna e tens\u00e3o garante que essas gigantes operem com perfeita uniformidade t\u00e9rmica em cadeias modulares de alta capacidade. <\/li>\n<\/ul>\n<\/div>\n","protected":false},"excerpt":{"rendered":"<p>Descubra a c\u00e9lula de bateria SVOLT L500-770Ah LiFePO4 de 6 MWh para ESS na DLCPO. A definitiva monol\u00edtica gigante para cont\u00eaineres de utilidade p\u00fablica de 6MWh+, com 15.000 ciclos e pot\u00eancia 3C-5C aprimorada. <\/p>\n","protected":false},"featured_media":2222,"template":"","meta":{"_acf_changed":false,"_joinchat":[]},"product_brand":[],"product_cat":[913],"product_tag":[1204,988,923,1205,1203],"class_list":{"0":"post-5076","1":"product","2":"type-product","3":"status-publish","4":"has-post-thumbnail","6":"product_cat-svolt","7":"product_tag-15-000-ciclos-bateria","8":"product_tag-celula-de-ess-de-6-mwh","9":"product_tag-dlcpo","10":"product_tag-monolithic-giant-lfp","11":"product_tag-svolt-l500-770ah","12":"pa_capacity-770ah","14":"first","15":"instock","16":"shipping-taxable","17":"product-type-simple"},"acf":[],"_links":{"self":[{"href":"https:\/\/dlcpo.com\/pt-br\/wp-json\/wp\/v2\/product\/5076","targetHints":{"allow":["GET"]}}],"collection":[{"href":"https:\/\/dlcpo.com\/pt-br\/wp-json\/wp\/v2\/product"}],"about":[{"href":"https:\/\/dlcpo.com\/pt-br\/wp-json\/wp\/v2\/types\/product"}],"version-history":[{"count":1,"href":"https:\/\/dlcpo.com\/pt-br\/wp-json\/wp\/v2\/product\/5076\/revisions"}],"predecessor-version":[{"id":7126,"href":"https:\/\/dlcpo.com\/pt-br\/wp-json\/wp\/v2\/product\/5076\/revisions\/7126"}],"wp:featuredmedia":[{"embeddable":true,"href":"https:\/\/dlcpo.com\/pt-br\/wp-json\/wp\/v2\/media\/2222"}],"wp:attachment":[{"href":"https:\/\/dlcpo.com\/pt-br\/wp-json\/wp\/v2\/media?parent=5076"}],"wp:term":[{"taxonomy":"product_brand","embeddable":true,"href":"https:\/\/dlcpo.com\/pt-br\/wp-json\/wp\/v2\/product_brand?post=5076"},{"taxonomy":"product_cat","embeddable":true,"href":"https:\/\/dlcpo.com\/pt-br\/wp-json\/wp\/v2\/product_cat?post=5076"},{"taxonomy":"product_tag","embeddable":true,"href":"https:\/\/dlcpo.com\/pt-br\/wp-json\/wp\/v2\/product_tag?post=5076"}],"curies":[{"name":"wp","href":"https:\/\/api.w.org\/{rel}","templated":true}]}}