{"id":5068,"date":"2026-03-10T09:48:21","date_gmt":"2026-03-10T01:48:21","guid":{"rendered":"https:\/\/dlcpo.com\/celula-de-bateria-svolt-vda-117ah-ncm-37-v-22-c\/"},"modified":"2026-04-11T09:58:21","modified_gmt":"2026-04-11T01:58:21","slug":"celula-de-bateria-svolt-vda-117ah-ncm-37-v-22-c","status":"publish","type":"product","link":"https:\/\/dlcpo.com\/pt-br\/celula-de-bateria-svolt-vda-117ah-ncm-37-v-22-c\/","title":{"rendered":"C\u00e9lula de bateria prism\u00e1tica SVOLT VDA-117Ah 3,7 V 117 Ah NCM \u2013 Bateria de \u00edons de l\u00edtio automotiva de grau A com 250 Wh\/kg para ve\u00edculos h\u00edbridos plug-in (PHEV) e conjuntos de baterias de alto desempenho"},"content":{"rendered":"<div class=\"product-description-container\">\n<p>A <strong>C\u00e9lula de bateria SVOLT VDA-117Ah NCM 3,7 V 2,2 C<\/strong> \u00e9 uma solu\u00e7\u00e3o prism\u00e1tica premium de alto desempenho, baseada na avan\u00e7ada qu\u00edmica tern\u00e1ria NCM (n\u00edquel-cobalto-mangan\u00eas). Projetada para aplica\u00e7\u00f5es em que o peso e o volume s\u00e3o restritos, esta c\u00e9lula opera a uma tens\u00e3o nominal mais alta de <strong>3,7 V<\/strong> e oferece uma densidade de energia significativamente maior (<strong>~250 Wh\/kg<\/strong>) do que as c\u00e9lulas LFP padr\u00e3o. Para 2026, a VDA-117Ah foi totalmente otimizada para atender aos requisitos mais exigentes de pot\u00eancia e autonomia da mobilidade el\u00e9trica moderna.  <\/p>\n<h3>Superioridade t\u00e9cnica: A vantagem do NCM de alta densidade<\/h3>\n<ul>\n<li>\ud83d\ude80 <strong>Densidade energ\u00e9tica gravim\u00e9trica superior (250 Wh\/kg): <\/strong> Com um peso ultraleve de apenas <strong>1,73 kg<\/strong> para uma capacidade de 117 Ah, a <strong>C\u00e9lula de Bateria SVOLT VDA-117Ah NCM 3,7 V 2,2 C<\/strong> atinge uma concentra\u00e7\u00e3o de energia cerca de 50% maior do que c\u00e9lulas LFP compar\u00e1veis. Isso permite baterias muito mais leves e um aumento significativo na autonomia do ve\u00edculo. <\/li>\n<li>\u26a1 <strong>Padr\u00e3o 3C aprimorado e pot\u00eancia personalizada de 5C:<\/strong> a s\u00e9rie NCM 2026 da SVOLT agora suporta uma <strong>taxa de descarga cont\u00ednua de 3C<\/strong> em toda a linha. Para arquiteturas especializadas de corrida ou superalimenta\u00e7\u00e3o de 800 V, a DLCPO oferece personaliza\u00e7\u00e3o profissional para <strong>picos de 4C e 5C<\/strong>, garantindo entrega m\u00e1xima de torque e r\u00e1pida recupera\u00e7\u00e3o de energia. <\/li>\n<li>\ud83c\udffd <strong>Precis\u00e3o padronizada VDA (33 x 220 x 105 mm):<\/strong> Essas dimens\u00f5es seguem rigorosas normas VDA, garantindo um encaixe perfeito em muitos m\u00f3dulos de bateria e sistemas de gerenciamento t\u00e9rmico de ve\u00edculos el\u00e9tricos europeus j\u00e1 existentes. O perfil prism\u00e1tico fino simplifica a integra\u00e7\u00e3o de alta densidade em chassis com espa\u00e7o limitado. <\/li>\n<li>\u2744\ufe0f <strong>Desempenho de ponta em climas frios:<\/strong> A composi\u00e7\u00e3o qu\u00edmica NCM apresenta, por natureza, um desempenho superior ao LFP em ambientes de baixa temperatura. A bateria VDA-117Ah garante um fornecimento de energia confi\u00e1vel e uma efici\u00eancia de carregamento est\u00e1vel mesmo em condi\u00e7\u00f5es geogr\u00e1ficas adversas com temperaturas abaixo de zero, tornando-a a melhor op\u00e7\u00e3o para implanta\u00e7\u00f5es em altas latitudes e grandes altitudes. <\/li>\n<li>\ud83c\udfc6 <strong>Consist\u00eancia de n\u00edvel Tier 1 para o setor automotivo:<\/strong> Provenientes do estoque de grau A da DLCPO, todas as c\u00e9lulas passam por rigorosos testes automatizados de empilhamento e consist\u00eancia. Isso garante uma correspond\u00eancia de alto n\u00edvel em termos de tens\u00e3o e resist\u00eancia interna, o que \u00e9 fundamental para manter o equil\u00edbrio em cadeias em s\u00e9rie de alta tens\u00e3o. <\/li>\n<\/ul>\n<\/div>\n","protected":false},"excerpt":{"rendered":"<p>Descubra a c\u00e9lula de bateria SVOLT VDA-117Ah NCM de 3,7 V e 2,2 C na DLCPO. Alta densidade energ\u00e9tica de 250 Wh\/kg, padr\u00e3o de pot\u00eancia 3C aprimorado e op\u00e7\u00f5es personalizadas de 5C para extens\u00e3o de autonomia de ve\u00edculos h\u00edbridos plug-in (PHEV) e el\u00e9tricos (EV). <\/p>\n","protected":false},"featured_media":2237,"template":"","meta":{"_acf_changed":false,"_joinchat":[]},"product_brand":[],"product_cat":[913],"product_tag":[979,1194,923,1195,1193],"class_list":{"0":"post-5068","1":"product","2":"type-product","3":"status-publish","4":"has-post-thumbnail","6":"product_cat-svolt","7":"product_tag-bateria-3c-power","8":"product_tag-celula-prismatica-nao-capacitiva","9":"product_tag-dlcpo","10":"product_tag-phev-bateria-atualizacao","11":"product_tag-svolt-vda-117ah","12":"pa_capacity-117ah","14":"first","15":"instock","16":"shipping-taxable","17":"product-type-simple"},"acf":[],"_links":{"self":[{"href":"https:\/\/dlcpo.com\/pt-br\/wp-json\/wp\/v2\/product\/5068","targetHints":{"allow":["GET"]}}],"collection":[{"href":"https:\/\/dlcpo.com\/pt-br\/wp-json\/wp\/v2\/product"}],"about":[{"href":"https:\/\/dlcpo.com\/pt-br\/wp-json\/wp\/v2\/types\/product"}],"version-history":[{"count":1,"href":"https:\/\/dlcpo.com\/pt-br\/wp-json\/wp\/v2\/product\/5068\/revisions"}],"predecessor-version":[{"id":7121,"href":"https:\/\/dlcpo.com\/pt-br\/wp-json\/wp\/v2\/product\/5068\/revisions\/7121"}],"wp:featuredmedia":[{"embeddable":true,"href":"https:\/\/dlcpo.com\/pt-br\/wp-json\/wp\/v2\/media\/2237"}],"wp:attachment":[{"href":"https:\/\/dlcpo.com\/pt-br\/wp-json\/wp\/v2\/media?parent=5068"}],"wp:term":[{"taxonomy":"product_brand","embeddable":true,"href":"https:\/\/dlcpo.com\/pt-br\/wp-json\/wp\/v2\/product_brand?post=5068"},{"taxonomy":"product_cat","embeddable":true,"href":"https:\/\/dlcpo.com\/pt-br\/wp-json\/wp\/v2\/product_cat?post=5068"},{"taxonomy":"product_tag","embeddable":true,"href":"https:\/\/dlcpo.com\/pt-br\/wp-json\/wp\/v2\/product_tag?post=5068"}],"curies":[{"name":"wp","href":"https:\/\/api.w.org\/{rel}","templated":true}]}}