{"id":5065,"date":"2026-03-10T10:08:15","date_gmt":"2026-03-10T02:08:15","guid":{"rendered":"https:\/\/dlcpo.com\/celula-de-bateria-svolt-vda-106ah-lifepo%e2%82%84-2-2c-para-veiculos-eletricos\/"},"modified":"2026-04-11T09:58:23","modified_gmt":"2026-04-11T01:58:23","slug":"celula-de-bateria-svolt-vda-106ah-lifepo%e2%82%84-2-2c-para-veiculos-eletricos","status":"publish","type":"product","link":"https:\/\/dlcpo.com\/pt-br\/celula-de-bateria-svolt-vda-106ah-lifepo%e2%82%84-2-2c-para-veiculos-eletricos\/","title":{"rendered":"C\u00e9lula de bateria prism\u00e1tica SVOLT VDA-106Ah 3,2 V LiFePO4 Grau A \u2013 LFP de alto desempenho com corrente de 2,2C para ve\u00edculos el\u00e9tricos (EV) e sistemas de armazenamento de energia (ESS) de alta densidade"},"content":{"rendered":"<div class=\"product-description-container\">\n<p>A <strong>C\u00e9lula de bateria SVOLT VDA-106Ah LiFePO4 2.2C para ve\u00edculos el\u00e9tricos<\/strong> \u00e9 uma solu\u00e7\u00e3o energ\u00e9tica de ponta projetada para conciliar a mobilidade de alta densidade com a m\u00e1xima seguran\u00e7a t\u00e9rmica. Fornecida pela SVOLT, pioneira de n\u00edvel 1 em tecnologia de empilhamento de alta velocidade, esta c\u00e9lula integra a lend\u00e1ria estabilidade da qu\u00edmica LiFePO4 (LFP) ao formato prism\u00e1tico VDA, padr\u00e3o da ind\u00fastria. \u00c9 a alternativa definitiva de &#8220;substitui\u00e7\u00e3o direta&#8221; \u00e0s c\u00e9lulas NCM convencionais, priorizando a confiabilidade a longo prazo sem comprometer o desempenho de alta pot\u00eancia exigido pelos ve\u00edculos el\u00e9tricos modernos.  <\/p>\n<h3>Principais vantagens de desempenho: O padr\u00e3o 3C-5C de carregamento r\u00e1pido de carga padr\u00e3o<\/h3>\n<ul>\n<li>\u26a1 <strong>Novo padr\u00e3o 3C e Personaliza\u00e7\u00e3o 5C:<\/strong> a <strong>C\u00e9lula de bateria SVOLT VDA-106Ah LiFePO4 2.2C para ve\u00edculos el\u00e9tricos<\/strong> foi atualizada para 2026 para suportar uma <strong>descarga cont\u00ednua de 3C<\/strong> est\u00e1vel em toda a linha. Para corridas especializadas de 800 V ou necessidades industriais de alta pot\u00eancia, a DLCPO oferece personaliza\u00e7\u00e3o profissional para <strong>picos de 4C e 5C<\/strong>. <\/li>\n<li>\u26a1 <strong>Compatibilidade padr\u00e3o \u201cDrop-in\u201d com a VDA:<\/strong> Projetada de acordo com o formato prism\u00e1tico universal da VDA, esta c\u00e9lula de 106 Ah permite uma transi\u00e7\u00e3o perfeita da composi\u00e7\u00e3o qu\u00edmica NCM para LFP. Os integradores de sistemas podem atualizar os projetos existentes de conjuntos de baterias para ve\u00edculos de passageiros e armazenamento de energia em ambientes internos sem alterar o hardware ou os suportes. <\/li>\n<li>\u26a1 <strong>Maior vida \u00fatil (mais de 3.500 ciclos):<\/strong> Projetada para oferecer durabilidade extrema, esta vers\u00e3o LFP proporciona uma vida \u00fatil robusta de <strong>3.500 ciclos ou mais<\/strong>, superando significativamente as alternativas NCM, que normalmente oferecem entre 1.500 e 2.000 ciclos. Isso proporciona uma d\u00e9cada de servi\u00e7o confi\u00e1vel e um ROI muito maior para operadores de frotas comerciais. <\/li>\n<li>\u26a1 <strong>Estabilidade t\u00e9rmica avan\u00e7ada:<\/strong> A composi\u00e7\u00e3o qu\u00edmica LFP sem cobalto \u00e9 inerentemente mais est\u00e1vel do que o l\u00edtio tern\u00e1rio, apresentando um limiar de fuga t\u00e9rmica muito mais elevado. Isso a torna a op\u00e7\u00e3o mais segura para meios de transporte de alta ocupa\u00e7\u00e3o e ambientes residenciais de armazenamento de energia com espa\u00e7o reduzido. <\/li>\n<li>\u26a1 <strong>Consist\u00eancia de n\u00edvel automotivo pela DLCPO:<\/strong> Todas as c\u00e9lulas fornecidas s\u00e3o de grau A, beneficiando-se da avan\u00e7ada produ\u00e7\u00e3o de empilhamento em alta velocidade da SVOLT. Isso garante uma correspond\u00eancia de alto n\u00edvel em tens\u00e3o e resist\u00eancia interna (\u2264 0,45 m\u03a9), fundamental para manter o equil\u00edbrio em configura\u00e7\u00f5es em s\u00e9rie de alta tens\u00e3o. <\/li>\n<\/ul>\n<\/div>\n","protected":false},"excerpt":{"rendered":"<p>Descubra a c\u00e9lula de bateria SVOLT VDA-106Ah LiFePO4 de 2,2C para ve\u00edculos el\u00e9tricos na DLCPO. Agora atualizada para o padr\u00e3o 3C, com op\u00e7\u00f5es personalizadas de 5C. A substitui\u00e7\u00e3o prism\u00e1tica NCM VDA perfeita para sistemas de ve\u00edculos el\u00e9tricos de 800 V.  <\/p>\n","protected":false},"featured_media":2242,"template":"","meta":{"_acf_changed":false,"_joinchat":[]},"product_brand":[],"product_cat":[913],"product_tag":[1192,1191,923,974,1190],"class_list":{"0":"post-5065","1":"product","2":"type-product","3":"status-publish","4":"has-post-thumbnail","6":"product_cat-svolt","7":"product_tag-alta-potencia-prismatica","8":"product_tag-celula-alternativa-ncm","9":"product_tag-dlcpo","10":"product_tag-lfp-de-grau-3c-para-veiculos-eletricos","11":"product_tag-svolt-vda-106ah","12":"pa_capacity-106ah","14":"first","15":"instock","16":"shipping-taxable","17":"product-type-simple"},"acf":[],"_links":{"self":[{"href":"https:\/\/dlcpo.com\/pt-br\/wp-json\/wp\/v2\/product\/5065","targetHints":{"allow":["GET"]}}],"collection":[{"href":"https:\/\/dlcpo.com\/pt-br\/wp-json\/wp\/v2\/product"}],"about":[{"href":"https:\/\/dlcpo.com\/pt-br\/wp-json\/wp\/v2\/types\/product"}],"version-history":[{"count":1,"href":"https:\/\/dlcpo.com\/pt-br\/wp-json\/wp\/v2\/product\/5065\/revisions"}],"predecessor-version":[{"id":7123,"href":"https:\/\/dlcpo.com\/pt-br\/wp-json\/wp\/v2\/product\/5065\/revisions\/7123"}],"wp:featuredmedia":[{"embeddable":true,"href":"https:\/\/dlcpo.com\/pt-br\/wp-json\/wp\/v2\/media\/2242"}],"wp:attachment":[{"href":"https:\/\/dlcpo.com\/pt-br\/wp-json\/wp\/v2\/media?parent=5065"}],"wp:term":[{"taxonomy":"product_brand","embeddable":true,"href":"https:\/\/dlcpo.com\/pt-br\/wp-json\/wp\/v2\/product_brand?post=5065"},{"taxonomy":"product_cat","embeddable":true,"href":"https:\/\/dlcpo.com\/pt-br\/wp-json\/wp\/v2\/product_cat?post=5065"},{"taxonomy":"product_tag","embeddable":true,"href":"https:\/\/dlcpo.com\/pt-br\/wp-json\/wp\/v2\/product_tag?post=5065"}],"curies":[{"name":"wp","href":"https:\/\/api.w.org\/{rel}","templated":true}]}}