{"id":5062,"date":"2026-03-10T10:45:49","date_gmt":"2026-03-10T02:45:49","guid":{"rendered":"https:\/\/dlcpo.com\/celula-de-bateria-cilindrica-svolt-ixr21700-4400mah-li-nmc\/"},"modified":"2026-04-11T09:58:24","modified_gmt":"2026-04-11T01:58:24","slug":"celula-de-bateria-cilindrica-svolt-ixr21700-4400mah-li-nmc","status":"publish","type":"product","link":"https:\/\/dlcpo.com\/pt-br\/celula-de-bateria-cilindrica-svolt-ixr21700-4400mah-li-nmc\/","title":{"rendered":"C\u00e9lula de bateria cil\u00edndrica SVOLT IXR21700-4400mAh 3,6V Li-NMC \u2013 Solu\u00e7\u00e3o de alta capacidade de grau A para bicicletas el\u00e9tricas e ferramentas el\u00e9tricas"},"content":{"rendered":"<div class=\"product-description-container\">\n<p>A <strong>C\u00e9lula de bateria cil\u00edndrica SVOLT IXR21700-4400mAh Li-NMC<\/strong> \u00e9 uma solu\u00e7\u00e3o energ\u00e9tica premium projetada para superar os limites da densidade de pot\u00eancia. Fabricada pela SVOLT, pioneira de n\u00edvel 1 em tecnologia de l\u00edtio de alta velocidade, esta c\u00e9lula utiliza o avan\u00e7ado <strong>formato 21700<\/strong> para oferecer um aumento significativo de capacidade em rela\u00e7\u00e3o \u00e0s c\u00e9lulas tradicionais. \u00c9 a escolha preferida dos engenheiros que desenvolvem conjuntos de baterias de alta densidade energ\u00e9tica para os mercados de mobilidade el\u00e9trica da Europa e da Am\u00e9rica do Norte.  <\/p>\n<h3>Principais vantagens t\u00e9cnicas: o padr\u00e3o de alta capacidade<\/h3>\n<ul>\n<li>\u26a1 <strong>Enorme capacidade de 4400 mAh:<\/strong> Com quase o dobro da densidade energ\u00e9tica das c\u00e9lulas 18650 padr\u00e3o de 2500 mAh, a <strong>C\u00e9lula de bateria cil\u00edndrica SVOLT IXR21700-4400mAh Li-NMC<\/strong> permite atingir a capacidade alvo do conjunto com menos unidades. Isso reduz a complexidade da soldagem por pontos, minimiza os pontos de falha e diminui o peso total da bateria para aplica\u00e7\u00f5es port\u00e1teis. <\/li>\n<li>\u26a1 <strong>Baixa resist\u00eancia interna (\u2264 20 m\u03a9):<\/strong> Otimizada para efici\u00eancia, a baixa imped\u00e2ncia CA garante um fornecimento de energia robusto com gera\u00e7\u00e3o m\u00ednima de calor. Essa estabilidade t\u00e9rmica \u00e9 crucial para um desempenho sustent\u00e1vel em cen\u00e1rios de alta exig\u00eancia, como bicicletas el\u00e9tricas de montanha (e-MTB) de n\u00edvel profissional e ferramentas el\u00e9tricas para servi\u00e7os pesados. <\/li>\n<li>\u26a1 <strong>Dimens\u00f5es de precis\u00e3o padronizadas:<\/strong> Projetada com um di\u00e2metro preciso de <strong>21,6 \u00b1 0,2 mm<\/strong> e uma altura de <strong>71,2 \u00b1 0,2 mm<\/strong>, esta c\u00e9lula garante um encaixe mec\u00e2nico perfeito em suportes e espa\u00e7adores 21700 padronizados, simplificando o processo de montagem industrial.<\/li>\n<li>\u26a1 <strong>Qu\u00edmica Li-NMC de n\u00edvel 1:<\/strong> Utilizando uma mistura est\u00e1vel de n\u00edquel, mangan\u00eas e cobalto, esta c\u00e9lula oferece um equil\u00edbrio excepcional entre alta tens\u00e3o, alta capacidade e estabilidade de ciclo a longo prazo, garantindo uma vida \u00fatil mais longa para eletr\u00f4nicos de consumo de alto valor e ve\u00edculos.<\/li>\n<li>\u26a1 <strong>Consist\u00eancia de Elite da DLCPO:<\/strong> Provenientes diretamente das linhas de produ\u00e7\u00e3o automatizadas de n\u00edvel mundial da SVOLT, todas as c\u00e9lulas garantem um n\u00edvel de consist\u00eancia de elite em termos de tens\u00e3o e resist\u00eancia interna, essenciais para manter o equil\u00edbrio das cadeias em configura\u00e7\u00f5es em s\u00e9rie e paralelo de grande escala.<\/li>\n<\/ul>\n<\/div>\n","protected":false},"excerpt":{"rendered":"<p>Descubra a c\u00e9lula de bateria cil\u00edndrica SVOLT IXR21700-4400mAh Li-NMC na DLCPO. Alta capacidade de 4400mAh, baixa resist\u00eancia de \u2264<span class=\"math-inline\" data-math=\"\\le 20\\text{ m}\\Omega\" data-index-in-node=\"129\">20m\u03a9<\/span> e dimens\u00f5es 21700 precisas para bicicletas el\u00e9tricas e ferramentas. <\/p>\n","protected":false},"featured_media":2247,"template":"","meta":{"_acf_changed":false,"_joinchat":[]},"product_brand":[],"product_cat":[913],"product_tag":[1188,1189,923,1187,1186],"class_list":{"0":"post-5062","1":"product","2":"type-product","3":"status-publish","4":"has-post-thumbnail","6":"product_cat-svolt","7":"product_tag-4400mah-li-nmc","8":"product_tag-bateria-para-ferramentas-eletricas","9":"product_tag-dlcpo","10":"product_tag-ixr21700","11":"product_tag-svolt-21700","12":"pa_capacity-4400mah","14":"first","15":"instock","16":"shipping-taxable","17":"product-type-simple"},"acf":[],"_links":{"self":[{"href":"https:\/\/dlcpo.com\/pt-br\/wp-json\/wp\/v2\/product\/5062","targetHints":{"allow":["GET"]}}],"collection":[{"href":"https:\/\/dlcpo.com\/pt-br\/wp-json\/wp\/v2\/product"}],"about":[{"href":"https:\/\/dlcpo.com\/pt-br\/wp-json\/wp\/v2\/types\/product"}],"version-history":[{"count":1,"href":"https:\/\/dlcpo.com\/pt-br\/wp-json\/wp\/v2\/product\/5062\/revisions"}],"predecessor-version":[{"id":7125,"href":"https:\/\/dlcpo.com\/pt-br\/wp-json\/wp\/v2\/product\/5062\/revisions\/7125"}],"wp:featuredmedia":[{"embeddable":true,"href":"https:\/\/dlcpo.com\/pt-br\/wp-json\/wp\/v2\/media\/2247"}],"wp:attachment":[{"href":"https:\/\/dlcpo.com\/pt-br\/wp-json\/wp\/v2\/media?parent=5062"}],"wp:term":[{"taxonomy":"product_brand","embeddable":true,"href":"https:\/\/dlcpo.com\/pt-br\/wp-json\/wp\/v2\/product_brand?post=5062"},{"taxonomy":"product_cat","embeddable":true,"href":"https:\/\/dlcpo.com\/pt-br\/wp-json\/wp\/v2\/product_cat?post=5062"},{"taxonomy":"product_tag","embeddable":true,"href":"https:\/\/dlcpo.com\/pt-br\/wp-json\/wp\/v2\/product_tag?post=5062"}],"curies":[{"name":"wp","href":"https:\/\/api.w.org\/{rel}","templated":true}]}}