{"id":5056,"date":"2026-03-10T12:20:07","date_gmt":"2026-03-10T04:20:07","guid":{"rendered":"https:\/\/dlcpo.com\/celula-de-bateria-svolt-meb-134ah-lifepo%e2%82%84-alimentacao-2-2c\/"},"modified":"2026-04-11T09:58:27","modified_gmt":"2026-04-11T01:58:27","slug":"celula-de-bateria-svolt-meb-134ah-lifepo%e2%82%84-alimentacao-2-2c","status":"publish","type":"product","link":"https:\/\/dlcpo.com\/pt-br\/celula-de-bateria-svolt-meb-134ah-lifepo%e2%82%84-alimentacao-2-2c\/","title":{"rendered":"C\u00e9lula de bateria SVOLT MEB-134Ah LiFePO4 com pot\u00eancia de 2,2C | Solu\u00e7\u00e3o padr\u00e3o MEB de alta taxa de descarga (3C-5C) para ve\u00edculos el\u00e9tricos e sistemas de propuls\u00e3o da plataforma MEB"},"content":{"rendered":"<div class=\"product-description-container\">\n<p>A <strong>C\u00e9lula de bateria SVOLT MEB-134Ah LiFePO4 com pot\u00eancia de 2,2C<\/strong> \u00e9 uma c\u00e9lula prism\u00e1tica projetada com precis\u00e3o, especificamente concebida para se adequar \u00e0s dimens\u00f5es da plataforma MEB (Modular Electric Drive). Fabricada pela SVOLT, pioneira de n\u00edvel 1 em tecnologia de empilhamento de alta velocidade, esta c\u00e9lula apresenta um formato exclusivo da classe de 220 mm (<strong>44 mm x 220 mm x 112 mm<\/strong>), permitindo uma integra\u00e7\u00e3o perfeita nos m\u00f3dulos de bateria padr\u00e3o amplamente utilizados na ind\u00fastria global de ve\u00edculos el\u00e9tricos. <\/p>\n<h3>Principais aspectos t\u00e9cnicos: Equipando a plataforma MEB de s\u00e9rie<\/h3>\n<ul>\n<li>\u26a1 <strong>Novo padr\u00e3o 3C e Personaliza\u00e7\u00e3o 5C:<\/strong> a <strong>C\u00e9lula de bateria SVOLT MEB-134Ah LiFePO4 com pot\u00eancia de 2,2C<\/strong> foi atualizada para suportar uma descarga cont\u00ednua de <strong>3C (402 A)<\/strong> em toda a linha SVOLT. Para projetos de desempenho extremo, est\u00e1 dispon\u00edvel a personaliza\u00e7\u00e3o profissional para <strong>picos de 4C e 5C<\/strong> para atender \u00e0s demandas de supercarregamento de 800 V. <\/li>\n<li>\u26a1 <strong>Dimens\u00f5es otimizadas de grande formato de 220 mm:<\/strong> Ao contr\u00e1rio das c\u00e9lulas VDA padr\u00e3o com 148 mm de comprimento, o <strong>comprimento de 220 mm<\/strong> da MEB-134Ah permite maior capacidade por c\u00e9lula e menos conex\u00f5es el\u00e9tricas em conjuntos de baterias de formato largo. Essa arquitetura simplifica a montagem, reduz os pontos de falha e melhora significativamente a densidade energ\u00e9tica volum\u00e9trica. <\/li>\n<li>\u26a1 <strong>Tecnologia avan\u00e7ada LiFePO4 Seguran\u00e7a e durabilidade:<\/strong> Fabricada com a tecnologia exclusiva LFP da SVOLT, esta c\u00e9lula oferece uma vida \u00fatil de ciclo industrial a15&gt; de <strong>3.000 ciclos ou mais<\/strong>. Ele oferece estabilidade t\u00e9rmica superior e risco de inc\u00eandio em condi\u00e7\u00f5es operacionais padr\u00e3o, superando as c\u00e9lulas NCM de dimens\u00f5es semelhantes em termos de confiabilidade a longo prazo. <\/li>\n<li>\u26a1 <strong>Integra\u00e7\u00e3o perfeita com a plataforma MEB:<\/strong> A MEB-134Ah \u00e9 a escolha definitiva para sistemas de propuls\u00e3o em ve\u00edculos el\u00e9tricos (EVs) e h\u00edbridos plug-in (PHEVs) que exigem acelera\u00e7\u00e3o r\u00e1pida e fornecimento consistente de alta pot\u00eancia. Sua integridade estrutural foi projetada para suportar os ambientes de alta vibra\u00e7\u00e3o t\u00edpicos da mobilidade el\u00e9trica moderna. <\/li>\n<li>\u26a1 <strong>Consist\u00eancia industrial de n\u00edvel 1:<\/strong> Todas as c\u00e9lulas de 134 Ah fornecidas pela DLCPO s\u00e3o de grau A, garantindo perfeita correspond\u00eancia em tens\u00e3o e resist\u00eancia interna. Esse pedigree automotivo \u00e9 essencial para manter o equil\u00edbrio das c\u00e9lulas em bancos de baterias modulares complexos durante a recarga r\u00e1pida de energia e em situa\u00e7\u00f5es que exigem alto torque. <\/li>\n<\/ul>\n<\/div>\n","protected":false},"excerpt":{"rendered":"<p>Compre a c\u00e9lula de bateria SVOLT MEB-134Ah LiFePO4 com pot\u00eancia de 2,2C na DLCPO. Projetada com precis\u00e3o para plataformas MEB, atualizada para o padr\u00e3o 3C e personaliz\u00e1vel at\u00e9 5C. Vida \u00fatil de mais de 3.000 ciclos.  <\/p>\n","protected":false},"featured_media":2255,"template":"","meta":{"_acf_changed":false,"_joinchat":[]},"product_brand":[],"product_cat":[913],"product_tag":[978,923,1181,1182,1180],"class_list":{"0":"post-5056","1":"product","2":"type-product","3":"status-publish","4":"has-post-thumbnail","6":"product_cat-svolt","7":"product_tag-celula-de-alta-potencia-3c-2","8":"product_tag-dlcpo","9":"product_tag-meb-bateria-celula","10":"product_tag-prismatico-de-220-mm","11":"product_tag-svolt-134ah","12":"pa_capacity-134ah","14":"first","15":"instock","16":"shipping-taxable","17":"product-type-simple"},"acf":[],"_links":{"self":[{"href":"https:\/\/dlcpo.com\/pt-br\/wp-json\/wp\/v2\/product\/5056","targetHints":{"allow":["GET"]}}],"collection":[{"href":"https:\/\/dlcpo.com\/pt-br\/wp-json\/wp\/v2\/product"}],"about":[{"href":"https:\/\/dlcpo.com\/pt-br\/wp-json\/wp\/v2\/types\/product"}],"version-history":[{"count":1,"href":"https:\/\/dlcpo.com\/pt-br\/wp-json\/wp\/v2\/product\/5056\/revisions"}],"predecessor-version":[{"id":7129,"href":"https:\/\/dlcpo.com\/pt-br\/wp-json\/wp\/v2\/product\/5056\/revisions\/7129"}],"wp:featuredmedia":[{"embeddable":true,"href":"https:\/\/dlcpo.com\/pt-br\/wp-json\/wp\/v2\/media\/2255"}],"wp:attachment":[{"href":"https:\/\/dlcpo.com\/pt-br\/wp-json\/wp\/v2\/media?parent=5056"}],"wp:term":[{"taxonomy":"product_brand","embeddable":true,"href":"https:\/\/dlcpo.com\/pt-br\/wp-json\/wp\/v2\/product_brand?post=5056"},{"taxonomy":"product_cat","embeddable":true,"href":"https:\/\/dlcpo.com\/pt-br\/wp-json\/wp\/v2\/product_cat?post=5056"},{"taxonomy":"product_tag","embeddable":true,"href":"https:\/\/dlcpo.com\/pt-br\/wp-json\/wp\/v2\/product_tag?post=5056"}],"curies":[{"name":"wp","href":"https:\/\/api.w.org\/{rel}","templated":true}]}}