{"id":5050,"date":"2026-03-10T12:59:22","date_gmt":"2026-03-10T04:59:22","guid":{"rendered":"https:\/\/dlcpo.com\/celula-de-bateria-svolt-196ah-lifepo%e2%82%84-tipo-blade-2-2c\/"},"modified":"2026-04-11T09:58:13","modified_gmt":"2026-04-11T01:58:13","slug":"celula-de-bateria-svolt-196ah-lifepo%e2%82%84-tipo-blade-2-2c","status":"publish","type":"product","link":"https:\/\/dlcpo.com\/pt-br\/celula-de-bateria-svolt-196ah-lifepo%e2%82%84-tipo-blade-2-2c\/","title":{"rendered":"C\u00e9lula de bateria SVOLT LiFePO4 tipo l\u00e2mina de 196 Ah e 3,2 V, grau A \u2013 alta taxa de descarga de 3C (personaliz\u00e1vel at\u00e9 5C) para ve\u00edculos el\u00e9tricos de 800 V e sistemas de armazenamento de energia (ESS) de alta densidade"},"content":{"rendered":"<div class=\"product-description-container\">\n<p>A <strong>C\u00e9lula de bateria SVOLT 196Ah LiFePO4 Blade com pot\u00eancia de 2,2C<\/strong> evoluiu para se tornar uma pot\u00eancia de alta taxa para 2026. Esta c\u00e9lula de alta pot\u00eancia agora suporta <strong>descarga cont\u00ednua de 3C<\/strong> em toda a linha SVOLT, com personaliza\u00e7\u00e3o profissional dispon\u00edvel para <strong>aplica\u00e7\u00f5es de pot\u00eancia ultra-alta de 4C e 5C<\/strong>. Esta unidade estrutural \u00e9 a ponte definitiva entre a enorme capacidade energ\u00e9tica e as velocidades de carregamento agressivas exigidas pela mobilidade el\u00e9trica de \u00faltima gera\u00e7\u00e3o.  <\/p>\n<h3>Destaques de desempenho avan\u00e7ado: A 3C-5C R\u00e1pido Carregamento Revolu\u00e7\u00e3o<\/h3>\n<ul>\n<li>\u26a1 <strong>Novo padr\u00e3o 3C e Personaliza\u00e7\u00e3o 5C:<\/strong> A <strong>C\u00e9lula de bateria SVOLT 196Ah LiFePO4 Blade com pot\u00eancia de 2,2C<\/strong> agora estabelece um novo padr\u00e3o de refer\u00eancia com uma <strong>descarga cont\u00ednua est\u00e1vel de 3C (588A)<\/strong>. Para necessidades de n\u00edvel de competi\u00e7\u00e3o ou industriais de alta exig\u00eancia, a DLCPO oferece solu\u00e7\u00f5es personalizadas para <strong>picos de 4C e 5C (980A)<\/strong>, proporcionando pot\u00eancia impressionante sem instabilidade t\u00e9rmica. <\/li>\n<li>\u26a1 <strong>Otimizada para arquiteturas de supercarregamento de 800 V:<\/strong> Projetada especificamente para as mais recentes plataformas de ve\u00edculos el\u00e9tricos de 400 V e 800 V, esta c\u00e9lula minimiza o tempo de inatividade durante o carregamento. Sua imped\u00e2ncia interna ultrabaixa (<strong>\u2264 0,45 m\u03a9<\/strong>) garante transfer\u00eancia de energia de alta efici\u00eancia e gera\u00e7\u00e3o m\u00ednima de calor, mesmo em cen\u00e1rios extremos de pulsos de 5 \u00b0C. <\/li>\n<li>\u26a1 <strong>Confiabilidade extrema em todas as condi\u00e7\u00f5es clim\u00e1ticas (-30 \u00b0C):<\/strong> Projetada para oferecer resili\u00eancia global em sistemas GEO, esta c\u00e9lula mant\u00e9m um amplo intervalo de descarga at\u00e9 <strong>-30 \u00b0C<\/strong>. Seja no inverno rigoroso ou nos picos de alta demanda do ver\u00e3o, a composi\u00e7\u00e3o qu\u00edmica aprimorada garante que seu sistema seja ligado e funcione com a mesma confian\u00e7a de n\u00edvel 3C. <\/li>\n<li>\u26a1 <strong>Integridade estrutural da l\u00e2mina:<\/strong> O perfil \u201cBlade\u201d de 21,5 mm oferece rigidez estrutural superior, atuando como um componente refor\u00e7ado do conjunto de baterias. Esse design fino e alongado maximiza a densidade energ\u00e9tica volum\u00e9trica, permitindo um centro de gravidade mais baixo e um resfriamento otimizado para opera\u00e7\u00f5es de alta intensidade. <\/li>\n<li>\u26a1 <strong>Tradi\u00e7\u00e3o em carregamento r\u00e1pido de n\u00edvel 1:<\/strong> Todas as c\u00e9lulas de 196 Ah fornecidas pela DLCPO s\u00e3o de grau A, beneficiando-se da tecnologia de empilhamento de alta velocidade de classe mundial da SVOLT. Essa consist\u00eancia de n\u00edvel automotivo \u00e9 essencial para manter o equil\u00edbrio das c\u00e9lulas em cadeias em s\u00e9rie de 800 V durante a recarga r\u00e1pida de energia. <\/li>\n<\/ul>\n<\/div>\n","protected":false},"excerpt":{"rendered":"<p>Descubra a c\u00e9lula de bateria SVOLT 196Ah LiFePO4 tipo blade com pot\u00eancia de 2,2C na DLCPO. Agora atualizada para descarga cont\u00ednua de 3C, com op\u00e7\u00f5es personalizadas de 4C\/5C. Ideal para sistemas de ve\u00edculos el\u00e9tricos com carregamento ultrarr\u00e1pido de 800 V.  <\/p>\n","protected":false},"featured_media":2263,"template":"","meta":{"_acf_changed":false,"_joinchat":[]},"product_brand":[],"product_cat":[913],"product_tag":[985,1176,971,923,1175],"class_list":{"0":"post-5050","1":"product","2":"type-product","3":"status-publish","4":"has-post-thumbnail","6":"product_cat-svolt","7":"product_tag-5c-power-lfp","8":"product_tag-800-v-ev-sistema","9":"product_tag-celula-de-lamina-3c","10":"product_tag-dlcpo","11":"product_tag-svolt-196ah","12":"pa_capacity-196ah","14":"first","15":"instock","16":"shipping-taxable","17":"product-type-simple"},"acf":[],"_links":{"self":[{"href":"https:\/\/dlcpo.com\/pt-br\/wp-json\/wp\/v2\/product\/5050","targetHints":{"allow":["GET"]}}],"collection":[{"href":"https:\/\/dlcpo.com\/pt-br\/wp-json\/wp\/v2\/product"}],"about":[{"href":"https:\/\/dlcpo.com\/pt-br\/wp-json\/wp\/v2\/types\/product"}],"version-history":[{"count":1,"href":"https:\/\/dlcpo.com\/pt-br\/wp-json\/wp\/v2\/product\/5050\/revisions"}],"predecessor-version":[{"id":7114,"href":"https:\/\/dlcpo.com\/pt-br\/wp-json\/wp\/v2\/product\/5050\/revisions\/7114"}],"wp:featuredmedia":[{"embeddable":true,"href":"https:\/\/dlcpo.com\/pt-br\/wp-json\/wp\/v2\/media\/2263"}],"wp:attachment":[{"href":"https:\/\/dlcpo.com\/pt-br\/wp-json\/wp\/v2\/media?parent=5050"}],"wp:term":[{"taxonomy":"product_brand","embeddable":true,"href":"https:\/\/dlcpo.com\/pt-br\/wp-json\/wp\/v2\/product_brand?post=5050"},{"taxonomy":"product_cat","embeddable":true,"href":"https:\/\/dlcpo.com\/pt-br\/wp-json\/wp\/v2\/product_cat?post=5050"},{"taxonomy":"product_tag","embeddable":true,"href":"https:\/\/dlcpo.com\/pt-br\/wp-json\/wp\/v2\/product_tag?post=5050"}],"curies":[{"name":"wp","href":"https:\/\/api.w.org\/{rel}","templated":true}]}}