{"id":5046,"date":"2026-03-10T13:23:52","date_gmt":"2026-03-10T05:23:52","guid":{"rendered":"https:\/\/dlcpo.com\/celula-de-bateria-catl-280ah-lifepo%e2%82%84-12-000-ciclos-tipo-prismatica-grau-a\/"},"modified":"2026-04-11T09:58:12","modified_gmt":"2026-04-11T01:58:12","slug":"celula-de-bateria-catl-280ah-lifepo%e2%82%84-12-000-ciclos-tipo-prismatica-grau-a","status":"publish","type":"product","link":"https:\/\/dlcpo.com\/pt-br\/celula-de-bateria-catl-280ah-lifepo%e2%82%84-12-000-ciclos-tipo-prismatica-grau-a\/","title":{"rendered":"C\u00e9lula de bateria prism\u00e1tica CATL LiFePO4 de 280 Ah e 3,2 V \u2013 Grau A, com mais de 12.000 ciclos, para sistemas de energia solar e sistemas de armazenamento de energia (ESS) em escala de rede"},"content":{"rendered":"<div class=\"product-description-container\">\n<p>A <strong>C\u00e9lula de bateria LiFePO4 de 280 Ah da CATL, com 12.000 ciclos, tipo prism\u00e1tica, grau A<\/strong> \u00e9 amplamente reconhecida como o padr\u00e3o definitivo do setor para armazenamento de energia em grande escala. Fabricada pela CATL, l\u00edder global em tecnologia de l\u00edtio, esta c\u00e9lula oferece uma enorme capacidade de 280Ah e uma vida \u00fatil sem precedentes de <strong>mais de 12.000 ciclos<\/strong>. Ela foi projetada especificamente para profissionais que exigem o menor custo nivelado de armazenamento (LCOS) e o m\u00e1ximo de tempo de atividade do sistema.  <\/p>\n<h3>Principais destaques t\u00e9cnicos: O ESS global<\/h3>\n<ul>\n<li>\u26a1 <strong>Longevidade extrema (mais de 12.000 ciclos):<\/strong> Projetada para oferecer durabilidade extrema, a <strong>C\u00e9lula de bateria CATL 280Ah LiFePO4 de 12.000 ciclos, tipo prism\u00e1tica, grau A<\/strong> pode durar mais de 30 anos em condi\u00e7\u00f5es normais de opera\u00e7\u00e3o. Essa vida \u00fatil excepcional garante que seu investimento em energia gere valor por d\u00e9cadas. <\/li>\n<li>\u26a1 <strong>Alta efici\u00eancia de pot\u00eancia de sa\u00edda:<\/strong> Suporta uma taxa constante de <strong>1C cont\u00ednua<\/strong> de carga e descarga, com capacidade de corrente de pico de at\u00e9 <strong>3C<\/strong>. Isso o torna ideal para projetos industriais, comerciais e residenciais fora da rede el\u00e9trica com alta carga, nos quais a confiabilidade \u00e9 fundamental. <\/li>\n<li>\u26a1 <strong>Caixa robusta prism\u00e1tica de alum\u00ednio:<\/strong> A padr\u00e3o <strong>174 \u00d7 72 \u00d7 207 mm<\/strong> prism\u00e1tica de alum\u00ednio carca\u00e7a oferece superior integridade estrutural. Ele oferece excelente dissipa\u00e7\u00e3o de calor e alto -n\u00edvel mec\u00e2nica prote\u00e7\u00e3o contra vibra\u00e7\u00e3o e impacto em baterias racks densos. <\/li>\n<li>\u26a1 <strong>Projeto pronto para montagem direta:<\/strong> Todas as c\u00e9lulas fornecidas pela DLCPO v\u00eam equipadas com <strong>parafusos M6<\/strong> de alta qualidade (dispon\u00edveis nas configura\u00e7\u00f5es de solda a laser ou com furos roscados) e barras coletoras. Este projeto \u201cpronto para montagem\u201d simplifica significativamente a constru\u00e7\u00e3o de bancos de baterias modulares de 12 V, 24 V ou 48 V. <\/li>\n<li>\u26a1 <strong>Consist\u00eancia de n\u00edvel 1, grau A:<\/strong> Cada c\u00e9lula de 280 Ah \u00e9 submetida a rigorosos testes de consist\u00eancia de tens\u00e3o e resist\u00eancia interna. Essa qualidade de n\u00edvel automotivo garante que grandes cadeias de baterias permane\u00e7am equilibradas, maximizando a seguran\u00e7a e a efici\u00eancia de todo o seu sistema de armazenamento. <\/li>\n<\/ul>\n<\/div>\n","protected":false},"excerpt":{"rendered":"<p>Descubra a c\u00e9lula de bateria CATL LiFePO4 de 280 Ah, grau A, com 12.000 ciclos, de formato prism\u00e1tico, na DLCPO. Padr\u00e3o da ind\u00fastria para sistemas de armazenamento de energia (ESS) em grande escala, pot\u00eancia cont\u00ednua de 1C e pinos M6 prontos para montagem. <\/p>\n","protected":false},"featured_media":2269,"template":"","meta":{"_acf_changed":false,"_joinchat":[]},"product_brand":[],"product_cat":[903],"product_tag":[1173,1172,1174,923,1166],"class_list":{"0":"post-5046","1":"product","2":"type-product","3":"status-publish","4":"has-post-thumbnail","6":"product_cat-catl","7":"product_tag-12-000-ciclos-lfp","8":"product_tag-catl-280ah","9":"product_tag-celula-de-armazenamento-de-energia","10":"product_tag-dlcpo","11":"product_tag-prismatico-grau-a","12":"pa_capacity-280ah","14":"first","15":"instock","16":"shipping-taxable","17":"product-type-simple"},"acf":[],"_links":{"self":[{"href":"https:\/\/dlcpo.com\/pt-br\/wp-json\/wp\/v2\/product\/5046","targetHints":{"allow":["GET"]}}],"collection":[{"href":"https:\/\/dlcpo.com\/pt-br\/wp-json\/wp\/v2\/product"}],"about":[{"href":"https:\/\/dlcpo.com\/pt-br\/wp-json\/wp\/v2\/types\/product"}],"version-history":[{"count":1,"href":"https:\/\/dlcpo.com\/pt-br\/wp-json\/wp\/v2\/product\/5046\/revisions"}],"predecessor-version":[{"id":7112,"href":"https:\/\/dlcpo.com\/pt-br\/wp-json\/wp\/v2\/product\/5046\/revisions\/7112"}],"wp:featuredmedia":[{"embeddable":true,"href":"https:\/\/dlcpo.com\/pt-br\/wp-json\/wp\/v2\/media\/2269"}],"wp:attachment":[{"href":"https:\/\/dlcpo.com\/pt-br\/wp-json\/wp\/v2\/media?parent=5046"}],"wp:term":[{"taxonomy":"product_brand","embeddable":true,"href":"https:\/\/dlcpo.com\/pt-br\/wp-json\/wp\/v2\/product_brand?post=5046"},{"taxonomy":"product_cat","embeddable":true,"href":"https:\/\/dlcpo.com\/pt-br\/wp-json\/wp\/v2\/product_cat?post=5046"},{"taxonomy":"product_tag","embeddable":true,"href":"https:\/\/dlcpo.com\/pt-br\/wp-json\/wp\/v2\/product_tag?post=5046"}],"curies":[{"name":"wp","href":"https:\/\/api.w.org\/{rel}","templated":true}]}}