{"id":5044,"date":"2026-03-10T15:24:22","date_gmt":"2026-03-10T07:24:22","guid":{"rendered":"https:\/\/dlcpo.com\/catl-271ah-celula-de-bateria-lifepo4-prismatica-grau-a\/"},"modified":"2026-04-11T09:54:45","modified_gmt":"2026-04-11T01:54:45","slug":"catl-271ah-celula-de-bateria-lifepo4-prismatica-grau-a","status":"publish","type":"product","link":"https:\/\/dlcpo.com\/pt-br\/catl-271ah-celula-de-bateria-lifepo4-prismatica-grau-a\/","title":{"rendered":"C\u00e9lula de bateria prism\u00e1tica LiFePO4 CATL de 271 Ah e 3,2 V, grau A \u2013 Solu\u00e7\u00e3o de alta pot\u00eancia para ve\u00edculos el\u00e9tricos e sistemas de armazenamento de energia para servi\u00e7os p\u00fablicos"},"content":{"rendered":"<div class=\"product-description-container\">\n<p>A <strong>C\u00e9lula de bateria LiFePO4 CATL 271Ah prism\u00e1tica de grau A<\/strong> \u00e9 uma fonte de energia lend\u00e1ria na ind\u00fastria de l\u00edtio, amplamente reconhecida por seu desempenho em condi\u00e7\u00f5es de trabalho pesado em \u00f4nibus el\u00e9tricos e caminh\u00f5es comerciais. Fabricada pela CATL, l\u00edder global em tecnologia de baterias de n\u00edvel 1, esta c\u00e9lula utiliza qu\u00edmica avan\u00e7ada de fosfato de ferro e l\u00edtio (LFP) para oferecer estabilidade t\u00e9rmica superior e seguran\u00e7a inquestion\u00e1vel. Adquirida diretamente com os c\u00f3digos QR originais de f\u00e1brica intactos, cada c\u00e9lula garante desempenho m\u00e1ximo para aplica\u00e7\u00f5es energ\u00e9ticas de miss\u00e3o cr\u00edtica.  <\/p>\n<h3>Por que os profissionais escolhem a CATL 271Ah?<\/h3>\n<ul>\n<li>\u26a1 <strong>Resist\u00eancia interna ultrabaixa (0,18 \u00b1 0,05 m\u03a9):<\/strong> Projetada para transfer\u00eancia de energia de alta efici\u00eancia, a <strong>C\u00e9lula de bateria LiFePO4 CATL 271Ah genu\u00edna, tipo prism\u00e1tica, grau A<\/strong> gera significativamente menos calor durante a descarga de alta corrente. Essa precis\u00e3o a torna a candidata ideal para aplica\u00e7\u00f5es de tra\u00e7\u00e3o (EVs) e projetos de armazenamento de energia estacion\u00e1ria de alta carga. <\/li>\n<li>\u26a1 <strong>Ampla faixa de temperatura (-30 \u00b0C a 60 \u00b0C):<\/strong> Projetada para ter excelente desempenho nas regi\u00f5es geogr\u00e1ficas mais exigentes do mundo, esta c\u00e9lula suporta descargas em temperaturas t\u00e3o baixas quanto <strong>-30 \u00b0C<\/strong>. Seja em climas \u00e1rticos ou no calor tropical, a c\u00e9lula de 271 Ah mant\u00e9m um fornecimento de energia consistente, sem degrada\u00e7\u00e3o. <\/li>\n<li>\u26a1 <strong>Seguran\u00e7a e integridade estrutural comprovadas:<\/strong> O design prism\u00e1tico da carca\u00e7a de alum\u00ednio oferece uma barreira robusta contra tens\u00f5es f\u00edsicas e fatores ambientais. Essa integridade estrutural \u00e9 essencial para conjuntos de baterias complexos e sujeitos a altas vibra\u00e7\u00f5es, utilizados em m\u00e1quinas industriais e no transporte pesado. <\/li>\n<li>\u26a1 <strong>Padr\u00e3o automotivo de primeira linha:<\/strong> Ao contr\u00e1rio das c\u00e9lulas estacion\u00e1rias padr\u00e3o, o modelo de 271 Ah foi projetado de acordo com os padr\u00f5es automotivos. Isso garante um n\u00edvel de excel\u00eancia em termos de consist\u00eancia de capacidade e tens\u00e3o, simplificando o processo de balanceamento do BMS e prolongando a vida \u00fatil geral do seu conjunto de baterias. <\/li>\n<li>\u26a1 <strong>100% livre de cobalto e ecologicamente correta:<\/strong> Com base na qu\u00edmica est\u00e1vel do LFP, esta c\u00e9lula n\u00e3o apresenta nenhum risco de fuga t\u00e9rmica em condi\u00e7\u00f5es normais de opera\u00e7\u00e3o, oferecendo uma solu\u00e7\u00e3o energ\u00e9tica sustent\u00e1vel e \u00e0 prova de inc\u00eandio para sistemas de armazenamento de energia (ESS) residenciais e comerciais.<\/li>\n<\/ul>\n<\/div>\n","protected":false},"excerpt":{"rendered":"<p>Descubra a c\u00e9lula de bateria CATL 271Ah LiFePO4 prism\u00e1tica de grau A na DLCPO. Projetada para \u00f4nibus el\u00e9tricos e sistemas de armazenamento de alta pot\u00eancia, com faixa de descarga de -30 \u00b0C a 60 \u00b0C. C\u00f3digos QR originais de f\u00e1brica intactos.  <\/p>\n","protected":false},"featured_media":2274,"template":"","meta":{"_acf_changed":false,"_joinchat":[]},"product_brand":[],"product_cat":[903],"product_tag":[969,1170,1171,923,1063],"class_list":{"0":"post-5044","1":"product","2":"type-product","3":"status-publish","4":"has-post-thumbnail","6":"product_cat-catl","7":"product_tag-3-2v-271ah","8":"product_tag-bateria-para-veiculos-eletricos","9":"product_tag-catl-271ah","10":"product_tag-dlcpo","11":"product_tag-lifepo4-prismatico","12":"pa_capacity-271ah","14":"first","15":"instock","16":"shipping-taxable","17":"product-type-simple"},"acf":[],"_links":{"self":[{"href":"https:\/\/dlcpo.com\/pt-br\/wp-json\/wp\/v2\/product\/5044","targetHints":{"allow":["GET"]}}],"collection":[{"href":"https:\/\/dlcpo.com\/pt-br\/wp-json\/wp\/v2\/product"}],"about":[{"href":"https:\/\/dlcpo.com\/pt-br\/wp-json\/wp\/v2\/types\/product"}],"version-history":[{"count":1,"href":"https:\/\/dlcpo.com\/pt-br\/wp-json\/wp\/v2\/product\/5044\/revisions"}],"predecessor-version":[{"id":7105,"href":"https:\/\/dlcpo.com\/pt-br\/wp-json\/wp\/v2\/product\/5044\/revisions\/7105"}],"wp:featuredmedia":[{"embeddable":true,"href":"https:\/\/dlcpo.com\/pt-br\/wp-json\/wp\/v2\/media\/2274"}],"wp:attachment":[{"href":"https:\/\/dlcpo.com\/pt-br\/wp-json\/wp\/v2\/media?parent=5044"}],"wp:term":[{"taxonomy":"product_brand","embeddable":true,"href":"https:\/\/dlcpo.com\/pt-br\/wp-json\/wp\/v2\/product_brand?post=5044"},{"taxonomy":"product_cat","embeddable":true,"href":"https:\/\/dlcpo.com\/pt-br\/wp-json\/wp\/v2\/product_cat?post=5044"},{"taxonomy":"product_tag","embeddable":true,"href":"https:\/\/dlcpo.com\/pt-br\/wp-json\/wp\/v2\/product_tag?post=5044"}],"curies":[{"name":"wp","href":"https:\/\/api.w.org\/{rel}","templated":true}]}}