{"id":5041,"date":"2026-03-10T15:43:59","date_gmt":"2026-03-10T07:43:59","guid":{"rendered":"https:\/\/dlcpo.com\/catl-202ah-celula-de-bateria-lifepo4-prismatica-grau-a\/"},"modified":"2026-04-11T09:54:46","modified_gmt":"2026-04-11T01:54:46","slug":"catl-202ah-celula-de-bateria-lifepo4-prismatica-grau-a","status":"publish","type":"product","link":"https:\/\/dlcpo.com\/pt-br\/catl-202ah-celula-de-bateria-lifepo4-prismatica-grau-a\/","title":{"rendered":"C\u00e9lula de bateria prism\u00e1tica LiFePO4 CATL de 202 Ah e 3,2 V, grau A \u2013 Perfil fino de 53,7 mm, mais de 4.000 ciclos para sistemas de armazenamento de energia solar (ESS) e ve\u00edculos el\u00e9tricos (EV)"},"content":{"rendered":"<div class=\"product-description-container\">\n<p>A <strong>C\u00e9lula de bateria CATL 202Ah LiFePO4 prism\u00e1tica Grau A<\/strong> \u00e9 um pilar de energia de alto desempenho, reconhecido mundialmente por sua seguran\u00e7a intransigente e vida \u00fatil l\u00edder no setor. Fabricada pela CATL, l\u00edder indiscut\u00edvel de n\u00edvel 1 em tecnologia de l\u00edtio, esta c\u00e9lula prism\u00e1tica \u00e9 a escolha definitiva tanto para projetos de mobilidade el\u00e9trica de alta pot\u00eancia quanto para projetos de armazenamento de energia estacion\u00e1ria (ESS) em grande escala, especialmente nos exigentes mercados da Am\u00e9rica do Sul. <\/p>\n<h3>Principais vantagens de desempenho: A pot\u00eancia compacta<\/h3>\n<ul>\n<li>\ud83d\udccf <strong>Arquitetura de perfil ultrafino:<\/strong> Com uma espessura precisa de apenas <strong>53,7 mm<\/strong>, a <strong>C\u00e9lula de bateria CATL 202Ah LiFePO4 prism\u00e1tica Grau A<\/strong> foi projetada especificamente para conjuntos de baterias com espa\u00e7o limitado. \u00c9 o padr\u00e3o de excel\u00eancia para a constru\u00e7\u00e3o de powerwalls finas para montagem na parede e gabinetes de energia comerciais compactos. <\/li>\n<li>\ud83d\udcc9 <strong>Alta consist\u00eancia de n\u00edvel de elite:<\/strong> A DLCPO garante que cada c\u00e9lula seja meticulosamente calibrada quanto \u00e0 tens\u00e3o e resist\u00eancia interna (garantida <strong>abaixo de 0,18 m\u03a9<\/strong>) antes do envio. Essa calibra\u00e7\u00e3o de precis\u00e3o simplifica o processo de balanceamento do seu BMS e maximiza o rendimento energ\u00e9tico total do seu banco de baterias. <\/li>\n<li>\ud83e\udeb6 <strong>Efici\u00eancia superior e leveza:<\/strong> Pesando apenas aproximadamente <strong>4,12 kg<\/strong>, esta c\u00e9lula alcan\u00e7a uma not\u00e1vel densidade energ\u00e9tica gravim\u00e9trica. Essa vantagem de peso leve \u00e9 fundamental para esta\u00e7\u00f5es de energia port\u00e1teis e a23&gt; ve\u00edculos el\u00e9tricos (EV) convers\u00f5es onde reduzir peso morto \u00e9 essencial para a autonomia. <\/li>\n<li>\ud83e\udc61\ufe0f <strong>Seguran\u00e7a de n\u00edvel 1 e durabilidade extrema:<\/strong> Utilizando a composi\u00e7\u00e3o qu\u00edmica LiFePO4 sem cobalto, essas c\u00e9lulas oferecem estabilidade t\u00e9rmica superior e uma vida \u00fatil industrial de <strong>mais de 4.000 ciclos completos<\/strong>. Elas foram projetadas para proporcionar mais de uma d\u00e9cada de servi\u00e7o di\u00e1rio confi\u00e1vel em ambientes de energia solar fora da rede e de energia de reserva. <\/li>\n<li>\ud83c\udf0e <strong>Desempenho comprovado no mercado sul-americano:<\/strong> Como elemento fundamental da transi\u00e7\u00e3o energ\u00e9tica regional, a c\u00e9lula CATL de 202 Ah foi testada em campo em diversos climas, comprovando sua resili\u00eancia e confiabilidade em grandes projetos de armazenamento de energia estacion\u00e1ria, do Chile ao Brasil.<\/li>\n<\/ul>\n<\/div>\n","protected":false},"excerpt":{"rendered":"<p>Descubra a c\u00e9lula de bateria CATL 202Ah LiFePO4 prism\u00e1tica de grau A na DLCPO. Apresenta mais de 4.000 ciclos, resist\u00eancia ultrabaixa de 0,18 m\u03a9 e perfil fino de 53,7 mm. Ideal para projetos de sistemas de armazenamento de energia (ESS) na Am\u00e9rica do Sul.  <\/p>\n","protected":false},"featured_media":2278,"template":"","meta":{"_acf_changed":false,"_joinchat":[]},"product_brand":[],"product_cat":[903],"product_tag":[1169,1153,1168,1142,923],"class_list":{"0":"post-5041","1":"product","2":"type-product","3":"status-publish","4":"has-post-thumbnail","6":"product_cat-catl","7":"product_tag-armazenamento-de-energia-na-america-do-sul","8":"product_tag-bateria-de-grau-a-bateria","9":"product_tag-catl-202ah","10":"product_tag-celula-lfp-prismatica","11":"product_tag-dlcpo","12":"pa_capacity-202ah","14":"first","15":"instock","16":"shipping-taxable","17":"product-type-simple"},"acf":[],"_links":{"self":[{"href":"https:\/\/dlcpo.com\/pt-br\/wp-json\/wp\/v2\/product\/5041","targetHints":{"allow":["GET"]}}],"collection":[{"href":"https:\/\/dlcpo.com\/pt-br\/wp-json\/wp\/v2\/product"}],"about":[{"href":"https:\/\/dlcpo.com\/pt-br\/wp-json\/wp\/v2\/types\/product"}],"version-history":[{"count":1,"href":"https:\/\/dlcpo.com\/pt-br\/wp-json\/wp\/v2\/product\/5041\/revisions"}],"predecessor-version":[{"id":7107,"href":"https:\/\/dlcpo.com\/pt-br\/wp-json\/wp\/v2\/product\/5041\/revisions\/7107"}],"wp:featuredmedia":[{"embeddable":true,"href":"https:\/\/dlcpo.com\/pt-br\/wp-json\/wp\/v2\/media\/2278"}],"wp:attachment":[{"href":"https:\/\/dlcpo.com\/pt-br\/wp-json\/wp\/v2\/media?parent=5041"}],"wp:term":[{"taxonomy":"product_brand","embeddable":true,"href":"https:\/\/dlcpo.com\/pt-br\/wp-json\/wp\/v2\/product_brand?post=5041"},{"taxonomy":"product_cat","embeddable":true,"href":"https:\/\/dlcpo.com\/pt-br\/wp-json\/wp\/v2\/product_cat?post=5041"},{"taxonomy":"product_tag","embeddable":true,"href":"https:\/\/dlcpo.com\/pt-br\/wp-json\/wp\/v2\/product_tag?post=5041"}],"curies":[{"name":"wp","href":"https:\/\/api.w.org\/{rel}","templated":true}]}}