{"id":5026,"date":"2026-03-10T18:16:18","date_gmt":"2026-03-10T10:16:18","guid":{"rendered":"https:\/\/dlcpo.com\/catl-228ah-celula-de-bateria-lifepo4-prismatica-grau-a\/"},"modified":"2026-04-11T09:54:46","modified_gmt":"2026-04-11T01:54:46","slug":"catl-228ah-celula-de-bateria-lifepo4-prismatica-grau-a","status":"publish","type":"product","link":"https:\/\/dlcpo.com\/pt-br\/catl-228ah-celula-de-bateria-lifepo4-prismatica-grau-a\/","title":{"rendered":"C\u00e9lula de bateria prism\u00e1tica CATL de 228 Ah, 3,2 V, LiFePO\u2084 de grau A \u2013 Alta densidade, mais de 4.000 ciclos \u2013 LFP genu\u00edno para ve\u00edculos el\u00e9tricos comerciais e sistemas de armazenamento solar para servi\u00e7os p\u00fablicos"},"content":{"rendered":"<div class=\"product-description-container\">\n<p>A <strong>C\u00e9lula de bateria CATL 228Ah LiFePO4 prism\u00e1tica Grau A<\/strong> \u00e9 uma solu\u00e7\u00e3o energ\u00e9tica premium que representa uma avan\u00e7ada melhoria tecnol\u00f3gica em termos de densidade energ\u00e9tica volum\u00e9trica. Fabricada pela CATL, l\u00edder global de n\u00edvel 1 em tecnologia de l\u00edtio, este modelo concentra uma capacidade substancial de 228Ah em um tamanho de estrutura VDA padr\u00e3o, normalmente utilizado para c\u00e9lulas de 202Ah. Esta engenharia de precis\u00e3o permite obter mais pot\u00eancia no mesmo espa\u00e7o f\u00edsico, tornando-a a escolha definitiva para sistemas de baterias modulares de alta densidade.  <\/p>\n<h3>Principais vantagens de desempenho: O especialista em otimiza\u00e7\u00e3o de espa\u00e7o<\/h3>\n<ul>\n<li>\ud83d\udcd0 <strong>Maior capacidade, mesmo tamanho:<\/strong> Com um perfil fino de <strong>53,7 mm de espessura<\/strong>, a <strong>C\u00e9lula de Bateria CATL 228Ah LiFePO4 Prism\u00e1tica Grau A<\/strong> oferece aproximadamente 13-15% a mais de armazenamento de energia em compara\u00e7\u00e3o com as c\u00e9lulas tradicionais de 202Ah. \u00c9 a atualiza\u00e7\u00e3o perfeita para os designs existentes de caixas de bateria. <\/li>\n<li>\ud83d\udcc9 <strong>Resist\u00eancia interna ultrabaixa:<\/strong> Com uma resist\u00eancia interna excepcionalmente baixa de apenas <strong>0,22 \u00b1 0,05 m\u03a9<\/strong>, esta c\u00e9lula \u00e9 altamente eficiente. Ela gera um calor m\u00ednimo mesmo durante ciclos de carregamento r\u00e1pido de 1C e de descarga de alta corrente, garantindo a estabilidade do sistema. <\/li>\n<li>\u23f3 <strong>Longevidade de n\u00edvel comercial:<\/strong> Projetadas para oferecer durabilidade extrema, essas c\u00e9lulas suportam <strong>mais de 4.000 ciclos a 80% de profundidade de descarga (DOD)<\/strong>. Isso significa mais de 10 anos de uso di\u00e1rio em ambientes exigentes, como sistemas solares fora da rede e mobilidade el\u00e9trica. <\/li>\n<li>\ud83c\udfd7\ufe0f <strong>Arquitetura VDA padronizada:<\/strong> Ao utilizar as dimens\u00f5es VDA padr\u00e3o do setor, este modelo de 228 Ah simplifica a gest\u00e3o da cadeia de suprimentos e a montagem modular. Sua estrutura prism\u00e1tica de alum\u00ednio oferece robusta integridade estrutural e excelente dissipa\u00e7\u00e3o t\u00e9rmica. <\/li>\n<li>\ud83c\udfc5 <strong>Qualidade automotiva de n\u00edvel 1:<\/strong> Produzidas nas linhas de produ\u00e7\u00e3o automatizadas de classe mundial da CATL, todas as c\u00e9lulas oferecem um n\u00edvel excepcional de consist\u00eancia em termos de tens\u00e3o e capacidade. Essa classifica\u00e7\u00e3o de grau A \u00e9 fundamental para manter o equil\u00edbrio a longo prazo em cadeias de baterias multicelulares para ve\u00edculos recreativos, iates e sistemas de armazenamento de energia m\u00f3veis (ESS). <\/li>\n<\/ul>\n<\/div>\n","protected":false},"excerpt":{"rendered":"<p>Compre a c\u00e9lula de bateria CATL 228Ah LiFePO4 prism\u00e1tica de grau A na DLCPO. Apresenta um formato padr\u00e3o VDA, resist\u00eancia ultrabaixa de 0,22 m\u03a9 e mais de 4.000 ciclos. Ideal para atualiza\u00e7\u00f5es de sistemas de armazenamento de energia (ESS) compactos.  <\/p>\n","protected":false},"featured_media":2299,"template":"","meta":{"_acf_changed":false,"_joinchat":[]},"product_brand":[],"product_cat":[903],"product_tag":[1153,1152,923,1060,1151],"class_list":{"0":"post-5026","1":"product","2":"type-product","3":"status-publish","4":"has-post-thumbnail","6":"product_cat-catl","7":"product_tag-bateria-de-grau-a-bateria","8":"product_tag-catl-228ah","9":"product_tag-dlcpo","10":"product_tag-lfp-prismatico","11":"product_tag-vda-norma","12":"pa_capacity-228ah","14":"first","15":"instock","16":"shipping-taxable","17":"product-type-simple"},"acf":[],"_links":{"self":[{"href":"https:\/\/dlcpo.com\/pt-br\/wp-json\/wp\/v2\/product\/5026","targetHints":{"allow":["GET"]}}],"collection":[{"href":"https:\/\/dlcpo.com\/pt-br\/wp-json\/wp\/v2\/product"}],"about":[{"href":"https:\/\/dlcpo.com\/pt-br\/wp-json\/wp\/v2\/types\/product"}],"version-history":[{"count":1,"href":"https:\/\/dlcpo.com\/pt-br\/wp-json\/wp\/v2\/product\/5026\/revisions"}],"predecessor-version":[{"id":7108,"href":"https:\/\/dlcpo.com\/pt-br\/wp-json\/wp\/v2\/product\/5026\/revisions\/7108"}],"wp:featuredmedia":[{"embeddable":true,"href":"https:\/\/dlcpo.com\/pt-br\/wp-json\/wp\/v2\/media\/2299"}],"wp:attachment":[{"href":"https:\/\/dlcpo.com\/pt-br\/wp-json\/wp\/v2\/media?parent=5026"}],"wp:term":[{"taxonomy":"product_brand","embeddable":true,"href":"https:\/\/dlcpo.com\/pt-br\/wp-json\/wp\/v2\/product_brand?post=5026"},{"taxonomy":"product_cat","embeddable":true,"href":"https:\/\/dlcpo.com\/pt-br\/wp-json\/wp\/v2\/product_cat?post=5026"},{"taxonomy":"product_tag","embeddable":true,"href":"https:\/\/dlcpo.com\/pt-br\/wp-json\/wp\/v2\/product_tag?post=5026"}],"curies":[{"name":"wp","href":"https:\/\/api.w.org\/{rel}","templated":true}]}}