{"id":5022,"date":"2026-03-10T19:03:51","date_gmt":"2026-03-10T11:03:51","guid":{"rendered":"https:\/\/dlcpo.com\/catl-314ah-celula-de-bateria-lifepo4-prismatica-grau-a\/"},"modified":"2026-04-11T09:58:10","modified_gmt":"2026-04-11T01:58:10","slug":"catl-314ah-celula-de-bateria-lifepo4-prismatica-grau-a","status":"publish","type":"product","link":"https:\/\/dlcpo.com\/pt-br\/catl-314ah-celula-de-bateria-lifepo4-prismatica-grau-a\/","title":{"rendered":"C\u00e9lula de bateria prism\u00e1tica LiFePO4 CATL de 314 Ah e 3,2 V, grau A \u2013 Armazenamento de alta densidade de \u00faltima gera\u00e7\u00e3o \u2013 Mais de 8.000 ciclos para sistemas de armazenamento de energia (ESS) em escala de rede"},"content":{"rendered":"<div class=\"product-description-container\">\n<p>A <strong>C\u00e9lula de bateria CATL 314Ah LiFePO4 prism\u00e1tica grau A<\/strong> representa o que h\u00e1 de mais avan\u00e7ado atualmente na tecnologia de fosfato de ferro e l\u00edtio. Fabricada pela CATL, l\u00edder indiscut\u00edvel de n\u00edvel 1 no setor global de armazenamento de energia, esta c\u00e9lula alcan\u00e7a um grande salto em capacidade por meio da otimiza\u00e7\u00e3o da estrutura interna e dos materiais ativos. Com uma classifica\u00e7\u00e3o energ\u00e9tica de <strong>mais de 1000 Wh por c\u00e9lula<\/strong>, ela estabelece um novo padr\u00e3o industrial para projetos de energia de alta densidade sem aumentar o espa\u00e7o f\u00edsico ocupado.  <\/p>\n<h3>Avan\u00e7os t\u00e9cnicos: o novo rei do armazenamento de energia<\/h3>\n<ul>\n<li>\ud83d\ude80 <strong>Densidade energ\u00e9tica 12% maior:<\/strong> Em compara\u00e7\u00e3o com o modelo padr\u00e3o de 280Ah, a <strong>C\u00e9lula de bateria CATL 314Ah LiFePO4 prism\u00e1tica grau A<\/strong> fornece aproximadamente 12% a mais de energia. Isso permite que os integradores armazenem significativamente mais energia na mesma caixa ou cont\u00eainer de bateria, maximizando a efici\u00eancia do uso do espa\u00e7o e o retorno sobre o investimento do sistema. <\/li>\n<li>\u23f3 <strong>Vida \u00fatil prolongada de mais de 8.000 ciclos:<\/strong> Projetada para oferecer durabilidade industrial extrema, esta c\u00e9lula de 314 Ah tem capacidade nominal para <strong>7.000 a mais de 8.000 ciclos<\/strong> (dependendo das condi\u00e7\u00f5es). Essa longevidade reduz significativamente o Custo Nivelado de Armazenamento (LCOS) e garante uma vida \u00fatil de 20 anos para sistemas de armazenamento de energia em escala comercial. <\/li>\n<li>\ud83d\udcc9 <strong>Efici\u00eancia de extrema precis\u00e3o:<\/strong> Com uma resist\u00eancia interna recorde de apenas <strong>0,17 \u00b1 0,05 m\u03a9<\/strong>, a perda de energia durante o carregamento e descarregamento r\u00e1pidos \u00e9 minimizada. Isso garante desempenho m\u00e1ximo na regula\u00e7\u00e3o da frequ\u00eancia da rede el\u00e9trica e em cargas industriais pesadas, mantendo o sistema mais frio. <\/li>\n<li>\ud83c\udfd7\ufe0f <strong>Atualiza\u00e7\u00e3o &#8220;drop-in&#8221; sem complica\u00e7\u00f5es:<\/strong> Mantendo exatamente as mesmas dimens\u00f5es padr\u00e3o das c\u00e9lulas anteriores de 280 Ah, o modelo de 314 Ah \u00e9 a atualiza\u00e7\u00e3o perfeita e sem complica\u00e7\u00f5es. Voc\u00ea pode aumentar a capacidade total do sistema sem precisar alterar o design dos gabinetes, o hardware ou as complexas configura\u00e7\u00f5es das barras coletoras. <\/li>\n<li>\ud83c\udfc5 <strong>Confiabilidade de n\u00edvel Tier 1 para o setor automotivo:<\/strong> Todas as c\u00e9lulas fornecidas pela DLCPO s\u00e3o de <strong>qualidade Grau A<\/strong>, beneficiando-se da produ\u00e7\u00e3o automatizada da CATL, l\u00edder mundial no setor. Isso garante uma correspond\u00eancia de alto n\u00edvel em tens\u00e3o, capacidade e resist\u00eancia \u2014 fatores essenciais para manter o equil\u00edbrio em cadeias de grande escala com v\u00e1rios megawatts. <\/li>\n<\/ul>\n<\/div>\n","protected":false},"excerpt":{"rendered":"<p>Descubra a c\u00e9lula de bateria CATL LiFePO4 de 314 Ah, tipo prism\u00e1tica, grau A, na DLCPO. Com mais de 1.000 Wh por c\u00e9lula, 12% a mais de densidade energ\u00e9tica em compara\u00e7\u00e3o com a de 280 Ah e vida \u00fatil de mais de 8.000 ciclos. Ideal para atualiza\u00e7\u00f5es sem interrup\u00e7\u00f5es de sistemas de armazenamento de energia (ESS).  <\/p>\n","protected":false},"featured_media":2303,"template":"","meta":{"_acf_changed":false,"_joinchat":[]},"product_brand":[],"product_cat":[903],"product_tag":[1148,1149,1150,1147,923],"class_list":{"0":"post-5022","1":"product","2":"type-product","3":"status-publish","4":"has-post-thumbnail","6":"product_cat-catl","7":"product_tag-314-ah-lfp-celula","8":"product_tag-8-000-ciclos-bateria","9":"product_tag-armazenamento-em-grande-escala","10":"product_tag-catl-314ah","11":"product_tag-dlcpo","12":"pa_capacity-314ah","14":"first","15":"instock","16":"shipping-taxable","17":"product-type-simple"},"acf":[],"_links":{"self":[{"href":"https:\/\/dlcpo.com\/pt-br\/wp-json\/wp\/v2\/product\/5022","targetHints":{"allow":["GET"]}}],"collection":[{"href":"https:\/\/dlcpo.com\/pt-br\/wp-json\/wp\/v2\/product"}],"about":[{"href":"https:\/\/dlcpo.com\/pt-br\/wp-json\/wp\/v2\/types\/product"}],"version-history":[{"count":1,"href":"https:\/\/dlcpo.com\/pt-br\/wp-json\/wp\/v2\/product\/5022\/revisions"}],"predecessor-version":[{"id":7109,"href":"https:\/\/dlcpo.com\/pt-br\/wp-json\/wp\/v2\/product\/5022\/revisions\/7109"}],"wp:featuredmedia":[{"embeddable":true,"href":"https:\/\/dlcpo.com\/pt-br\/wp-json\/wp\/v2\/media\/2303"}],"wp:attachment":[{"href":"https:\/\/dlcpo.com\/pt-br\/wp-json\/wp\/v2\/media?parent=5022"}],"wp:term":[{"taxonomy":"product_brand","embeddable":true,"href":"https:\/\/dlcpo.com\/pt-br\/wp-json\/wp\/v2\/product_brand?post=5022"},{"taxonomy":"product_cat","embeddable":true,"href":"https:\/\/dlcpo.com\/pt-br\/wp-json\/wp\/v2\/product_cat?post=5022"},{"taxonomy":"product_tag","embeddable":true,"href":"https:\/\/dlcpo.com\/pt-br\/wp-json\/wp\/v2\/product_tag?post=5022"}],"curies":[{"name":"wp","href":"https:\/\/api.w.org\/{rel}","templated":true}]}}