{"id":5019,"date":"2026-03-10T19:17:23","date_gmt":"2026-03-10T11:17:23","guid":{"rendered":"https:\/\/dlcpo.com\/catl-306ah-celula-de-bateria-lifepo4-12-000-ciclos-atualizacao\/"},"modified":"2026-04-11T09:58:12","modified_gmt":"2026-04-11T01:58:12","slug":"catl-306ah-celula-de-bateria-lifepo4-12-000-ciclos-atualizacao","status":"publish","type":"product","link":"https:\/\/dlcpo.com\/pt-br\/catl-306ah-celula-de-bateria-lifepo4-12-000-ciclos-atualizacao\/","title":{"rendered":"C\u00e9lula de bateria prism\u00e1tica CATL LiFePO4 de 306 Ah e 3,2 V, grau A \u2013 Mais de 12.000 ciclos e vida \u00fatil extremamente longa \u2013 LFP de nova gera\u00e7\u00e3o para sistemas de armazenamento de energia solar (ESS) de alta capacidade"},"content":{"rendered":"<div class=\"product-description-container\">\n<p>A <strong>C\u00e9lula de bateria LiFePO4 CATL 306Ah com 12.000 ciclos de atualiza\u00e7\u00e3o<\/strong> \u00e9 a vers\u00e3o aprimorada do amplamente utilizado modelo 302Ah, representando o que h\u00e1 de mais avan\u00e7ado atualmente em armazenamento de energia de longa dura\u00e7\u00e3o. Fabricada pela CATL, l\u00edder global de n\u00edvel 1, esta c\u00e9lula alcan\u00e7ou um grande avan\u00e7o em termos de longevidade por meio do aprimoramento dos materiais do eletr\u00f3lito e dos eletrodos. \u00c9 100% livre de cobalto e projetada especificamente para armazenamento de energia em escala de concession\u00e1ria, onde a confiabilidade a longo prazo e o menor LCOE s\u00e3o fundamentais.  <\/p>\n<h3>Principais atualiza\u00e7\u00f5es: o novo padr\u00e3o de refer\u00eancia para armazenamento utilit\u00e1rio<\/h3>\n<ul>\n<li>\u23f3 <strong>Vida \u00fatil extrema de mais de 12.000 ciclos: <\/strong> Enquanto as c\u00e9lulas LFP padr\u00e3o oferecem de 3.000 a 6.000 ciclos, a <strong>C\u00e9lula de bateria CATL 306Ah LiFePO4 com atualiza\u00e7\u00e3o para 12.000 ciclos<\/strong> foi projetada para impressionantes <strong>mais de 12.000 ciclos<\/strong>. Isso reduz significativamente o custo total por kWh ao longo de toda a vida \u00fatil da bateria, tornando-a uma solu\u00e7\u00e3o do tipo \u201ccompre uma vez, use por d\u00e9cadas\u201d. <\/li>\n<li>\ud83d\udcc9 <strong>Efici\u00eancia ultra-alta (0,17 \u00b1 0,05 m\u03a9):<\/strong> Com uma resist\u00eancia interna excepcionalmente baixa, esta c\u00e9lula minimiza o desperd\u00edcio de energia durante o carregamento e a descarga r\u00e1pidos. Essa engenharia de precis\u00e3o mant\u00e9m seu banco de baterias mais frio e est\u00e1vel, al\u00e9m de maximizar a efici\u00eancia de ida e volta para sistemas de backup solar em grande escala. <\/li>\n<li>\ud83c\udfd7 \ufe0f <strong>Pegada VDA padronizada e compat\u00edvel:<\/strong> Mantendo as dimens\u00f5es padr\u00e3o do setor de <strong>71,65 mm x 173,93 mm x 207,2 mm<\/strong>, ela serve como uma atualiza\u00e7\u00e3o compat\u00edvel e sem complica\u00e7\u00f5es para sistemas que atualmente utilizam racks de baterias de 280 Ah ou 302 Ah. Voc\u00ea pode aumentar a capacidade energ\u00e9tica total e a vida \u00fatil do seu sistema sem precisar trocar o hardware ou os gabinetes. <\/li>\n<li>\ud83c\udfe2 <strong>Projetado especificamente para sistemas de armazenamento de energia (ESS) em escala industrial:<\/strong> O modelo de 306 Ah \u00e9 a refer\u00eancia no setor para regula\u00e7\u00e3o da frequ\u00eancia da rede, sistemas de armazenamento de energia (ESS) comerciais em grande escala e energia de reserva para aplica\u00e7\u00f5es cr\u00edticas. Sua robusta estrutura prism\u00e1tica de alum\u00ednio oferece integridade estrutural superior e alta estabilidade t\u00e9rmica. <\/li>\n<li>\ud83c\udfc5 <strong>Tradi\u00e7\u00e3o automotiva de primeira linha:<\/strong> Todas as c\u00e9lulas de 306 Ah fornecidas pela DLCPO s\u00e3o <strong>de qualidade grau A<\/strong>, beneficiando-se da produ\u00e7\u00e3o automatizada l\u00edder mundial da CATL e de rigorosos testes de consist\u00eancia. Isso garante que, mesmo em grandes cadeias de v\u00e1rios megawatts, cada c\u00e9lula permane\u00e7a perfeitamente equilibrada. <\/li>\n<\/ul>\n<\/div>\n","protected":false},"excerpt":{"rendered":"<p>Descubra a c\u00e9lula de bateria CATL LiFePO4 de 306 Ah com capacidade para 12.000 ciclos na DLCPO. Com mais de 12.000 ciclos, resist\u00eancia ultrabaixa de 0,17 m\u03a9 e um formato VDA padr\u00e3o para integra\u00e7\u00e3o direta em sistemas de armazenamento de energia (ESS). <\/p>\n","protected":false},"featured_media":2307,"template":"","meta":{"_acf_changed":false,"_joinchat":[]},"product_brand":[],"product_cat":[903],"product_tag":[1145,1144,1142,923,1146],"class_list":{"0":"post-5019","1":"product","2":"type-product","3":"status-publish","4":"has-post-thumbnail","6":"product_cat-catl","7":"product_tag-12-000-ciclos","8":"product_tag-catl-306ah","9":"product_tag-celula-lfp-prismatica","10":"product_tag-dlcpo","11":"product_tag-ess-atualizacao","12":"pa_capacity-306ah","14":"first","15":"instock","16":"shipping-taxable","17":"product-type-simple"},"acf":[],"_links":{"self":[{"href":"https:\/\/dlcpo.com\/pt-br\/wp-json\/wp\/v2\/product\/5019","targetHints":{"allow":["GET"]}}],"collection":[{"href":"https:\/\/dlcpo.com\/pt-br\/wp-json\/wp\/v2\/product"}],"about":[{"href":"https:\/\/dlcpo.com\/pt-br\/wp-json\/wp\/v2\/types\/product"}],"version-history":[{"count":1,"href":"https:\/\/dlcpo.com\/pt-br\/wp-json\/wp\/v2\/product\/5019\/revisions"}],"predecessor-version":[{"id":7111,"href":"https:\/\/dlcpo.com\/pt-br\/wp-json\/wp\/v2\/product\/5019\/revisions\/7111"}],"wp:featuredmedia":[{"embeddable":true,"href":"https:\/\/dlcpo.com\/pt-br\/wp-json\/wp\/v2\/media\/2307"}],"wp:attachment":[{"href":"https:\/\/dlcpo.com\/pt-br\/wp-json\/wp\/v2\/media?parent=5019"}],"wp:term":[{"taxonomy":"product_brand","embeddable":true,"href":"https:\/\/dlcpo.com\/pt-br\/wp-json\/wp\/v2\/product_brand?post=5019"},{"taxonomy":"product_cat","embeddable":true,"href":"https:\/\/dlcpo.com\/pt-br\/wp-json\/wp\/v2\/product_cat?post=5019"},{"taxonomy":"product_tag","embeddable":true,"href":"https:\/\/dlcpo.com\/pt-br\/wp-json\/wp\/v2\/product_tag?post=5019"}],"curies":[{"name":"wp","href":"https:\/\/api.w.org\/{rel}","templated":true}]}}