{"id":5013,"date":"2026-03-10T19:52:41","date_gmt":"2026-03-10T11:52:41","guid":{"rendered":"https:\/\/dlcpo.com\/celula-de-bateria-catl-240ah-lifepo%e2%82%84-prismatica-grau-a\/"},"modified":"2026-04-11T09:58:15","modified_gmt":"2026-04-11T01:58:15","slug":"celula-de-bateria-catl-240ah-lifepo%e2%82%84-prismatica-grau-a","status":"publish","type":"product","link":"https:\/\/dlcpo.com\/pt-br\/celula-de-bateria-catl-240ah-lifepo%e2%82%84-prismatica-grau-a\/","title":{"rendered":"C\u00e9lula de bateria prism\u00e1tica CATL LiFePO4 de 240 Ah e 3,2 V, grau A \u2013 para ve\u00edculos el\u00e9tricos em climas frios \u2013 com capacidade de descarga at\u00e9 -30 \u00b0C para climas do norte"},"content":{"rendered":"<div class=\"product-description-container\">\n<p>A <strong>C\u00e9lula de bateria CATL 240Ah LiFePO4 prism\u00e1tica Grau A<\/strong> \u00e9 uma solu\u00e7\u00e3o energ\u00e9tica robusta projetada para oferecer m\u00e1xima confiabilidade nos ambientes mais exigentes do mundo. Fabricada pela CATL, l\u00edder do setor em tecnologia de l\u00edtio de n\u00edvel 1, este modelo premium foi especificamente projetado para superar as limita\u00e7\u00f5es das baterias de l\u00edtio padr\u00e3o, proporcionando um fornecimento est\u00e1vel de energia mesmo em condi\u00e7\u00f5es t\u00e9rmicas extremas. <\/p>\n<h3>Principais vantagens de desempenho: Alimenta\u00e7\u00e3o confi\u00e1vel e resistente ao frio<\/h3>\n<ul>\n<li>\u2744\ufe0f <strong>Excel\u00eancia em baixas temperaturas (-30 \u00b0C):<\/strong> Enquanto as c\u00e9lulas LFP padr\u00e3o costumam parar de funcionar ou sofrer perda de desempenho a -20 \u00b0C, a <strong>C\u00e9lula de bateria CATL 240Ah LiFePO4 prism\u00e1tica Grau A<\/strong> permite uma descarga confi\u00e1vel at\u00e9 <strong> -30 \u00b0C<\/strong>. Isso a torna a escolha preferida para ve\u00edculos el\u00e9tricos (EVs) e sistemas solares fora da rede em regi\u00f5es mais frias de alta latitude ou altitude. <\/li>\n<li>\ud83d\udccf <strong>Compatibilidade com o tamanho padr\u00e3o VDA:<\/strong> Com as mesmas dimens\u00f5es padr\u00e3o do setor que as populares c\u00e9lulas de 271Ah e 280Ah (aprox. <strong>71 * 174 * 207 mm<\/strong>), este modelo de 240Ah pode ser utilizado em caixas de bateria padr\u00e3o e dispositivos de compress\u00e3o. Isso simplifica o gerenciamento da sua cadeia de suprimentos e permite a montagem modular de pacotes de baterias sem esfor\u00e7o. <\/li>\n<li>\ud83d\udee1\ufe0f <strong>Alto n\u00edvel de seguran\u00e7a e estabilidade:<\/strong> Utilizando a composi\u00e7\u00e3o qu\u00edmica LiFePO4 sem cobalto, esta c\u00e9lula oferece uma estabilidade t\u00e9rmica inerentemente elevada. A robusta estrutura prism\u00e1tica de alum\u00ednio proporciona prote\u00e7\u00e3o superior contra tens\u00f5es f\u00edsicas e press\u00e3o interna, garantindo a m\u00e1xima seguran\u00e7a para o seu sistema de armazenamento de energia de longo prazo. <\/li>\n<li>\ud83c\udfc5 <strong>Qualidade automotiva de grau A:<\/strong> Todas as c\u00e9lulas fornecidas pela DLCPO passam por rigorosos testes de f\u00e1brica para garantir capacidade, resist\u00eancia interna e tens\u00e3o consistentes. Essa certifica\u00e7\u00e3o de grau A garante que suas cadeias de baterias conectadas em s\u00e9rie mantenham um equil\u00edbrio perfeito ao longo de milhares de ciclos. <\/li>\n<li>\ud83d\udd0b <strong>Rendimento energ\u00e9tico eficiente:<\/strong> Otimizada para armazenamento estacion\u00e1rio de alta densidade, esta c\u00e9lula oferece alta efici\u00eancia de ciclo completo, minimizando o desperd\u00edcio de energia durante os ciclos de carga e descarga. \u00c9 o verdadeiro \u201cpilar energ\u00e9tico\u201d para sistemas de backup solar residenciais e projetos comerciais de sistemas de armazenamento de energia (ESS). <\/li>\n<\/ul>\n<\/div>\n","protected":false},"excerpt":{"rendered":"<p>Descubra a c\u00e9lula de bateria CATL 240Ah LiFePO4 prism\u00e1tica de grau A na DLCPO. Projetada para resist\u00eancia a baixas temperaturas extremas de <span class=\"math-inline\" data-math=\"-30^\\circ\\text&lt;wpml_curved wpml_value='C'&gt;&lt;\/wpml_curved&gt;\" data-index-in-node=\"132\">-30 \u2103<\/span>, com alta estabilidade t\u00e9rmica e tamanho padr\u00e3o VDA. <\/p>\n","protected":false},"featured_media":2316,"template":"","meta":{"_acf_changed":false,"_joinchat":[]},"product_brand":[],"product_cat":[903],"product_tag":[1139,1137,923,1060,1138],"class_list":{"0":"post-5013","1":"product","2":"type-product","3":"status-publish","4":"has-post-thumbnail","6":"product_cat-catl","7":"product_tag-armazenamento-de-energia-solar","8":"product_tag-catl-240ah","9":"product_tag-dlcpo","10":"product_tag-lfp-prismatico","11":"product_tag-resistente-ao-frio-bateria-resistente-ao-frio","12":"pa_capacity-240ah","14":"first","15":"instock","16":"shipping-taxable","17":"product-type-simple"},"acf":[],"_links":{"self":[{"href":"https:\/\/dlcpo.com\/pt-br\/wp-json\/wp\/v2\/product\/5013","targetHints":{"allow":["GET"]}}],"collection":[{"href":"https:\/\/dlcpo.com\/pt-br\/wp-json\/wp\/v2\/product"}],"about":[{"href":"https:\/\/dlcpo.com\/pt-br\/wp-json\/wp\/v2\/types\/product"}],"version-history":[{"count":1,"href":"https:\/\/dlcpo.com\/pt-br\/wp-json\/wp\/v2\/product\/5013\/revisions"}],"predecessor-version":[{"id":7116,"href":"https:\/\/dlcpo.com\/pt-br\/wp-json\/wp\/v2\/product\/5013\/revisions\/7116"}],"wp:featuredmedia":[{"embeddable":true,"href":"https:\/\/dlcpo.com\/pt-br\/wp-json\/wp\/v2\/media\/2316"}],"wp:attachment":[{"href":"https:\/\/dlcpo.com\/pt-br\/wp-json\/wp\/v2\/media?parent=5013"}],"wp:term":[{"taxonomy":"product_brand","embeddable":true,"href":"https:\/\/dlcpo.com\/pt-br\/wp-json\/wp\/v2\/product_brand?post=5013"},{"taxonomy":"product_cat","embeddable":true,"href":"https:\/\/dlcpo.com\/pt-br\/wp-json\/wp\/v2\/product_cat?post=5013"},{"taxonomy":"product_tag","embeddable":true,"href":"https:\/\/dlcpo.com\/pt-br\/wp-json\/wp\/v2\/product_tag?post=5013"}],"curies":[{"name":"wp","href":"https:\/\/api.w.org\/{rel}","templated":true}]}}