{"id":4998,"date":"2026-03-11T07:41:03","date_gmt":"2026-03-10T23:41:03","guid":{"rendered":"https:\/\/dlcpo.com\/lishen-lp71173207-280ah-celula-de-bateria-prismatica-lifepo4\/"},"modified":"2026-04-11T09:54:40","modified_gmt":"2026-04-11T01:54:40","slug":"lishen-lp71173207-280ah-celula-de-bateria-prismatica-lifepo4","status":"publish","type":"product","link":"https:\/\/dlcpo.com\/pt-br\/lishen-lp71173207-280ah-celula-de-bateria-prismatica-lifepo4\/","title":{"rendered":"C\u00e9lula de bateria prism\u00e1tica Lishen LP71173207 de 280 Ah e 3,2 V, LiFePO4, grau A \u2013 Baixa resist\u00eancia de precis\u00e3o \u2013 LFP padr\u00e3o industrial para sistemas de armazenamento de energia solar (ESS) e aplica\u00e7\u00f5es mar\u00edtimas"},"content":{"rendered":"<div class=\"product-description-container\">\n<p>A <strong>c\u00e9lula de bateria prism\u00e1tica Lishen LP71173207 de 280 Ah LiFePO4<\/strong> \u00e9 um pilar fundamental na transi\u00e7\u00e3o global para as energias renov\u00e1veis. Como solu\u00e7\u00e3o de n\u00edvel automotivo, ela foi meticulosamente projetada para atender aos exigentes requisitos de armazenamento em escala de servi\u00e7os p\u00fablicos e mobilidade el\u00e9trica industrial. Com quase <strong>1 kWh de energia por c\u00e9lula<\/strong>, ela se destaca como o padr\u00e3o de excel\u00eancia para projetos de baterias de alta densidade e longa dura\u00e7\u00e3o.  <\/p>\n<h3>Efici\u00eancia t\u00e9cnica e pot\u00eancia industrial inigual\u00e1veis<\/h3>\n<ul>\n<li>\ud83d\udcc9 <strong>Baixa resist\u00eancia de precis\u00e3o (\u2264 0,2 m\u03a9):<\/strong> Com uma resist\u00eancia interna ultrabaixa l\u00edder do setor, a <strong>C\u00e9lula de bateria prism\u00e1tica Lishen LP71173207 de 280 Ah LiFePO4<\/strong> minimiza a perda de energia mesmo durante ciclos de alta corrente. Isso resulta em uma opera\u00e7\u00e3o significativamente mais fria e maior efici\u00eancia geral do sistema. <\/li>\n<li>\ud83d\udd0b <strong>Enorme capacidade energ\u00e9tica (quase 1 kWh):<\/strong> A capacidade substancial de 280 Ah permite a constru\u00e7\u00e3o de bancos de baterias de alta energia com menos conex\u00f5es em paralelo. Isso simplifica o gerenciamento do BMS, reduz a complexidade da fia\u00e7\u00e3o e minimiza os poss\u00edveis pontos de falha em sistemas de armazenamento de energia (ESS) de grande escala. <\/li>\n<li>\u23f3 <strong>Vida \u00fatil do ciclo robusta (mais de 2.000 ciclos a 1C):<\/strong> Projetada para durabilidade extrema, esta c\u00e9lula oferece <strong>mais de 2.000 ciclos a taxas de 1C<\/strong> (e significativamente mais a 0,5C). Isso se traduz em 10-15 anos de confi\u00e1vel uso di\u00e1rio em ambientes t\u00edpicos de armazenamento de energia solar armazenamento ambientes. <\/li>\n<li>\ud83c\udfc5 <strong>Consist\u00eancia de n\u00edvel automotivo:<\/strong> Fabricadas nas instala\u00e7\u00f5es automatizadas de classe mundial da Lishen, todas as c\u00e9lulas garantem uma correspond\u00eancia de alto n\u00edvel em termos de tens\u00e3o e capacidade. Esse padr\u00e3o automotivo \u00e9 fundamental para manter o equil\u00edbrio das cadeias e a longevidade em instala\u00e7\u00f5es de grande escala. <\/li>\n<li>\ud83c\udfe2 <strong>O Pilar de Energia Industrial:<\/strong> Seja para alimentar \u00f4nibus el\u00e9tricos ou estabilizar a rede el\u00e9trica, o design prism\u00e1tico robusto e a qu\u00edmica est\u00e1vel do LFP oferecem a estabilidade t\u00e9rmica e a integridade estrutural necess\u00e1rias para aplica\u00e7\u00f5es industriais de miss\u00e3o cr\u00edtica em todo o mundo.<\/li>\n<\/ul>\n<\/div>\n","protected":false},"excerpt":{"rendered":"<p>Descubra a c\u00e9lula de bateria prism\u00e1tica Lishen LP71173207 de 280 Ah LiFePO4 na DLCPO. Apresenta &lt;baixa resist\u00eancia de 0,2 m\u03a9, 1 kWh de energia por c\u00e9lula e mais de 2.000 ciclos a taxas de 1C. Perfeita para sistemas de armazenamento de energia (ESS) de servi\u00e7os p\u00fablicos e industriais. <\/p>\n","protected":false},"featured_media":2340,"template":"","meta":{"_acf_changed":false,"_joinchat":[]},"product_brand":[],"product_cat":[911],"product_tag":[923,1063,1119,1111,1120],"class_list":{"0":"post-4998","1":"product","2":"type-product","3":"status-publish","4":"has-post-thumbnail","6":"product_cat-lishen","7":"product_tag-dlcpo","8":"product_tag-lifepo4-prismatico","9":"product_tag-lishen-280ah","10":"product_tag-lp71173207","11":"product_tag-utilitario-ess-solucao","12":"pa_capacity-280ah","14":"first","15":"instock","16":"shipping-taxable","17":"product-type-simple"},"acf":[],"_links":{"self":[{"href":"https:\/\/dlcpo.com\/pt-br\/wp-json\/wp\/v2\/product\/4998","targetHints":{"allow":["GET"]}}],"collection":[{"href":"https:\/\/dlcpo.com\/pt-br\/wp-json\/wp\/v2\/product"}],"about":[{"href":"https:\/\/dlcpo.com\/pt-br\/wp-json\/wp\/v2\/types\/product"}],"version-history":[{"count":1,"href":"https:\/\/dlcpo.com\/pt-br\/wp-json\/wp\/v2\/product\/4998\/revisions"}],"predecessor-version":[{"id":7099,"href":"https:\/\/dlcpo.com\/pt-br\/wp-json\/wp\/v2\/product\/4998\/revisions\/7099"}],"wp:featuredmedia":[{"embeddable":true,"href":"https:\/\/dlcpo.com\/pt-br\/wp-json\/wp\/v2\/media\/2340"}],"wp:attachment":[{"href":"https:\/\/dlcpo.com\/pt-br\/wp-json\/wp\/v2\/media?parent=4998"}],"wp:term":[{"taxonomy":"product_brand","embeddable":true,"href":"https:\/\/dlcpo.com\/pt-br\/wp-json\/wp\/v2\/product_brand?post=4998"},{"taxonomy":"product_cat","embeddable":true,"href":"https:\/\/dlcpo.com\/pt-br\/wp-json\/wp\/v2\/product_cat?post=4998"},{"taxonomy":"product_tag","embeddable":true,"href":"https:\/\/dlcpo.com\/pt-br\/wp-json\/wp\/v2\/product_tag?post=4998"}],"curies":[{"name":"wp","href":"https:\/\/api.w.org\/{rel}","templated":true}]}}