{"id":4985,"date":"2026-03-11T09:25:39","date_gmt":"2026-03-11T01:25:39","guid":{"rendered":"https:\/\/dlcpo.com\/bateria-lishen-lp27148134-de-40-ah-lifepo%e2%82%84-6c-de-alta-descarga\/"},"modified":"2026-04-11T09:49:17","modified_gmt":"2026-04-11T01:49:17","slug":"bateria-lishen-lp27148134-de-40-ah-lifepo%e2%82%84-6c-de-alta-descarga","status":"publish","type":"product","link":"https:\/\/dlcpo.com\/pt-br\/bateria-lishen-lp27148134-de-40-ah-lifepo%e2%82%84-6c-de-alta-descarga\/","title":{"rendered":"C\u00e9lula de bateria prism\u00e1tica Lishen LP27148134 de 40 Ah, 3,2 V, LiFePO4, grau A \u2013 Descarga de alta taxa de 6C \u2013 C\u00e9lula leve de 1,05 kg para arrancadores de bateria e propuls\u00e3o el\u00e9trica"},"content":{"rendered":"<div class=\"product-description-container\">\n<p>A <strong>Bateria Lishen LP27148134 de 40 Ah LiFePO4 6C de alta descarga<\/strong> est\u00e1 em uma categoria \u00e0 parte. Enquanto a maioria das c\u00e9lulas LFP \u00e9 projetada para armazenamento est\u00e1tico de energia, esta c\u00e9lula industrial <strong>LiFePO4 do tipo Power<\/strong> foi especialmente concebida para movimento e velocidade. Ao reunir 40Ah de capacidade em um pacote compacto de 1,05 kg, ela \u00e9 capaz de liberar uma corrente cont\u00ednua massiva de <strong>240A (6C)<\/strong>, tornando-a a escolha ideal para propuls\u00e3o el\u00e9trica de alto torque e ambientes m\u00f3veis com alta vibra\u00e7\u00e3o.  <\/p>\n<h3>Vantagem de alto desempenho avan\u00e7ado: O campe\u00e3o da tra\u00e7\u00e3o<\/h3>\n<ul>\n<li>\ud83d\ude80 <strong>Pot\u00eancia de sa\u00edda incompar\u00e1vel (pulso de 8C):<\/strong> Suporta uma descarga cont\u00ednua de <strong>6C<\/strong> e at\u00e9 <strong>8C (320 A) no modo de pulso<\/strong>, a <strong>Bateria Lishen LP27148134 LiFePO4 de 40 Ah e alta descarga 6C<\/strong> garante que seus motores recebam a pot\u00eancia de pico necess\u00e1ria sem as quedas de tens\u00e3o t\u00edpicas das c\u00e9lulas de armazenamento padr\u00e3o.<\/li>\n<li>\ud83d\udcc9 <strong>Efici\u00eancia de n\u00edvel industrial:<\/strong> A resist\u00eancia interna \u00e9 inimiga do desempenho. Com uma resist\u00eancia CA ultrabaixa de <strong>\u2264 0,7 m\u03a9<\/strong>, o LP27148134 gera calor m\u00ednimo mesmo sob carga extrema, aumentando significativamente a confiabilidade do sistema e a efici\u00eancia de ida e volta durante ciclos de alta pot\u00eancia. <\/li>\n<li>\u2744\ufe0f <strong>Resist\u00eancia \u00e0 temperatura: <\/strong> Seja em ambientes \u00e1rticos ou em armaz\u00e9ns industriais sem aquecimento, esta bateria mant\u00e9m um desempenho de descarga confi\u00e1vel de <strong> -30 \u00b0C at\u00e9 55 \u00b0C<\/strong>, muito superando os padr\u00f5es de consumo de l\u00edtio limites e garantindo tempo de atividade nos mais adversos climas.<\/li>\n<li>\ud83e\udeb6 <strong>A melhor rela\u00e7\u00e3o pot\u00eancia-peso:<\/strong> Com apenas <strong>1,05 kg<\/strong>, esta c\u00e9lula permite que os engenheiros criem conjuntos de baterias incrivelmente potentes que s\u00e3o significativamente mais leves do que as configura\u00e7\u00f5es tradicionais de LFP, uma vantagem fundamental para equipamentos m\u00f3veis sens\u00edveis ao peso e ve\u00edculos el\u00e9tricos leves.<\/li>\n<li>\ud83c\udfce\ufe0f <strong>Otimizado para mobilidade e corridas:<\/strong> Da rob\u00f3tica de alta velocidade \u00e0s convers\u00f5es de ve\u00edculos el\u00e9tricos e motores de corrida, o design prism\u00e1tico robusto do LP27148134 oferece a integridade mec\u00e2nica necess\u00e1ria para suportar vibra\u00e7\u00f5es constantes e recargas r\u00e1pidas de energia.<\/li>\n<\/ul>\n<\/div>\n","protected":false},"excerpt":{"rendered":"<p>Descubra a bateria Lishen LP27148134 de 40 Ah LiFePO4 com alta capacidade de descarga 6C na DLCPO. Suporta sa\u00edda cont\u00ednua de 240 A e sa\u00edda de pulso de 320 A, resist\u00eancia a temperaturas de at\u00e9 -30 \u00b0C e resist\u00eancia interna ultrabaixa. C\u00e9lula de energia de n\u00edvel 1.<\/p>\n","protected":false},"featured_media":2357,"template":"","meta":{"_acf_changed":false,"_joinchat":[]},"product_brand":[],"product_cat":[911],"product_tag":[1004,986,987,923,1109],"class_list":{"0":"post-4985","1":"product","2":"type-product","3":"status-publish","4":"has-post-thumbnail","6":"product_cat-lishen","7":"product_tag-40-ah-de-alta-descarga","8":"product_tag-6c-descarga-continua","9":"product_tag-bateria-lfp-de-6c","10":"product_tag-dlcpo","11":"product_tag-lishen-lp27148134","12":"pa_capacity-40ah","14":"first","15":"instock","16":"shipping-taxable","17":"product-type-simple"},"acf":[],"_links":{"self":[{"href":"https:\/\/dlcpo.com\/pt-br\/wp-json\/wp\/v2\/product\/4985","targetHints":{"allow":["GET"]}}],"collection":[{"href":"https:\/\/dlcpo.com\/pt-br\/wp-json\/wp\/v2\/product"}],"about":[{"href":"https:\/\/dlcpo.com\/pt-br\/wp-json\/wp\/v2\/types\/product"}],"version-history":[{"count":1,"href":"https:\/\/dlcpo.com\/pt-br\/wp-json\/wp\/v2\/product\/4985\/revisions"}],"predecessor-version":[{"id":7090,"href":"https:\/\/dlcpo.com\/pt-br\/wp-json\/wp\/v2\/product\/4985\/revisions\/7090"}],"wp:featuredmedia":[{"embeddable":true,"href":"https:\/\/dlcpo.com\/pt-br\/wp-json\/wp\/v2\/media\/2357"}],"wp:attachment":[{"href":"https:\/\/dlcpo.com\/pt-br\/wp-json\/wp\/v2\/media?parent=4985"}],"wp:term":[{"taxonomy":"product_brand","embeddable":true,"href":"https:\/\/dlcpo.com\/pt-br\/wp-json\/wp\/v2\/product_brand?post=4985"},{"taxonomy":"product_cat","embeddable":true,"href":"https:\/\/dlcpo.com\/pt-br\/wp-json\/wp\/v2\/product_cat?post=4985"},{"taxonomy":"product_tag","embeddable":true,"href":"https:\/\/dlcpo.com\/pt-br\/wp-json\/wp\/v2\/product_tag?post=4985"}],"curies":[{"name":"wp","href":"https:\/\/api.w.org\/{rel}","templated":true}]}}