{"id":4982,"date":"2026-03-11T13:55:45","date_gmt":"2026-03-11T05:55:45","guid":{"rendered":"https:\/\/dlcpo.com\/lishen-lp54173210-202ah-celula-de-bateria-lifepo4-grau-a\/"},"modified":"2026-04-11T09:49:15","modified_gmt":"2026-04-11T01:49:15","slug":"lishen-lp54173210-202ah-celula-de-bateria-lifepo4-grau-a","status":"publish","type":"product","link":"https:\/\/dlcpo.com\/pt-br\/lishen-lp54173210-202ah-celula-de-bateria-lifepo4-grau-a\/","title":{"rendered":"Lishen LP54173210 202Ah 3.2V Grade A LiFePO4 Prismatic Battery Cell \u2013 Automotive-Grade Durability for Solar &amp; Traction"},"content":{"rendered":"<div class=\"product-description-container\">\n<p>A <strong>C\u00e9lula de bateria Lishen LP54173210 de 202 Ah LiFePO4, Grau A<\/strong> \u00e9 uma solu\u00e7\u00e3o prism\u00e1tica de ponta projetada para oferecer m\u00e1xima confiabilidade e rendimento energ\u00e9tico. Fabricada pela Lishen, pioneira global e l\u00edder de n\u00edvel 1 em tecnologia de \u00edons de l\u00edtio, esta c\u00e9lula de grau A foi projetada especificamente para atender \u00e0s rigorosas exig\u00eancias tanto do mercado de ve\u00edculos el\u00e9tricos (EV) quanto dos sistemas de armazenamento de energia estacion\u00e1rios (ESS) de alta densidade. <\/p>\n<h3>Avan\u00e7ado T\u00e9cnico Desempenho: Padr\u00f5es de n\u00edvel automotivo<\/h3>\n<ul>\n<li>\u23f3 <strong>Confiabilidade em ciclos de longo prazo:<\/strong> Projetada para oferecer durabilidade extrema, a <strong>C\u00e9lula de bateria Lishen LP54173210 202Ah LiFePO4 Grau A<\/strong> tem capacidade nominal para <strong>\u22653.000 ciclos de descarga profunda completos<\/strong>. Isso proporciona uma d\u00e9cada ou mais de servi\u00e7o di\u00e1rio confi\u00e1vel em ambientes de energia solar de reserva e de ve\u00edculos recreativos, com perda m\u00ednima de capacidade. <\/li>\n<li>\ud83d\udcc9 <strong>Efici\u00eancia ultra-alta (\u2264 0,4 m\u03a9):<\/strong> A resist\u00eancia interna \u00e9 um fator cr\u00edtico para o gerenciamento t\u00e9rmico do sistema. Com uma imped\u00e2ncia ultrabaixa de <strong>menos de 0,4 m\u03a9<\/strong>, o LP54173210 garante perda m\u00ednima de energia durante ciclos de carga e descarga de alta carga, resultando em opera\u00e7\u00e3o mais fria e maior efici\u00eancia geral do sistema. <\/li>\n<li>\ud83c\udfd7\ufe0f <strong>Geometria de pot\u00eancia padronizada :<\/strong> Apresentando uma consider\u00e1vel capacidade de 202 Ah em um padr\u00e3o industrial de dimens\u00f5es (<strong>173,8 mm x 53,7 mm x 200,1 mm<\/strong>), ela \u00e9 uma escolha ideal para construir potentes e compactos m\u00f3dulos de bateria de 12 V, 24 V, ou 48V m\u00f3dulos de bateria.<\/li>\n<li>\ud83d\udee1\ufe0f <strong>Seguran\u00e7a e consist\u00eancia de n\u00edvel automotivo:<\/strong> Como fornecedora automotiva de n\u00edvel 1, a Lishen garante um n\u00edvel de excel\u00eancia em termos de consist\u00eancia de tens\u00e3o, capacidade e resist\u00eancia interna. Cada c\u00e9lula possui uma estrutura prism\u00e1tica robusta de alum\u00ednio e uma v\u00e1lvula de seguran\u00e7a integrada, proporcionando a m\u00e1xima tranquilidade para instala\u00e7\u00f5es em ambientes internos ou m\u00f3veis. <\/li>\n<li>\ud83d\ude90 <strong>Excel\u00eancia em aplica\u00e7\u00f5es vers\u00e1teis:<\/strong> A combina\u00e7\u00e3o de alta capacidade e a qu\u00edmica est\u00e1vel do LFP tornam esta c\u00e9lula a solu\u00e7\u00e3o ideal para atualiza\u00e7\u00f5es de energia em ve\u00edculos recreativos (RV) de n\u00edvel profissional, bancos de energia para iates de luxo e cabanas solares fora da rede que exigem confiabilidade de n\u00edvel 1.<\/li>\n<\/ul>\n<\/div>\n","protected":false},"excerpt":{"rendered":"<p>Descubra a c\u00e9lula de bateria Lishen LP54173210 de 202 Ah LiFePO4, classe A, na DLCPO. Apresenta \u2265<span class=\"math-inline\" data-math=\"\\ge 3,000\" data-index-in-node=\"113\">3.000<\/span> ciclos, resist\u00eancia ultrabaixa \u2264<span class=\"math-inline\" data-math=\"0.4\\text&lt;wpml_curved wpml_value='m'&gt;&lt;\/wpml_curved&gt;\\Omega\" data-index-in-node=\"141\">0,4 m\u03a9<\/span> e consist\u00eancia de n\u00edvel automotivo. Perfeita para trailers, iates e sistemas de armazenamento de energia (ESS) fora da rede. <\/p>\n","protected":false},"featured_media":2365,"template":"","meta":{"_acf_changed":false,"_joinchat":[]},"product_brand":[],"product_cat":[911],"product_tag":[1108,1107,923,1105,1106],"class_list":{"0":"post-4982","1":"product","2":"type-product","3":"status-publish","4":"has-post-thumbnail","6":"product_cat-lishen","7":"product_tag-armazenamento-em-baterias-solares","8":"product_tag-celula-prismatica-lfp","9":"product_tag-dlcpo","10":"product_tag-lishen-202ah","11":"product_tag-lp54173210","12":"pa_capacity-202ah","14":"first","15":"instock","16":"shipping-taxable","17":"product-type-simple"},"acf":[],"_links":{"self":[{"href":"https:\/\/dlcpo.com\/pt-br\/wp-json\/wp\/v2\/product\/4982","targetHints":{"allow":["GET"]}}],"collection":[{"href":"https:\/\/dlcpo.com\/pt-br\/wp-json\/wp\/v2\/product"}],"about":[{"href":"https:\/\/dlcpo.com\/pt-br\/wp-json\/wp\/v2\/types\/product"}],"version-history":[{"count":1,"href":"https:\/\/dlcpo.com\/pt-br\/wp-json\/wp\/v2\/product\/4982\/revisions"}],"predecessor-version":[{"id":7088,"href":"https:\/\/dlcpo.com\/pt-br\/wp-json\/wp\/v2\/product\/4982\/revisions\/7088"}],"wp:featuredmedia":[{"embeddable":true,"href":"https:\/\/dlcpo.com\/pt-br\/wp-json\/wp\/v2\/media\/2365"}],"wp:attachment":[{"href":"https:\/\/dlcpo.com\/pt-br\/wp-json\/wp\/v2\/media?parent=4982"}],"wp:term":[{"taxonomy":"product_brand","embeddable":true,"href":"https:\/\/dlcpo.com\/pt-br\/wp-json\/wp\/v2\/product_brand?post=4982"},{"taxonomy":"product_cat","embeddable":true,"href":"https:\/\/dlcpo.com\/pt-br\/wp-json\/wp\/v2\/product_cat?post=4982"},{"taxonomy":"product_tag","embeddable":true,"href":"https:\/\/dlcpo.com\/pt-br\/wp-json\/wp\/v2\/product_tag?post=4982"}],"curies":[{"name":"wp","href":"https:\/\/api.w.org\/{rel}","templated":true}]}}