{"id":4962,"date":"2026-03-13T10:51:51","date_gmt":"2026-03-13T02:51:51","guid":{"rendered":"https:\/\/dlcpo.com\/celula-de-bateria-cilindrica-de-lifepo%e2%82%84-gotion-lir32135-15ah\/"},"modified":"2026-04-26T15:28:01","modified_gmt":"2026-04-26T07:28:01","slug":"celula-de-bateria-cilindrica-de-lifepo%e2%82%84-gotion-lir32135-15ah","status":"publish","type":"product","link":"https:\/\/dlcpo.com\/pt-br\/celula-de-bateria-cilindrica-de-lifepo%e2%82%84-gotion-lir32135-15ah\/","title":{"rendered":"Gotion LIR32135 3,2 V 15 Ah Grau A Cil\u00edndrica LiFePO4 Bateria C\u00e9lula \u2013 Alta pot\u00eancia de pico 3C \u2013 Vers\u00e1til LFP para mobilidade el\u00e9trica e ferramentas port\u00e1teis"},"content":{"rendered":"<div class=\"product-description-container\">\n<p>A <strong>Gotion LIR32135 15Ah cil\u00edndrica LiFePO4 bateria c\u00e9lula<\/strong> \u00e9 uma solu\u00e7\u00e3o energ\u00e9tica de alta qualidade projetada para oferecer a seguran\u00e7a e estabilidade estrutural de grandes c\u00e9lulas prism\u00e1ticas em uma forma mais compacta e flex\u00edvel cil\u00edndrica fator. Especificamente projetada para aplica\u00e7\u00f5es de alta densidade de pot\u00eancia, esta padronizada c\u00e9lula serve como o ideal bloco de constru\u00e7\u00e3o para a pr\u00f3xima gera\u00e7\u00e3o de bicicletas el\u00e9tricas, ferramentas el\u00e9tricas para servi\u00e7os pesados, e sistemas port\u00e1teis de armazenamento de energia de alto desempenho. <\/p>\n<h3>Vantagens t\u00e9cnicas avan\u00e7adas: o campe\u00e3o da pot\u00eancia vers\u00e1til<\/h3>\n<ul>\n<li>\ud83d\ude80 <strong>Alto desempenho em picos de corrente (descarga 3C):<\/strong> Embora otimizada para fornecimento constante de energia, a <strong>c\u00e9lula de bateria cil\u00edndrica LiFePO4 Gotion LIR32135 de 15Ah<\/strong> suporta uma descarga de pulso massiva de <strong>3C (45A)<\/strong>. Isso fornece o torque instant\u00e2neo necess\u00e1rio para motores el\u00e9tricos durante acelera\u00e7\u00f5es r\u00e1pidas, subidas em declives ou tarefas de levantamento de cargas pesadas. <\/li>\n<li>\u2744\ufe0f <strong>Resist\u00eancia ao frio extremo (-30 \u00b0C):<\/strong> Projetada para oferecer confiabilidade em qualquer condi\u00e7\u00e3o clim\u00e1tica, esta c\u00e9lula mant\u00e9m um desempenho de descarga est\u00e1vel mesmo em temperaturas congelantes de at\u00e9 <strong>-30 \u00b0C<\/strong>. Essa resist\u00eancia ambiental a torna superior a muitas alternativas cil\u00edndricas NMC padr\u00e3o em climas externos adversos. <\/li>\n<li>\ud83d\udd0b <strong>Durabilidade a longo prazo do ciclo:<\/strong> Classificada para <strong>\u22652.000 ciclos completos de descarga profunda <\/strong>, esta bateria de grau A garante anos de uso di\u00e1rio intensivo com perda m\u00ednima de capacidade. Essa longevidade reduz significativamente o custo total de posse (TCO) para bateria conjunto integradores e usu\u00e1rios finais igualmente. <\/li>\n<li>\ud83d\udd04 <strong>Fator de forma padronizado 32135:<\/strong> O design cil\u00edndrico-prism\u00e1tico h\u00edbrido oferece resist\u00eancia mec\u00e2nica superior e uma gest\u00e3o t\u00e9rmica mais f\u00e1cil em compara\u00e7\u00e3o com as c\u00e9lulas tipo bolsa. Suas dimens\u00f5es padronizadas permitem a montagem automatizada de conjuntos a alta velocidade, garantindo qualidade consistente na produ\u00e7\u00e3o em larga escala. <\/li>\n<li>\ud83d\udee0\ufe0f <strong>Integra\u00e7\u00e3o flex\u00edvel para ferramentas el\u00e9tricas:<\/strong> Com sua elevada rela\u00e7\u00e3o energia\/peso e o robusto perfil de seguran\u00e7a do LFP, o LIR32135 \u00e9 a escolha ideal para ferramentas sem fio de n\u00edvel industrial e equipamentos m\u00f3veis que exigem energia de alta pot\u00eancia instant\u00e2nea e segura em um pacote resistente \u00e0 vibra\u00e7\u00e3o.<\/li>\n<\/ul>\n<\/div>\n","protected":false},"excerpt":{"rendered":"<p>Compre a c\u00e9lula de bateria cil\u00edndrica LiFePO4 Gotion LIR32135 de 15 Ah na DLCPO. C\u00e9lula LFP 32135 de alto desempenho com descarga de pulso de 3C (45 A), resist\u00eancia ao frio de -30 \u00b0C e mais de 2.000 ciclos. <\/p>\n","protected":false},"featured_media":4958,"template":"","meta":{"_acf_changed":false,"_joinchat":[]},"product_brand":[],"product_cat":[908],"product_tag":[1081,1082,998,923,1080],"class_list":{"0":"post-4962","1":"product","2":"type-product","3":"status-publish","4":"has-post-thumbnail","6":"product_cat-gotion","7":"product_tag-32135-bateria","8":"product_tag-bateria-de-lifepo4-para-ferramentas-eletricas","9":"product_tag-celula-cilindrica-de-15-ah","10":"product_tag-dlcpo","11":"product_tag-gotion-lir32135","12":"pa_capacity-15ah","14":"first","15":"instock","16":"shipping-taxable","17":"product-type-simple"},"acf":[],"_links":{"self":[{"href":"https:\/\/dlcpo.com\/pt-br\/wp-json\/wp\/v2\/product\/4962","targetHints":{"allow":["GET"]}}],"collection":[{"href":"https:\/\/dlcpo.com\/pt-br\/wp-json\/wp\/v2\/product"}],"about":[{"href":"https:\/\/dlcpo.com\/pt-br\/wp-json\/wp\/v2\/types\/product"}],"version-history":[{"count":1,"href":"https:\/\/dlcpo.com\/pt-br\/wp-json\/wp\/v2\/product\/4962\/revisions"}],"predecessor-version":[{"id":7083,"href":"https:\/\/dlcpo.com\/pt-br\/wp-json\/wp\/v2\/product\/4962\/revisions\/7083"}],"wp:featuredmedia":[{"embeddable":true,"href":"https:\/\/dlcpo.com\/pt-br\/wp-json\/wp\/v2\/media\/4958"}],"wp:attachment":[{"href":"https:\/\/dlcpo.com\/pt-br\/wp-json\/wp\/v2\/media?parent=4962"}],"wp:term":[{"taxonomy":"product_brand","embeddable":true,"href":"https:\/\/dlcpo.com\/pt-br\/wp-json\/wp\/v2\/product_brand?post=4962"},{"taxonomy":"product_cat","embeddable":true,"href":"https:\/\/dlcpo.com\/pt-br\/wp-json\/wp\/v2\/product_cat?post=4962"},{"taxonomy":"product_tag","embeddable":true,"href":"https:\/\/dlcpo.com\/pt-br\/wp-json\/wp\/v2\/product_tag?post=4962"}],"curies":[{"name":"wp","href":"https:\/\/api.w.org\/{rel}","templated":true}]}}