{"id":4959,"date":"2026-03-13T11:19:29","date_gmt":"2026-03-13T03:19:29","guid":{"rendered":"https:\/\/dlcpo.com\/gotion-lfp20100140a-30ah-lifepo4-celula-de-alta-densidade-3c\/"},"modified":"2026-04-11T09:49:10","modified_gmt":"2026-04-11T01:49:10","slug":"gotion-lfp20100140a-30ah-lifepo4-celula-de-alta-densidade-3c","status":"publish","type":"product","link":"https:\/\/dlcpo.com\/pt-br\/gotion-lfp20100140a-30ah-lifepo4-celula-de-alta-densidade-3c\/","title":{"rendered":"C\u00e9lula de bateria prism\u00e1tica Gotion 30Ah 3,2V LiFePO4 de grau A \u2013 Alta densidade energ\u00e9tica de 175 Wh\/kg \u2013 Descarga 3C para ve\u00edculos el\u00e9tricos leves, ve\u00edculos guiados automaticamente (AGVs) e drones"},"content":{"rendered":"<div class=\"product-description-container\">\n<p>A <strong>c\u00e9lula Gotion LFP20100140A de 30 Ah LiFePO4 de alta densidade e 3C<\/strong> representa um avan\u00e7o significativo na engenharia do fosfato de ferro e l\u00edtio (LiFePO4). Enquanto a maioria das c\u00e9lulas LFP prioriza o custo em detrimento da densidade energ\u00e9tica, esta c\u00e9lula de pot\u00eancia atinge impressionantes <strong>175 Wh\/kg<\/strong>, rivalizando com muitas composi\u00e7\u00f5es qu\u00edmicas NMC, ao mesmo tempo em que mant\u00e9m a lend\u00e1ria seguran\u00e7a e a longa vida \u00fatil da plataforma LFP. <\/p>\n<h3>Avan\u00e7ado T\u00e9cnico Vantagens: O Leve Potente<\/h3>\n<ul>\n<li>\ud83d\ude80 <strong>Desempenho cont\u00ednuo 3C: <\/strong> Projetada para ciclos de energia exigentes, a <strong>C\u00e9lula Gotion LFP20100140A 30Ah LiFePO4 de alta densidade 3C<\/strong> suporta <strong>descarga cont\u00ednua 3C (90A)<\/strong>, proporcionando acelera\u00e7\u00e3o instant\u00e2nea e alto torque para ve\u00edculos el\u00e9tricos leves e maquin\u00e1rio industrial sem queda de tens\u00e3o.<\/li>\n<li>\u26a1 <strong>Carregamento r\u00e1pido 3C:<\/strong> Na log\u00edstica industrial, tempo \u00e9 dinheiro. A capacidade de carregamento 3C permite recarregar de 10% a 80% em aproximadamente <strong>15 a 20 minutos<\/strong>, reduzindo significativamente o tempo de inatividade de AGVs, rob\u00f4s m\u00f3veis e frotas de mobilidade compartilhada. <\/li>\n<li>\u2744\ufe0f <strong>Resili\u00eancia extrema em todas as condi\u00e7\u00f5es clim\u00e1ticas:<\/strong> Projetado para funcionar onde outros falham, o LFP20100140A mant\u00e9m desempenho de descarga confi\u00e1vel mesmo em condi\u00e7\u00f5es de frio condi\u00e7\u00f5es at\u00e9 <strong>-30 \u00b0C<\/strong>, tornando-a uma l\u00edder no mercado para aplica\u00e7\u00f5es industriais ao ar livre e da cadeia de frio .<\/li>\n<li>\ud83d\udd0b <strong>Densidade energ\u00e9tica incompar\u00e1vel (175 Wh\/kg):<\/strong> Ao otimizar a estrutura interna das c\u00e9lulas e a pureza dos materiais, a Gotion oferece mais energia em um formato mais compacto e leve. Isso permite a cria\u00e7\u00e3o de conjuntos de baterias de maior capacidade sem aumentar o peso total do ve\u00edculo ou do rob\u00f4. <\/li>\n<li>\ud83e\udd16 <strong>Especializada em rob\u00f3tica e AGVs:<\/strong> O formato prism\u00e1tico compacto e as altas taxas de descarga fazem desta c\u00e9lula de 30 Ah a escolha definitiva para ve\u00edculos guiados automaticamente (AGVs) e rob\u00f4s m\u00f3veis aut\u00f4nomos (AMRs) de \u00faltima gera\u00e7\u00e3o, que exigem estabilidade em ciclos intensivos e alta capacidade de carregamento r\u00e1pido.<\/li>\n<\/ul>\n<\/div>\n","protected":false},"excerpt":{"rendered":"<p>Compre a c\u00e9lula Gotion LFP20100140A de 30 Ah LiFePO4 de alta densidade e 3C na DLCPO. Apresenta densidade energ\u00e9tica de 175 Wh\/kg, carregamento r\u00e1pido 3C (15-20 min) e resist\u00eancia a temperaturas de at\u00e9 -30 \u00b0C. Ideal para ve\u00edculos guiados automaticamente (AGVs) e rob\u00f3tica m\u00f3vel.<\/p>\n","protected":false},"featured_media":2518,"template":"","meta":{"_acf_changed":false,"_joinchat":[]},"product_brand":[],"product_cat":[908],"product_tag":[948,1079,923,1077,1078],"class_list":{"0":"post-4959","1":"product","2":"type-product","3":"status-publish","4":"has-post-thumbnail","6":"product_cat-gotion","7":"product_tag-alta-densidade-lfp","8":"product_tag-carregamento-rapido-da-bateria","9":"product_tag-dlcpo","10":"product_tag-gotion-30ah","11":"product_tag-lfp20100140a","12":"pa_capacity-30ah","14":"first","15":"instock","16":"shipping-taxable","17":"product-type-simple"},"acf":[],"_links":{"self":[{"href":"https:\/\/dlcpo.com\/pt-br\/wp-json\/wp\/v2\/product\/4959","targetHints":{"allow":["GET"]}}],"collection":[{"href":"https:\/\/dlcpo.com\/pt-br\/wp-json\/wp\/v2\/product"}],"about":[{"href":"https:\/\/dlcpo.com\/pt-br\/wp-json\/wp\/v2\/types\/product"}],"version-history":[{"count":1,"href":"https:\/\/dlcpo.com\/pt-br\/wp-json\/wp\/v2\/product\/4959\/revisions"}],"predecessor-version":[{"id":7085,"href":"https:\/\/dlcpo.com\/pt-br\/wp-json\/wp\/v2\/product\/4959\/revisions\/7085"}],"wp:featuredmedia":[{"embeddable":true,"href":"https:\/\/dlcpo.com\/pt-br\/wp-json\/wp\/v2\/media\/2518"}],"wp:attachment":[{"href":"https:\/\/dlcpo.com\/pt-br\/wp-json\/wp\/v2\/media?parent=4959"}],"wp:term":[{"taxonomy":"product_brand","embeddable":true,"href":"https:\/\/dlcpo.com\/pt-br\/wp-json\/wp\/v2\/product_brand?post=4959"},{"taxonomy":"product_cat","embeddable":true,"href":"https:\/\/dlcpo.com\/pt-br\/wp-json\/wp\/v2\/product_cat?post=4959"},{"taxonomy":"product_tag","embeddable":true,"href":"https:\/\/dlcpo.com\/pt-br\/wp-json\/wp\/v2\/product_tag?post=4959"}],"curies":[{"name":"wp","href":"https:\/\/api.w.org\/{rel}","templated":true}]}}