{"id":4926,"date":"2026-03-13T15:10:59","date_gmt":"2026-03-13T07:10:59","guid":{"rendered":"https:\/\/dlcpo.com\/ganfeng-280ah-302ah-celula-de-bateria-lifepo4-ess-bev\/"},"modified":"2026-04-11T09:48:49","modified_gmt":"2026-04-11T01:48:49","slug":"ganfeng-280ah-302ah-celula-de-bateria-lifepo4-ess-bev","status":"publish","type":"product","link":"https:\/\/dlcpo.com\/pt-br\/ganfeng-280ah-302ah-celula-de-bateria-lifepo4-ess-bev\/","title":{"rendered":"Ganfeng 280Ah 3.2V Grade A LiFePO4 Prismatic Battery Cell \u2013 280Ah &amp; 302Ah Series \u2013 8000 Cycles Solar Storage or 175Wh\/kg High-Density Power"},"content":{"rendered":"<div class=\"product-description-container\">\n<p>A s\u00e9rie <strong>Ganfeng 280Ah 302Ah LiFePO4 Battery Cell ESS BEV<\/strong> representa o auge da engenharia de c\u00e9lulas prism\u00e1ticas de LFP de um l\u00edder global no ecossistema do l\u00edtio. Utilizando o formato padr\u00e3o da ind\u00fastria <strong>71 * 173 * 207 mm<\/strong>, a Ganfeng Lithium (GFB) oferece tr\u00eas especifica\u00e7\u00f5es distintas, adaptadas para atender \u00e0s necessidades espec\u00edficas do seu projeto \u2014 priorizando seja a longevidade extrema, seja a capacidade m\u00e1xima. <\/p>\n<h3>Sele\u00e7\u00e3o de modelo: adaptado para armazenamento e mobilidade<\/h3>\n<ul>\n<li>\ud83d\udccf <strong>Fator de forma padr\u00e3o unificado:<\/strong> Todas as vers\u00f5es da <strong>C\u00e9lula de bateria LiFePO4 Ganfeng 280Ah 302Ah para ESS e BEV<\/strong> apresentam exatamente as mesmas dimens\u00f5es f\u00edsicas. Isso permite que os integradores de sistemas aumentem a capacidade do sistema ou a vida \u00fatil sem precisar reprojetar os gabinetes das baterias ou o layout das barras coletoras. <\/li>\n<li>\u23f3 <strong>280Ah (The Storage Expert &#8211; 8.000 ciclos):<\/strong> Projetado para armazenamento de energia residencial e comercial de ponta, este modelo ultrapassa os limites da durabilidade. Com classifica\u00e7\u00e3o para <strong>\u22658.000 ciclos<\/strong> a 0,5P, ele oferece mais de 20 anos de vida \u00fatil confi\u00e1vel, proporcionando o menor Custo Nivelado de Armazenamento (LCOS). <\/li>\n<li>\ud83d\ude80 <strong>302 Ah (O Rei da Capacidade &#8211; 175 Wh\/kg):<\/strong> A op\u00e7\u00e3o premium para alto -desempenho EV convers\u00f5es e constru\u00e7\u00f5es mar\u00edtimas com restri\u00e7\u00f5es de espa\u00e7o constru\u00e7\u00f5es. Ao atingir uma alta densidade energ\u00e9tica de <strong>175 Wh\/kg<\/strong>, ela oferece 22 Ah a mais de capacidade no mesmo volume que a26&gt; volume que o modelo de 280 Ah ao mesmo tempo em que suporta <strong>taxas de carga\/descarga de 1C<\/strong>. <\/li>\n<li>\u26a1 <strong>277 Ah (Vers\u00e3o de Desempenho para BEV):<\/strong> Otimizado especificamente para ve\u00edculos el\u00e9tricos, o modelo de 277 Ah equilibra a recarga r\u00e1pida com a estabilidade exigida no setor automotivo. Assim como a vers\u00e3o de 302 Ah, ele suporta uma <strong>taxa de descarga de 1C<\/strong> sustentada para demandas de alto torque. <\/li>\n<li>\ud83c\udfc5 <strong>Fabrica\u00e7\u00e3o e classifica\u00e7\u00e3o gratuita da Ganfeng (N\u00edvel 1):<\/strong> Como l\u00edder global no setor de l\u00edtio, a Ganfeng garante uma consist\u00eancia rigorosa em todas as c\u00e9lulas de grau A. Para maximizar o desempenho da sua bateria, <strong>a DLCPO inclui um servi\u00e7o gratuito de classifica\u00e7\u00e3o<\/strong>, garantindo que cada c\u00e9lula do seu lote apresente resist\u00eancia interna e tens\u00e3o compat\u00edveis. <\/li>\n<\/ul>\n<\/div>\n","protected":false},"excerpt":{"rendered":"<p>Descubra as c\u00e9lulas de bateria LiFePO4 Ganfeng de 280 Ah e 302 Ah das s\u00e9ries ESS e BEV na DLCPO. Oferecem 8.000 ciclos para ESS e at\u00e9 175 Wh\/kg para BEV. C\u00e9lulas de grau A com classifica\u00e7\u00e3o gratuita inclu\u00edda.  <\/p>\n","protected":false},"featured_media":2544,"template":"","meta":{"_acf_changed":false,"_joinchat":[]},"product_brand":[],"product_cat":[907],"product_tag":[1059,923,1058,1054,1060],"class_list":{"0":"post-4926","1":"product","2":"type-product","3":"status-publish","4":"has-post-thumbnail","6":"product_cat-ganfeng","7":"product_tag-302ah-bev","8":"product_tag-dlcpo","9":"product_tag-ess-de-280-ah","10":"product_tag-ganfeng-gfb","11":"product_tag-lfp-prismatico","12":"pa_capacity-280ah","14":"first","15":"instock","16":"shipping-taxable","17":"product-type-simple"},"acf":[],"_links":{"self":[{"href":"https:\/\/dlcpo.com\/pt-br\/wp-json\/wp\/v2\/product\/4926","targetHints":{"allow":["GET"]}}],"collection":[{"href":"https:\/\/dlcpo.com\/pt-br\/wp-json\/wp\/v2\/product"}],"about":[{"href":"https:\/\/dlcpo.com\/pt-br\/wp-json\/wp\/v2\/types\/product"}],"version-history":[{"count":1,"href":"https:\/\/dlcpo.com\/pt-br\/wp-json\/wp\/v2\/product\/4926\/revisions"}],"predecessor-version":[{"id":7064,"href":"https:\/\/dlcpo.com\/pt-br\/wp-json\/wp\/v2\/product\/4926\/revisions\/7064"}],"wp:featuredmedia":[{"embeddable":true,"href":"https:\/\/dlcpo.com\/pt-br\/wp-json\/wp\/v2\/media\/2544"}],"wp:attachment":[{"href":"https:\/\/dlcpo.com\/pt-br\/wp-json\/wp\/v2\/media?parent=4926"}],"wp:term":[{"taxonomy":"product_brand","embeddable":true,"href":"https:\/\/dlcpo.com\/pt-br\/wp-json\/wp\/v2\/product_brand?post=4926"},{"taxonomy":"product_cat","embeddable":true,"href":"https:\/\/dlcpo.com\/pt-br\/wp-json\/wp\/v2\/product_cat?post=4926"},{"taxonomy":"product_tag","embeddable":true,"href":"https:\/\/dlcpo.com\/pt-br\/wp-json\/wp\/v2\/product_tag?post=4926"}],"curies":[{"name":"wp","href":"https:\/\/api.w.org\/{rel}","templated":true}]}}