{"id":4915,"date":"2026-03-13T16:07:10","date_gmt":"2026-03-13T08:07:10","guid":{"rendered":"https:\/\/dlcpo.com\/celula-de-bateria-lifepo%e2%82%84-de-alta-potencia-de-200-ah-gsp54173192f\/"},"modified":"2026-04-11T09:48:46","modified_gmt":"2026-04-11T01:48:46","slug":"celula-de-bateria-lifepo%e2%82%84-de-alta-potencia-de-200-ah-gsp54173192f","status":"publish","type":"product","link":"https:\/\/dlcpo.com\/pt-br\/celula-de-bateria-lifepo%e2%82%84-de-alta-potencia-de-200-ah-gsp54173192f\/","title":{"rendered":"Excelente Pot\u00eancia GSP54173192F 200Ah 3,2V LiFePO4 Bateria C\u00e9lula \u2013 Perfil de baixa altura de 192 mm para racks de servidor 3U\/4U Servidor Racks e Telecom ESS"},"content":{"rendered":"<div class=\"product-description-container\">\n<p>A c\u00e9lula de bateria LiFePO4 de 200 Ah da Great Power, modelo GSP54173192F (fabricada pela PengHui Energy), \u00e9 uma c\u00e9lula prism\u00e1tica especializada, projetada especificamente para armazenamento profissional de energia de alta densidade. Ao contr\u00e1rio das c\u00e9lulas prism\u00e1ticas padr\u00e3o, que priorizam a capacidade bruta em detrimento da facilidade de instala\u00e7\u00e3o, este modelo foi projetado para se destacar em ambientes onde cada mil\u00edmetro de espa\u00e7o vertical \u00e9 um luxo. <\/p>\n<h3>Principais vantagens de desempenho: o padr\u00e3o industrial compacto<\/h3>\n<ul>\n<li>\ud83d\udccf <strong>Perfil de baixa altura de 192 mm:<\/strong> Enquanto a maioria das c\u00e9lulas prism\u00e1ticas na faixa de 200 Ah ou mais tem entre 200 e 210 mm de altura, a <strong>C\u00e9lula de bateria LiFePO4 Great Power 200 Ah GSP54173192F<\/strong> mede exatamente <strong>192 mm de altura<\/strong>. Essa redu\u00e7\u00e3o significativa permite a integra\u00e7\u00e3o perfeita em caixas de bateria padr\u00e3o de telecomunica\u00e7\u00f5es 3U ou 4U e m\u00f3dulos de rack de servidor, sem o risco de interfer\u00eancia nos terminais. <\/li>\n<li>\ud83c\udfed <strong>Excel\u00eancia em fabrica\u00e7\u00e3o de ponta:<\/strong> A Great Power \u00e9 consistentemente classificada entre as <strong>tr\u00eas maiores do mundo<\/strong> em remessas de sistemas de armazenamento de energia industrial. Ao escolher esta marca, voc\u00ea tem a garantia de receber um produto com consist\u00eancia de n\u00edvel mundial, rigoroso controle de qualidade de padr\u00e3o automotivo e confiabilidade comprovada em campo em sistemas de miss\u00e3o cr\u00edtica. <\/li>\n<li>\ud83d\udd0b <strong>Confiabilidade de longa dura\u00e7\u00e3o (mais de 4.000 ciclos):<\/strong> Com capacidade nominal para <strong>\u22654.000 ciclos profundos<\/strong>, esta c\u00e9lula de grau A oferece mais de uma d\u00e9cada de servi\u00e7o di\u00e1rio. Ela oferece um retorno sobre o investimento (ROI) excepcional para sistemas de backup solar, projetos de ESS fora da rede e ciclos industriais de alta exig\u00eancia, onde a longevidade \u00e9 a principal preocupa\u00e7\u00e3o. <\/li>\n<li>\ud83d\udee1\ufe0f <strong>Seguran\u00e7a prism\u00e1tica de n\u00edvel industrial:<\/strong> Envolvida por uma estrutura prism\u00e1tica robusta de alum\u00ednio soldada a laser, a GSP54173192F oferece integridade estrutural e gerenciamento t\u00e9rmico superiores. A qu\u00edmica est\u00e1vel do LFP garante risco zero de fuga t\u00e9rmica, tornando-a segura para instala\u00e7\u00f5es em data centers internos de alta densidade.<\/li>\n<li>\u2699\ufe0f <strong>Integra\u00e7\u00e3o perfeita ao sistema:<\/strong> Projetadas com terminais padr\u00e3o e um design compacto, essas c\u00e9lulas s\u00e3o f\u00e1ceis de configurar em cadeias de 16S (48 V) ou 32S (96 V). Essa versatilidade as torna a solu\u00e7\u00e3o ideal para a integra\u00e7\u00e3o de energia renov\u00e1vel e sistemas de backup UPS em todo o mundo. <\/li>\n<\/ul>\n<\/div>\n","protected":false},"excerpt":{"rendered":"<p>Descubra a c\u00e9lula de bateria Great Power 200Ah LiFePO4 GSP54173192F na DLCPO. Com altura otimizada de 192 mm para sistemas de rack 3U\/4U, \u2265<span class=\"math-inline\" data-math=\"\\ge 4,000\" data-index-in-node=\"159\">4.000<\/span> ciclos e uma das tr\u00eas maiores confiabilidades de fabrica\u00e7\u00e3o do mundo.<\/p>\n","protected":false},"featured_media":2555,"template":"","meta":{"_acf_changed":false,"_joinchat":[]},"product_brand":[],"product_cat":[909],"product_tag":[1049,923,1046,1047,1048],"class_list":{"0":"post-4915","1":"product","2":"type-product","3":"status-publish","4":"has-post-thumbnail","6":"product_cat-great-power","7":"product_tag-armazenamento-de-energia-por-bateria-para-telecomunicacoes","8":"product_tag-dlcpo","9":"product_tag-great-power-200ah","10":"product_tag-gsp54173192f","11":"product_tag-perfil-baixo-prismatico-celula","12":"pa_capacity-200ah","14":"first","15":"instock","16":"shipping-taxable","17":"product-type-simple"},"acf":[],"_links":{"self":[{"href":"https:\/\/dlcpo.com\/pt-br\/wp-json\/wp\/v2\/product\/4915","targetHints":{"allow":["GET"]}}],"collection":[{"href":"https:\/\/dlcpo.com\/pt-br\/wp-json\/wp\/v2\/product"}],"about":[{"href":"https:\/\/dlcpo.com\/pt-br\/wp-json\/wp\/v2\/types\/product"}],"version-history":[{"count":1,"href":"https:\/\/dlcpo.com\/pt-br\/wp-json\/wp\/v2\/product\/4915\/revisions"}],"predecessor-version":[{"id":4917,"href":"https:\/\/dlcpo.com\/pt-br\/wp-json\/wp\/v2\/product\/4915\/revisions\/4917"}],"wp:featuredmedia":[{"embeddable":true,"href":"https:\/\/dlcpo.com\/pt-br\/wp-json\/wp\/v2\/media\/2555"}],"wp:attachment":[{"href":"https:\/\/dlcpo.com\/pt-br\/wp-json\/wp\/v2\/media?parent=4915"}],"wp:term":[{"taxonomy":"product_brand","embeddable":true,"href":"https:\/\/dlcpo.com\/pt-br\/wp-json\/wp\/v2\/product_brand?post=4915"},{"taxonomy":"product_cat","embeddable":true,"href":"https:\/\/dlcpo.com\/pt-br\/wp-json\/wp\/v2\/product_cat?post=4915"},{"taxonomy":"product_tag","embeddable":true,"href":"https:\/\/dlcpo.com\/pt-br\/wp-json\/wp\/v2\/product_tag?post=4915"}],"curies":[{"name":"wp","href":"https:\/\/api.w.org\/{rel}","templated":true}]}}