{"id":4913,"date":"2026-03-13T16:51:26","date_gmt":"2026-03-13T08:51:26","guid":{"rendered":"https:\/\/dlcpo.com\/celula-de-bateria-great-power-de-100-ah-lifepo%e2%82%84-gsp34135214f\/"},"modified":"2026-04-11T09:48:38","modified_gmt":"2026-04-11T01:48:38","slug":"celula-de-bateria-great-power-de-100-ah-lifepo%e2%82%84-gsp34135214f","status":"publish","type":"product","link":"https:\/\/dlcpo.com\/pt-br\/celula-de-bateria-great-power-de-100-ah-lifepo%e2%82%84-gsp34135214f\/","title":{"rendered":"C\u00e9lula de bateria prism\u00e1tica fina Great Power 100Ah 3,2V LiFePO4 GSP34135214F \u2013 Perfil ultrafino de 34 mm para sistemas de armazenamento de energia (ESS) em racks de telecomunica\u00e7\u00f5es e servidores"},"content":{"rendered":"<div class=\"product-description-container\">\n<p>A <strong>c\u00e9lula de bateria Great Power 100Ah LiFePO4 GSP34135214F<\/strong> \u00e9 uma solu\u00e7\u00e3o prism\u00e1tica especializada projetada para uma finalidade industrial espec\u00edfica: m\u00e1xima efici\u00eancia de espa\u00e7o. Com uma espessura exclusiva de apenas <strong>34 mm<\/strong>, ela oferece um fator de forma diferente das c\u00e9lulas prism\u00e1ticas VDA padr\u00e3o, o que a torna a principal op\u00e7\u00e3o para o acondicionamento de alta densidade em gabinetes estreitos industriais e de telecomunica\u00e7\u00f5es. <\/p>\n<h3>Principais vantagens t\u00e9cnicas: O especialista em perfil fino<\/h3>\n<ul>\n<li><strong>Design ultrafino de 34 mm:<\/strong> Significativamente mais fina do que a maioria das c\u00e9lulas de 100Ah do mercado, a <strong>c\u00e9lula de bateria Great Power 100Ah LiFePO4 GSP34135214F<\/strong> permite op\u00e7\u00f5es inovadoras de embalagem. \u00c9 o componente definitivo para a constru\u00e7\u00e3o de m\u00f3dulos de montagem em rack de 1U ou 2U e sistemas de armazenamento de energia (ESS) residenciais ultrafinos. <\/li>\n<li><strong>Pedigree em telecomunica\u00e7\u00f5es e UPS:<\/strong> A Great Power (PengHui Energy) \u00e9 um fornecedor de primeira linha para o setor de comunica\u00e7\u00f5es globais. Essa c\u00e9lula foi projetada especificamente para oferecer confiabilidade excepcional em aplica\u00e7\u00f5es de espera, garantindo que seus sistemas de miss\u00e3o cr\u00edtica e data centers permane\u00e7am on-line durante falhas na rede el\u00e9trica. <\/li>\n<li><strong>Durabilidade de n\u00edvel industrial:<\/strong> Classificada para \u22652 <strong>.000 ciclos profundos<\/strong> com rigoroso controle de qualidade de um dos 3 principais fabricantes globais. Ela oferece uma solu\u00e7\u00e3o de armazenamento de energia est\u00e1vel e de alto desempenho que supera as baterias tradicionais de chumbo-\u00e1cido em projetos comerciais e residenciais. <\/li>\n<li>\ud83d\udee1\ufe0f <strong>Seguran\u00e7a prism\u00e1tica superior:<\/strong> Envolvido em um inv\u00f3lucro de alum\u00ednio robusto, esse design prism\u00e1tico oferece maior integridade estrutural e melhor resist\u00eancia a perfura\u00e7\u00f5es do que as c\u00e9lulas de bolsa. A qu\u00edmica inerentemente segura do LFP elimina os riscos de fuga t\u00e9rmica, proporcionando seguran\u00e7a para instala\u00e7\u00f5es internas de alta densidade. <\/li>\n<li>\ud83c\udf21\ufe0f <strong>Desempenho t\u00e9rmico otimizado:<\/strong> O perfil fino de 34 mm aumenta a rela\u00e7\u00e3o entre a \u00e1rea de superf\u00edcie e o volume, facilitando a dissipa\u00e7\u00e3o mais r\u00e1pida do calor. Essa \u00e9 uma vantagem essencial para racks de bateria de alta densidade, em que a manuten\u00e7\u00e3o de temperaturas operacionais consistentes \u00e9 fundamental para a longevidade do sistema. <\/li>\n<\/ul>\n<\/div>\n","protected":false},"excerpt":{"rendered":"<p>Descubra a c\u00e9lula de bateria Great Power 100Ah LiFePO4 GSP34135214F na DLCPO. Apresenta um perfil ultrafino de 34 mm, \u22652<span class=\"math-inline\" data-math=\"\\ge 2,000\" data-index-in-node=\"140\">.000<\/span> ciclos e confiabilidade de n\u00edvel de telecomunica\u00e7\u00f5es. Perfeita para montagem em rack 1U\/2U e sistemas UPS. <\/p>\n","protected":false},"featured_media":2559,"template":"","meta":{"_acf_changed":false,"_joinchat":[]},"product_brand":[],"product_cat":[909],"product_tag":[1044,923,1037,1043,1045],"class_list":{"0":"post-4913","1":"product","2":"type-product","3":"status-publish","4":"has-post-thumbnail","6":"product_cat-great-power","7":"product_tag-celula-de-bateria-fina","8":"product_tag-dlcpo","9":"product_tag-grande-potencia-100ah","10":"product_tag-gsp34135214f","11":"product_tag-solucao-de-bateria-para-ups","12":"pa_capacity-100ah","14":"first","15":"instock","16":"shipping-taxable","17":"product-type-simple"},"acf":[],"_links":{"self":[{"href":"https:\/\/dlcpo.com\/pt-br\/wp-json\/wp\/v2\/product\/4913","targetHints":{"allow":["GET"]}}],"collection":[{"href":"https:\/\/dlcpo.com\/pt-br\/wp-json\/wp\/v2\/product"}],"about":[{"href":"https:\/\/dlcpo.com\/pt-br\/wp-json\/wp\/v2\/types\/product"}],"version-history":[{"count":1,"href":"https:\/\/dlcpo.com\/pt-br\/wp-json\/wp\/v2\/product\/4913\/revisions"}],"predecessor-version":[{"id":7057,"href":"https:\/\/dlcpo.com\/pt-br\/wp-json\/wp\/v2\/product\/4913\/revisions\/7057"}],"wp:featuredmedia":[{"embeddable":true,"href":"https:\/\/dlcpo.com\/pt-br\/wp-json\/wp\/v2\/media\/2559"}],"wp:attachment":[{"href":"https:\/\/dlcpo.com\/pt-br\/wp-json\/wp\/v2\/media?parent=4913"}],"wp:term":[{"taxonomy":"product_brand","embeddable":true,"href":"https:\/\/dlcpo.com\/pt-br\/wp-json\/wp\/v2\/product_brand?post=4913"},{"taxonomy":"product_cat","embeddable":true,"href":"https:\/\/dlcpo.com\/pt-br\/wp-json\/wp\/v2\/product_cat?post=4913"},{"taxonomy":"product_tag","embeddable":true,"href":"https:\/\/dlcpo.com\/pt-br\/wp-json\/wp\/v2\/product_tag?post=4913"}],"curies":[{"name":"wp","href":"https:\/\/api.w.org\/{rel}","templated":true}]}}