{"id":4890,"date":"2026-03-13T19:38:00","date_gmt":"2026-03-13T11:38:00","guid":{"rendered":"https:\/\/dlcpo.com\/etc-135ah-celula-de-bateria-lifepo%e2%82%84-perfil-baixo-170-mm\/"},"modified":"2026-04-11T09:49:10","modified_gmt":"2026-04-11T01:49:10","slug":"etc-135ah-celula-de-bateria-lifepo%e2%82%84-perfil-baixo-170-mm","status":"publish","type":"product","link":"https:\/\/dlcpo.com\/pt-br\/etc-135ah-celula-de-bateria-lifepo%e2%82%84-perfil-baixo-170-mm\/","title":{"rendered":"C\u00e9lula de bateria prism\u00e1tica ETC 135Ah 3.2V Grade A LiFePO4 &#8211; Perfil baixo, 170 mm de altura &#8211; Mais de 6.000 ciclos para carrinhos de golfe, bases de assento mar\u00edtimas e de ve\u00edculos recreativos"},"content":{"rendered":"<div class=\"product-description-container\">\n<p>A <strong>c\u00e9lula de bateria ETC 135Ah LiFePO4 Low Profile 170mm<\/strong> aborda um desafio comum em retrofits de bateria: espa\u00e7o vertical limitado. Com uma altura precisa <strong>de 170,6 mm<\/strong>, essa c\u00e9lula \u00e9 significativamente mais curta do que as c\u00e9lulas prism\u00e1ticas padr\u00e3o de mais de 200 mm, o que a torna a solu\u00e7\u00e3o de energia perfeita para instala\u00e7\u00f5es com espa\u00e7o restrito, onde cada mil\u00edmetro conta para a capacidade do sistema. <\/p>\n<h3>Por que essa c\u00e9lula \u00e9 a melhor &#8220;solu\u00e7\u00e3o para todos os problemas&#8221;:<\/h3>\n<ul>\n<li><strong>Cabe onde os outros n\u00e3o cabem:<\/strong> ideal para <strong>carrinhos de golfe, arm\u00e1rios mar\u00edtimos e bases de assentos de ve\u00edculos recreativos<\/strong>. A <strong>c\u00e9lula de bateria ETC 135Ah LiFePO4 de perfil baixo 170 mm<\/strong> permite que voc\u00ea crie um banco de l\u00edtio de alta capacidade sem modifica\u00e7\u00f5es dispendiosas nas tampas do compartimento da bateria ou no chassi do ve\u00edculo. <\/li>\n<li>\u26a1 <strong>Desempenho duradouro (mais de 6.000 ciclos):<\/strong> N\u00e3o comprometa a vida \u00fatil em prol do tamanho. Classificada para <strong>\u22656.000 ciclos de descarga profunda<\/strong>, esta c\u00e9lula oferece durabilidade de n\u00edvel automotivo. Ela garante que seu investimento dure mais de 5 vezes mais do que as baterias tradicionais de chumbo-\u00e1cido, proporcionando mais de uma d\u00e9cada de energia confi\u00e1vel.  <\/li>\n<li>\u26a1 <strong>Alta capacidade de pot\u00eancia de pulso:<\/strong> Embora seja eficiente para armazenamento estacion\u00e1rio, esta c\u00e9lula oferece um forte impacto para mobilidade. Capaz de uma <strong>descarga de pulso de 240 A por at\u00e9 120 segundos<\/strong>, ele facilmente suporta as correntes de pico necess\u00e1rias para dar partida el\u00e9tricos motores e mant\u00e9m o torque em ve\u00edculos utilit\u00e1rios de servi\u00e7o pesado. <\/li>\n<li><strong>Engenharia prism\u00e1tica de grau A:<\/strong> Proveniente das avan\u00e7adas linhas de produ\u00e7\u00e3o automatizadas da ETC (Wuhu Tianyi), cada c\u00e9lula mant\u00e9m uma consist\u00eancia excepcional em termos de tens\u00e3o e resist\u00eancia interna. Essa alta precis\u00e3o \u00e9 fundamental para a estabilidade, a seguran\u00e7a e o equil\u00edbrio de longo prazo dos conjuntos de baterias de grande escala. <\/li>\n<li>\u26a1 <strong>Excelente integridade t\u00e9rmica e estrutural:<\/strong> Envolvida por uma robusta estrutura prism\u00e1tica de alum\u00ednio, a c\u00e9lula oferece excelente dissipa\u00e7\u00e3o de calor e resist\u00eancia \u00e0 vibra\u00e7\u00e3o. Combinada com a composi\u00e7\u00e3o qu\u00edmica LFP, inerentemente segura, ela garante tranquilidade em ambientes m\u00f3veis de alta exig\u00eancia. <\/li>\n<\/ul>\n<\/div>\n","protected":false},"excerpt":{"rendered":"<p>A c\u00e9lula de bateria ETC 135Ah LiFePO4 de perfil baixo de 170 mm na DLCPO \u00e9 a solu\u00e7\u00e3o definitiva para o espa\u00e7o vertical. Apresenta 170,6 mm de altura, mais de 6.000 ciclos e descarga de pulso de 240 A para carrinhos de golfe e ve\u00edculos recreativos. <\/p>\n","protected":false},"featured_media":2583,"template":"","meta":{"_acf_changed":false,"_joinchat":[]},"product_brand":[],"product_cat":[904],"product_tag":[958,1027,1017,923,1026],"class_list":{"0":"post-4890","1":"product","2":"type-product","3":"status-publish","4":"has-post-thumbnail","6":"product_cat-etc","7":"product_tag-6-000-ciclos-lfp","8":"product_tag-atualizacao-da-bateria-do-carrinho-de-golfe","9":"product_tag-bateria-de-perfil-baixo","10":"product_tag-dlcpo","11":"product_tag-etc-135ah","12":"pa_capacity-135ah","14":"first","15":"instock","16":"shipping-taxable","17":"product-type-simple"},"acf":[],"_links":{"self":[{"href":"https:\/\/dlcpo.com\/pt-br\/wp-json\/wp\/v2\/product\/4890","targetHints":{"allow":["GET"]}}],"collection":[{"href":"https:\/\/dlcpo.com\/pt-br\/wp-json\/wp\/v2\/product"}],"about":[{"href":"https:\/\/dlcpo.com\/pt-br\/wp-json\/wp\/v2\/types\/product"}],"version-history":[{"count":2,"href":"https:\/\/dlcpo.com\/pt-br\/wp-json\/wp\/v2\/product\/4890\/revisions"}],"predecessor-version":[{"id":7084,"href":"https:\/\/dlcpo.com\/pt-br\/wp-json\/wp\/v2\/product\/4890\/revisions\/7084"}],"wp:featuredmedia":[{"embeddable":true,"href":"https:\/\/dlcpo.com\/pt-br\/wp-json\/wp\/v2\/media\/2583"}],"wp:attachment":[{"href":"https:\/\/dlcpo.com\/pt-br\/wp-json\/wp\/v2\/media?parent=4890"}],"wp:term":[{"taxonomy":"product_brand","embeddable":true,"href":"https:\/\/dlcpo.com\/pt-br\/wp-json\/wp\/v2\/product_brand?post=4890"},{"taxonomy":"product_cat","embeddable":true,"href":"https:\/\/dlcpo.com\/pt-br\/wp-json\/wp\/v2\/product_cat?post=4890"},{"taxonomy":"product_tag","embeddable":true,"href":"https:\/\/dlcpo.com\/pt-br\/wp-json\/wp\/v2\/product_tag?post=4890"}],"curies":[{"name":"wp","href":"https:\/\/api.w.org\/{rel}","templated":true}]}}