{"id":4885,"date":"2026-03-13T19:49:13","date_gmt":"2026-03-13T11:49:13","guid":{"rendered":"https:\/\/dlcpo.com\/etc-ec-au200-nah3l7-200ah-celula-de-bateria-lifepo4\/"},"modified":"2026-04-11T09:49:12","modified_gmt":"2026-04-11T01:49:12","slug":"etc-ec-au200-nah3l7-200ah-celula-de-bateria-lifepo4","status":"publish","type":"product","link":"https:\/\/dlcpo.com\/pt-br\/etc-ec-au200-nah3l7-200ah-celula-de-bateria-lifepo4\/","title":{"rendered":"C\u00e9lula de bateria prism\u00e1tica ETC 200Ah 3.2V Grau A LiFePO4 &#8211; Perfil fino de 54 mm &#8211; Mais de 4.000 ciclos de energia de alta efici\u00eancia para ve\u00edculos recreativos, mar\u00edtimos e ESS solar"},"content":{"rendered":"<div class=\"product-description-container\">\n<p>A <strong>c\u00e9lula de bateria ETC EC-AU200-NAH3L7 200Ah LiFePO4<\/strong> atinge o &#8220;ponto ideal&#8221; para projetos profissionais de armazenamento de energia. Ao oferecer o dobro da capacidade das c\u00e9lulas padr\u00e3o de 100Ah em uma \u00fanica unidade de alta densidade, ela simplifica significativamente a fia\u00e7\u00e3o do sistema e melhora a confiabilidade geral do pacote. Encapsulada em um inv\u00f3lucro fino de alum\u00ednio de grau automotivo, ela oferece armazenamento substancial sem a penalidade de peso excessivo das unidades maiores de 280Ah.  <\/p>\n<h3>Principais Destaques t\u00e9cnicos: O Equilibrado Armazenamento Campe\u00e3o<\/h3>\n<ul>\n<li><strong>Longevidade confi\u00e1vel (mais de 4.000 ciclos):<\/strong> Classificada para \u22654 <strong>.000 ciclos<\/strong> em condi\u00e7\u00f5es padr\u00e3o, a <strong>c\u00e9lula de bateria ETC EC-AU200-NAH3L7 200Ah LiFePO4<\/strong> oferece excelente durabilidade para investimentos de longo prazo. Em cen\u00e1rios t\u00edpicos de ciclos di\u00e1rios, como o armazenamento solar, isso se traduz em mais de 10 anos de vida \u00fatil confi\u00e1vel antes de atingir 80% de reten\u00e7\u00e3o de capacidade. <\/li>\n<li>\ud83d\udccf <strong>Formato fino de 54 mm:<\/strong> O espa\u00e7o f\u00edsico \u00e9 um luxo em montagens de dispositivos m\u00f3veis. Ao contr\u00e1rio das c\u00e9lulas padr\u00e3o de 280 Ah, com largura mais volumosa de 72 mm, este modelo de 200 Ah apresenta uma espessura fina de <strong>53,7 mm<\/strong>. Isso permite projetos de caixas de bateria mais criativos e com melhor aproveitamento de espa\u00e7o, especialmente em compartimentos apertados de trailers e salas de m\u00e1quinas de embarca\u00e7\u00f5es.  <\/li>\n<li>\u2696\ufe0f <strong>Leveza Efici\u00eancia:<\/strong> Pesando apenas <strong>3,98 kg<\/strong>, estas c\u00e9lulas permitem a constru\u00e7\u00e3o de bancos de bateria substanciais a17&gt; que permanecem pr\u00e1ticas para configura\u00e7\u00f5es port\u00e1teis ou m\u00f3veis. Um conjunto completo de 12 V 200 Ah (2,56 kWh) conjunto constru\u00eddo com estas c\u00e9lulas pesa apenas ~16 kg, oferecendo uma enorme vantagem de rela\u00e7\u00e3o energia-peso. <\/li>\n<li><strong>Consist\u00eancia de n\u00edvel automotivo:<\/strong> Provenientes das linhas de produ\u00e7\u00e3o automatizadas de \u00faltima gera\u00e7\u00e3o da ETC (Wuhu Tianyi), cada c\u00e9lula \u00e9 submetida a testes rigorosos para garantir a consist\u00eancia estrita da resist\u00eancia interna e da tens\u00e3o &#8211; essenciais para manter o equil\u00edbrio em configura\u00e7\u00f5es em s\u00e9rie-paralelo em larga escala.<\/li>\n<li>\ud83d\udee0\ufe0f <strong>Integra\u00e7\u00e3o simplificada do sistema:<\/strong> A capacidade de 200Ah reduz o n\u00famero de c\u00e9lulas necess\u00e1rias em compara\u00e7\u00e3o com as constru\u00e7\u00f5es de 100Ah, o que significa menos barramentos, menos pontos de conex\u00e3o BMS e menos locais de falha em potencial, levando a um sistema de energia mais seguro e mais robusto.<\/li>\n<\/ul>\n<\/div>\n","protected":false},"excerpt":{"rendered":"<p>Descubra a c\u00e9lula de bateria ETC EC-AU200-NAH3L7 200Ah LiFePO4 na DLCPO. Com um design fino de 53,7 mm, constru\u00e7\u00e3o leve de 3,98 kg e mais de 4.000 ciclos. O equil\u00edbrio perfeito para ESS mar\u00edtimo compacto e RV.  <\/p>\n","protected":false},"featured_media":2587,"template":"","meta":{"_acf_changed":false,"_joinchat":[]},"product_brand":[],"product_cat":[904],"product_tag":[1020,1019,923,1018,1021],"class_list":{"0":"post-4885","1":"product","2":"type-product","3":"status-publish","4":"has-post-thumbnail","6":"product_cat-etc","7":"product_tag-4-000-ciclos-bateria","8":"product_tag-54-mm-fina-celula","9":"product_tag-dlcpo","10":"product_tag-etc-200ah","11":"product_tag-rv-marine-ess","12":"pa_capacity-200ah","14":"first","15":"instock","16":"shipping-taxable","17":"product-type-simple"},"acf":[],"_links":{"self":[{"href":"https:\/\/dlcpo.com\/pt-br\/wp-json\/wp\/v2\/product\/4885","targetHints":{"allow":["GET"]}}],"collection":[{"href":"https:\/\/dlcpo.com\/pt-br\/wp-json\/wp\/v2\/product"}],"about":[{"href":"https:\/\/dlcpo.com\/pt-br\/wp-json\/wp\/v2\/types\/product"}],"version-history":[{"count":2,"href":"https:\/\/dlcpo.com\/pt-br\/wp-json\/wp\/v2\/product\/4885\/revisions"}],"predecessor-version":[{"id":7087,"href":"https:\/\/dlcpo.com\/pt-br\/wp-json\/wp\/v2\/product\/4885\/revisions\/7087"}],"wp:featuredmedia":[{"embeddable":true,"href":"https:\/\/dlcpo.com\/pt-br\/wp-json\/wp\/v2\/media\/2587"}],"wp:attachment":[{"href":"https:\/\/dlcpo.com\/pt-br\/wp-json\/wp\/v2\/media?parent=4885"}],"wp:term":[{"taxonomy":"product_brand","embeddable":true,"href":"https:\/\/dlcpo.com\/pt-br\/wp-json\/wp\/v2\/product_brand?post=4885"},{"taxonomy":"product_cat","embeddable":true,"href":"https:\/\/dlcpo.com\/pt-br\/wp-json\/wp\/v2\/product_cat?post=4885"},{"taxonomy":"product_tag","embeddable":true,"href":"https:\/\/dlcpo.com\/pt-br\/wp-json\/wp\/v2\/product_tag?post=4885"}],"curies":[{"name":"wp","href":"https:\/\/api.w.org\/{rel}","templated":true}]}}