{"id":4872,"date":"2026-03-13T20:33:13","date_gmt":"2026-03-13T12:33:13","guid":{"rendered":"https:\/\/dlcpo.com\/etc-ec-au277-clh3l0-277ah-celula-de-bateria-lifepo4\/"},"modified":"2026-04-11T09:48:46","modified_gmt":"2026-04-11T01:48:46","slug":"etc-ec-au277-clh3l0-277ah-celula-de-bateria-lifepo4","status":"publish","type":"product","link":"https:\/\/dlcpo.com\/pt-br\/etc-ec-au277-clh3l0-277ah-celula-de-bateria-lifepo4\/","title":{"rendered":"C\u00e9lula de bateria prism\u00e1tica ETC 277Ah 3.2V Grau A LiFePO4 &#8211; Pulso 2C 554A de alta pot\u00eancia &#8211; Tamanho padr\u00e3o de 280Ah para ve\u00edculos recreativos, ESS solar e tra\u00e7\u00e3o industrial"},"content":{"rendered":"<div class=\"product-description-container\">\n<p>A <strong>c\u00e9lula de bateria ETC EC-AU277-CLH3L0 277Ah LiFePO4<\/strong> (fabricada pela Wuhu Tianyi) oferece uma combina\u00e7\u00e3o atraente de alta capacidade e sa\u00edda de energia excepcional. Projetada para corresponder \u00e0 pegada f\u00edsica exata das c\u00e9lulas padr\u00e3o de 280 Ah, ela oferece uma solu\u00e7\u00e3o potente e econ\u00f4mica para usu\u00e1rios que precisam de armazenamento de energia substancial e a capacidade de lidar com cargas de pico pesadas sem o pre\u00e7o premium das marcas de primeira linha. <\/p>\n<h3>Principais vantagens de desempenho<\/h3>\n<ul>\n<li><strong>Pot\u00eancia de pulso maci\u00e7a de 554 A (2 C):<\/strong> Enquanto a maioria das c\u00e9lulas de armazenamento padr\u00e3o \u00e9 limitada a uma descarga de 1C, a <strong>c\u00e9lula de bateria ETC EC-AU277-CLH3L0 277Ah LiFePO4<\/strong> foi projetada para fornecer um <strong>pulso de 2C (554 Amps) por at\u00e9 3 minutos<\/strong>. Isso a torna incrivelmente resistente \u00e0 queda de tens\u00e3o ao dar partida em cargas indutivas pesadas, como condicionadores de ar, bombas de po\u00e7o ou motores el\u00e9tricos. <\/li>\n<li>\ud83d\udccf <strong>Dimens\u00f5es da Seamless Standard 280Ah:<\/strong> Com medidas de <strong>174,6 mm x 71,8 mm x 207,1 mm<\/strong>, esta c\u00e9lula se encaixa perfeitamente em dispositivos de compress\u00e3o existentes, gabinetes de bateria para racks de servidor e caixas DIY projetadas para o formato de 280Ah. \u00c9 a substitui\u00e7\u00e3o direta definitiva para atualiza\u00e7\u00f5es de sistema. <\/li>\n<li>\ud83d\udcb0 <strong>Exceptional Economic Value:<\/strong> With a nominal capacity of 277Ah, it offers essentially the same usable energy as a 280Ah cell ($ \\approx 886Wh $ vs $ \\approx 896Wh $) but at a significantly more attractive price point. This makes it the premier value choice for budget-conscious, high-performance builds. <\/li>\n<li><strong>Fabrica\u00e7\u00e3o de n\u00edvel automotivo:<\/strong> A ETC utiliza linhas de produ\u00e7\u00e3o automatizadas avan\u00e7adas para garantir alta consist\u00eancia na resist\u00eancia interna e na tens\u00e3o. Essa confiabilidade \u00e9 crucial para a constru\u00e7\u00e3o de bancos de baterias em grande escala, em que o balanceamento das c\u00e9lulas \u00e9 fundamental para a longevidade do sistema. <\/li>\n<li>\ud83d\udee1\ufe0f <strong>Estabilidade t\u00e9rmica robusta:<\/strong> A qu\u00edmica do LFP combinada com o inv\u00f3lucro prism\u00e1tico de alum\u00ednio do ETC proporciona seguran\u00e7a e dissipa\u00e7\u00e3o de calor superiores. Ele foi projetado para manter o desempenho mesmo durante opera\u00e7\u00f5es de alta corrente, garantindo que seu sistema fora da rede permane\u00e7a on-line e seguro. <\/li>\n<\/ul>\n<\/div>\n","protected":false},"excerpt":{"rendered":"<p>Descubra a c\u00e9lula de bateria ETC EC-AU277-CLH3L0 277Ah LiFePO4. Uma alternativa de alta pot\u00eancia \u00e0s c\u00e9lulas de 280Ah com pot\u00eancia de pulso de 554A (2C) por 3 minutos. Perfeita para cargas de pico pesadas. Compre na DLCPO.   <\/p>\n","protected":false},"featured_media":2601,"template":"","meta":{"_acf_changed":false,"_joinchat":[]},"product_brand":[],"product_cat":[904],"product_tag":[1007,1005,923,1006,1008],"class_list":{"0":"post-4872","1":"product","2":"type-product","3":"status-publish","4":"has-post-thumbnail","6":"product_cat-etc","7":"product_tag-554a-descarga-por-pulso","8":"product_tag-armazenamento-de-energia-faca-voce-mesmo","9":"product_tag-dlcpo","10":"product_tag-etc-277ah","11":"product_tag-lfp-280-ah-alternativa","12":"pa_capacity-277ah","14":"first","15":"instock","16":"shipping-taxable","17":"product-type-simple"},"acf":[],"_links":{"self":[{"href":"https:\/\/dlcpo.com\/pt-br\/wp-json\/wp\/v2\/product\/4872","targetHints":{"allow":["GET"]}}],"collection":[{"href":"https:\/\/dlcpo.com\/pt-br\/wp-json\/wp\/v2\/product"}],"about":[{"href":"https:\/\/dlcpo.com\/pt-br\/wp-json\/wp\/v2\/types\/product"}],"version-history":[{"count":2,"href":"https:\/\/dlcpo.com\/pt-br\/wp-json\/wp\/v2\/product\/4872\/revisions"}],"predecessor-version":[{"id":7061,"href":"https:\/\/dlcpo.com\/pt-br\/wp-json\/wp\/v2\/product\/4872\/revisions\/7061"}],"wp:featuredmedia":[{"embeddable":true,"href":"https:\/\/dlcpo.com\/pt-br\/wp-json\/wp\/v2\/media\/2601"}],"wp:attachment":[{"href":"https:\/\/dlcpo.com\/pt-br\/wp-json\/wp\/v2\/media?parent=4872"}],"wp:term":[{"taxonomy":"product_brand","embeddable":true,"href":"https:\/\/dlcpo.com\/pt-br\/wp-json\/wp\/v2\/product_brand?post=4872"},{"taxonomy":"product_cat","embeddable":true,"href":"https:\/\/dlcpo.com\/pt-br\/wp-json\/wp\/v2\/product_cat?post=4872"},{"taxonomy":"product_tag","embeddable":true,"href":"https:\/\/dlcpo.com\/pt-br\/wp-json\/wp\/v2\/product_tag?post=4872"}],"curies":[{"name":"wp","href":"https:\/\/api.w.org\/{rel}","templated":true}]}}