{"id":4862,"date":"2026-03-14T00:11:29","date_gmt":"2026-03-13T16:11:29","guid":{"rendered":"https:\/\/dlcpo.com\/bateria-lifepo4-higee-280ah-71mm-tamanho-padrao-fresca-direto-da-fabrica-dlcpo\/"},"modified":"2026-04-11T09:48:55","modified_gmt":"2026-04-11T01:48:55","slug":"bateria-lifepo4-higee-280ah-71mm-tamanho-padrao-fresca-direto-da-fabrica-dlcpo","status":"publish","type":"product","link":"https:\/\/dlcpo.com\/pt-br\/bateria-lifepo4-higee-280ah-71mm-tamanho-padrao-fresca-direto-da-fabrica-dlcpo\/","title":{"rendered":"Higee (Haibase) 280Ah 3.2V Grade A LiFePO4 Prismatic Battery Cell &#8211; Tamanho padr\u00e3o &#8211; Mais de 6.000 ciclos e imped\u00e2ncia ultrabaixa para energia solar de alta capacidade e ESS DIY"},"content":{"rendered":"<div class=\"product-description-container\">\n<p>A <strong>c\u00e9lula de bateria Higee 280Ah LiFePO4 de 71 mm de tamanho padr\u00e3o<\/strong> (modelo HJLFP48173205E) \u00e9 uma solu\u00e7\u00e3o de alta capacidade projetada para os ambientes de armazenamento de energia mais exigentes. Embora algumas documenta\u00e7\u00f5es no mercado possam conter n\u00fameros de modelo confusos, <strong>a DLCPO<\/strong> verificou, por meio de desenhos de engenharia originais, que essa \u00e9 uma verdadeira c\u00e9lula de 280Ah de tamanho padr\u00e3o, garantindo uma integra\u00e7\u00e3o perfeita aos projetos de sistemas existentes.<\/p>\n<h3>Desempenho comprovado e confiabilidade l\u00edder no setor<\/h3>\n<ul>\n<li><strong>Espessura de 71,8 mm, padr\u00e3o do setor:<\/strong> A precis\u00e3o \u00e9 importante na montagem da bateria. Com uma <strong>espessura<\/strong> confirmada <strong>de 71,8 mm<\/strong>, voc\u00ea pode usar com confian\u00e7a a <strong>c\u00e9lula de bateria Higee 280Ah LiFePO4 de 71 mm de tamanho padr\u00e3o<\/strong> em projetos DIY padr\u00e3o e caixas de bateria para montagem em rack sem precisar de espa\u00e7adores personalizados, barramentos fora do padr\u00e3o ou modifica\u00e7\u00f5es estruturais. <\/li>\n<li>\u26a1 <strong>Imped\u00e2ncia ultrabaixa ($\\le 0,18 m\\Omega$):<\/strong> Conhecidas por sua excepcional qualidade de fabrica\u00e7\u00e3o, essas c\u00e9lulas apresentam uma resist\u00eancia interna de <strong>\u22640,18 m\u03a9<\/strong>. Essa imped\u00e2ncia ultrabaixa reduz significativamente a gera\u00e7\u00e3o de calor durante a descarga sob alta carga e o carregamento r\u00e1pido, melhorando a efici\u00eancia geral de ciclo completo do seu sistema solar. <\/li>\n<li>\u26a1 <strong>Longevidade robusta de mais de 6.000 ciclos:<\/strong> Com capacidade nominal para <strong>\u22656.000 ciclos profundos<\/strong>, essas c\u00e9lulas foram projetadas para uso a longo prazo. Elas oferecem uma solu\u00e7\u00e3o econ\u00f4mica e de alta confiabilidade para armazenamento estacion\u00e1rio (ESS), onde a longevidade e a seguran\u00e7a s\u00e3o as principais preocupa\u00e7\u00f5es dos propriet\u00e1rios residenciais e usu\u00e1rios industriais. <\/li>\n<li><strong>Verdadeira integridade da c\u00e9lula de grau A:<\/strong> Cada c\u00e9lula \u00e9 submetida a rigorosos testes internos na DLCPO para garantir a consist\u00eancia da capacidade e da tens\u00e3o. Isso minimiza os problemas de &#8220;elo fraco&#8221; em grandes configura\u00e7\u00f5es em s\u00e9rie-paralelo, prolongando a vida \u00fatil de todo o seu banco de baterias. <\/li>\n<li>\u26a1 <strong>Densidade energ\u00e9tica vers\u00e1til:<\/strong> Com enorme pot\u00eancia em um formato prism\u00e1tico compacto, este modelo de 280 Ah \u00e9 a escolha ideal para resid\u00eancias fora da rede, sistemas de backup de centros de dados e armazenamento de energia para aplica\u00e7\u00f5es mar\u00edtimas de alta exig\u00eancia.<\/li>\n<\/ul>\n<\/div>\n","protected":false},"excerpt":{"rendered":"<p>O tamanho padr\u00e3o de 71 mm da c\u00e9lula de bateria Higee 280Ah LiFePO4 \u00e9 verificado pela DLCPO para um ajuste perfeito em caixas DIY. Apresenta mais de 6.000 ciclos e baixa imped\u00e2ncia de <span class=\"math-inline\" data-math=\"\\le 0.18 m\\Omega\" data-index-in-node=\"162\">$\\le 0,18 m\\Omega$<\/span>. Confiabilidade de grau A.  <\/p>\n","protected":false},"featured_media":2615,"template":"","meta":{"_acf_changed":false,"_joinchat":[]},"product_brand":[],"product_cat":[910],"product_tag":[958,957,923,959,956],"class_list":{"0":"post-4862","1":"product","2":"type-product","3":"status-publish","4":"has-post-thumbnail","6":"product_cat-higee","7":"product_tag-6-000-ciclos-lfp","8":"product_tag-718-mm-padrao-celula","9":"product_tag-dlcpo","10":"product_tag-faca-voce-mesmo-armazenamento-solar-de-energia","11":"product_tag-higee-280ah","12":"pa_capacity-280ah","14":"first","15":"instock","16":"shipping-taxable","17":"product-type-simple"},"acf":[],"_links":{"self":[{"href":"https:\/\/dlcpo.com\/pt-br\/wp-json\/wp\/v2\/product\/4862","targetHints":{"allow":["GET"]}}],"collection":[{"href":"https:\/\/dlcpo.com\/pt-br\/wp-json\/wp\/v2\/product"}],"about":[{"href":"https:\/\/dlcpo.com\/pt-br\/wp-json\/wp\/v2\/types\/product"}],"version-history":[{"count":2,"href":"https:\/\/dlcpo.com\/pt-br\/wp-json\/wp\/v2\/product\/4862\/revisions"}],"predecessor-version":[{"id":7069,"href":"https:\/\/dlcpo.com\/pt-br\/wp-json\/wp\/v2\/product\/4862\/revisions\/7069"}],"wp:featuredmedia":[{"embeddable":true,"href":"https:\/\/dlcpo.com\/pt-br\/wp-json\/wp\/v2\/media\/2615"}],"wp:attachment":[{"href":"https:\/\/dlcpo.com\/pt-br\/wp-json\/wp\/v2\/media?parent=4862"}],"wp:term":[{"taxonomy":"product_brand","embeddable":true,"href":"https:\/\/dlcpo.com\/pt-br\/wp-json\/wp\/v2\/product_brand?post=4862"},{"taxonomy":"product_cat","embeddable":true,"href":"https:\/\/dlcpo.com\/pt-br\/wp-json\/wp\/v2\/product_cat?post=4862"},{"taxonomy":"product_tag","embeddable":true,"href":"https:\/\/dlcpo.com\/pt-br\/wp-json\/wp\/v2\/product_tag?post=4862"}],"curies":[{"name":"wp","href":"https:\/\/api.w.org\/{rel}","templated":true}]}}