{"id":4854,"date":"2026-03-14T00:38:25","date_gmt":"2026-03-13T16:38:25","guid":{"rendered":"https:\/\/dlcpo.com\/bateria-lifepo4-higee-120ah-7500-ciclos-170mm-fresca-direto-da-fabrica-dlcpo\/"},"modified":"2026-04-11T09:48:58","modified_gmt":"2026-04-11T01:48:58","slug":"bateria-lifepo4-higee-120ah-7500-ciclos-170mm-fresca-direto-da-fabrica-dlcpo","status":"publish","type":"product","link":"https:\/\/dlcpo.com\/pt-br\/bateria-lifepo4-higee-120ah-7500-ciclos-170mm-fresca-direto-da-fabrica-dlcpo\/","title":{"rendered":"Higee 120Ah 3.2V Grade A LiFePO4 Prismatic Battery Cell &#8211; 7500 Cycles Ultra-Long Life &#8211; 170mm Low-Profile Design for Golf Carts &amp; RV ESS"},"content":{"rendered":"<div class=\"product-description-container\">\n<p>A c\u00e9lula Higee 120Ah LiFePO4 se destaca no mercado global como a indiscut\u00edvel &#8220;campe\u00e3 de longa dura\u00e7\u00e3o&#8221;. Enquanto as c\u00e9lulas LiFePO4 padr\u00e3o s\u00e3o classificadas para 3.000 a 6.000 ciclos, essa c\u00e9lula prism\u00e1tica de grau A foi projetada para ultrapassar os limites de \u22657 <strong>.500 ciclos<\/strong>. Isso garante que seu investimento forne\u00e7a energia confi\u00e1vel e sustent\u00e1vel por mais de 20 anos de vida \u00fatil potencial em aplica\u00e7\u00f5es solares e de mobilidade.  <\/p>\n<h3>Principais vantagens de desempenho<\/h3>\n<ul>\n<li>\u26a1 <strong>Incr\u00edvel durabilidade de mais de 7.500 ciclos:<\/strong> Projetada para quem pensa a longo prazo. Ao quase duplicar a vida \u00fatil das baterias de l\u00edtio padr\u00e3o, a Higee 120Ah reduz significativamente o custo total por kWh ao longo da vida \u00fatil. Para um sistema solar com um ciclo por dia, isso significa d\u00e9cadas de desempenho sem necessidade de manuten\u00e7\u00e3o.  <\/li>\n<li>\u26a1 <strong>A solu\u00e7\u00e3o perfeita para carrinhos de golfe (170 mm de altura):<\/strong> As dimens\u00f5es f\u00edsicas s\u00e3o fundamentais. Com exatamente <strong>170 mm de altura<\/strong>, esta c\u00e9lula \u00e9 significativamente mais baixa do que as c\u00e9lulas prism\u00e1ticas padr\u00e3o de 200 mm ou mais. Ela se encaixa facilmente nos compartimentos de bateria de carrinhos de golfe, AGVs e ve\u00edculos utilit\u00e1rios, sem a necessidade de modifica\u00e7\u00f5es caras no assento ou kits de eleva\u00e7\u00e3o.  <\/li>\n<li>\u26a1 <strong>Compacto e leve Efici\u00eancia:<\/strong> Pesando apenas <strong>2,86 kg<\/strong> e medindo apenas <strong>48 mm de espessura<\/strong>, estas c\u00e9lulas permitem que voc\u00ea a montar uma bateria de alta capacidade com uma pequena ocupa\u00e7\u00e3o de espa\u00e7o. Por exemplo, uma bateria de 48 V e 120 Ah constru\u00edda com essas c\u00e9lulas pesa menos de 46 kg, oferecendo uma enorme redu\u00e7\u00e3o de peso em rela\u00e7\u00e3o \u00e0s alternativas de chumbo-\u00e1cido. <\/li>\n<li><strong>Estabilidade prism\u00e1tica de grau A:<\/strong> Cada c\u00e9lula apresenta um inv\u00f3lucro de alum\u00ednio robusto e consist\u00eancia terminal que garante um desempenho equilibrado em configura\u00e7\u00f5es de v\u00e1rias c\u00e9lulas. Sua alta densidade de energia o torna ideal para armazenamento de energia estacion\u00e1rio (ESS) e ambientes m\u00f3veis de alta vibra\u00e7\u00e3o. <\/li>\n<li>\u26a1 <strong>Confiabilidade extrema em descargas profundas:<\/strong> Otimizada para uso em ciclos profundos, a Higee 120Ah mant\u00e9m uma tens\u00e3o de sa\u00edda est\u00e1vel mesmo durante descargas intensas, garantindo que seu equipamento ou resid\u00eancia fora da rede el\u00e9trica funcione sem problemas desde 100% at\u00e9 baixos n\u00edveis de carga (SoC).<\/li>\n<\/ul>\n<\/div>\n","protected":false},"excerpt":{"rendered":"<p>A c\u00e9lula LiFePO4 de 120Ah da Higee oferece uma vida \u00fatil de mais de 7.500 ciclos. Com apenas 170 mm de altura, ela \u00e9 perfeita para carrinhos de golfe e armazenamento solar. Energia de alta densidade e grau A da DLCPO  <\/p>\n","protected":false},"featured_media":2623,"template":"","meta":{"_acf_changed":false,"_joinchat":[]},"product_brand":[],"product_cat":[910],"product_tag":[946,945,923,944,947],"class_list":{"0":"post-4854","1":"product","2":"type-product","3":"status-publish","4":"has-post-thumbnail","6":"product_cat-higee","7":"product_tag-170-mm-altura-bateria","8":"product_tag-7-500-ciclos-lfp","9":"product_tag-dlcpo","10":"product_tag-higee-120ah","11":"product_tag-prismatica-bateria-celula","12":"pa_capacity-120ah","14":"first","15":"instock","16":"shipping-taxable","17":"product-type-simple"},"acf":[],"_links":{"self":[{"href":"https:\/\/dlcpo.com\/pt-br\/wp-json\/wp\/v2\/product\/4854","targetHints":{"allow":["GET"]}}],"collection":[{"href":"https:\/\/dlcpo.com\/pt-br\/wp-json\/wp\/v2\/product"}],"about":[{"href":"https:\/\/dlcpo.com\/pt-br\/wp-json\/wp\/v2\/types\/product"}],"version-history":[{"count":2,"href":"https:\/\/dlcpo.com\/pt-br\/wp-json\/wp\/v2\/product\/4854\/revisions"}],"predecessor-version":[{"id":7073,"href":"https:\/\/dlcpo.com\/pt-br\/wp-json\/wp\/v2\/product\/4854\/revisions\/7073"}],"wp:featuredmedia":[{"embeddable":true,"href":"https:\/\/dlcpo.com\/pt-br\/wp-json\/wp\/v2\/media\/2623"}],"wp:attachment":[{"href":"https:\/\/dlcpo.com\/pt-br\/wp-json\/wp\/v2\/media?parent=4854"}],"wp:term":[{"taxonomy":"product_brand","embeddable":true,"href":"https:\/\/dlcpo.com\/pt-br\/wp-json\/wp\/v2\/product_brand?post=4854"},{"taxonomy":"product_cat","embeddable":true,"href":"https:\/\/dlcpo.com\/pt-br\/wp-json\/wp\/v2\/product_cat?post=4854"},{"taxonomy":"product_tag","embeddable":true,"href":"https:\/\/dlcpo.com\/pt-br\/wp-json\/wp\/v2\/product_tag?post=4854"}],"curies":[{"name":"wp","href":"https:\/\/api.w.org\/{rel}","templated":true}]}}