{"id":4845,"date":"2026-03-14T01:32:58","date_gmt":"2026-03-13T17:32:58","guid":{"rendered":"https:\/\/dlcpo.com\/bateria-lto-prismatica-gree-yinlong-51130205-110ah-fresca-direto-da-fabrica-dlcpo\/"},"modified":"2026-04-11T09:48:54","modified_gmt":"2026-04-11T01:48:54","slug":"bateria-lto-prismatica-gree-yinlong-51130205-110ah-fresca-direto-da-fabrica-dlcpo","status":"publish","type":"product","link":"https:\/\/dlcpo.com\/pt-br\/bateria-lto-prismatica-gree-yinlong-51130205-110ah-fresca-direto-da-fabrica-dlcpo\/","title":{"rendered":"Bateria prism\u00e1tica GREE Yinlong LTO 51130205 110Ah | 25.000 ciclos e carga r\u00e1pida de 10C"},"content":{"rendered":"<div class=\"product-description-container\">\n<p>A <strong>bateria prism\u00e1tica GREE Yinlong LTO 51130205 110Ah<\/strong> \u00e9 amplamente reconhecida como a melhor refer\u00eancia do setor para solu\u00e7\u00f5es de energia de alto desempenho e para servi\u00e7os pesados. Projetada para os exigentes ambientes industriais 24\/7 de 2026, a <strong>bateria prism\u00e1tica GREE Yinlong LTO 51130205 110Ah<\/strong> utiliza qu\u00edmica avan\u00e7ada de titanato de l\u00edtio (LTO). Essa c\u00e9lula prism\u00e1tica resolve com efic\u00e1cia as limita\u00e7\u00f5es cr\u00edticas das baterias de l\u00edtio padr\u00e3o, oferecendo extrema longevidade, carregamento r\u00e1pido e uma estrutura inerentemente est\u00e1vel que elimina o risco de fuga t\u00e9rmica.  <\/p>\n<h2 style=\"font-size: 1.5em; color: #2c3e50;\">Por que a bateria prism\u00e1tica GREE Yinlong LTO 51130205 110Ah \u00e9 a melhor op\u00e7\u00e3o:<\/h2>\n<ul class=\"product-features-list\" style=\"list-style: none; padding-left: 0;\">\n<li style=\"margin-bottom: 15px;\"><strong> Vida \u00fatil ultralonga (mais de 25.000 ciclos):<\/strong> Enquanto as baterias LFP padr\u00e3o s\u00e3o classificadas para 3.000 a 6.000 ciclos, a <strong>bateria prism\u00e1tica GREE Yinlong LTO 51130205 110Ah<\/strong> ultrapassa os limites para <strong>mais de 25.000 ciclos<\/strong>. Isso se traduz em uma vida \u00fatil de 20 a 30 anos, reduzindo drasticamente o custo total de propriedade (TCO) para frotas de grande escala e infraestrutura de miss\u00e3o cr\u00edtica. <\/li>\n<li style=\"margin-bottom: 15px;\"><strong> Carregamento r\u00e1pido de 10 minutos (taxa de 10C):<\/strong> Projetada para o m\u00e1ximo de tempo de atividade, a <strong>bateria prism\u00e1tica GREE Yinlong LTO 51130205 110Ah<\/strong> suporta <strong>carregamento r\u00e1pido de alta taxa de 10C<\/strong>. Atinja a capacidade total em apenas 6 a 10 minutos, o que a torna a solu\u00e7\u00e3o ideal para AGVs, \u00f4nibus el\u00e9tricos e m\u00e1quinas pesadas que operam em ambientes de alta intensidade 24 horas por dia, 7 dias por semana. <\/li>\n<li style=\"margin-bottom: 15px;\">\ud83d\udee1\ufe0f <strong> Seguran\u00e7a m\u00e1xima e estabilidade estrutural:<\/strong> A qu\u00edmica LTO da <strong>bateria prism\u00e1tica GREE Yinlong LTO 51130205 110Ah<\/strong> \u00e9 fundamentalmente incapaz de pegar fogo ou explodir. Mesmo sob condi\u00e7\u00f5es destrutivas extremas, como <strong>perfura\u00e7\u00e3o de pregos ou esmagamento pesado<\/strong>, a c\u00e9lula prism\u00e1tica 51130205 permanece est\u00e1vel, proporcionando seguran\u00e7a inabal\u00e1vel para zonas industriais de alto risco. <\/li>\n<li style=\"margin-bottom: 15px;\">\u2744\ufe0f <strong> Resili\u00eancia a temperaturas extremas:<\/strong> Projetada para funcionar onde outras falham, a <strong>bateria prism\u00e1tica GREE Yinlong LTO 51130205 110Ah<\/strong> mant\u00e9m uma opera\u00e7\u00e3o eficiente em temperaturas que variam de <strong>-50 \u00b0C a +60 \u00b0C<\/strong>. \u00c9 a escolha perfeita para ambientes de pesquisa no \u00c1rtico ou aplica\u00e7\u00f5es industriais de alto calor. <\/li>\n<li style=\"margin-bottom: 15px;\"><strong> Qualidade e rastreabilidade de grau A:<\/strong> Obtida por meio da cadeia de suprimentos verificada da <strong>DLCPO<\/strong>, cada <strong>bateria prism\u00e1tica GREE Yinlong LTO 51130205 110Ah<\/strong> \u00e9 uma unidade de grau A fresca de f\u00e1brica com um c\u00f3digo QR intacto, garantindo resist\u00eancia interna consistente e total viabilidade para seus projetos profissionais.<\/li>\n<\/ul>\n<h3 style=\"font-size: 1.2em; color: #34495e;\">Aplica\u00e7\u00f5es estrat\u00e9gicas da bateria LTO de 110 Ah:<\/h3>\n<p>A <strong>bateria prism\u00e1tica GREE Yinlong LTO 51130205 110Ah<\/strong> \u00e9 especificamente otimizada para <strong>ve\u00edculos guiados automaticamente (AGVs)<\/strong>, <strong>propuls\u00e3o el\u00e9trica para servi\u00e7os pesados<\/strong> e <strong>sistemas de armazenamento de energia estabilizadores de rede (ESS)<\/strong>. Sua combina\u00e7\u00e3o exclusiva de capacidade de 110Ah e fator de forma prism\u00e1tico a torna o investimento de longo prazo mais econ\u00f4mico para clusters de energia de alta utiliza\u00e7\u00e3o em 2026. <\/p>\n<\/div>\n","protected":false},"excerpt":{"rendered":"<p>Compre a <b data-path-to-node=\"4,2,0\" data-index-in-node=\"44\">bateria prism\u00e1tica GREE Yinlong LTO 51130205 110Ah<\/b> genu\u00edna na DLCPO. Apresenta mais de 25.000 ciclos, carregamento r\u00e1pido de 10 minutos (10C) e opera\u00e7\u00e3o est\u00e1vel de -50\u00b0C a +60\u00b0C. <\/p>\n","protected":false},"featured_media":2635,"template":"","meta":{"_acf_changed":false,"_joinchat":[]},"product_brand":[],"product_cat":[901],"product_tag":[934,933,923,935,928],"class_list":{"0":"post-4845","1":"product","2":"type-product","3":"status-publish","4":"has-post-thumbnail","6":"product_cat-gree","7":"product_tag-110ah-lto","8":"product_tag-51130205-lto","9":"product_tag-dlcpo","10":"product_tag-lto-prismatico","11":"product_tag-yinlong-lto","12":"pa_capacity-110ah","14":"first","15":"instock","16":"shipping-taxable","17":"product-type-simple"},"acf":[],"_links":{"self":[{"href":"https:\/\/dlcpo.com\/pt-br\/wp-json\/wp\/v2\/product\/4845","targetHints":{"allow":["GET"]}}],"collection":[{"href":"https:\/\/dlcpo.com\/pt-br\/wp-json\/wp\/v2\/product"}],"about":[{"href":"https:\/\/dlcpo.com\/pt-br\/wp-json\/wp\/v2\/types\/product"}],"version-history":[{"count":2,"href":"https:\/\/dlcpo.com\/pt-br\/wp-json\/wp\/v2\/product\/4845\/revisions"}],"predecessor-version":[{"id":7067,"href":"https:\/\/dlcpo.com\/pt-br\/wp-json\/wp\/v2\/product\/4845\/revisions\/7067"}],"wp:featuredmedia":[{"embeddable":true,"href":"https:\/\/dlcpo.com\/pt-br\/wp-json\/wp\/v2\/media\/2635"}],"wp:attachment":[{"href":"https:\/\/dlcpo.com\/pt-br\/wp-json\/wp\/v2\/media?parent=4845"}],"wp:term":[{"taxonomy":"product_brand","embeddable":true,"href":"https:\/\/dlcpo.com\/pt-br\/wp-json\/wp\/v2\/product_brand?post=4845"},{"taxonomy":"product_cat","embeddable":true,"href":"https:\/\/dlcpo.com\/pt-br\/wp-json\/wp\/v2\/product_cat?post=4845"},{"taxonomy":"product_tag","embeddable":true,"href":"https:\/\/dlcpo.com\/pt-br\/wp-json\/wp\/v2\/product_tag?post=4845"}],"curies":[{"name":"wp","href":"https:\/\/api.w.org\/{rel}","templated":true}]}}