{"id":9705,"date":"2026-04-21T18:20:33","date_gmt":"2026-04-21T10:20:33","guid":{"rendered":"https:\/\/dlcpo.com\/bateria-de-ions-de-sodio\/"},"modified":"2026-04-21T21:51:47","modified_gmt":"2026-04-21T13:51:47","slug":"bateria-de-ions-de-sodio","status":"publish","type":"page","link":"https:\/\/dlcpo.com\/pt-br\/bateria-de-ions-de-sodio\/","title":{"rendered":"Bateria de \u00edons de s\u00f3dio"},"content":{"rendered":"\t\t<div data-elementor-type=\"wp-page\" data-elementor-id=\"9705\" class=\"elementor elementor-9705 elementor-9189\" data-elementor-post-type=\"page\">\n\t\t\t\t<div class=\"elementor-element elementor-element-72006f7 e-con-full dlcpo-hero-box e-flex e-con e-parent\" data-id=\"72006f7\" data-element_type=\"container\" data-e-type=\"container\" data-settings=\"{&quot;background_background&quot;:&quot;classic&quot;}\">\n\t\t\t\t<div class=\"elementor-element elementor-element-8d7cae4 dlcpo-hero-box elementor-widget elementor-widget-image\" data-id=\"8d7cae4\" data-element_type=\"widget\" data-e-type=\"widget\" data-widget_type=\"image.default\">\n\t\t\t\t\t\t\t\t\t\t\t\t\t\t\t<img fetchpriority=\"high\" decoding=\"async\" width=\"2560\" height=\"1428\" src=\"https:\/\/dlcpo.com\/wp-content\/uploads\/2026\/04\/Sodium-Ion-Battery-Technology-Extreme-Cold-Resistance-Safety-DLCPO-scaled.webp\" class=\"attachment-full size-full wp-image-9359\" alt=\"Visualiza\u00e7\u00e3o das baterias de \u00edons de s\u00f3dio DLCPO NFPP, destacando a resist\u00eancia ao frio extremo de -40 \u00b0C e o risco zero de fuga t\u00e9rmica para aplica\u00e7\u00f5es em sistemas de armazenamento de energia (ESS) e ve\u00edculos el\u00e9tricos (EV) na regi\u00e3o \u00e1rtica.\" srcset=\"https:\/\/dlcpo.com\/wp-content\/uploads\/2026\/04\/Sodium-Ion-Battery-Technology-Extreme-Cold-Resistance-Safety-DLCPO-scaled.webp 2560w, https:\/\/dlcpo.com\/wp-content\/uploads\/2026\/04\/Sodium-Ion-Battery-Technology-Extreme-Cold-Resistance-Safety-DLCPO-300x167.webp 300w, https:\/\/dlcpo.com\/wp-content\/uploads\/2026\/04\/Sodium-Ion-Battery-Technology-Extreme-Cold-Resistance-Safety-DLCPO-1024x571.webp 1024w, https:\/\/dlcpo.com\/wp-content\/uploads\/2026\/04\/Sodium-Ion-Battery-Technology-Extreme-Cold-Resistance-Safety-DLCPO-768x428.webp 768w, https:\/\/dlcpo.com\/wp-content\/uploads\/2026\/04\/Sodium-Ion-Battery-Technology-Extreme-Cold-Resistance-Safety-DLCPO-1536x857.webp 1536w, https:\/\/dlcpo.com\/wp-content\/uploads\/2026\/04\/Sodium-Ion-Battery-Technology-Extreme-Cold-Resistance-Safety-DLCPO-2048x1142.webp 2048w, https:\/\/dlcpo.com\/wp-content\/uploads\/2026\/04\/Sodium-Ion-Battery-Technology-Extreme-Cold-Resistance-Safety-DLCPO-600x335.webp 600w, https:\/\/dlcpo.com\/wp-content\/uploads\/2026\/04\/Sodium-Ion-Battery-Technology-Extreme-Cold-Resistance-Safety-DLCPO-64x36.webp 64w\" sizes=\"(max-width: 2560px) 100vw, 2560px\" \/>\t\t\t\t\t\t\t\t\t\t\t\t\t\t\t<\/div>\n\t\t\t\t<div class=\"elementor-element elementor-element-788f44fd elementor-widget elementor-widget-heading\" data-id=\"788f44fd\" data-element_type=\"widget\" data-e-type=\"widget\" data-widget_type=\"heading.default\">\n\t\t\t\t\t<h2 class=\"elementor-heading-title elementor-size-default\">Bateria de \u00edons de s\u00f3dio<\/h2>\t\t\t\t<\/div>\n\t\t\t\t<\/div>\n\t\t<div class=\"elementor-element elementor-element-78d486be e-flex e-con-boxed e-con e-parent\" data-id=\"78d486be\" data-element_type=\"container\" data-e-type=\"container\">\n\t\t\t\t\t<div class=\"e-con-inner\">\n\t\t\t\t<div class=\"elementor-element elementor-element-31e08eea elementor-widget elementor-widget-html\" data-id=\"31e08eea\" data-element_type=\"widget\" data-e-type=\"widget\" data-widget_type=\"html.default\">\n\t\t\t\t\t<div class=\"sib-landing-page\" style=\"font-family: 'Segoe UI', Arial, sans-serif; line-height: 1.6; color: #333; max-width: 1000px; margin: auto; padding: 20px; background-color: #fcfcfc;\">\r\n\r\n    <div style=\"text-align: center; margin-bottom: 40px;\">\r\n        <h1 style=\"color: #004a99; font-size: 28px; font-weight: 800; margin-bottom: 15px;\">\r\n S\u00e9rie de baterias de \u00edons de s\u00f3dio: A solu\u00e7\u00e3o energ\u00e9tica DLCPO NFPP da Elite\r\n        <\/h1>\r\n        <p style=\"font-size: 16px; color: #555; max-width: 800px; margin: auto;\">\r\n Procurando uma <strong>s\u00e9rie de baterias de \u00edon-s\u00f3dio<\/strong> que ofere\u00e7a resist\u00eancia extrema? A DLCPO Power Technology \u00e9 sua parceira exclusiva para solu\u00e7\u00f5es com <strong>baterias de \u00edon-s\u00f3dio originais da DLCPO<\/strong>. N\u00f3s n\u00e3o vendemos baterias em estoque; cada pedido \u00e9 uma <strong>Bateria de \u00edons de s\u00f3dio de lote novo<\/strong> produzida diretamente a partir de nossos mais recentes ciclos de fabrica\u00e7\u00e3o de Grau A.  \r\n        <\/p>\r\n    <\/div>\r\n\r\n    <div style=\"display: flex; justify-content: space-between; gap: 20px; margin-bottom: 40px;\">\r\n        <div style=\"flex: 1; background: #fff; padding: 25px; border-radius: 8px; box-shadow: 0 4px 15px rgba(0,0,0,0.05); text-align: center; border-top: 4px solid #cc0000;\">\r\n            <div style=\"font-size: 30px; margin-bottom: 15px;\">\ud83c\udfed<\/div>\r\n            <h3 style=\"color: #004a99; font-size: 18px; margin-bottom: 10px;\">Polianh\u00e3o NFPP Tech<\/h3>\r\n            <p style=\"font-size: 13px; color: #666;\">\r\n Vendemos exclusivamente <strong>C\u00e9lulas originais de bateria de \u00edons de s\u00f3dio DLCPO<\/strong>, refer\u00eancia mundial em <strong>Atacado de c\u00e9lulas de pirofosfato de ferro e s\u00f3dio<\/strong>.\r\n            <\/p>\r\n        <\/div>\r\n        <div style=\"flex: 1; background: #fff; padding: 25px; border-radius: 8px; box-shadow: 0 4px 15px rgba(0,0,0,0.05); text-align: center; border-top: 4px solid #ffaa00;\">\r\n            <div style=\"font-size: 30px; margin-bottom: 15px;\">\u23f3<\/div>\r\n            <h3 style=\"color: #004a99; font-size: 18px; margin-bottom: 10px;\">Mais de 8.000 ciclos<\/h3>\r\n            <p style=\"font-size: 13px; color: #666;\">\r\n Experimente uma <strong>bateria de alta durabilidade com 8.000 ciclos<\/strong>, garantindo d\u00e9cadas de funcionamento est\u00e1vel para seus sistemas de armazenamento de energia essenciais.\r\n            <\/p>\r\n        <\/div>\r\n        <div style=\"flex: 1; background: #fff; padding: 25px; border-radius: 8px; box-shadow: 0 4px 15px rgba(0,0,0,0.05); text-align: center; border-top: 4px solid #0099cc;\">\r\n            <div style=\"font-size: 30px; margin-bottom: 15px;\">\ud83c\udd95<\/div>\r\n            <h3 style=\"color: #004a99; font-size: 18px; margin-bottom: 10px;\">Lote estritamente fresco<\/h3>\r\n            <p style=\"font-size: 13px; color: #666;\">\r\n Como um <strong>fornecedor especializado em baterias de \u00edons de s\u00f3dio de produ\u00e7\u00e3o recente<\/strong>, garantimos que n\u00e3o haja nenhuma varia\u00e7\u00e3o no desempenho, fornecendo exclusivamente c\u00e9lulas de grau A fabricadas sob encomenda.\r\n            <\/p>\r\n        <\/div>\r\n    <\/div>\r\n\r\n    <div style=\"background: #fff; padding: 40px; border-radius: 12px; box-shadow: 0 4px 20px rgba(0,0,0,0.03); margin-bottom: 40px;\">\r\n        <h2 style=\"color: #004a99; font-size: 24px; margin-bottom: 20px; font-weight: 700;\">\r\n Por que a tecnologia de \u00edons de s\u00f3dio da DLCPO domina o mercado\r\n        <\/h2>\r\n        <p style=\"font-size: 14px; color: #444; margin-bottom: 15px;\">\r\n No setor de armazenamento de energia de ponta, a <strong>S\u00e9rie de Baterias de \u00cdons de S\u00f3dio<\/strong> \u00e9 incompar\u00e1vel devido \u00e0 sua seguran\u00e7a e resist\u00eancia a baixas temperaturas. Ao contr\u00e1rio das baterias LFP, nossas <strong>C\u00e9lulas de Pirofosfato de Ferro e S\u00f3dio para Venda por Atacado<\/strong> s\u00e3o inerentemente est\u00e1veis e n\u00e3o inflam\u00e1veis. Ao escolher uma <strong>Bateria de \u00edons de s\u00f3dio DLCPO original<\/strong>, voc\u00ea est\u00e1 investindo em uma <strong>Bateria de alta durabilidade com 8.000 ciclos<\/strong> que permanece operacional em ambientes extremos. Isso a torna a <strong>bateria de \u00edons de s\u00f3dio ideal para frio extremo de -40 \u00b0C<\/strong>, onde outras composi\u00e7\u00f5es qu\u00edmicas simplesmente n\u00e3o funcionam.   \r\n        <\/p>\r\n        <p style=\"font-size: 14px; color: #444; margin-bottom: 15px;\">\r\n Na DLCPO, enfatizamos a \u201cfrescura\u201d da nossa cadeia de suprimentos. Muitos concorrentes oferecem estoques antigos ou c\u00e9lulas recuperadas, mas n\u00f3s somos um <strong>fornecedor de baterias de \u00edon-s\u00f3dio de lote novo<\/strong>. Ao fazer um pedido da nossa <strong>s\u00e9rie de baterias de \u00edon-s\u00f3dio<\/strong>, voc\u00ea recebe c\u00e9lulas com os mais recentes aprimoramentos qu\u00edmicos da NFPP, garantindo uma correspond\u00eancia perfeita de capacidade. A qualidade desta <strong>Bateria de \u00edons de s\u00f3dio original da DLCPO<\/strong> permite uma vida \u00fatil de 20 anos em tudo, desde sistemas de armazenamento de energia (ESS) industriais at\u00e9 redes de energia renov\u00e1vel.   \r\n        <\/p>\r\n        <p style=\"font-size: 14px; color: #444;\">\r\n Al\u00e9m disso, nossos servi\u00e7os de <strong>Venda por atacado de c\u00e9lulas de pirofosfato de ferro e s\u00f3dio<\/strong> incluem rastreabilidade total e relat\u00f3rios de testes certificados pela f\u00e1brica. Para projetos que exigem uma <strong>Bateria de \u00edons de s\u00f3dio para frio extremo de -40 \u00b0C<\/strong>, a confiabilidade de uma <strong>Bateria de \u00edons de s\u00f3dio de lote novo<\/strong> \u00e9 imprescind\u00edvel. Nossa garantia de <strong>Bateria de alta durabilidade com 8.000 ciclos<\/strong> significa que seu custo total de propriedade (TCO) \u00e9 o mais baixo do setor. Escolha a DLCPO como seu <strong>Fornecedor de baterias de \u00edon-s\u00f3dio de lote novo<\/strong> para garantir a tecnologia de armazenamento de energia mais segura do mundo.   \r\n        <\/p>\r\n    <\/div>\r\n\r\n    <div style=\"margin-bottom: 40px;\">\r\n        <h2 style=\"color: #004a99; font-size: 20px; margin-bottom: 20px; display: flex; align-items: center;\">\r\n \ud83d\ude80 Cen\u00e1rios otimizados para a s\u00e9rie de baterias de \u00edons de s\u00f3dio\r\n        <\/h2>\r\n        <div style=\"display: flex; flex-wrap: wrap; gap: 15px;\">\r\n            <div style=\"background: #eef6ff; padding: 10px 20px; border-radius: 50px; font-size: 13px; color: #004a99; font-weight: 600;\">\ud83d\ude90 Ve\u00edculos el\u00e9tricos de alta seguran\u00e7a<\/div>\r\n            <div style=\"background: #eef6ff; padding: 10px 20px; border-radius: 50px; font-size: 13px; color: #004a99; font-weight: 600;\">\u2744\ufe0f Armazenamento de energia no \u00c1rtico (-40 \u00b0C)<\/div>\r\n            <div style=\"background: #eef6ff; padding: 10px 20px; border-radius: 50px; font-size: 13px; color: #004a99; font-weight: 600;\">\ud83c\udfd7\ufe0f AGVs industriais 24 horas por dia, 7 dias por semana<\/div>\r\n            <div style=\"background: #eef6ff; padding: 10px 20px; border-radius: 50px; font-size: 13px; color: #004a99; font-weight: 600;\">\u26a1 Energia de reserva para telecomunica\u00e7\u00f5es<\/div>\r\n        <\/div>\r\n    <\/div>\r\n\r\n    <div style=\"background: #f0f4f8; padding: 30px; border-radius: 12px; border-left: 5px solid #004a99;\">\r\n        <h3 style=\"color: #004a99; font-size: 20px; margin-bottom: 10px;\">Adquira hoje mesmo a sua bateria de \u00edons de s\u00f3dio DLCPO original<\/h3>\r\n        <p style=\"font-size: 14px; color: #555;\">\r\n Procurando um <strong>fornecedor confi\u00e1vel de baterias de \u00edon-s\u00f3dio de produ\u00e7\u00e3o recente<\/strong>? Entre em contato com a <strong>DLCPO<\/strong> hoje mesmo para obter os pre\u00e7os mais recentes da nossa <strong>s\u00e9rie de baterias de \u00edon-s\u00f3dio<\/strong>. Oferecemos <strong>c\u00e9lulas de pirofosfato de ferro e s\u00f3dio no atacado<\/strong> da mais alta qualidade e solu\u00e7\u00f5es especializadas em <strong>baterias de \u00edon-s\u00f3dio para temperaturas extremamente baixas de -40 \u00b0C<\/strong>, garantidas por uma <strong>garantia de bateria de alta durabilidade com 8.000 ciclos<\/strong>. \ud83d\ude4c  \r\n        <\/p>\r\n    <\/div>\r\n\r\n<\/div>\t\t\t\t<\/div>\n\t\t\t\t\t<\/div>\n\t\t\t\t<\/div>\n\t\t<div class=\"elementor-element elementor-element-7cfe819 e-flex e-con-boxed e-con e-parent\" data-id=\"7cfe819\" data-element_type=\"container\" data-e-type=\"container\">\n\t\t\t\t\t<div class=\"e-con-inner\">\n\t\t\t\t<div class=\"woocommerce elementor-element elementor-element-e49c2c4 elementor-grid-4 elementor-grid-tablet-2 elementor-grid-mobile-1 elementor-widget elementor-widget-loop-grid\" data-id=\"e49c2c4\" data-element_type=\"widget\" data-e-type=\"widget\" data-settings=\"{&quot;_skin&quot;:&quot;product&quot;,&quot;template_id&quot;:4669,&quot;pagination_type&quot;:&quot;numbers&quot;,&quot;columns&quot;:4,&quot;columns_tablet&quot;:&quot;2&quot;,&quot;columns_mobile&quot;:&quot;1&quot;,&quot;edit_handle_selector&quot;:&quot;[data-elementor-type=\\&quot;loop-item\\&quot;]&quot;,&quot;pagination_load_type&quot;:&quot;page_reload&quot;,&quot;row_gap&quot;:{&quot;unit&quot;:&quot;px&quot;,&quot;size&quot;:&quot;&quot;,&quot;sizes&quot;:[]},&quot;row_gap_tablet_extra&quot;:{&quot;unit&quot;:&quot;px&quot;,&quot;size&quot;:&quot;&quot;,&quot;sizes&quot;:[]},&quot;row_gap_tablet&quot;:{&quot;unit&quot;:&quot;px&quot;,&quot;size&quot;:&quot;&quot;,&quot;sizes&quot;:[]},&quot;row_gap_mobile&quot;:{&quot;unit&quot;:&quot;px&quot;,&quot;size&quot;:&quot;&quot;,&quot;sizes&quot;:[]}}\" data-widget_type=\"loop-grid.product\">\n\t\t\t\t<div class=\"elementor-widget-container\">\n\t\t\t\t\t\t\t<div class=\"elementor-loop-container elementor-grid\" role=\"list\">\n\t\t<style id=\"loop-4669\">.elementor-4669 .elementor-element.elementor-element-bf98f95{--display:flex;--min-height:280px;--background-transition:0.3s;box-shadow:0px 0px 10px 0px rgba(122.01748962402344, 115.38610431837, 115.38610431837, 0.2);}.elementor-4669 .elementor-element.elementor-element-bf98f95.e-con:hover{--e-con-transform-scale:1.05;}.elementor-widget-theme-post-featured-image .widget-image-caption{color:var( --e-global-color-text );font-family:var( --e-global-typography-text-font-family ), Sans-serif;font-size:var( --e-global-typography-text-font-size );font-weight:var( --e-global-typography-text-font-weight );line-height:var( --e-global-typography-text-line-height );}.elementor-4669 .elementor-element.elementor-element-5129677 img{height:180px;object-fit:contain;object-position:center center;}.elementor-widget-theme-post-title .elementor-heading-title{font-family:var( --e-global-typography-primary-font-family ), Sans-serif;font-size:var( --e-global-typography-primary-font-size );font-weight:var( --e-global-typography-primary-font-weight );line-height:var( --e-global-typography-primary-line-height );color:var( --e-global-color-primary );}.elementor-4669 .elementor-element.elementor-element-ed9175d{text-align:center;}.elementor-4669 .elementor-element.elementor-element-ed9175d .elementor-heading-title{font-family:\"Montserrat\", Sans-serif;font-size:14px;line-height:1.6;color:#171819;}.elementor-widget-woocommerce-product-add-to-cart .added_to_cart{font-family:var( --e-global-typography-accent-font-family ), Sans-serif;font-size:var( --e-global-typography-accent-font-size );font-weight:var( --e-global-typography-accent-font-weight );line-height:var( --e-global-typography-accent-line-height );}.elementor-4669 .elementor-element.elementor-element-0fd10e1 .cart button, .elementor-4669 .elementor-element.elementor-element-0fd10e1 .cart .button{border-style:solid;border-width:1px 1px 1px 1px;border-radius:4px 4px 4px 4px;padding:6px 6px 6px 6px;color:#F39C12;background-color:#FFFFFF;border-color:#F39C12;transition:all 0.2s;}.elementor-4669 .elementor-element.elementor-element-0fd10e1 .cart button:hover, .elementor-4669 .elementor-element.elementor-element-0fd10e1 .cart .button:hover{color:#FFFFFF;background-color:#F39C12;}@media(max-width:768px){.elementor-widget-theme-post-featured-image .widget-image-caption{font-size:var( --e-global-typography-text-font-size );line-height:var( --e-global-typography-text-line-height );}.elementor-widget-theme-post-title .elementor-heading-title{font-size:var( --e-global-typography-primary-font-size );line-height:var( --e-global-typography-primary-line-height );}.elementor-widget-woocommerce-product-add-to-cart .added_to_cart{font-size:var( --e-global-typography-accent-font-size );line-height:var( --e-global-typography-accent-line-height );}}@media(max-width:767px){.elementor-widget-theme-post-featured-image .widget-image-caption{font-size:var( --e-global-typography-text-font-size );line-height:var( --e-global-typography-text-line-height );}.elementor-widget-theme-post-title .elementor-heading-title{font-size:var( --e-global-typography-primary-font-size );line-height:var( --e-global-typography-primary-line-height );}.elementor-widget-woocommerce-product-add-to-cart .added_to_cart{font-size:var( --e-global-typography-accent-font-size );line-height:var( --e-global-typography-accent-line-height );}}\/* Start custom CSS for theme-post-title, class: .elementor-element-ed9175d *\/.elementor-4669 .elementor-element.elementor-element-ed9175d {\r\n    display: -webkit-box;\r\n    -webkit-line-clamp: 2; \/* \u5f3a\u5236\u53ea\u663e\u793a2\u884c\uff0c\u4f60\u53ef\u4ee5\u6539\u62103 *\/\r\n    -webkit-box-orient: vertical;  \r\n    overflow: hidden;\r\n    min-height: 3em; \/* \u8bbe\u7f6e\u4e00\u4e2a\u6700\u5c0f\u9ad8\u5ea6\uff0c\u4fdd\u8bc1\u54ea\u6015\u6807\u9898\u53ea\u67091\u884c\uff0c\u5360\u4f4d\u4e5f\u548c2\u884c\u4e00\u6837\u9ad8 *\/\r\n}\/* End custom CSS *\/<\/style>\t\t<div data-elementor-type=\"loop-item\" data-elementor-id=\"4669\" class=\"elementor elementor-4669 elementor-549 elementor-549 e-loop-item e-loop-item-9707 post-9707 product type-product status-publish has-post-thumbnail product_cat-cat-de-bateria-de-ions-de-sodio product_tag-170ah product_tag-baixa-temperatura-descarga product_tag-bateria-de-ions-de-sodio-de-sodio-de-ions-de-sodio product_tag-ess-industrial product_tag-nfpp pa_capacity-170ah first instock shipping-taxable product-type-simple\" data-elementor-post-type=\"elementor_library\" data-custom-edit-handle=\"1\">\n\t\t\t<div class=\"elementor-element elementor-element-bf98f95 e-transform e-flex e-con-boxed e-con e-parent\" data-id=\"bf98f95\" data-element_type=\"container\" data-e-type=\"container\" data-settings=\"{&quot;animation&quot;:&quot;none&quot;,&quot;_transform_scale_effect_hover&quot;:{&quot;unit&quot;:&quot;px&quot;,&quot;size&quot;:1.05,&quot;sizes&quot;:[]},&quot;_transform_scale_effect_hover_tablet_extra&quot;:{&quot;unit&quot;:&quot;px&quot;,&quot;size&quot;:&quot;&quot;,&quot;sizes&quot;:[]},&quot;_transform_scale_effect_hover_tablet&quot;:{&quot;unit&quot;:&quot;px&quot;,&quot;size&quot;:&quot;&quot;,&quot;sizes&quot;:[]},&quot;_transform_scale_effect_hover_mobile&quot;:{&quot;unit&quot;:&quot;px&quot;,&quot;size&quot;:&quot;&quot;,&quot;sizes&quot;:[]}}\">\n\t\t\t\t\t<div class=\"e-con-inner\">\n\t\t\t\t<div class=\"elementor-element elementor-element-5129677 elementor-widget elementor-widget-theme-post-featured-image elementor-widget-image\" data-id=\"5129677\" data-element_type=\"widget\" data-e-type=\"widget\" data-widget_type=\"theme-post-featured-image.default\">\n\t\t\t\t\t\t\t\t\t\t\t\t\t\t\t<img decoding=\"async\" width=\"800\" height=\"732\" src=\"https:\/\/dlcpo.com\/wp-content\/uploads\/2026\/04\/dlcpo-nfpp-72173207-170ah-sodium-ion-battery-cell-1024x937.webp\" class=\"attachment-large size-large wp-image-9183\" alt=\"High-performance DLCPO NFPP 170Ah 2.85V prismatic sodium-ion battery cell with laser-welded terminals and QR code for energy storage\" srcset=\"https:\/\/dlcpo.com\/wp-content\/uploads\/2026\/04\/dlcpo-nfpp-72173207-170ah-sodium-ion-battery-cell-1024x937.webp 1024w, https:\/\/dlcpo.com\/wp-content\/uploads\/2026\/04\/dlcpo-nfpp-72173207-170ah-sodium-ion-battery-cell-300x275.webp 300w, https:\/\/dlcpo.com\/wp-content\/uploads\/2026\/04\/dlcpo-nfpp-72173207-170ah-sodium-ion-battery-cell-768x703.webp 768w, https:\/\/dlcpo.com\/wp-content\/uploads\/2026\/04\/dlcpo-nfpp-72173207-170ah-sodium-ion-battery-cell-1536x1406.webp 1536w, https:\/\/dlcpo.com\/wp-content\/uploads\/2026\/04\/dlcpo-nfpp-72173207-170ah-sodium-ion-battery-cell-2048x1874.webp 2048w, https:\/\/dlcpo.com\/wp-content\/uploads\/2026\/04\/dlcpo-nfpp-72173207-170ah-sodium-ion-battery-cell-600x549.webp 600w, https:\/\/dlcpo.com\/wp-content\/uploads\/2026\/04\/dlcpo-nfpp-72173207-170ah-sodium-ion-battery-cell-64x59.webp 64w\" sizes=\"(max-width: 800px) 100vw, 800px\" \/>\t\t\t\t\t\t\t\t\t\t\t\t\t\t\t<\/div>\n\t\t\t\t<div class=\"elementor-element elementor-element-ed9175d elementor-widget elementor-widget-theme-post-title elementor-page-title elementor-widget-heading\" data-id=\"ed9175d\" data-element_type=\"widget\" data-e-type=\"widget\" data-widget_type=\"theme-post-title.default\">\n\t\t\t\t\t<h1 class=\"elementor-heading-title elementor-size-default\">C\u00e9lula de bateria de \u00edons de s\u00f3dio (SIB) de ciclo profundo DLCPO NFPP 72173207 170Ah &#8211; 2,85 V 484 Wh &#8211; Alta seguran\u00e7a e desempenho em temperaturas ultrabaixas<\/h1>\t\t\t\t<\/div>\n\t\t\t\t<div class=\"elementor-element elementor-element-0fd10e1 elementor-add-to-cart--align-center elementor-widget elementor-widget-woocommerce-product-add-to-cart\" data-id=\"0fd10e1\" data-element_type=\"widget\" data-e-type=\"widget\" data-widget_type=\"woocommerce-product-add-to-cart.default\">\n\t\t\t\t\t\n\t\t<div class=\"elementor-add-to-cart elementor-product-simple\">\n\t\t\t\t\t<div class=\"e-loop-add-to-cart-form-container\">\n\t\t\t<form class=\"cart e-loop-add-to-cart-form\">\n\t\t\t\t<a href=\"https:\/\/dlcpo.com\/pt-br\/dlcpo-nfpp-72173207-170ah-celula-de-bateria-de-ions-de-sodio\/\" aria-describedby=\"woocommerce_loop_add_to_cart_link_describedby_9707\" data-quantity=\"1\" class=\"button product_type_simple\" data-product_id=\"9707\" data-product_sku=\"\" aria-label=\"Leia mais sobre &ldquo;C\u00e9lula de bateria de \u00edons de s\u00f3dio (SIB) de ciclo profundo DLCPO NFPP 72173207 170Ah - 2,85 V 484 Wh - Alta seguran\u00e7a e desempenho em temperaturas ultrabaixas&rdquo;\" rel=\"nofollow\" data-success_message=\"\">Leia mais<\/a>\t<span id=\"woocommerce_loop_add_to_cart_link_describedby_9707\" class=\"screen-reader-text\">\n\t\t\t<\/span>\n\t\t\t<\/form>\n\t\t<\/div>\n\t\t\t\t<\/div>\n\n\t\t\t\t\t\t<\/div>\n\t\t\t\t\t<\/div>\n\t\t\t\t<\/div>\n\t\t\t\t<\/div>\n\t\t\t\t<\/div>\n\t\t\n\t\t\t\t\t\t<\/div>\n\t\t\t\t<\/div>\n\t\t\t\t\t<\/div>\n\t\t\t\t<\/div>\n\t\t\t\t<\/div>\n\t\t","protected":false},"excerpt":{"rendered":"<p>Bateria de \u00edons de s\u00f3dio S\u00e9rie de baterias de \u00edons de s\u00f3dio: A solu\u00e7\u00e3o energ\u00e9tica DLCPO NFPP da Elite Procurando uma s\u00e9rie de baterias de \u00edon-s\u00f3dio que ofere\u00e7a resist\u00eancia extrema? A DLCPO Power Technology \u00e9 sua parceira exclusiva para solu\u00e7\u00f5es com baterias de \u00edon-s\u00f3dio originais da DLCPO. N\u00f3s n\u00e3o vendemos baterias em estoque; cada pedido [&hellip;]<\/p>\n","protected":false},"author":1,"featured_media":0,"parent":0,"menu_order":0,"comment_status":"closed","ping_status":"closed","template":"","meta":{"_acf_changed":false,"_joinchat":[],"footnotes":""},"class_list":["post-9705","page","type-page","status-publish","hentry"],"acf":[],"_links":{"self":[{"href":"https:\/\/dlcpo.com\/pt-br\/wp-json\/wp\/v2\/pages\/9705","targetHints":{"allow":["GET"]}}],"collection":[{"href":"https:\/\/dlcpo.com\/pt-br\/wp-json\/wp\/v2\/pages"}],"about":[{"href":"https:\/\/dlcpo.com\/pt-br\/wp-json\/wp\/v2\/types\/page"}],"author":[{"embeddable":true,"href":"https:\/\/dlcpo.com\/pt-br\/wp-json\/wp\/v2\/users\/1"}],"replies":[{"embeddable":true,"href":"https:\/\/dlcpo.com\/pt-br\/wp-json\/wp\/v2\/comments?post=9705"}],"version-history":[{"count":1,"href":"https:\/\/dlcpo.com\/pt-br\/wp-json\/wp\/v2\/pages\/9705\/revisions"}],"predecessor-version":[{"id":9706,"href":"https:\/\/dlcpo.com\/pt-br\/wp-json\/wp\/v2\/pages\/9705\/revisions\/9706"}],"wp:attachment":[{"href":"https:\/\/dlcpo.com\/pt-br\/wp-json\/wp\/v2\/media?parent=9705"}],"curies":[{"name":"wp","href":"https:\/\/api.w.org\/{rel}","templated":true}]}}