{"id":4780,"date":"2026-03-02T18:54:11","date_gmt":"2026-03-02T10:54:11","guid":{"rendered":"https:\/\/dlcpo.com\/fornecedor-confiavel-de-baterias-de-litio\/"},"modified":"2026-04-01T21:56:55","modified_gmt":"2026-04-01T13:56:55","slug":"fornecedor-confiavel-de-baterias-de-litio","status":"publish","type":"page","link":"https:\/\/dlcpo.com\/pt-br\/fornecedor-confiavel-de-baterias-de-litio\/","title":{"rendered":"Por que a DLCPO"},"content":{"rendered":"\t\t<div data-elementor-type=\"wp-page\" data-elementor-id=\"4780\" class=\"elementor elementor-4780 elementor-1240\" data-elementor-post-type=\"page\">\n\t\t\t\t<div class=\"elementor-element elementor-element-6800901 e-flex e-con-boxed e-con e-parent\" data-id=\"6800901\" data-element_type=\"container\" data-e-type=\"container\" data-settings=\"{&quot;background_background&quot;:&quot;classic&quot;}\">\n\t\t\t\t\t<div class=\"e-con-inner\">\n\t\t\t\t<div class=\"elementor-element elementor-element-3cef200 elementor-widget elementor-widget-heading\" data-id=\"3cef200\" data-element_type=\"widget\" data-e-type=\"widget\" data-widget_type=\"heading.default\">\n\t\t\t\t\t<h1 class=\"elementor-heading-title elementor-size-default\">17 anos de precis\u00e3o de engenharia: O poder por tr\u00e1s da excel\u00eancia da DLCPO<\/h1>\t\t\t\t<\/div>\n\t\t\t\t<div class=\"elementor-element elementor-element-e17775b elementor-widget elementor-widget-heading\" data-id=\"e17775b\" data-element_type=\"widget\" data-e-type=\"widget\" data-widget_type=\"heading.default\">\n\t\t\t\t\t<h2 class=\"elementor-heading-title elementor-size-default\">Desde a nossa produ\u00e7\u00e3o di\u00e1ria de mais de 150.000 pol\u00edmeros em Dongguan at\u00e9 a distribui\u00e7\u00e3o de LFP de primeira linha em Shenzhen, oferecemos solu\u00e7\u00f5es integradas de energia baseadas em uma qualidade inquestion\u00e1vel.<\/h2>\t\t\t\t<\/div>\n\t\t\t\t\t<\/div>\n\t\t\t\t<\/div>\n\t\t<div class=\"elementor-element elementor-element-4dbdaa6 e-flex e-con-boxed e-con e-parent\" data-id=\"4dbdaa6\" data-element_type=\"container\" data-e-type=\"container\">\n\t\t\t\t\t<div class=\"e-con-inner\">\n\t\t<div class=\"elementor-element elementor-element-dc92b8c e-con-full e-flex e-con e-child\" data-id=\"dc92b8c\" data-element_type=\"container\" data-e-type=\"container\" data-settings=\"{&quot;background_background&quot;:&quot;classic&quot;}\">\n\t\t\t\t<div class=\"elementor-element elementor-element-9b03f71 elementor-widget elementor-widget-counter\" data-id=\"9b03f71\" data-element_type=\"widget\" data-e-type=\"widget\" data-widget_type=\"counter.default\">\n\t\t\t\t\t\t\t<div class=\"elementor-counter\">\n\t\t\t<div class=\"elementor-counter-title\">Experi\u00eancia no setor<\/div>\t\t\t<div class=\"elementor-counter-number-wrapper\">\n\t\t\t\t<span class=\"elementor-counter-number-prefix\"><\/span>\n\t\t\t\t<span class=\"elementor-counter-number\" data-duration=\"2000\" data-to-value=\"17\" data-from-value=\"0\" data-delimiter=\",\">0<\/span>\n\t\t\t\t<span class=\"elementor-counter-number-suffix\">+ Anos<\/span>\n\t\t\t<\/div>\n\t\t<\/div>\n\t\t\t\t\t\t<\/div>\n\t\t\t\t<\/div>\n\t\t<div class=\"elementor-element elementor-element-360e1f2 e-con-full e-flex e-con e-child\" data-id=\"360e1f2\" data-element_type=\"container\" data-e-type=\"container\" data-settings=\"{&quot;background_background&quot;:&quot;classic&quot;}\">\n\t\t\t\t<div class=\"elementor-element elementor-element-270ee89 elementor-widget elementor-widget-counter\" data-id=\"270ee89\" data-element_type=\"widget\" data-e-type=\"widget\" data-widget_type=\"counter.default\">\n\t\t\t\t\t\t\t<div class=\"elementor-counter\">\n\t\t\t<div class=\"elementor-counter-title\">Produ\u00e7\u00e3o de Dongguan<\/div>\t\t\t<div class=\"elementor-counter-number-wrapper\">\n\t\t\t\t<span class=\"elementor-counter-number-prefix\"><\/span>\n\t\t\t\t<span class=\"elementor-counter-number\" data-duration=\"2000\" data-to-value=\"150000\" data-from-value=\"0\" data-delimiter=\",\">0<\/span>\n\t\t\t\t<span class=\"elementor-counter-number-suffix\">C\u00e9lulas\/dia<\/span>\n\t\t\t<\/div>\n\t\t<\/div>\n\t\t\t\t\t\t<\/div>\n\t\t\t\t<\/div>\n\t\t<div class=\"elementor-element elementor-element-903106a e-con-full e-flex e-con e-child\" data-id=\"903106a\" data-element_type=\"container\" data-e-type=\"container\" data-settings=\"{&quot;background_background&quot;:&quot;classic&quot;}\">\n\t\t\t\t<div class=\"elementor-element elementor-element-3d17d71 elementor-widget elementor-widget-counter\" data-id=\"3d17d71\" data-element_type=\"widget\" data-e-type=\"widget\" data-widget_type=\"counter.default\">\n\t\t\t\t\t\t\t<div class=\"elementor-counter\">\n\t\t\t<div class=\"elementor-counter-title\">Marcas l\u00edderes mundiais<\/div>\t\t\t<div class=\"elementor-counter-number-wrapper\">\n\t\t\t\t<span class=\"elementor-counter-number-prefix\"><\/span>\n\t\t\t\t<span class=\"elementor-counter-number\" data-duration=\"2000\" data-to-value=\"13\" data-from-value=\"0\" data-delimiter=\",\">0<\/span>\n\t\t\t\t<span class=\"elementor-counter-number-suffix\">+ Brands<\/span>\n\t\t\t<\/div>\n\t\t<\/div>\n\t\t\t\t\t\t<\/div>\n\t\t\t\t<\/div>\n\t\t<div class=\"elementor-element elementor-element-34a4124 e-con-full e-flex e-con e-child\" data-id=\"34a4124\" data-element_type=\"container\" data-e-type=\"container\" data-settings=\"{&quot;background_background&quot;:&quot;classic&quot;}\">\n\t\t\t\t<div class=\"elementor-element elementor-element-03fc54d elementor-widget elementor-widget-counter\" data-id=\"03fc54d\" data-element_type=\"widget\" data-e-type=\"widget\" data-widget_type=\"counter.default\">\n\t\t\t\t\t\t\t<div class=\"elementor-counter\">\n\t\t\t<div class=\"elementor-counter-title\">Pol\u00edtica de inspe\u00e7\u00e3o de qualidade<\/div>\t\t\t<div class=\"elementor-counter-number-wrapper\">\n\t\t\t\t<span class=\"elementor-counter-number-prefix\"><\/span>\n\t\t\t\t<span class=\"elementor-counter-number\" data-duration=\"2000\" data-to-value=\"100\" data-from-value=\"0\" data-delimiter=\",\">0<\/span>\n\t\t\t\t<span class=\"elementor-counter-number-suffix\">% Testado<\/span>\n\t\t\t<\/div>\n\t\t<\/div>\n\t\t\t\t\t\t<\/div>\n\t\t\t\t<\/div>\n\t\t\t\t\t<\/div>\n\t\t\t\t<\/div>\n\t\t<div class=\"elementor-element elementor-element-b3a6054 e-flex e-con-boxed e-con e-parent\" data-id=\"b3a6054\" data-element_type=\"container\" data-e-type=\"container\">\n\t\t\t\t\t<div class=\"e-con-inner\">\n\t\t\t\t<div class=\"elementor-element elementor-element-45e7ddb elementor-widget elementor-widget-html\" data-id=\"45e7ddb\" data-element_type=\"widget\" data-e-type=\"widget\" data-widget_type=\"html.default\">\n\t\t\t\t\t<div class=\"dlcpo-why-dlcpo-optimized\">\r\n    <link href=\"https:\/\/unpkg.com\/ionicons@4.5.10-0\/dist\/css\/ionicons.min.css\" rel=\"stylesheet\">\r\n    \r\n    <style>\r\n        .dlcpo-why-dlcpo-optimized {\r\n            font-family: 'Montserrat', 'Segoe UI', Roboto, Helvetica, Arial, sans-serif;\r\n            color: #333;\r\n            line-height: 1.6;\r\n            background-color: #ffffff;\r\n            max-width: 1200px;\r\n            margin: 0 auto;\r\n            padding: 40px 15px;\r\n            text-align: left;\r\n        }\r\n\r\n        .dlcpo-why-dlcpo-optimized h1.main-title {\r\n            color: #1a1a1a;\r\n            font-size: 36px;\r\n            font-weight: 800;\r\n            margin-bottom: 20px;\r\n            border-left: 6px solid #0056b3; \/* \u6cbf\u7528\u6df1\u84dd\u8272\u8c03 *\/\r\n            padding-left: 15px;\r\n            text-align: left;\r\n        }\r\n\r\n        .dlcpo-why-dlcpo-optimized .hero-desc {\r\n            font-size: 18px;\r\n            color: #555;\r\n            max-width: 900px;\r\n            margin-bottom: 50px;\r\n            text-align: left;\r\n        }\r\n\r\n        \/* \u7f51\u683c\u5bb9\u5668\uff1a\u5f3a\u5236\u9ad8\u5ea6\u4e00\u81f4 *\/\r\n        .dlcpo-why-dlcpo-optimized .why-grid-container {\r\n            display: grid;\r\n            grid-template-columns: repeat(auto-fit, minmax(350px, 1fr));\r\n            gap: 25px;\r\n            align-items: stretch; \/* \u6838\u5fc3\uff1a\u9ad8\u5ea6\u62c9\u4f38\u4e00\u81f4 *\/\r\n        }\r\n\r\n        \/* \u5355\u4e2a\u76d2\u5b50\u6837\u5f0f *\/\r\n        .why-grid-box {\r\n            background: #fff;\r\n            padding: 30px;\r\n            border-radius: 8px;\r\n            box-shadow: 0 4px 15px rgba(0,0,0,0.04);\r\n            transition: transform 0.3s ease, box-shadow 0.3s ease;\r\n            display: flex;\r\n            flex-direction: column;\r\n            border: 1px solid #eee;\r\n        }\r\n\r\n        .why-grid-box:hover {\r\n            transform: translateY(-5px);\r\n            box-shadow: 0 10px 25px rgba(0,0,0,0.08);\r\n        }\r\n\r\n        \/* \u56fe\u6807\u5305\u88c5\uff1a\u5de6\u5bf9\u9f50\uff0c\u547c\u5438\u611f *\/\r\n        .why-grid-box .grid-icon-wrapper {\r\n            display: flex;\r\n            align-items: center;\r\n            margin-bottom: 20px;\r\n        }\r\n\r\n        .why-grid-box .grid-icon {\r\n            font-size: 28px;\r\n            color: #0056b3; \/* \u6807\u5fd7\u6027\u6df1\u84dd *\/\r\n            background-color: #eef4ff; \/* \u6d45\u84dd\u80cc\u666f *\/\r\n            width: 55px;\r\n            height: 55px;\r\n            border-radius: 50%;\r\n            display: flex;\r\n            justify-content: center;\r\n            align-items: center;\r\n            margin-right: 15px;\r\n            box-shadow: inset 0 2px 4px rgba(0,0,0,0.03);\r\n        }\r\n\r\n        \/* \u76d2\u5b50\u5185\u5b57\u4f53\u6392\u7248 *\/\r\n        .why-grid-box h3.grid-title {\r\n            color: #1a1a1a;\r\n            font-size: 20px;\r\n            font-weight: 700;\r\n            margin: 0;\r\n            line-height: 1.2;\r\n        }\r\n\r\n        .why-grid-box p.grid-desc {\r\n            font-size: 14px;\r\n            color: #555;\r\n            margin: 0;\r\n            line-height: 1.6;\r\n            flex-grow: 1; \/* \u586b\u5145\u76d2\u5b50 *\/\r\n        }\r\n\r\n        \/* \u54cd\u5e94\u5f0f\u9002\u914d *\/\r\n        @media (max-width: 767px) {\r\n            .why-grid-container {\r\n                grid-template-columns: 1fr;\r\n            }\r\n            .dlcpo-why-dlcpo-optimized h1.main-title {\r\n                font-size: 28px;\r\n            }\r\n        }\r\n    <\/style>\r\n\r\n    <h1 class=\"main-title\">Por que ser parceiro da DLCPO Power?<\/h1>\r\n    <p class=\"hero-desc\">Seu Fornecedor Confi\u00e1vel de Baterias de L\u00edtio desde 2007. A DLCPO combina precis\u00e3o t\u00e9cnica com transpar\u00eancia na cadeia de suprimentos para projetos globais de energia.<\/p>\r\n    \r\n    <div class=\"why-grid-container\">\r\n        <div class=\"why-grid-box\">\r\n            <div class=\"grid-icon-wrapper\">\r\n                <div class=\"grid-icon\"><i class=\"icon ion-md-ribbon\"><\/i><\/div>\r\n                <h3 class=\"grid-title\">Mais de 18 Anos de Experi\u00eancia<\/h3>\r\n            <\/div>\r\n            <p class=\"grid-desc\">Como um <strong>Fornecedor Confi\u00e1vel de Baterias de L\u00edtio<\/strong> estabelecido em 2007, a DLCPO combina quase duas d\u00e9cadas de excel\u00eancia em fabrica\u00e7\u00e3o com inova\u00e7\u00e3o moderna para parceiros globais.<\/p>\r\n        <\/div>\r\n\r\n        <div class=\"why-grid-box\">\r\n            <div class=\"grid-icon-wrapper\">\r\n                <div class=\"grid-icon\"><i class=\"icon ion-ios-battery-full\"><\/i><\/div>\r\n                <h3 class=\"grid-title\">Apenas C\u00e9lulas Grau A<\/h3>\r\n            <\/div>\r\n            <p class=\"grid-desc\">Nossa f\u00e1brica <strong>Fabricante de Baterias LiFePO4 na China<\/strong> utiliza estritamente c\u00e9lulas de Grau A de marcas Tier-1 como <strong>EVE, REPT e SVOLT<\/strong> com correspond\u00eancia total de capacidade.<\/p>\r\n        <\/div>\r\n\r\n        <div class=\"why-grid-box\">\r\n            <div class=\"grid-icon-wrapper\">\r\n                <div class=\"grid-icon\"><i class=\"icon ion-ios-cube\"><\/i><\/div>\r\n                <h3 class=\"grid-title\">Pol\u00edtica de Lotes Frescos<\/h3>\r\n            <\/div>\r\n            <p class=\"grid-desc\">A qualidade come\u00e7a com o frescor. Como um <strong>Fornecedor Confi\u00e1vel de Baterias de L\u00edtio<\/strong>, implementamos rigorosamente uma pol\u00edtica de <strong>\"Sem Estoque\" (No Stock)<\/strong>, entregando apenas solu\u00e7\u00f5es de <strong>Bateria LiFePO4 de Lotes Rec\u00e9m-Produzidos<\/strong>.<\/p>\r\n        <\/div>\r\n\r\n        <div class=\"why-grid-box\">\r\n            <div class=\"grid-icon-wrapper\">\r\n                <div class=\"grid-icon\"><i class=\"icon ion-md-git-network\"><\/i><\/div>\r\n                <h3 class=\"grid-title\">Integra\u00e7\u00e3o Inteligente de BMS<\/h3>\r\n            <\/div>\r\n            <p class=\"grid-desc\">Lideramos na <strong>Integra\u00e7\u00e3o de Protocolos BMS Avan\u00e7ados<\/strong>, recomendando o <strong>BMS JK com Balanceamento Ativo<\/strong> para sincroniza\u00e7\u00e3o perfeita com inversores Victron, Deye e Growatt.<\/p>\r\n        <\/div>\r\n\r\n        <div class=\"why-grid-box\">\r\n            <div class=\"grid-icon-wrapper\">\r\n                <div class=\"grid-icon\"><i class=\"icon ion-ios-shield-checkmark\"><\/i><\/div>\r\n                <h3 class=\"grid-title\">Certifica\u00e7\u00f5es Globais<\/h3>\r\n            <\/div>\r\n            <p class=\"grid-desc\">A seguran\u00e7a \u00e9 o nosso padr\u00e3o inegoci\u00e1vel. Cada <strong>Bateria de L\u00edtio de Qualidade<\/strong> atende aos rigorosos requisitos UN38.3, CE e MSDS dentro dos padr\u00f5es da nossa <strong>f\u00e1brica ISO9001<\/strong>.<\/p>\r\n        <\/div>\r\n\r\n        <div class=\"why-grid-box\">\r\n            <div class=\"grid-icon-wrapper\">\r\n                <div class=\"grid-icon\"><i class=\"icon ion-md-construct\"><\/i><\/div>\r\n                <h3 class=\"grid-title\">Suporte Personalizado OEM\/SKD<\/h3>\r\n            <\/div>\r\n            <p class=\"grid-desc\">A DLCPO oferece op\u00e7\u00f5es flex\u00edveis de <strong>Fornecimento de Baterias Direto da F\u00e1brica<\/strong>, incluindo kits completos de montagem CKD\/SKD e suporte t\u00e9cnico dedicado para montagem local.<\/p>\r\n        <\/div>\r\n    <\/div>\r\n<\/div>\t\t\t\t<\/div>\n\t\t\t\t\t<\/div>\n\t\t\t\t<\/div>\n\t\t<div class=\"elementor-element elementor-element-2d60acc e-flex e-con-boxed e-con e-parent\" data-id=\"2d60acc\" data-element_type=\"container\" data-e-type=\"container\">\n\t\t\t\t\t<div class=\"e-con-inner\">\n\t\t<div class=\"elementor-element elementor-element-3df6ab3 e-con-full e-flex e-con e-child\" data-id=\"3df6ab3\" data-element_type=\"container\" data-e-type=\"container\">\n\t\t\t\t<div class=\"elementor-element elementor-element-3f8bb83 elementor-widget elementor-widget-image\" data-id=\"3f8bb83\" data-element_type=\"widget\" data-e-type=\"widget\" data-widget_type=\"image.default\">\n\t\t\t\t\t\t\t\t\t\t\t\t\t\t\t<img fetchpriority=\"high\" decoding=\"async\" width=\"572\" height=\"1024\" src=\"https:\/\/dlcpo.com\/wp-content\/uploads\/2026\/03\/dlcpo-lithium-battery-pack-manufacturing-assembly-line-572x1024.webp\" class=\"attachment-large size-large wp-image-4710\" alt=\"Vista da linha de montagem da bateria PACK da DLCPO, onde a ger\u00eancia est\u00e1 inspecionando c\u00e9lulas de l\u00edtio de alta capacidade para projetos de energia personalizados.\" srcset=\"https:\/\/dlcpo.com\/wp-content\/uploads\/2026\/03\/dlcpo-lithium-battery-pack-manufacturing-assembly-line-572x1024.webp 572w, https:\/\/dlcpo.com\/wp-content\/uploads\/2026\/03\/dlcpo-lithium-battery-pack-manufacturing-assembly-line-scaled-300x537.webp 300w, https:\/\/dlcpo.com\/wp-content\/uploads\/2026\/03\/dlcpo-lithium-battery-pack-manufacturing-assembly-line-scaled-600x1075.webp 600w, https:\/\/dlcpo.com\/wp-content\/uploads\/2026\/03\/dlcpo-lithium-battery-pack-manufacturing-assembly-line-scaled-64x115.webp 64w, https:\/\/dlcpo.com\/wp-content\/uploads\/2026\/03\/dlcpo-lithium-battery-pack-manufacturing-assembly-line-167x300.webp 167w, https:\/\/dlcpo.com\/wp-content\/uploads\/2026\/03\/dlcpo-lithium-battery-pack-manufacturing-assembly-line-768x1376.webp 768w, https:\/\/dlcpo.com\/wp-content\/uploads\/2026\/03\/dlcpo-lithium-battery-pack-manufacturing-assembly-line-857x1536.webp 857w, https:\/\/dlcpo.com\/wp-content\/uploads\/2026\/03\/dlcpo-lithium-battery-pack-manufacturing-assembly-line-1143x2048.webp 1143w, https:\/\/dlcpo.com\/wp-content\/uploads\/2026\/03\/dlcpo-lithium-battery-pack-manufacturing-assembly-line-scaled.webp 1429w\" sizes=\"(max-width: 572px) 100vw, 572px\" \/>\t\t\t\t\t\t\t\t\t\t\t\t\t\t\t<\/div>\n\t\t\t\t<\/div>\n\t\t<div class=\"elementor-element elementor-element-1cd629e e-con-full e-flex e-con e-child\" data-id=\"1cd629e\" data-element_type=\"container\" data-e-type=\"container\">\n\t\t\t\t<div class=\"elementor-element elementor-element-5e7c264 elementor-widget elementor-widget-heading\" data-id=\"5e7c264\" data-element_type=\"widget\" data-e-type=\"widget\" data-widget_type=\"heading.default\">\n\t\t\t\t\t<h2 class=\"elementor-heading-title elementor-size-default\">Um compromisso pessoal com sua inova\u00e7\u00e3o energ\u00e9tica \ud83e\udd42<\/h2>\t\t\t\t<\/div>\n\t\t\t\t<div class=\"elementor-element elementor-element-9c8a2cb elementor-widget elementor-widget-text-editor\" data-id=\"9c8a2cb\" data-element_type=\"widget\" data-e-type=\"widget\" data-widget_type=\"text-editor.default\">\n\t\t\t\t\t\t\t\t\t<p>&#8220;Na DLCPO, n\u00f3s n\u00e3o fabricamos apenas baterias; n\u00f3s alimentamos o futuro da sua inova\u00e7\u00e3o. Desde <strong>2007<\/strong>, minha miss\u00e3o tem sido preencher a lacuna entre a complexa tecnologia de c\u00e9lulas e as cadeias de suprimentos globais confi\u00e1veis. Seja na nossa <strong>produ\u00e7\u00e3o di\u00e1ria de mais de 150.000 pol\u00edmeros<\/strong> em Dongguan ou na nossa <strong>distribui\u00e7\u00e3o de LFP<\/strong> de alto n\u00edvel em Shenzhen, cada c\u00e9lula passa pela rigorosa <strong>inspe\u00e7\u00e3o 100%<\/strong> da minha equipe. Tratamos as necessidades de energia do seu projeto com a mesma precis\u00e3o e respeito que damos ao nosso pr\u00f3prio legado de engenharia.&#8221;   <\/p>\t\t\t\t\t\t\t\t<\/div>\n\t\t<div class=\"elementor-element elementor-element-bd419ae e-con-full e-flex e-con e-child\" data-id=\"bd419ae\" data-element_type=\"container\" data-e-type=\"container\">\n\t\t\t\t<div class=\"elementor-element elementor-element-00ce311 elementor-widget elementor-widget-image\" data-id=\"00ce311\" data-element_type=\"widget\" data-e-type=\"widget\" data-widget_type=\"image.default\">\n\t\t\t\t\t\t\t\t\t\t\t\t\t\t\t<img decoding=\"async\" width=\"409\" height=\"260\" src=\"https:\/\/dlcpo.com\/wp-content\/uploads\/2026\/03\/CB.webp\" class=\"attachment-large size-large wp-image-4778\" alt=\"\" srcset=\"https:\/\/dlcpo.com\/wp-content\/uploads\/2026\/03\/CB.webp 409w, https:\/\/dlcpo.com\/wp-content\/uploads\/2026\/03\/CB-300x191.webp 300w, https:\/\/dlcpo.com\/wp-content\/uploads\/2026\/03\/CB-64x41.webp 64w\" sizes=\"(max-width: 409px) 100vw, 409px\" \/>\t\t\t\t\t\t\t\t\t\t\t\t\t\t\t<\/div>\n\t\t\t\t<div class=\"elementor-element elementor-element-86967ad elementor-widget elementor-widget-image\" data-id=\"86967ad\" data-element_type=\"widget\" data-e-type=\"widget\" data-widget_type=\"image.default\">\n\t\t\t\t\t\t\t\t\t\t\t\t\t\t\t<img decoding=\"async\" width=\"414\" height=\"296\" src=\"https:\/\/dlcpo.com\/wp-content\/uploads\/2026\/03\/CE.webp\" class=\"attachment-large size-large wp-image-4603\" alt=\"\" srcset=\"https:\/\/dlcpo.com\/wp-content\/uploads\/2026\/03\/CE.webp 414w, https:\/\/dlcpo.com\/wp-content\/uploads\/2026\/03\/CE-300x214.webp 300w, https:\/\/dlcpo.com\/wp-content\/uploads\/2026\/03\/CE-64x46.webp 64w\" sizes=\"(max-width: 414px) 100vw, 414px\" \/>\t\t\t\t\t\t\t\t\t\t\t\t\t\t\t<\/div>\n\t\t\t\t<div class=\"elementor-element elementor-element-795056f elementor-widget elementor-widget-image\" data-id=\"795056f\" data-element_type=\"widget\" data-e-type=\"widget\" data-widget_type=\"image.default\">\n\t\t\t\t\t\t\t\t\t\t\t\t\t\t\t<img loading=\"lazy\" decoding=\"async\" width=\"360\" height=\"255\" src=\"https:\/\/dlcpo.com\/wp-content\/uploads\/2026\/03\/FCC.webp\" class=\"attachment-large size-large wp-image-4779\" alt=\"\" srcset=\"https:\/\/dlcpo.com\/wp-content\/uploads\/2026\/03\/FCC.webp 360w, https:\/\/dlcpo.com\/wp-content\/uploads\/2026\/03\/FCC-300x213.webp 300w, https:\/\/dlcpo.com\/wp-content\/uploads\/2026\/03\/FCC-64x45.webp 64w\" sizes=\"(max-width: 360px) 100vw, 360px\" \/>\t\t\t\t\t\t\t\t\t\t\t\t\t\t\t<\/div>\n\t\t\t\t<div class=\"elementor-element elementor-element-2e80e91 elementor-widget elementor-widget-image\" data-id=\"2e80e91\" data-element_type=\"widget\" data-e-type=\"widget\" data-widget_type=\"image.default\">\n\t\t\t\t\t\t\t\t\t\t\t\t\t\t\t<img loading=\"lazy\" decoding=\"async\" width=\"246\" height=\"250\" src=\"https:\/\/dlcpo.com\/wp-content\/uploads\/2026\/03\/IEC.webp\" class=\"attachment-large size-large wp-image-4602\" alt=\"\" srcset=\"https:\/\/dlcpo.com\/wp-content\/uploads\/2026\/03\/IEC.webp 246w, https:\/\/dlcpo.com\/wp-content\/uploads\/2026\/03\/IEC-64x65.webp 64w\" sizes=\"(max-width: 246px) 100vw, 246px\" \/>\t\t\t\t\t\t\t\t\t\t\t\t\t\t\t<\/div>\n\t\t\t\t<div class=\"elementor-element elementor-element-0ccecca elementor-widget elementor-widget-image\" data-id=\"0ccecca\" data-element_type=\"widget\" data-e-type=\"widget\" data-widget_type=\"image.default\">\n\t\t\t\t\t\t\t\t\t\t\t\t\t\t\t<img loading=\"lazy\" decoding=\"async\" width=\"500\" height=\"140\" src=\"https:\/\/dlcpo.com\/wp-content\/uploads\/2026\/03\/ROHS.webp\" class=\"attachment-large size-large wp-image-4600\" alt=\"\" srcset=\"https:\/\/dlcpo.com\/wp-content\/uploads\/2026\/03\/ROHS.webp 500w, https:\/\/dlcpo.com\/wp-content\/uploads\/2026\/03\/ROHS-300x84.webp 300w, https:\/\/dlcpo.com\/wp-content\/uploads\/2026\/03\/ROHS-64x18.webp 64w\" sizes=\"(max-width: 500px) 100vw, 500px\" \/>\t\t\t\t\t\t\t\t\t\t\t\t\t\t\t<\/div>\n\t\t\t\t<div class=\"elementor-element elementor-element-900fb00 elementor-widget elementor-widget-image\" data-id=\"900fb00\" data-element_type=\"widget\" data-e-type=\"widget\" data-widget_type=\"image.default\">\n\t\t\t\t\t\t\t\t\t\t\t\t\t\t\t<img loading=\"lazy\" decoding=\"async\" width=\"800\" height=\"755\" src=\"https:\/\/dlcpo.com\/wp-content\/uploads\/2026\/03\/UL-1024x966.webp\" class=\"attachment-large size-large wp-image-4601\" alt=\"\" srcset=\"https:\/\/dlcpo.com\/wp-content\/uploads\/2026\/03\/UL-1024x966.webp 1024w, https:\/\/dlcpo.com\/wp-content\/uploads\/2026\/03\/UL-300x283.webp 300w, https:\/\/dlcpo.com\/wp-content\/uploads\/2026\/03\/UL-600x566.webp 600w, https:\/\/dlcpo.com\/wp-content\/uploads\/2026\/03\/UL-64x60.webp 64w, https:\/\/dlcpo.com\/wp-content\/uploads\/2026\/03\/UL-768x724.webp 768w, https:\/\/dlcpo.com\/wp-content\/uploads\/2026\/03\/UL.webp 1054w\" sizes=\"(max-width: 800px) 100vw, 800px\" \/>\t\t\t\t\t\t\t\t\t\t\t\t\t\t\t<\/div>\n\t\t\t\t<div class=\"elementor-element elementor-element-177ae86 elementor-widget elementor-widget-image\" data-id=\"177ae86\" data-element_type=\"widget\" data-e-type=\"widget\" data-widget_type=\"image.default\">\n\t\t\t\t\t\t\t\t\t\t\t\t\t\t\t<img loading=\"lazy\" decoding=\"async\" width=\"358\" height=\"156\" src=\"https:\/\/dlcpo.com\/wp-content\/uploads\/2026\/03\/UN38.3.webp\" class=\"attachment-large size-large wp-image-4599\" alt=\"\" srcset=\"https:\/\/dlcpo.com\/wp-content\/uploads\/2026\/03\/UN38.3.webp 358w, https:\/\/dlcpo.com\/wp-content\/uploads\/2026\/03\/UN38.3-300x131.webp 300w, https:\/\/dlcpo.com\/wp-content\/uploads\/2026\/03\/UN38.3-64x28.webp 64w\" sizes=\"(max-width: 358px) 100vw, 358px\" \/>\t\t\t\t\t\t\t\t\t\t\t\t\t\t\t<\/div>\n\t\t\t\t<\/div>\n\t\t\t\t<div class=\"elementor-element elementor-element-c6c93ad elementor-align-right elementor-widget elementor-widget-button\" data-id=\"c6c93ad\" data-element_type=\"widget\" data-e-type=\"widget\" data-widget_type=\"button.default\">\n\t\t\t\t\t\t\t\t\t\t<a class=\"elementor-button elementor-size-sm elementor-animation-float\" role=\"button\">\n\t\t\t\t\t\t<span class=\"elementor-button-content-wrapper\">\n\t\t\t\t\t\t<span class=\"elementor-button-icon\">\n\t\t\t\t<svg aria-hidden=\"true\" class=\"e-font-icon-svg e-fas-paper-plane\" viewBox=\"0 0 512 512\" xmlns=\"http:\/\/www.w3.org\/2000\/svg\"><path d=\"M476 3.2L12.5 270.6c-18.1 10.4-15.8 35.6 2.2 43.2L121 358.4l287.3-253.2c5.5-4.9 13.3 2.6 8.6 8.3L176 407v80.5c0 23.6 28.5 32.9 42.5 15.8L282 426l124.6 52.2c14.2 6 30.4-2.9 33-18.2l72-432C515 7.8 493.3-6.8 476 3.2z\"><\/path><\/svg>\t\t\t<\/span>\n\t\t\t\t\t\t\t\t\t<span class=\"elementor-button-text\">Obter cota\u00e7\u00e3o direta da f\u00e1brica e suporte t\u00e9cnico \u2192 Voc\u00ea pode obter cota\u00e7\u00e3o direta da f\u00e1brica e suporte t\u00e9cnico.<\/span>\n\t\t\t\t\t<\/span>\n\t\t\t\t\t<\/a>\n\t\t\t\t\t\t\t\t<\/div>\n\t\t\t\t<\/div>\n\t\t\t\t\t<\/div>\n\t\t\t\t<\/div>\n\t\t\t\t<\/div>\n\t\t","protected":false},"excerpt":{"rendered":"<p>17 anos de precis\u00e3o de engenharia: O poder por tr\u00e1s da excel\u00eancia da DLCPO Desde a nossa produ\u00e7\u00e3o di\u00e1ria de mais de 150.000 pol\u00edmeros em Dongguan at\u00e9 a distribui\u00e7\u00e3o de LFP de primeira linha em Shenzhen, oferecemos solu\u00e7\u00f5es integradas de energia baseadas em uma qualidade inquestion\u00e1vel. Experi\u00eancia no setor 0 + Anos Produ\u00e7\u00e3o de Dongguan [&hellip;]<\/p>\n","protected":false},"author":1,"featured_media":0,"parent":0,"menu_order":0,"comment_status":"closed","ping_status":"closed","template":"","meta":{"_acf_changed":false,"_joinchat":[],"footnotes":""},"class_list":["post-4780","page","type-page","status-publish","hentry"],"acf":[],"_links":{"self":[{"href":"https:\/\/dlcpo.com\/pt-br\/wp-json\/wp\/v2\/pages\/4780","targetHints":{"allow":["GET"]}}],"collection":[{"href":"https:\/\/dlcpo.com\/pt-br\/wp-json\/wp\/v2\/pages"}],"about":[{"href":"https:\/\/dlcpo.com\/pt-br\/wp-json\/wp\/v2\/types\/page"}],"author":[{"embeddable":true,"href":"https:\/\/dlcpo.com\/pt-br\/wp-json\/wp\/v2\/users\/1"}],"replies":[{"embeddable":true,"href":"https:\/\/dlcpo.com\/pt-br\/wp-json\/wp\/v2\/comments?post=4780"}],"version-history":[{"count":17,"href":"https:\/\/dlcpo.com\/pt-br\/wp-json\/wp\/v2\/pages\/4780\/revisions"}],"predecessor-version":[{"id":5380,"href":"https:\/\/dlcpo.com\/pt-br\/wp-json\/wp\/v2\/pages\/4780\/revisions\/5380"}],"wp:attachment":[{"href":"https:\/\/dlcpo.com\/pt-br\/wp-json\/wp\/v2\/media?parent=4780"}],"curies":[{"name":"wp","href":"https:\/\/api.w.org\/{rel}","templated":true}]}}