{"id":4742,"date":"2026-02-28T21:25:55","date_gmt":"2026-02-28T13:25:55","guid":{"rendered":"https:\/\/dlcpo.com\/bateria-de-polimero-de-litio-personalizada\/"},"modified":"2026-04-15T17:15:06","modified_gmt":"2026-04-15T09:15:06","slug":"bateria-de-polimero-de-litio-personalizada","status":"publish","type":"page","link":"https:\/\/dlcpo.com\/pt-br\/bateria-de-polimero-de-litio-personalizada\/","title":{"rendered":"Bateria de pol\u00edmero de l\u00edtio (bolsa)"},"content":{"rendered":"\t\t<div data-elementor-type=\"wp-page\" data-elementor-id=\"4742\" class=\"elementor elementor-4742 elementor-911\" data-elementor-post-type=\"page\">\n\t\t\t\t<div class=\"elementor-element elementor-element-eaf4c08 e-flex e-con-boxed e-con e-parent\" data-id=\"eaf4c08\" data-element_type=\"container\" data-e-type=\"container\" data-settings=\"{&quot;background_background&quot;:&quot;classic&quot;}\">\n\t\t\t\t\t<div class=\"e-con-inner\">\n\t\t\t\t<div class=\"elementor-element elementor-element-628a285 elementor-widget elementor-widget-heading\" data-id=\"628a285\" data-element_type=\"widget\" data-e-type=\"widget\" data-widget_type=\"heading.default\">\n\t\t\t\t\t<h1 class=\"elementor-heading-title elementor-size-default\">Solu\u00e7\u00f5es personalizadas de baterias em bolsa de pol\u00edmero de l\u00edtio<\/h1>\t\t\t\t<\/div>\n\t\t\t\t<div class=\"elementor-element elementor-element-953a688 elementor-widget elementor-widget-heading\" data-id=\"953a688\" data-element_type=\"widget\" data-e-type=\"widget\" data-widget_type=\"heading.default\">\n\t\t\t\t\t<h2 class=\"elementor-heading-title elementor-size-default\">100% Bespoke Dimensions | Especializada em mais de 10 anos de P&amp;D e engenharia de PACKs personalizados.<\/h2>\t\t\t\t<\/div>\n\t\t\t\t\t<\/div>\n\t\t\t\t<\/div>\n\t\t<div class=\"elementor-element elementor-element-6f99ef8 e-flex e-con-boxed e-con e-parent\" data-id=\"6f99ef8\" data-element_type=\"container\" data-e-type=\"container\">\n\t\t\t\t\t<div class=\"e-con-inner\">\n\t\t\t\t<div class=\"elementor-element elementor-element-4b55b83 elementor-widget elementor-widget-html\" data-id=\"4b55b83\" data-element_type=\"widget\" data-e-type=\"widget\" data-widget_type=\"html.default\">\n\t\t\t\t\t<div class=\"dlcpo-pouch-page\" style=\"font-family: 'Segoe UI', Roboto, sans-serif; line-height: 1.8; color: #333; text-align: left;\"><style>.dlcpo-pouch-page { background-color: #ffffff; }\r\n        .pouch-hero {\r\n            background: linear-gradient(rgba(0, 26, 51, 0.75), rgba(0, 26, 51, 0.75)), \r\n                        url('https:\/\/dlcpo.com\/wp-content\/uploads\/dlcpo-polymer-battery-factory-strict-ipqc-standard1.jpg');\r\n            background-size: cover; background-position: center; height: 420px;\r\n            display: flex; flex-direction: column; justify-content: center; align-items: center;\r\n            text-align: center; color: #fff; padding: 0 5%;\r\n        }\r\n        .pouch-hero h1 { font-size: 38px; margin-bottom: 10px; text-transform: uppercase; }\r\n        .pouch-hero .experience-tag { background: #44aaff; color: #001a33; padding: 5px 15px; font-weight: bold; border-radius: 3px; margin-bottom: 15px; }\r\n        .pouch-hero p { font-size: 18px; max-width: 900px; color: #ffffff; }\r\n\r\n        .pouch-section { padding: 60px 10%; }\r\n        .features-grid { display: grid; grid-template-columns: repeat(2, 1fr); gap: 30px; }\r\n        .feature-card { background: #f8fbff; padding: 30px; border-radius: 6px; border-left: 5px solid #003366; transition: 0.3s; }\r\n        .feature-card h4 { color: #003366; font-size: 19px; margin-bottom: 12px; }\r\n\r\n        .app-section { background-color: #f4f7f9; padding: 60px 10%; }\r\n        .app-grid { display: grid; grid-template-columns: repeat(4, 1fr); gap: 12px; margin-top: 30px; }\r\n        .app-tag { background: #fff; padding: 12px; border-radius: 4px; font-size: 13px; color: #444; border: 1px solid #e0e0e0; text-align: center; font-weight: 500; }\r\n\r\n        .seo-rich-content { padding: 60px 10%; background: #fff; }\r\n        .seo-rich-content h3 { color: #003366; font-size: 26px; margin-bottom: 20px; }\r\n\r\n        @media (max-width: 992px) { .features-grid, .app-grid { grid-template-columns: 1fr; } .pouch-hero h1 { font-size: 28px; } }\r\n    <\/style><header class=\"pouch-hero\"><div class=\"experience-tag\">ESTABLISHED SINCE 2007<\/div><h1>Custom Lithium Polymer Battery & Pouch Battery Solutions<\/h1><p>18+ Years of <strong>Li-Po Battery Manufacturer<\/strong> Excellence | Millimeter-Level Bespoke Sizing<\/p><\/header><section class=\"pouch-section\"><div style=\"text-align: center; margin-bottom: 50px;\"><h2>Why DLCPO is Your Preferred Custom Lithium Polymer Battery Partner<\/h2><p>From <strong>Ultra-thin Lithium Polymer Battery<\/strong> designs to complex medical packs.<\/p><\/div><div class=\"features-grid\"><div class=\"feature-card\"><h4>\ud83d\udd75\ufe0f Millimeter-Level Bespoke Sizing<\/h4><p>We specialize in <strong>Bespoke Polymer Battery Design<\/strong>, offering 100% customized dimensions for ultra-thin or unique shapes (down to 0.5mm) to fit modern IoT tech.<\/p><\/div><div class=\"feature-card\"><h4>\ud83d\udd75\ufe0f High Energy Density Pouch Battery Solutions<\/h4><p>As a leading <strong>Li-Po Battery Manufacturer<\/strong>, we ensure higher capacity in a smaller footprint, providing advanced <strong>High Capacity Pouch Battery Solutions<\/strong>.<\/p><\/div><div class=\"feature-card\"><h4>\ud83d\udd75\ufe0f 18+ Years Technical Mastery<\/h4><p>Leveraging 18 years of technical accumulation in <strong>Custom Lithium Polymer Battery<\/strong> manufacturing since 2007 for stable, long-term solutions.<\/p><\/div><div class=\"feature-card\"><h4>\ud83d\udd75\ufe0f Prototype to Mass Production<\/h4><p>Our <strong>Custom LiPo Battery Pack Manufacturer<\/strong> services cover everything from initial CAD design in Shenzhen to mass production in our ISO9001 factory.<\/p><\/div><\/div><\/section><section class=\"seo-rich-content\"><h3>Leading the Industry in Ultra-thin Lithium Polymer Battery Innovation<\/h3><p>In the evolving world of wearable technology and IIoT, the demand for a <strong>Custom Lithium Polymer Battery<\/strong> that fits into ever-shrinking enclosures is surging. DLCPO has been at the forefront of this trend, developing <strong>Ultra-thin Lithium Polymer Battery<\/strong> cells that are only 0.5mm thick. Our <strong>Bespoke Polymer Battery Design<\/strong> allows engineers to maximize the internal space of their devices, delivering more runtime without adding bulk.<\/p><p>As an expert <strong>Custom LiPo Battery Pack Manufacturer<\/strong>, we understand that high-precision devices require more than just power; they require stability. Every unit in our <strong>Pouch Battery Solutions<\/strong> lineup undergoes rigorous IPQC testing. We maintain a voltage deviation of less than 5mV across cells, ensuring that your <strong>High Capacity Pouch Battery Solutions<\/strong> maintain consistent performance over hundreds of charge cycles. This commitment to quality is why medical health device manufacturers and asset-tracking IoT startups trust us as their primary <strong>Li-Po Battery Manufacturer<\/strong>.<\/p><p>Beyond standard rectangular cells, we offer <strong>Curved & Shaped Li-Po Battery<\/strong> options. These specialized <strong>Custom Lithium Polymer Battery<\/strong> designs are perfect for smartwatches, VR headsets, and ergonomic digital imaging devices. By utilizing our <strong>Bespoke Polymer Battery Design<\/strong> services, you gain access to our extensive library of over 1,000 existing molds, significantly reducing your initial R&D costs and time-to-market. Whether you need a 10mAh micro-cell or a 10,000mAh <strong>High Capacity Pouch Battery Solutions<\/strong>, DLCPO is equipped to deliver from concept to completion.<\/p><\/section><section class=\"app-section\"><div style=\"text-align: center; margin-bottom: 30px;\"><h2>Custom Lithium Polymer Battery Applications<\/h2><p>Powering high-precision devices across the globe with our <strong>Li-Po Battery Manufacturer<\/strong> expertise.<\/p><\/div><div class=\"app-grid\"><div class=\"app-tag\">\ud83d\udcf1 Ultra-thin Mobile Devices<\/div><div class=\"app-tag\">\u231a Wearable Health Tech<\/div><div class=\"app-tag\">\ud83c\udfe5 Precision Medical Tools<\/div><div class=\"app-tag\">\ud83d\ude81 Survey & Mapping Drones<\/div><div class=\"app-tag\">\ud83d\udce6 Global Asset Tracking<\/div><div class=\"app-tag\">\ud83c\udfa7 Premium Bluetooth Audio<\/div><div class=\"app-tag\">\ud83d\udcf8 Digital Cinema Imaging<\/div><div class=\"app-tag\">\ud83d\udd8b\ufe0f Smart Digital Stylus<\/div><\/div><\/section><section style=\"padding: 80px 10%; text-align: center; background: #fff;\"><h2>Start Your Bespoke Polymer Battery Design<\/h2><p>Request a professional technical evaluation for your <strong>Custom Lithium Polymer Battery<\/strong> project. Our engineers provide detailed feedback and <strong>High Capacity Pouch Battery Solutions<\/strong> quotes within 24 hours.<\/p><\/section><\/div>\t\t\t\t<\/div>\n\t\t\t\t\t<\/div>\n\t\t\t\t<\/div>\n\t\t<div class=\"elementor-element elementor-element-8ced1a1 e-flex e-con-boxed e-con e-parent\" data-id=\"8ced1a1\" data-element_type=\"container\" data-e-type=\"container\">\n\t\t\t\t\t<div class=\"e-con-inner\">\n\t\t\t\t<div class=\"elementor-element elementor-element-aea1211 elementor-button-align-center elementor-widget elementor-widget-form\" data-id=\"aea1211\" data-element_type=\"widget\" data-e-type=\"widget\" data-settings=\"{&quot;step_next_label&quot;:&quot;Pr\\u00f3ximo&quot;,&quot;step_previous_label&quot;:&quot;Anterior&quot;,&quot;button_width&quot;:&quot;100&quot;,&quot;step_type&quot;:&quot;number_text&quot;,&quot;step_icon_shape&quot;:&quot;circle&quot;}\" data-widget_type=\"form.default\">\n\t\t\t\t\t\t\t<form class=\"elementor-form\" method=\"post\" name=\"Novo formul\u00e1rio\" aria-label=\"Novo formul\u00e1rio\">\n\t\t\t<input type=\"hidden\" name=\"post_id\" value=\"4742\"\/>\n\t\t\t<input type=\"hidden\" name=\"form_id\" value=\"aea1211\"\/>\n\t\t\t<input type=\"hidden\" name=\"referer_title\" value=\"\" \/>\n\n\t\t\t\n\t\t\t<div class=\"elementor-form-fields-wrapper elementor-labels-above\">\n\t\t\t\t\t\t\t\t<div class=\"elementor-field-type-text elementor-field-group elementor-column elementor-field-group-name elementor-col-50 elementor-field-required\">\n\t\t\t\t\t\t\t\t\t\t\t\t<label for=\"form-field-name\" class=\"elementor-field-label\">\n\t\t\t\t\t\t\t\tNome da empresa\t\t\t\t\t\t\t<\/label>\n\t\t\t\t\t\t\t\t\t\t\t\t\t\t<input size=\"1\" type=\"text\" name=\"form_fields[name]\" id=\"form-field-name\" class=\"elementor-field elementor-size-sm  elementor-field-textual\" placeholder=\"Nome da sua empresa\" required=\"required\">\n\t\t\t\t\t\t\t\t\t\t\t<\/div>\n\t\t\t\t\t\t\t\t<div class=\"elementor-field-type-text elementor-field-group elementor-column elementor-field-group-email elementor-col-50 elementor-field-required\">\n\t\t\t\t\t\t\t\t\t\t\t\t<label for=\"form-field-email\" class=\"elementor-field-label\">\n\t\t\t\t\t\t\t\tNome do contato\t\t\t\t\t\t\t<\/label>\n\t\t\t\t\t\t\t\t\t\t\t\t\t\t<input size=\"1\" type=\"text\" name=\"form_fields[email]\" id=\"form-field-email\" class=\"elementor-field elementor-size-sm  elementor-field-textual\" placeholder=\"Seu nome completo\" required=\"required\">\n\t\t\t\t\t\t\t\t\t\t\t<\/div>\n\t\t\t\t\t\t\t\t<div class=\"elementor-field-type-tel elementor-field-group elementor-column elementor-field-group-message elementor-col-50 elementor-field-required\">\n\t\t\t\t\t\t\t\t\t\t\t\t<label for=\"form-field-message\" class=\"elementor-field-label\">\n\t\t\t\t\t\t\t\tTelefone\/WhatsApp\t\t\t\t\t\t\t<\/label>\n\t\t\t\t\t\t\t\t<input size=\"1\" type=\"tel\" name=\"form_fields[message]\" id=\"form-field-message\" class=\"elementor-field elementor-size-sm  elementor-field-textual\" placeholder=\"Por exemplo, +86 138...\" required=\"required\" pattern=\"[0-9()#&amp;+*-=.]+\" title=\"Apenas n\u00fameros e caracteres de telefone (#, -, *, etc.) s\u00e3o aceitos.\">\n\n\t\t\t\t\t\t<\/div>\n\t\t\t\t\t\t\t\t<div class=\"elementor-field-type-email elementor-field-group elementor-column elementor-field-group-field_2bd69fd elementor-col-50 elementor-field-required\">\n\t\t\t\t\t\t\t\t\t\t\t\t<label for=\"form-field-field_2bd69fd\" class=\"elementor-field-label\">\n\t\t\t\t\t\t\t\tEndere\u00e7o de e-mail\t\t\t\t\t\t\t<\/label>\n\t\t\t\t\t\t\t\t\t\t\t\t\t\t<input size=\"1\" type=\"email\" name=\"form_fields[field_2bd69fd]\" id=\"form-field-field_2bd69fd\" class=\"elementor-field elementor-size-sm  elementor-field-textual\" placeholder=\"sales@yourcompany.com\" required=\"required\">\n\t\t\t\t\t\t\t\t\t\t\t<\/div>\n\t\t\t\t\t\t\t\t<div class=\"elementor-field-type-text elementor-field-group elementor-column elementor-field-group-field_8aaa4b0 elementor-col-50 elementor-field-required\">\n\t\t\t\t\t\t\t\t\t\t\t\t<label for=\"form-field-field_8aaa4b0\" class=\"elementor-field-label\">\n\t\t\t\t\t\t\t\tDimens\u00f5es (cm)\t\t\t\t\t\t\t<\/label>\n\t\t\t\t\t\t\t\t\t\t\t\t\t\t<input size=\"1\" type=\"text\" name=\"form_fields[field_8aaa4b0]\" id=\"form-field-field_8aaa4b0\" class=\"elementor-field elementor-size-sm  elementor-field-textual\" placeholder=\"L * W * T (por exemplo, 1050,5)\" required=\"required\">\n\t\t\t\t\t\t\t\t\t\t\t<\/div>\n\t\t\t\t\t\t\t\t<div class=\"elementor-field-type-number elementor-field-group elementor-column elementor-field-group-field_d7c2351 elementor-col-50 elementor-field-required\">\n\t\t\t\t\t\t\t\t\t\t\t\t<label for=\"form-field-field_d7c2351\" class=\"elementor-field-label\">\n\t\t\t\t\t\t\t\tCapacidade (mAh)\t\t\t\t\t\t\t<\/label>\n\t\t\t\t\t\t\t\t\t<input type=\"number\" name=\"form_fields[field_d7c2351]\" id=\"form-field-field_d7c2351\" class=\"elementor-field elementor-size-sm  elementor-field-textual\" placeholder=\"Por exemplo, 5000\" required=\"required\" min=\"\" max=\"\" >\n\t\t\t\t\t\t<\/div>\n\t\t\t\t\t\t\t\t<div class=\"elementor-field-type-select elementor-field-group elementor-column elementor-field-group-field_ec44824 elementor-col-50 elementor-field-required\">\n\t\t\t\t\t\t\t\t\t\t\t\t<label for=\"form-field-field_ec44824\" class=\"elementor-field-label\">\n\t\t\t\t\t\t\t\tAplicativo\t\t\t\t\t\t\t<\/label>\n\t\t\t\t\t\t\t\t<div class=\"elementor-field elementor-select-wrapper remove-before \">\n\t\t\t<div class=\"select-caret-down-wrapper\">\n\t\t\t\t<svg aria-hidden=\"true\" class=\"e-font-icon-svg e-eicon-caret-down\" viewBox=\"0 0 571.4 571.4\" xmlns=\"http:\/\/www.w3.org\/2000\/svg\"><path d=\"M571 393Q571 407 561 418L311 668Q300 679 286 679T261 668L11 418Q0 407 0 393T11 368 36 357H536Q550 357 561 368T571 393Z\"><\/path><\/svg>\t\t\t<\/div>\n\t\t\t<select name=\"form_fields[field_ec44824]\" id=\"form-field-field_ec44824\" class=\"elementor-field-textual elementor-size-sm\" required=\"required\">\n\t\t\t\t\t\t\t\t\t<option value=\"Dispositivos m\u00f3veis\/vest\u00edveis\/port\u00e1teis\">Dispositivos m\u00f3veis\/vest\u00edveis\/port\u00e1teis<\/option>\n\t\t\t\t\t\t\t\t\t<option value=\"Dispositivos m\u00e9dicos\">Dispositivos m\u00e9dicos<\/option>\n\t\t\t\t\t\t\t\t\t<option value=\"UAV e drones\">UAV e drones<\/option>\n\t\t\t\t\t\t\t\t\t<option value=\"IoT e sensores industriais\">IoT e sensores industriais<\/option>\n\t\t\t\t\t\t\t\t\t<option value=\"Outros produtos eletr\u00f4nicos sob medida\">Outros produtos eletr\u00f4nicos sob medida<\/option>\n\t\t\t\t\t\t\t<\/select>\n\t\t<\/div>\n\t\t\t\t\t\t<\/div>\n\t\t\t\t\t\t\t\t<div class=\"elementor-field-type-select elementor-field-group elementor-column elementor-field-group-field_e4dd6fa elementor-col-50\">\n\t\t\t\t\t\t\t\t\t\t\t\t<label for=\"form-field-field_e4dd6fa\" class=\"elementor-field-label\">\n\t\t\t\t\t\t\t\tTaxa de descarga\t\t\t\t\t\t\t<\/label>\n\t\t\t\t\t\t\t\t<div class=\"elementor-field elementor-select-wrapper remove-before \">\n\t\t\t<div class=\"select-caret-down-wrapper\">\n\t\t\t\t<svg aria-hidden=\"true\" class=\"e-font-icon-svg e-eicon-caret-down\" viewBox=\"0 0 571.4 571.4\" xmlns=\"http:\/\/www.w3.org\/2000\/svg\"><path d=\"M571 393Q571 407 561 418L311 668Q300 679 286 679T261 668L11 418Q0 407 0 393T11 368 36 357H536Q550 357 561 368T571 393Z\"><\/path><\/svg>\t\t\t<\/div>\n\t\t\t<select name=\"form_fields[field_e4dd6fa]\" id=\"form-field-field_e4dd6fa\" class=\"elementor-field-textual elementor-size-sm\">\n\t\t\t\t\t\t\t\t\t<option value=\"1C\">1C<\/option>\n\t\t\t\t\t\t\t\t\t<option value=\"3C\">3C<\/option>\n\t\t\t\t\t\t\t\t\t<option value=\"5C\">5C<\/option>\n\t\t\t\t\t\t\t\t\t<option value=\"10C+\">10C+<\/option>\n\t\t\t\t\t\t\t<\/select>\n\t\t<\/div>\n\t\t\t\t\t\t<\/div>\n\t\t\t\t\t\t\t\t<div class=\"elementor-field-type-text elementor-field-group elementor-column elementor-field-group-field_505974c elementor-col-50 elementor-field-required\">\n\t\t\t\t\t\t\t\t\t\t\t\t<label for=\"form-field-field_505974c\" class=\"elementor-field-label\">\n\t\t\t\t\t\t\t\tTemperatura (baixa \u2103)\t\t\t\t\t\t\t<\/label>\n\t\t\t\t\t\t\t\t\t\t\t\t\t\t<input size=\"1\" type=\"text\" name=\"form_fields[field_505974c]\" id=\"form-field-field_505974c\" class=\"elementor-field elementor-size-sm  elementor-field-textual\" placeholder=\"Por exemplo, -20\" required=\"required\">\n\t\t\t\t\t\t\t\t\t\t\t<\/div>\n\t\t\t\t\t\t\t\t<div class=\"elementor-field-type-text elementor-field-group elementor-column elementor-field-group-field_b19b73b elementor-col-50 elementor-field-required\">\n\t\t\t\t\t\t\t\t\t\t\t\t<label for=\"form-field-field_b19b73b\" class=\"elementor-field-label\">\n\t\t\t\t\t\t\t\tTemperatura (alta \u2103)\t\t\t\t\t\t\t<\/label>\n\t\t\t\t\t\t\t\t\t\t\t\t\t\t<input size=\"1\" type=\"text\" name=\"form_fields[field_b19b73b]\" id=\"form-field-field_b19b73b\" class=\"elementor-field elementor-size-sm  elementor-field-textual\" placeholder=\"Por exemplo, 35\" required=\"required\">\n\t\t\t\t\t\t\t\t\t\t\t<\/div>\n\t\t\t\t\t\t\t\t<div class=\"elementor-field-type-select elementor-field-group elementor-column elementor-field-group-field_1d1339b elementor-col-100 elementor-field-required\">\n\t\t\t\t\t\t\t\t\t\t\t\t<label for=\"form-field-field_1d1339b\" class=\"elementor-field-label\">\n\t\t\t\t\t\t\t\tPACK Req.\t\t\t\t\t\t\t<\/label>\n\t\t\t\t\t\t\t\t<div class=\"elementor-field elementor-select-wrapper remove-before \">\n\t\t\t<div class=\"select-caret-down-wrapper\">\n\t\t\t\t<svg aria-hidden=\"true\" class=\"e-font-icon-svg e-eicon-caret-down\" viewBox=\"0 0 571.4 571.4\" xmlns=\"http:\/\/www.w3.org\/2000\/svg\"><path d=\"M571 393Q571 407 561 418L311 668Q300 679 286 679T261 668L11 418Q0 407 0 393T11 368 36 357H536Q550 357 561 368T571 393Z\"><\/path><\/svg>\t\t\t<\/div>\n\t\t\t<select name=\"form_fields[field_1d1339b]\" id=\"form-field-field_1d1339b\" class=\"elementor-field-textual elementor-size-sm\" required=\"required\">\n\t\t\t\t\t\t\t\t\t<option value=\"Somente c\u00e9lula \u00fanica\">Somente c\u00e9lula \u00fanica<\/option>\n\t\t\t\t\t\t\t\t\t<option value=\"Series\/Parallel PACK\">Series\/Parallel PACK<\/option>\n\t\t\t\t\t\t\t\t\t<option value=\"com integra\u00e7\u00e3o BMS\">com integra\u00e7\u00e3o BMS<\/option>\n\t\t\t\t\t\t\t<\/select>\n\t\t<\/div>\n\t\t\t\t\t\t<\/div>\n\t\t\t\t\t\t\t\t<div class=\"elementor-field-type-textarea elementor-field-group elementor-column elementor-field-group-field_4fbfd23 elementor-col-100 elementor-field-required\">\n\t\t\t\t\t\t\t\t\t\t\t\t<label for=\"form-field-field_4fbfd23\" class=\"elementor-field-label\">\n\t\t\t\t\t\t\t\tDetalhes\t\t\t\t\t\t\t<\/label>\n\t\t\t\t\t\t<textarea class=\"elementor-field-textual elementor-field  elementor-size-sm\" name=\"form_fields[field_4fbfd23]\" id=\"form-field-field_4fbfd23\" rows=\"8\" placeholder=\"Descreva seu projeto...\" required=\"required\"><\/textarea>\t\t\t\t<\/div>\n\t\t\t\t\t\t\t\t<div class=\"elementor-field-type-text\">\n\t\t\t\t\t<input size=\"1\" type=\"text\" name=\"form_fields[field_9410d21]\" id=\"form-field-field_9410d21\" class=\"elementor-field elementor-size-sm \" style=\"display:none !important;\">\t\t\t\t<\/div>\n\t\t\t\t\t\t\t\t<div class=\"elementor-field-type-text\">\n\t\t\t\t\t<input size=\"1\" type=\"text\" name=\"form_fields[field_87d466a]\" id=\"form-field-field_87d466a\" class=\"elementor-field elementor-size-sm \" style=\"display:none !important;\">\t\t\t\t<\/div>\n\t\t\t\t\t\t\t\t<div class=\"elementor-field-type-recaptcha_v3 elementor-field-group elementor-column elementor-field-group-field_f998fb4 elementor-col-100 recaptcha_v3-bottomleft\">\n\t\t\t\t\t<div class=\"elementor-field\" id=\"form-field-field_f998fb4\"><div class=\"elementor-g-recaptcha\" data-sitekey=\"6Lci7JEsAAAAAED2ov0WDiRv18oXXlBUQA4wPQNc\" data-type=\"v3\" data-action=\"Form\" data-badge=\"bottomleft\" data-size=\"invisible\"><\/div><\/div>\t\t\t\t<\/div>\n\t\t\t\t\t\t\t\t<div class=\"elementor-field-group elementor-column elementor-field-type-submit elementor-col-100 e-form__buttons\">\n\t\t\t\t\t<button class=\"elementor-button elementor-size-md elementor-animation-grow\" type=\"submit\">\n\t\t\t\t\t\t<span class=\"elementor-button-content-wrapper\">\n\t\t\t\t\t\t\t\t\t\t\t\t\t\t\t<span class=\"elementor-button-icon\">\n\t\t\t\t\t\t\t\t\t<svg aria-hidden=\"true\" class=\"e-font-icon-svg e-fas-paper-plane\" viewBox=\"0 0 512 512\" xmlns=\"http:\/\/www.w3.org\/2000\/svg\"><path d=\"M476 3.2L12.5 270.6c-18.1 10.4-15.8 35.6 2.2 43.2L121 358.4l287.3-253.2c5.5-4.9 13.3 2.6 8.6 8.3L176 407v80.5c0 23.6 28.5 32.9 42.5 15.8L282 426l124.6 52.2c14.2 6 30.4-2.9 33-18.2l72-432C515 7.8 493.3-6.8 476 3.2z\"><\/path><\/svg>\t\t\t\t\t\t\t\t\t\t\t\t\t\t\t\t\t<\/span>\n\t\t\t\t\t\t\t\t\t\t\t\t\t\t\t\t\t\t\t\t\t\t<span class=\"elementor-button-text\">OBTER COTA\u00c7\u00c3O E AVALIA\u00c7\u00c3O<\/span>\n\t\t\t\t\t\t\t\t\t\t\t\t\t<\/span>\n\t\t\t\t\t<\/button>\n\t\t\t\t<\/div>\n\t\t\t<\/div>\n\t\t<\/form>\n\t\t\t\t\t\t<\/div>\n\t\t\t\t\t<\/div>\n\t\t\t\t<\/div>\n\t\t\t\t<\/div>\n\t\t","protected":false},"excerpt":{"rendered":"<p>Solu\u00e7\u00f5es personalizadas de baterias em bolsa de pol\u00edmero de l\u00edtio 100% Bespoke Dimensions | Especializada em mais de 10 anos de P&amp;D e engenharia de PACKs personalizados. ESTABLISHED SINCE 2007 Custom Lithium Polymer Battery &#038; Pouch Battery Solutions 18+ Years of Li-Po Battery Manufacturer Excellence | Millimeter-Level Bespoke Sizing Why DLCPO is Your Preferred Custom [&hellip;]<\/p>\n","protected":false},"author":1,"featured_media":0,"parent":0,"menu_order":0,"comment_status":"closed","ping_status":"closed","template":"","meta":{"_acf_changed":false,"_joinchat":[],"footnotes":""},"class_list":["post-4742","page","type-page","status-publish","hentry"],"acf":[],"_links":{"self":[{"href":"https:\/\/dlcpo.com\/pt-br\/wp-json\/wp\/v2\/pages\/4742","targetHints":{"allow":["GET"]}}],"collection":[{"href":"https:\/\/dlcpo.com\/pt-br\/wp-json\/wp\/v2\/pages"}],"about":[{"href":"https:\/\/dlcpo.com\/pt-br\/wp-json\/wp\/v2\/types\/page"}],"author":[{"embeddable":true,"href":"https:\/\/dlcpo.com\/pt-br\/wp-json\/wp\/v2\/users\/1"}],"replies":[{"embeddable":true,"href":"https:\/\/dlcpo.com\/pt-br\/wp-json\/wp\/v2\/comments?post=4742"}],"version-history":[{"count":8,"href":"https:\/\/dlcpo.com\/pt-br\/wp-json\/wp\/v2\/pages\/4742\/revisions"}],"predecessor-version":[{"id":7219,"href":"https:\/\/dlcpo.com\/pt-br\/wp-json\/wp\/v2\/pages\/4742\/revisions\/7219"}],"wp:attachment":[{"href":"https:\/\/dlcpo.com\/pt-br\/wp-json\/wp\/v2\/media?parent=4742"}],"curies":[{"name":"wp","href":"https:\/\/api.w.org\/{rel}","templated":true}]}}