{"id":4716,"date":"2026-02-26T20:01:20","date_gmt":"2026-02-26T12:01:20","guid":{"rendered":"https:\/\/dlcpo.com\/custom-battery-packs\/"},"modified":"2026-04-21T21:23:27","modified_gmt":"2026-04-21T13:23:27","slug":"conjuntos-de-baterias-personalizados","status":"publish","type":"page","link":"https:\/\/dlcpo.com\/pt-br\/conjuntos-de-baterias-personalizados\/","title":{"rendered":"Pacotes de baterias personalizados"},"content":{"rendered":"\t\t<div data-elementor-type=\"wp-page\" data-elementor-id=\"4716\" class=\"elementor elementor-4716 elementor-632\" data-elementor-post-type=\"page\">\n\t\t\t\t<div class=\"elementor-element elementor-element-d44fbb0 e-flex e-con-boxed e-con e-parent\" data-id=\"d44fbb0\" data-element_type=\"container\" data-e-type=\"container\" data-settings=\"{&quot;background_background&quot;:&quot;classic&quot;}\">\n\t\t\t\t\t<div class=\"e-con-inner\">\n\t\t\t\t<div class=\"elementor-element elementor-element-75654a4 elementor-widget elementor-widget-heading\" data-id=\"75654a4\" data-element_type=\"widget\" data-e-type=\"widget\" data-widget_type=\"heading.default\">\n\t\t\t\t\t<h2 class=\"elementor-heading-title elementor-size-default\">Pacotes de baterias personalizados<\/h2>\t\t\t\t<\/div>\n\t\t\t\t\t<\/div>\n\t\t\t\t<\/div>\n\t\t<div class=\"elementor-element elementor-element-b5be063 e-flex e-con-boxed e-con e-parent\" data-id=\"b5be063\" data-element_type=\"container\" data-e-type=\"container\">\n\t\t\t\t\t<div class=\"e-con-inner\">\n\t\t\t\t<div class=\"elementor-element elementor-element-dba556e elementor-widget elementor-widget-html\" data-id=\"dba556e\" data-element_type=\"widget\" data-e-type=\"widget\" data-widget_type=\"html.default\">\n\t\t\t\t\t   <div class=\"dlcpo-custom-container\" style=\"font-family: 'Montserrat', sans-serif; line-height: 1.8; color: #333; padding: 30px; background: #fff; border-radius: 12px; box-shadow: 0 10px 30px rgba(0,0,0,0.05);\">\n\n    <div style=\"text-align: left; margin-bottom: 40px;\">\n        <h1 style=\"color: #004a99; font-size: 32px; margin-bottom: 20px; font-weight: 800; border-left: 6px solid #004a99; padding-left: 15px;\">\n  Pacotes de baterias personalizados e excel\u00eancia em fabrica\u00e7\u00e3o OEM\n        <\/h1>\n        <p style=\"font-size: 18px; color: #444;\">\n  Como um dos principais <strong>fabricantes de baterias de l\u00edtio OEM<\/strong>, a DLCPO Power Technology \u00e9 especializada em <strong>pacotes de baterias personalizados<\/strong> de alto desempenho, adaptados \u00e0s suas necessidades industriais espec\u00edficas. Da rob\u00f3tica ao ESS, fornecemos um <strong>projeto de pacote de bateria LiFePO4 personalizado<\/strong> que integra c\u00e9lulas de grau A com sistemas de gerenciamento inteligente. \n        <\/p>\n    <\/div>\n\n    <div style=\"display: grid; grid-template-columns: repeat(auto-fit, minmax(260px, 1fr)); gap: 25px; margin-bottom: 50px;\">\n        <div style=\"padding: 20px; border: 1px solid #eee; border-radius: 10px; border-top: 4px solid #004a99; background: #fcfcfc;\">\n            <h4 style=\"color: #004a99; margin-bottom: 10px;\">\ud83d\udcd0 Engenharia de precis\u00e3o<\/h4>\n            <p style=\"font-size: 14px; margin: 0;\">Nosso <strong>projeto de pacote de baterias LiFePO4 personalizado<\/strong> inclui modelagem CAD 3D completa e an\u00e1lise t\u00e9rmica para garantir a seguran\u00e7a e a efici\u00eancia do espa\u00e7o.<\/p>\n        <\/div>\n        <div style=\"padding: 20px; border: 1px solid #eee; border-radius: 10px; border-top: 4px solid #004a99; background: #fcfcfc;\">\n            <h4 style=\"color: #004a99; margin-bottom: 10px;\">L\u00f3gica de BMS inteligente<\/h4>\n            <p style=\"font-size: 14px; margin: 0;\">Fornecemos um <strong>pacote de bateria personalizado com BMS<\/strong> compat\u00edvel com CAN, RS485 e Bluetooth para uma comunica\u00e7\u00e3o perfeita com o dispositivo.<\/p>\n        <\/div>\n        <div style=\"padding: 20px; border: 1px solid #eee; border-radius: 10px; border-top: 4px solid #004a99; background: #fcfcfc;\">\n            <h4 style=\"color: #004a99; margin-bottom: 10px;\">\u2696\ufe0f Correspond\u00eancia de grau A<\/h4>\n            <p style=\"font-size: 14px; margin: 0;\">Como um <strong>fabricante<\/strong> confi\u00e1vel <strong>de baterias de l\u00edtio OEM<\/strong>, usamos c\u00e9lulas de grau A estritamente combinadas para obter o m\u00e1ximo de vida \u00fatil e desempenho.<\/p>\n        <\/div>\n    <\/div>\n\n    <div style=\"margin-bottom: 50px; padding: 25px; border: 1px solid #f0f0f0; border-radius: 10px;\">\n        <h3 style=\"color: #004a99; font-size: 24px; font-weight: 700;\">Solu\u00e7\u00f5es especializadas para fabricantes de baterias de l\u00edtio OEM<\/h3>\n        <p>A escolha de um parceiro confi\u00e1vel para baterias <strong>personalizadas<\/strong> \u00e9 fundamental para o sucesso do seu projeto. Na DLCPO, nosso processo de <strong>design de pacotes de baterias LiFePO4 personalizados<\/strong> come\u00e7a com um profundo entendimento das curvas de descarga e do ambiente de sua aplica\u00e7\u00e3o. N\u00e3o importa se voc\u00ea precisa de <strong>personaliza\u00e7\u00e3o de pacotes de baterias de alta tens\u00e3o<\/strong> para AGVs industriais ou <strong>solu\u00e7\u00f5es de pacotes de baterias LTO<\/strong> para climas extremamente frios, nossa equipe de engenharia em Shenzhen tem a experi\u00eancia necess\u00e1ria.  <\/p>\n        \n        <p>Um <strong>pacote de bateria personalizado com BMS<\/strong> da DLCPO garante que cada c\u00e9lula esteja protegida contra sobrecarga e fuga t\u00e9rmica. Nosso status de <strong>fabricante<\/strong> l\u00edder <strong>de baterias de l\u00edtio OEM<\/strong> nos permite oferecer pre\u00e7os competitivos em c\u00e9lulas de n\u00edvel 1 da EVE, CALB, Gotion, SVOLT, GREE e REPT. Somos especializados em <strong>pacotes de baterias personalizados<\/strong> que atendem aos padr\u00f5es de conformidade global, como UN38.3 e CE, garantindo que seus produtos estejam prontos para o mercado internacional.  <\/p>\n    <\/div>\n\n    <div style=\"background: #004a99; color: #fff; padding: 35px; border-radius: 12px; margin-bottom: 40px;\">\n        <h3 style=\"margin-top: 0; border-bottom: 1px solid rgba(255,255,255,0.2); padding-bottom: 15px; font-size: 22px;\">Lista de verifica\u00e7\u00e3o do design do pacote de baterias personalizado<\/h3>\n        <p style=\"font-size: 15px;\">Para otimizar sua proposta de <strong>pacotes de baterias personalizados<\/strong>, especifique:<\/p>\n        <div style=\"display: grid; grid-template-columns: 1fr 1fr; gap: 15px; font-size: 14px; margin-top: 20px;\">\n            <div><strong>Tens\u00e3o do sistema:<\/strong> (12V a alta tens\u00e3o)<\/div>\n            <div><strong>Capacidade nominal:<\/strong> (Ah ou kWh)<\/div>\n            <div><strong>Taxas de descarga:<\/strong> (Cont\u00ednua\/Pico A)<\/div>\n            <div><strong>Especifica\u00e7\u00f5es mec\u00e2nicas:<\/strong> (Dimens\u00f5es e peso)<\/div>\n            <div><strong>Requisitos do BMS:<\/strong> (CAN\/RS485\/BT)<\/div>\n            <div><strong>Tipo de compartimento:<\/strong> (Metal\/ABS\/PVC)<\/div>\n        <\/div>\n    <\/div>\n\n    <div style=\"text-align: center; border-top: 1px solid #eee; padding-top: 30px;\">\n        <h3>Seu parceiro para personaliza\u00e7\u00e3o de baterias de alta tens\u00e3o<\/h3>\n        <p style=\"font-size: 16px; color: #666; max-width: 800px; margin: 0 auto;\">\n  Desde o <strong>projeto<\/strong> inicial <strong>do conjunto de baterias LiFePO4 personalizadas<\/strong> at\u00e9 a produ\u00e7\u00e3o em massa, a DLCPO oferece suporte durante todo o ciclo de vida. N\u00e3o somos apenas um <strong>fabricante de baterias de l\u00edtio OEM<\/strong>; somos seu parceiro t\u00e9cnico em inova\u00e7\u00e3o energ\u00e9tica. <strong>Um brinde \u00e0 sua solu\u00e7\u00e3o de energia personalizada! \ud83e\udd42<\/strong> \n        <\/p>\n    <\/div>\n<\/div>\n\t\t\t\t<\/div>\n\t\t\t\t\t<\/div>\n\t\t\t\t<\/div>\n\t\t\t\t<\/div>\n\t\t","protected":false},"excerpt":{"rendered":"<p>Pacotes de baterias personalizados Pacotes de baterias personalizados e excel\u00eancia em fabrica\u00e7\u00e3o OEM Como um dos principais fabricantes de baterias de l\u00edtio OEM, a DLCPO Power Technology \u00e9 especializada em pacotes de baterias personalizados de alto desempenho, adaptados \u00e0s suas necessidades industriais espec\u00edficas. Da rob\u00f3tica ao ESS, fornecemos um projeto de pacote de bateria LiFePO4 [&hellip;]<\/p>\n","protected":false},"author":1,"featured_media":0,"parent":0,"menu_order":0,"comment_status":"closed","ping_status":"closed","template":"","meta":{"_acf_changed":false,"_joinchat":[],"footnotes":""},"class_list":["post-4716","page","type-page","status-publish","hentry"],"acf":[],"_links":{"self":[{"href":"https:\/\/dlcpo.com\/pt-br\/wp-json\/wp\/v2\/pages\/4716","targetHints":{"allow":["GET"]}}],"collection":[{"href":"https:\/\/dlcpo.com\/pt-br\/wp-json\/wp\/v2\/pages"}],"about":[{"href":"https:\/\/dlcpo.com\/pt-br\/wp-json\/wp\/v2\/types\/page"}],"author":[{"embeddable":true,"href":"https:\/\/dlcpo.com\/pt-br\/wp-json\/wp\/v2\/users\/1"}],"replies":[{"embeddable":true,"href":"https:\/\/dlcpo.com\/pt-br\/wp-json\/wp\/v2\/comments?post=4716"}],"version-history":[{"count":3,"href":"https:\/\/dlcpo.com\/pt-br\/wp-json\/wp\/v2\/pages\/4716\/revisions"}],"predecessor-version":[{"id":5225,"href":"https:\/\/dlcpo.com\/pt-br\/wp-json\/wp\/v2\/pages\/4716\/revisions\/5225"}],"wp:attachment":[{"href":"https:\/\/dlcpo.com\/pt-br\/wp-json\/wp\/v2\/media?parent=4716"}],"curies":[{"name":"wp","href":"https:\/\/api.w.org\/{rel}","templated":true}]}}