{"id":4690,"date":"2026-02-26T19:09:01","date_gmt":"2026-02-26T11:09:01","guid":{"rendered":"https:\/\/dlcpo.com\/ckd-skd-lithium-battery-services\/"},"modified":"2026-04-21T21:23:29","modified_gmt":"2026-04-21T13:23:29","slug":"ckd-skd-servicos-de-baterias-de-litio","status":"publish","type":"page","link":"https:\/\/dlcpo.com\/pt-br\/ckd-skd-servicos-de-baterias-de-litio\/","title":{"rendered":"Servi\u00e7os de CKD e SKD"},"content":{"rendered":"\t\t<div data-elementor-type=\"wp-page\" data-elementor-id=\"4690\" class=\"elementor elementor-4690 elementor-621\" data-elementor-post-type=\"page\">\n\t\t\t\t<div class=\"elementor-element elementor-element-47944c6 e-flex e-con-boxed e-con e-parent\" data-id=\"47944c6\" data-element_type=\"container\" data-e-type=\"container\" data-settings=\"{&quot;background_background&quot;:&quot;classic&quot;}\">\n\t\t\t\t\t<div class=\"e-con-inner\">\n\t\t\t\t<div class=\"elementor-element elementor-element-273683b elementor-widget elementor-widget-heading\" data-id=\"273683b\" data-element_type=\"widget\" data-e-type=\"widget\" data-widget_type=\"heading.default\">\n\t\t\t\t\t<h2 class=\"elementor-heading-title elementor-size-default\">Servi\u00e7os de CKD e SKD<\/h2>\t\t\t\t<\/div>\n\t\t\t\t\t<\/div>\n\t\t\t\t<\/div>\n\t\t<div class=\"elementor-element elementor-element-0c4d34a e-flex e-con-boxed e-con e-parent\" data-id=\"0c4d34a\" data-element_type=\"container\" data-e-type=\"container\">\n\t\t\t\t\t<div class=\"e-con-inner\">\n\t\t\t\t<div class=\"elementor-element elementor-element-6904732 elementor-widget elementor-widget-html\" data-id=\"6904732\" data-element_type=\"widget\" data-e-type=\"widget\" data-widget_type=\"html.default\">\n\t\t\t\t\t<div class=\"dlcpo-ckd-container\" style=\"font-family: 'Segoe UI', Arial, sans-serif; line-height: 1.8; color: #333; padding: 40px 15px; background: #fff; border-radius: 12px;\">\r\n\r\n    <div style=\"text-align: left; margin-bottom: 40px;\">\r\n        <h1 style=\"color: #004a99; font-size: 32px; margin-bottom: 20px; font-weight: 800; border-left: 6px solid #004a99; padding-left: 15px;\">\r\n  Servi\u00e7os de baterias de l\u00edtio CKD e SKD para fabrica\u00e7\u00e3o global\r\n        <\/h1>\r\n        <p style=\"font-size: 18px; color: #444;\">\r\n  Como <strong>fornecedor<\/strong> l\u00edder <strong>de kits CKD de baterias de l\u00edtio<\/strong>, a DLCPO capacita parceiros estrat\u00e9gicos em todo o mundo, fornecendo <strong>servi\u00e7os<\/strong> abrangentes <strong>de baterias de l\u00edtio CKD e SKD<\/strong>. Fornecemos uma <strong>solu\u00e7\u00e3o<\/strong> completa <strong>de montagem de baterias<\/strong> que permite que voc\u00ea otimize sua cadeia de suprimentos com um <strong>pacote de baterias SKD<\/strong> de alta qualidade <strong>para exporta\u00e7\u00e3o<\/strong> e suporte profissional de engenharia. \r\n        <\/p>\r\n    <\/div>\r\n\r\n    <div style=\"display: grid; grid-template-columns: repeat(auto-fit, minmax(280px, 1fr)); gap: 25px; margin-bottom: 50px;\">\r\n        <div style=\"padding: 25px; border: 1px solid #eee; border-radius: 10px; border-top: 4px solid #004a99; background: #f9f9f9;\">\r\n            <h4 style=\"color: #004a99; margin-bottom: 12px; font-size: 20px;\">\ud83d\udcc9 Otimiza\u00e7\u00e3o de tarefas<\/h4>\r\n            <p style=\"font-size: 14px; margin: 0;\">Nosso <strong>pacote de baterias SKD para exporta\u00e7\u00e3o<\/strong> foi projetado para ajudar voc\u00ea a contornar as altas tarifas de importa\u00e7\u00e3o. Ao montar localmente, voc\u00ea maximiza as margens de lucro por meio de nossos <strong>servi\u00e7os de baterias de l\u00edtio CKD e SKD<\/strong>. <\/p>\r\n        <\/div>\r\n        <div style=\"padding: 25px; border: 1px solid #eee; border-radius: 10px; border-top: 4px solid #004a99; background: #f9f9f9;\">\r\n            <h4 style=\"color: #004a99; margin-bottom: 12px; font-size: 20px;\">Montagem pronta para uso<\/h4>\r\n            <p style=\"font-size: 14px; margin: 0;\">Fornecemos uma <strong>solu\u00e7\u00e3o<\/strong> profissional <strong>de linha de montagem de baterias<\/strong>, incluindo mais de 1.000 modelos de LiFePO4 e c\u00e9lulas de grau A da EVE\/CALB\/Gotion\/SVOLT\/REPT para que voc\u00ea possa dimensionar sua produ\u00e7\u00e3o local rapidamente.<\/p>\r\n        <\/div>\r\n        <div style=\"padding: 25px; border: 1px solid #eee; border-radius: 10px; border-top: 4px solid #004a99; background: #f9f9f9;\">\r\n            <h4 style=\"color: #004a99; margin-bottom: 12px; font-size: 20px;\">P&amp;D especializado<\/h4>\r\n            <p style=\"font-size: 14px; margin: 0;\">Como um <strong>servi\u00e7o personalizado de fabrica\u00e7\u00e3o de baterias<\/strong>, oferecemos fichas t\u00e9cnicas e POPs completos, garantindo que a sua equipe local tenha o conhecimento necess\u00e1rio para uma montagem bem-sucedida.<\/p>\r\n        <\/div>\r\n    <\/div>\r\n\r\n    <div style=\"margin-bottom: 50px; padding: 20px; border-radius: 10px; border: 1px solid #f0f0f0;\">\r\n        <h3 style=\"color: #004a99; font-size: 24px; font-weight: 700;\">Suporte global para montagem local de baterias LiFePO4<\/h3>\r\n        <p>A escolha do <strong>fornecedor<\/strong> certo <strong>do kit CKD de bateria de l\u00edtio<\/strong> \u00e9 fundamental para o sucesso a longo prazo. Na DLCPO, nossos <strong>servi\u00e7os de baterias de l\u00edtio CKD e SKD<\/strong> s\u00e3o projetados para preencher a lacuna entre a excel\u00eancia da fabrica\u00e7\u00e3o chinesa e as demandas do mercado local. Nossa <strong>solu\u00e7\u00e3o de linha de montagem de baterias<\/strong> inclui treinamento e recomenda\u00e7\u00f5es de equipamentos, garantindo que o seu <strong>suporte local para montagem de baterias LiFePO4<\/strong> seja de classe mundial desde o primeiro dia.  <\/p>\r\n        \r\n        <p>N\u00e3o importa se voc\u00ea est\u00e1 lidando com um <strong>pacote de baterias SKD para exporta\u00e7\u00e3o<\/strong> ou com um projeto CKD complexo, nosso <strong>servi\u00e7o de fabrica\u00e7\u00e3o de baterias personalizadas<\/strong> adapta cada componente - de conectores soldados a laser a BMS inteligentes - \u00e0s suas necessidades espec\u00edficas. Essa flexibilidade \u00e9 o motivo pelo qual somos o parceiro preferido das empresas que buscam uma <strong>solu\u00e7\u00e3o<\/strong> confi\u00e1vel <strong>de montagem de baterias<\/strong> na Europa, na Am\u00e9rica do Sul e em outros pa\u00edses. <\/p>\r\n    <\/div>\r\n\r\n    <div style=\"background: #004a99; color: #fff; padding: 30px; border-radius: 10px; margin-bottom: 40px;\">\r\n        <h3 style=\"margin-top: 0; border-bottom: 1px solid rgba(255,255,255,0.2); padding-bottom: 15px; font-size: 22px;\">Lista de verifica\u00e7\u00e3o do servi\u00e7o de fabrica\u00e7\u00e3o de baterias personalizadas<\/h3>\r\n        <p style=\"font-size: 15px;\">Para otimizar seus <strong>servi\u00e7os de bateria de l\u00edtio CKD e SKD<\/strong>, forne\u00e7a:<\/p>\r\n        <ul style=\"display: grid; grid-template-columns: 1fr 1fr; gap: 15px; padding-left: 20px; font-size: 14px; list-style: none;\">\r\n            <li>Dimens\u00f5es da caixa e capacidade da embalagem<\/li>\r\n            <li>Tens\u00e3o alvo e corrente cont\u00ednua<\/li>\r\n            <li>Protocolos de comunica\u00e7\u00e3o do inversor<\/li>\r\n            <li>Capacidades do local de montagem local<\/li>\r\n            <li>Marca\u00e7\u00e3o a laser de marcas e logotipos<\/li>\r\n            <li>\u2705 Certifica\u00e7\u00f5es (CE, UN38.3, IEC)<\/li>\r\n        <\/ul>\r\n    <\/div>\r\n\r\n    <div style=\"padding: 30px; border: 1px solid #eee; border-radius: 12px; background: #fafafa;\">\r\n        <h3 style=\"color: #004a99; font-size: 24px; font-weight: 700;\">Seu fornecedor exclusivo de kit CKD de bateria de l\u00edtio<\/h3>\r\n        <p>A DLCPO oferece <strong>suporte de montagem local de baterias LiFePO4<\/strong> de ponta a ponta para aplica\u00e7\u00f5es industriais e residenciais. Nossa <strong>solu\u00e7\u00e3o de montagem de baterias<\/strong> ajuda voc\u00ea a criar uma marca local forte e a utilizar nossa cadeia de suprimentos comprovada. Ao escolher nosso <strong>servi\u00e7o de fabrica\u00e7\u00e3o de baterias personalizadas<\/strong>, voc\u00ea garante uma <strong>solu\u00e7\u00e3o de linha de montagem de baterias<\/strong> que \u00e9 escal\u00e1vel, segura e econ\u00f4mica. Parab\u00e9ns a voc\u00ea pela expans\u00e3o do mercado com nosso <strong>pacote de baterias SKD para exporta\u00e7\u00e3o<\/strong>! \ud83e\udd42   <\/p>\r\n    <\/div>\r\n<\/div>\t\t\t\t<\/div>\n\t\t\t\t\t<\/div>\n\t\t\t\t<\/div>\n\t\t\t\t<\/div>\n\t\t","protected":false},"excerpt":{"rendered":"<p>Servi\u00e7os de CKD e SKD Servi\u00e7os de baterias de l\u00edtio CKD e SKD para fabrica\u00e7\u00e3o global Como fornecedor l\u00edder de kits CKD de baterias de l\u00edtio, a DLCPO capacita parceiros estrat\u00e9gicos em todo o mundo, fornecendo servi\u00e7os abrangentes de baterias de l\u00edtio CKD e SKD. Fornecemos uma solu\u00e7\u00e3o completa de montagem de baterias que permite [&hellip;]<\/p>\n","protected":false},"author":1,"featured_media":0,"parent":0,"menu_order":0,"comment_status":"closed","ping_status":"closed","template":"","meta":{"_acf_changed":false,"_joinchat":[],"footnotes":""},"class_list":["post-4690","page","type-page","status-publish","hentry"],"acf":[],"_links":{"self":[{"href":"https:\/\/dlcpo.com\/pt-br\/wp-json\/wp\/v2\/pages\/4690","targetHints":{"allow":["GET"]}}],"collection":[{"href":"https:\/\/dlcpo.com\/pt-br\/wp-json\/wp\/v2\/pages"}],"about":[{"href":"https:\/\/dlcpo.com\/pt-br\/wp-json\/wp\/v2\/types\/page"}],"author":[{"embeddable":true,"href":"https:\/\/dlcpo.com\/pt-br\/wp-json\/wp\/v2\/users\/1"}],"replies":[{"embeddable":true,"href":"https:\/\/dlcpo.com\/pt-br\/wp-json\/wp\/v2\/comments?post=4690"}],"version-history":[{"count":3,"href":"https:\/\/dlcpo.com\/pt-br\/wp-json\/wp\/v2\/pages\/4690\/revisions"}],"predecessor-version":[{"id":5305,"href":"https:\/\/dlcpo.com\/pt-br\/wp-json\/wp\/v2\/pages\/4690\/revisions\/5305"}],"wp:attachment":[{"href":"https:\/\/dlcpo.com\/pt-br\/wp-json\/wp\/v2\/media?parent=4690"}],"curies":[{"name":"wp","href":"https:\/\/api.w.org\/{rel}","templated":true}]}}