{"id":4683,"date":"2026-03-12T17:15:23","date_gmt":"2026-03-12T09:15:23","guid":{"rendered":"https:\/\/dlcpo.com\/lithium-battery-applications\/"},"modified":"2026-04-21T21:30:08","modified_gmt":"2026-04-21T13:30:08","slug":"aplicacoes-de-baterias-de-litio","status":"publish","type":"page","link":"https:\/\/dlcpo.com\/pt-br\/aplicacoes-de-baterias-de-litio\/","title":{"rendered":"Aplicativos de bateria"},"content":{"rendered":"\t\t<div data-elementor-type=\"wp-page\" data-elementor-id=\"4683\" class=\"elementor elementor-4683 elementor-2489\" data-elementor-post-type=\"page\">\n\t\t\t\t<div class=\"elementor-element elementor-element-5563251 dlcpo-hero-box e-flex e-con-boxed e-con e-parent\" data-id=\"5563251\" data-element_type=\"container\" data-e-type=\"container\" data-settings=\"{&quot;background_background&quot;:&quot;classic&quot;}\">\n\t\t\t\t\t<div class=\"e-con-inner\">\n\t\t\t\t<div class=\"elementor-element elementor-element-94f26d5 elementor-widget elementor-widget-image\" data-id=\"94f26d5\" data-element_type=\"widget\" data-e-type=\"widget\" data-widget_type=\"image.default\">\n\t\t\t\t\t\t\t\t\t\t\t\t\t\t\t<img fetchpriority=\"high\" decoding=\"async\" width=\"1920\" height=\"1048\" src=\"https:\/\/dlcpo.com\/wp-content\/uploads\/2026\/03\/lifepo4-lto-battery-cells-applications-infographic-1.webp\" class=\"attachment-full size-full wp-image-4682\" alt=\"O infogr\u00e1fico da DLCPO mostra aplica\u00e7\u00f5es especializadas de c\u00e9lulas de bateria LiFePO4 e LTO, incluindo empilhadeiras log\u00edsticas, propuls\u00e3o mar\u00edtima, carrinhos de golfe, LSEVs, rob\u00f4s de limpeza industrial e energia de reserva para telecomunica\u00e7\u00f5es.\" srcset=\"https:\/\/dlcpo.com\/wp-content\/uploads\/2026\/03\/lifepo4-lto-battery-cells-applications-infographic-1.webp 1920w, https:\/\/dlcpo.com\/wp-content\/uploads\/2026\/03\/lifepo4-lto-battery-cells-applications-infographic-1-300x164.webp 300w, https:\/\/dlcpo.com\/wp-content\/uploads\/2026\/03\/lifepo4-lto-battery-cells-applications-infographic-1-1024x559.webp 1024w, https:\/\/dlcpo.com\/wp-content\/uploads\/2026\/03\/lifepo4-lto-battery-cells-applications-infographic-1-768x419.webp 768w, https:\/\/dlcpo.com\/wp-content\/uploads\/2026\/03\/lifepo4-lto-battery-cells-applications-infographic-1-1536x838.webp 1536w, https:\/\/dlcpo.com\/wp-content\/uploads\/2026\/03\/lifepo4-lto-battery-cells-applications-infographic-1-600x328.webp 600w, https:\/\/dlcpo.com\/wp-content\/uploads\/2026\/03\/lifepo4-lto-battery-cells-applications-infographic-1-64x35.webp 64w\" sizes=\"(max-width: 1920px) 100vw, 1920px\" \/>\t\t\t\t\t\t\t\t\t\t\t\t\t\t\t<\/div>\n\t\t\t\t<div class=\"elementor-element elementor-element-55bf7b0 elementor-absolute elementor-widget elementor-widget-heading\" data-id=\"55bf7b0\" data-element_type=\"widget\" data-e-type=\"widget\" data-settings=\"{&quot;_position&quot;:&quot;absolute&quot;}\" data-widget_type=\"heading.default\">\n\t\t\t\t\t<h1 class=\"elementor-heading-title elementor-size-default\">Aplicativos de bateria<\/h1>\t\t\t\t<\/div>\n\t\t\t\t<div class=\"elementor-element elementor-element-0bd70c5 elementor-absolute elementor-widget elementor-widget-heading\" data-id=\"0bd70c5\" data-element_type=\"widget\" data-e-type=\"widget\" data-settings=\"{&quot;_position&quot;:&quot;absolute&quot;}\" data-widget_type=\"heading.default\">\n\t\t\t\t\t<h2 class=\"elementor-heading-title elementor-size-default\">Solu\u00e7\u00f5es vers\u00e1teis de armazenamento de energia e pot\u00eancia para os mercados industriais, comerciais e de mobilidade globais.<\/h2>\t\t\t\t<\/div>\n\t\t\t\t\t<\/div>\n\t\t\t\t<\/div>\n\t\t<div class=\"elementor-element elementor-element-87d8869 e-flex e-con-boxed e-con e-parent\" data-id=\"87d8869\" data-element_type=\"container\" data-e-type=\"container\">\n\t\t\t\t\t<div class=\"e-con-inner\">\n\t\t\t\t<div class=\"elementor-element elementor-element-687f95a elementor-widget elementor-widget-html\" data-id=\"687f95a\" data-element_type=\"widget\" data-e-type=\"widget\" data-widget_type=\"html.default\">\n\t\t\t\t\t<script type=\"application\/ld+json\">\r\n{\r\n  \"@context\": \"https:\/\/schema.org\",\r\n  \"@type\": \"Service\",\r\n  \"name\": \"Lithium Battery Applications & Solutions\",\r\n  \"description\": \"Comprehensive Lithium Battery Applications including industrial AGVs, marine power, solar storage, and golf cart upgrades using Grade-A cells.\",\r\n  \"provider\": {\r\n    \"@type\": \"Organization\",\r\n    \"name\": \"DLCPO Power Technology Co., Ltd.\",\r\n    \"url\": \"https:\/\/dlcpo.com\"\r\n  }\r\n}\r\n<\/script>\r\n\r\n<div class=\"dlcpo-apps-page\" style=\"font-family: 'Segoe UI', Arial, sans-serif; color: #333; line-height: 1.8; text-align: left;\">\r\n    \r\n    <section style=\"padding: 60px 20px; text-align: left; background-color: #ffffff; max-width: 1200px; margin: 0 auto;\">\r\n        <h1 style=\"color: #0056b3; font-size: 34px; font-weight: 800; border-left: 6px solid #0056b3; padding-left: 15px; margin-bottom: 25px;\">\r\n  Aplica\u00e7\u00f5es de baterias de l\u00edtio para uso industrial e comercial\r\n        <\/h1>\r\n        <p style=\"font-size: 18px; color: #444;\">\r\n Modern <strong>Lithium Battery Applications<\/strong> require a perfect balance of safety, density, and cycle life. Na DLCPO Power Technology, fornecemos <strong>solu\u00e7\u00f5es<\/strong> especializadas em <strong>baterias industriais<\/strong> adaptadas para ambientes complexos. N\u00e3o importa se voc\u00ea est\u00e1 buscando <strong>solu\u00e7\u00f5es de baterias LiFePO4 para o setor mar\u00edtimo<\/strong> ou atualizando uma frota de ve\u00edculos de servi\u00e7o, nossas <strong>aplica\u00e7\u00f5es de baterias de l\u00edtio<\/strong> garantem um desempenho consistente com c\u00e9lulas de n\u00edvel 1 de grau A. \r\n        <\/p>\r\n    <\/section>\r\n\r\n    <section style=\"display: flex; justify-content: space-around; flex-wrap: wrap; padding: 40px 20px; max-width: 1200px; margin: 0 auto; gap: 20px;\">\r\n        <div style=\"flex: 1; min-width: 300px; padding: 35px; border: 1px solid #eef2f6; border-radius: 12px; text-align: center; box-shadow: 0 4px 15px rgba(0,0,0,0.05); background: #fff;\">\r\n            <div style=\"font-size: 45px; margin-bottom: 15px;\">\ud83c\udfd7\ufe0f<\/div>\r\n            <h3 style=\"color: #0056b3; margin-bottom: 15px;\">Industrial e rob\u00f3tica<\/h3>\r\n            <p style=\"font-size: 14px; color: #666;\"><strong>Bateria de rob\u00f3tica AGV<\/strong> de alto desempenho Servi\u00e7os <strong>de fornecedores<\/strong> para ciclos de alto desempenho, empilhadeiras e log\u00edstica aut\u00f4noma de armaz\u00e9ns.<\/p>\r\n        <\/div>\r\n        <div style=\"flex: 1; min-width: 300px; padding: 35px; border: 1px solid #eef2f6; border-radius: 12px; text-align: center; box-shadow: 0 4px 15px rgba(0,0,0,0.05); background: #fff;\">\r\n            <div style=\"font-size: 45px; margin-bottom: 15px;\">\u2600\ufe0f<\/div>\r\n            <h3 style=\"color: #d63384; margin-bottom: 15px;\">Armazenamento de energia solar<\/h3>\r\n            <p style=\"font-size: 14px; color: #666;\"><strong>Aplica\u00e7\u00f5es<\/strong> confi\u00e1veis <strong>de baterias ESS solares<\/strong> com c\u00e9lulas com mais de 6000 ciclos de vida para energia de reserva residencial, comercial e de telecomunica\u00e7\u00f5es.<\/p>\r\n        <\/div>\r\n        <div style=\"flex: 1; min-width: 300px; padding: 35px; border: 1px solid #eef2f6; border-radius: 12px; text-align: center; box-shadow: 0 4px 15px rgba(0,0,0,0.05); background: #fff;\">\r\n            <div style=\"font-size: 45px; margin-bottom: 15px;\">\ud83d\udee5\ufe0f<\/div>\r\n            <h3 style=\"color: #198754; margin-bottom: 15px;\">Marinha e Mobilidade<\/h3>\r\n            <p style=\"font-size: 14px; color: #666;\"><strong>Solu\u00e7\u00f5es<\/strong> superiores <strong>de baterias LiFePO4 para o setor mar\u00edtimo<\/strong> e kits <strong>de atualiza\u00e7\u00e3o de baterias de l\u00edtio<\/strong> para <strong>carrinhos de golfe<\/strong> para substitui\u00e7\u00e3o perfeita de chumbo-\u00e1cido.<\/p>\r\n        <\/div>\r\n    <\/section>\r\n\r\n    <section style=\"padding: 40px 20px; max-width: 1200px; margin: 0 auto;\">\r\n        <h3>Otimiza\u00e7\u00e3o de aplica\u00e7\u00f5es de baterias de l\u00edtio industriais<\/h3>\r\n        <p>No \u00e2mbito das <strong>aplica\u00e7\u00f5es industriais de baterias de l\u00edtio<\/strong>, a confiabilidade n\u00e3o \u00e9 apenas uma meta, mas um requisito de seguran\u00e7a. A DLCPO \u00e9 especializada em <strong>aplica\u00e7\u00f5es de baterias de l\u00edtio<\/strong> que exigem alta corrente de descarga e resist\u00eancia \u00e0 vibra\u00e7\u00e3o. Nossas <strong>solu\u00e7\u00f5es de baterias industriais<\/strong> para AGVs e empilhadeiras utilizam a avan\u00e7ada tecnologia JK BMS para garantir o equil\u00edbrio das c\u00e9lulas, mesmo sob cargas industriais pesadas. Como <strong>fornecedor<\/strong> l\u00edder <strong>de baterias para rob\u00f3tica de AGVs<\/strong>, fornecemos a intelig\u00eancia e a densidade de energia necess\u00e1rias para opera\u00e7\u00f5es automatizadas 24 horas por dia, 7 dias por semana.   <\/p>\r\n        \r\n        <h3>Por que as solu\u00e7\u00f5es especializadas em baterias LiFePO4 mar\u00edtimas s\u00e3o importantes<\/h3>\r\n        <p>Os ambientes marinhos s\u00e3o notoriamente agressivos para o armazenamento de energia. Nossas <strong>solu\u00e7\u00f5es de baterias LiFePO4 mar\u00edtimas<\/strong> apresentam gabinetes com classifica\u00e7\u00e3o IP67 e componentes resistentes \u00e0 corros\u00e3o. Esses <strong>aplicativos de bateria de l\u00edtio<\/strong> s\u00e3o projetados para sistemas de propuls\u00e3o el\u00e9trica e energia dom\u00e9stica de ciclo profundo em iates e embarca\u00e7\u00f5es comerciais. Al\u00e9m disso, nossos servi\u00e7os de <strong>atualiza\u00e7\u00e3o de baterias de l\u00edtio para carrinhos de golfe<\/strong> oferecem uma solu\u00e7\u00e3o \"drop-in\" que reduz o peso em at\u00e9 70% e triplica o alcance \u00fatil do ve\u00edculo.   <\/p>\r\n        \r\n        <p>Quando se trata de <strong>aplica\u00e7\u00f5es de baterias ESS solares<\/strong>, o foco est\u00e1 no retorno sobre o investimento (ROI) de longo prazo. As <strong>aplica\u00e7\u00f5es de baterias de l\u00edtio<\/strong> da DLCPO no setor solar usam apenas c\u00e9lulas de lote novo de grau A para garantir 10 anos de vida \u00fatil. Desde os m\u00f3dulos de backup de telecomunica\u00e7\u00f5es 5G at\u00e9 o corte de picos em escala de servi\u00e7os p\u00fablicos, nossas <strong>solu\u00e7\u00f5es de baterias industriais<\/strong> s\u00e3o constru\u00eddas para suportar flutua\u00e7\u00f5es da rede e temperaturas extremas. Todos os projetos <strong>de aplica\u00e7\u00f5es de baterias de l\u00edtio<\/strong> que realizamos s\u00e3o respaldados por 18 anos de experi\u00eancia t\u00e9cnica e um compromisso com a fabrica\u00e7\u00e3o sem defeitos.   <\/p>\r\n    <\/section>\r\n\r\n    <section style=\"background-color: #004a99; color: white; padding: 60px 40px; border-radius: 15px; max-width: 1100px; margin: 50px auto;\">\r\n        <h2 style=\"margin-bottom: 30px; font-size: 28px;\">Suporte de engenharia espec\u00edfico para aplicativos<\/h2>\r\n        <p style=\"margin-bottom: 35px; opacity: 0.9;\">Para garantir o desempenho mais confi\u00e1vel para suas <strong>aplica\u00e7\u00f5es de bateria de l\u00edtio<\/strong>, fornecemos especifica\u00e7\u00f5es personalizadas para voc\u00ea:<\/p>\r\n        \r\n        <div style=\"display: grid; grid-template-columns: repeat(auto-fit, minmax(300px, 1fr)); gap: 30px;\">\r\n            <ul style=\"list-style: none; padding: 0;\">\r\n                <li style=\"margin-bottom: 15px;\">\u2705 <strong>Log\u00edstica:<\/strong> Kits <strong>de fornecedores de baterias de rob\u00f4s AGV<\/strong> de alta capacidade.<\/li>\r\n                <li style=\"margin-bottom: 15px;\"><strong>Solar ESS:<\/strong> <strong>Aplica\u00e7\u00f5es de baterias ESS solares<\/strong> de longa dura\u00e7\u00e3o.<\/li>\r\n                <li style=\"margin-bottom: 15px;\"><strong>Mar\u00edtimo:<\/strong> <strong>Solu\u00e7\u00f5es de baterias LiFePO4 mar\u00edtimas<\/strong> \u00e0 prova de corros\u00e3o.<\/li>\r\n            <\/ul>\r\n            <ul style=\"list-style: none; padding: 0;\">\r\n                <li style=\"margin-bottom: 15px;\"><strong>Mobilidade:<\/strong> unidades <strong>de atualiza\u00e7\u00e3o de bateria de l\u00edtio para carrinho de golfe<\/strong> de 48V\/72V.<\/li>\r\n                <li style=\"margin-bottom: 15px;\"><strong>Telecomunica\u00e7\u00f5es:<\/strong> UPS de 48V <strong>Solu\u00e7\u00f5es de baterias industriais<\/strong>.<\/li>\r\n                <li style=\"margin-bottom: 15px;\"><strong>Energia industrial:<\/strong> <strong>Aplica\u00e7\u00f5es de baterias de l\u00edtio para<\/strong> redu\u00e7\u00e3o de picos.<\/li>\r\n            <\/ul>\r\n        <\/div>\r\n        \r\n        <p style=\"margin-top: 45px; text-align: center; font-style: italic; font-size: 15px; border-top: 1px solid rgba(255,255,255,0.2); padding-top: 25px;\">\r\n  Entre em contato com a DLCPO para obter consultoria especializada sobre suas <strong>aplica\u00e7\u00f5es de baterias de l\u00edtio<\/strong>. \ud83e\udd42 \r\n        <\/p>\r\n    <\/section>\r\n\r\n    <section style=\"text-align: center; padding: 40px 20px;\">\r\n        <h3 style=\"font-size: 18px; color: #333; margin-bottom: 25px;\">Conformidade global verificada \ud83d\udee1\ufe0f<\/h3>\r\n        <div style=\"display: flex; justify-content: center; gap: 15px; flex-wrap: wrap;\">\r\n            <span style=\"padding: 10px 20px; background: #f0f4f8; border-radius: 6px; font-size: 13px; font-weight: bold; color: #004a99;\">Certificado UN38.3<\/span>\r\n            <span style=\"padding: 10px 20px; background: #f0f4f8; border-radius: 6px; font-size: 13px; font-weight: bold; color: #004a99;\">Pronto para MSDS<\/span>\r\n            <span style=\"padding: 10px 20px; background: #f0f4f8; border-radius: 6px; font-size: 13px; font-weight: bold; color: #004a99;\">Em conformidade com a IEC<\/span>\r\n            <span style=\"padding: 10px 20px; background: #f0f4f8; border-radius: 6px; font-size: 13px; font-weight: bold; color: #004a99;\">Especialista em remessas da DG<\/span>\r\n        <\/div>\r\n    <\/section>\r\n<\/div>\t\t\t\t<\/div>\n\t\t\t\t\t<\/div>\n\t\t\t\t<\/div>\n\t\t\t\t<\/div>\n\t\t","protected":false},"excerpt":{"rendered":"<p>Aplicativos de bateria Solu\u00e7\u00f5es vers\u00e1teis de armazenamento de energia e pot\u00eancia para os mercados industriais, comerciais e de mobilidade globais. Aplica\u00e7\u00f5es de baterias de l\u00edtio para uso industrial e comercial Modern Lithium Battery Applications require a perfect balance of safety, density, and cycle life. Na DLCPO Power Technology, fornecemos solu\u00e7\u00f5es especializadas em baterias industriais adaptadas [&hellip;]<\/p>\n","protected":false},"author":1,"featured_media":0,"parent":0,"menu_order":0,"comment_status":"closed","ping_status":"closed","template":"","meta":{"_acf_changed":false,"_joinchat":[],"footnotes":""},"class_list":["post-4683","page","type-page","status-publish","hentry"],"acf":[],"_links":{"self":[{"href":"https:\/\/dlcpo.com\/pt-br\/wp-json\/wp\/v2\/pages\/4683","targetHints":{"allow":["GET"]}}],"collection":[{"href":"https:\/\/dlcpo.com\/pt-br\/wp-json\/wp\/v2\/pages"}],"about":[{"href":"https:\/\/dlcpo.com\/pt-br\/wp-json\/wp\/v2\/types\/page"}],"author":[{"embeddable":true,"href":"https:\/\/dlcpo.com\/pt-br\/wp-json\/wp\/v2\/users\/1"}],"replies":[{"embeddable":true,"href":"https:\/\/dlcpo.com\/pt-br\/wp-json\/wp\/v2\/comments?post=4683"}],"version-history":[{"count":7,"href":"https:\/\/dlcpo.com\/pt-br\/wp-json\/wp\/v2\/pages\/4683\/revisions"}],"predecessor-version":[{"id":9302,"href":"https:\/\/dlcpo.com\/pt-br\/wp-json\/wp\/v2\/pages\/4683\/revisions\/9302"}],"wp:attachment":[{"href":"https:\/\/dlcpo.com\/pt-br\/wp-json\/wp\/v2\/media?parent=4683"}],"curies":[{"name":"wp","href":"https:\/\/api.w.org\/{rel}","templated":true}]}}