{"id":9772,"date":"2026-04-23T08:24:10","date_gmt":"2026-04-23T00:24:10","guid":{"rendered":"https:\/\/dlcpo.com\/dlcpo-napp73174207-160ah-celula-de-bateria-de-iones-de-sodio\/"},"modified":"2026-04-25T21:19:59","modified_gmt":"2026-04-25T13:19:59","slug":"dlcpo-napp73174207-160ah-celula-de-bateria-de-iones-de-sodio","status":"publish","type":"product","link":"https:\/\/dlcpo.com\/es\/dlcpo-napp73174207-160ah-celula-de-bateria-de-iones-de-sodio\/","title":{"rendered":"C\u00e9lula de bater\u00eda prism\u00e1tica de iones de sodio DLCPO NaPP73174207 de 160 Ah y 3,1 V (NFPP) \u2013 M\u00e1s de 4000 ciclos"},"content":{"rendered":"<div class=\"product-description-container\">\n<h2>DLCPO NaPP73174207 160 Ah: Bater\u00eda de iones de sodio NFPP de grado industrial<\/h2>\n<p>La <strong>DLCPO NaPP73174207<\/strong> es una c\u00e9lula prism\u00e1tica de iones de sodio (SIB) de alta calidad que aprovecha la avanzada tecnolog\u00eda del <strong>pirofosfato de hierro y sodio (NFPP)<\/strong>. Con una enorme capacidad de 160 Ah y una plataforma excepcionalmente estable de 3,1 V, esta celda est\u00e1 dise\u00f1ada para sistemas de almacenamiento de energ\u00eda a gran escala en los que la seguridad, la longevidad y la rentabilidad son fundamentales. <\/p>\n<ul>\n<li>\ud83d\udd0b <strong>Vida \u00fatil superior:<\/strong> Dise\u00f1ado para ofrecer una gran resistencia, con <strong>\u2265 4.000 ciclos completos<\/strong> (al 100 % de profundidad de descarga), lo que garantiza una vida \u00fatil de m\u00e1s de una d\u00e9cada para proyectos de sistemas de almacenamiento de energ\u00eda (ESS).<\/li>\n<li>\ud83d\udee1\ufe0f <strong>Qu\u00edmica NFPP ultrasegura:<\/strong> Gracias al uso de la tecnolog\u00eda del pirofosfato de sodio y hierro, un compuesto no inflamable, cumple con rigurosas normas de seguridad, incluidas pruebas de penetraci\u00f3n con clavos y de sobrecarga.<\/li>\n<li>\u2744\ufe0f <strong>Amplio rango de temperaturas:<\/strong> Mantiene una alta estabilidad en un amplio rango, con un rendimiento de descarga eficiente desde <strong>-30 \u00b0C hasta 60 \u00b0C<\/strong>.<\/li>\n<li>\u26a1 <strong>Baja resistencia interna:<\/strong> Resistencia ultrabaja (<strong>\u2264 0,40 m\u03a9<\/strong>) garantiza un m\u00ednimo calor generaci\u00f3n y m\u00e1xima eficiencia durante operaciones de alta corriente.<\/li>\n<li>\ud83d\ude80 <strong>Alta capacidad de descarga:<\/strong> Admite una descarga continua m\u00e1xima de <strong>1C (160 A)<\/strong> y una descarga por impulsos de hasta 2C, lo que la hace ideal para cargas industriales exigentes.<\/li>\n<\/ul>\n<h3>Principales aplicaciones:<\/h3>\n<ul>\n<li><strong>Sistemas de almacenamiento de energ\u00eda (ESS) para uso comercial e industrial:<\/strong> Reducci\u00f3n de picos de demanda y energ\u00eda de respaldo a gran escala.<\/li>\n<li><strong>Energ\u00edas renovables: <\/strong> Integraci\u00f3n perfecta con centrales e\u00f3licas y solares.<\/li>\n<li><strong>Telecomunicaciones:<\/strong> Sistema de respaldo fiable y de larga duraci\u00f3n para estaciones base 5G.<\/li>\n<li><strong>Centros de datos:<\/strong> Soluci\u00f3n energ\u00e9tica de alta seguridad para infraestructuras de misi\u00f3n cr\u00edtica.<\/li>\n<\/ul>\n<\/div>\n","protected":false},"excerpt":{"rendered":"<p>C\u00e9lula de bater\u00eda prism\u00e1tica de iones de sodio DLCPO NaPP73174207 de 160 Ah y alta capacidad. Con tecnolog\u00eda de pirofosfato de hierro y sodio (NFPP), m\u00e1s de 4000 ciclos y una seguridad superior. Ideal para sistemas de almacenamiento de energ\u00eda (ESS) industriales, telecomunicaciones y almacenamiento solar.<\/p>\n","protected":false},"featured_media":9771,"template":"","meta":{"_acf_changed":false,"_joinchat":[]},"product_brand":[],"product_cat":[3316],"product_tag":[3353,3318,1736,3354,3319],"class_list":{"0":"post-9772","1":"product","2":"type-product","3":"status-publish","4":"has-post-thumbnail","6":"product_cat-bateria-de-iones-de-sodio-cat","7":"product_tag-160ah","8":"product_tag-bateria-de-iones-de-sodio","9":"product_tag-celula-prismatica","10":"product_tag-ess-bateria","11":"product_tag-nfpp","12":"pa_capacity-160ah","14":"first","15":"instock","16":"shipping-taxable","17":"product-type-simple"},"acf":[],"_links":{"self":[{"href":"https:\/\/dlcpo.com\/es\/wp-json\/wp\/v2\/product\/9772","targetHints":{"allow":["GET"]}}],"collection":[{"href":"https:\/\/dlcpo.com\/es\/wp-json\/wp\/v2\/product"}],"about":[{"href":"https:\/\/dlcpo.com\/es\/wp-json\/wp\/v2\/types\/product"}],"version-history":[{"count":1,"href":"https:\/\/dlcpo.com\/es\/wp-json\/wp\/v2\/product\/9772\/revisions"}],"predecessor-version":[{"id":9838,"href":"https:\/\/dlcpo.com\/es\/wp-json\/wp\/v2\/product\/9772\/revisions\/9838"}],"wp:featuredmedia":[{"embeddable":true,"href":"https:\/\/dlcpo.com\/es\/wp-json\/wp\/v2\/media\/9771"}],"wp:attachment":[{"href":"https:\/\/dlcpo.com\/es\/wp-json\/wp\/v2\/media?parent=9772"}],"wp:term":[{"taxonomy":"product_brand","embeddable":true,"href":"https:\/\/dlcpo.com\/es\/wp-json\/wp\/v2\/product_brand?post=9772"},{"taxonomy":"product_cat","embeddable":true,"href":"https:\/\/dlcpo.com\/es\/wp-json\/wp\/v2\/product_cat?post=9772"},{"taxonomy":"product_tag","embeddable":true,"href":"https:\/\/dlcpo.com\/es\/wp-json\/wp\/v2\/product_tag?post=9772"}],"curies":[{"name":"wp","href":"https:\/\/api.w.org\/{rel}","templated":true}]}}