{"id":9731,"date":"2026-04-23T07:47:37","date_gmt":"2026-04-22T23:47:37","guid":{"rendered":"https:\/\/dlcpo.com\/?post_type=product&#038;p=9731"},"modified":"2026-04-26T10:30:00","modified_gmt":"2026-04-26T02:30:00","slug":"dlcpo-nacr32140-mp10-10ah-celula-de-bateria-de-iones-de-sodio","status":"publish","type":"product","link":"https:\/\/dlcpo.com\/es\/dlcpo-nacr32140-mp10-10ah-celula-de-bateria-de-iones-de-sodio\/","title":{"rendered":"C\u00e9lula de bater\u00eda de iones de sodio DLCPO NaCR32140-MP10 de 10 Ah: alto rendimiento y funcionamiento a temperaturas ultrabajas"},"content":{"rendered":"<div class=\"product-description-container\">\n<h2>DLCPO NaCR32140-MP10: La potente bater\u00eda de iones de sodio de 10 Ah de \u00faltima generaci\u00f3n<\/h2>\n<p>La <strong>DLCPO NaCR32140-MP10<\/strong> es una c\u00e9lula de bater\u00eda cil\u00edndrica de iones de sodio (SIB) de alto rendimiento dise\u00f1ada para ofrecer una potencia extrema y una gran resistencia a las condiciones ambientales. Gracias a su avanzada qu\u00edmica SIB, ofrece una alternativa m\u00e1s segura, de carga m\u00e1s r\u00e1pida y m\u00e1s rentable que las bater\u00edas de litio tradicionales, especialmente en climas adversos. <\/p>\n<ul>\n<li>\u2744\ufe0f <strong>H\u00e9roe del clima extremo:<\/strong> Rendimiento de descarga confiable hasta <strong>-40 \u00b0C<\/strong>, manteniendo la potencia donde las bater\u00edas de litio fallan.<\/li>\n<li>\u26a1<strong><strong>Carga ultrarr\u00e1pida<\/strong>:<\/strong> Supports <strong>4C rapid charging<\/strong>, reaching 80% SOC in just 15 minutes to minimize downtime.<\/li>\n<li>\ud83d\ude80 <strong>Alta densidad de potencia:<\/strong> velocidad de descarga continua de hasta <strong>3C (30 A)<\/strong>, perfecta para aplicaciones industriales de alta carga.<\/li>\n<li>\ud83d\udee1\ufe0f <strong>Perfil de seguridad superior:<\/strong> Composici\u00f3n qu\u00edmica intr\u00ednsecamente estable que supera las pruebas de penetraci\u00f3n con clavo, sobrecarga y aplastamiento sin provocar incendios ni explosiones.<\/li>\n<li>\ud83d\udd0b <strong>Mayor duraci\u00f3n:<\/strong> Ofrece <strong>\u2265 3.000 ciclos completos<\/strong> con un 100 % de profundidad de descarga (DOD), lo que garantiza un ciclo de vida excepcional para los sistemas de almacenamiento de energ\u00eda.<\/li>\n<\/ul>\n<h3>Aplicaciones ideales:<\/h3>\n<ul>\n<li><strong>Sistemas de almacenamiento de energ\u00eda (ESS) para el \u00c1rtico y zonas de gran altitud:<\/strong> Ideales para el almacenamiento de energ\u00eda al aire libre en regiones con temperaturas bajo cero.<\/li>\n<li><strong>Movilidad el\u00e9ctrica:<\/strong> Potencia de alto rendimiento para bicicletas el\u00e9ctricas, scooters y veh\u00edculos guiados autom\u00e1ticamente (AGV).<\/li>\n<li><strong>Herramientas industriales:<\/strong> Energ\u00eda resistente para herramientas el\u00e9ctricas y equipos de uso intensivo.<\/li>\n<li><strong>Infraestructura de telecomunicaciones:<\/strong> Suministro el\u00e9ctrico de respaldo estable para estaciones base remotas.<\/li>\n<\/ul>\n<\/div>\n","protected":false},"excerpt":{"rendered":"<p>Descubra la bater\u00eda de iones de sodio DLCPO NaCR32140-MP10 de 10 Ah. Cuenta con una plataforma estable de 3,1 V, m\u00e1s de 3000 ciclos y un rendimiento de descarga excepcional a -40 \u00b0C. Optimizada para sistemas de almacenamiento de energ\u00eda (ESS) de alta potencia, veh\u00edculos el\u00e9ctricos de dos ruedas y herramientas industriales para climas fr\u00edos.  <\/p>\n","protected":false},"featured_media":9743,"template":"","meta":{"_acf_changed":false,"_joinchat":[]},"product_brand":[],"product_cat":[3316],"product_tag":[3357,3355,3358,3318,3356],"class_list":{"0":"post-9731","1":"product","2":"type-product","3":"status-publish","4":"has-post-thumbnail","6":"product_cat-bateria-de-iones-de-sodio-cat","7":"product_tag-40-c-descarga","8":"product_tag-10ah","9":"product_tag-3358","10":"product_tag-bateria-de-iones-de-sodio","11":"product_tag-cilindrico-celula","12":"pa_capacity-10ah","14":"first","15":"instock","16":"shipping-taxable","17":"product-type-simple"},"acf":[],"_links":{"self":[{"href":"https:\/\/dlcpo.com\/es\/wp-json\/wp\/v2\/product\/9731","targetHints":{"allow":["GET"]}}],"collection":[{"href":"https:\/\/dlcpo.com\/es\/wp-json\/wp\/v2\/product"}],"about":[{"href":"https:\/\/dlcpo.com\/es\/wp-json\/wp\/v2\/types\/product"}],"version-history":[{"count":2,"href":"https:\/\/dlcpo.com\/es\/wp-json\/wp\/v2\/product\/9731\/revisions"}],"predecessor-version":[{"id":9775,"href":"https:\/\/dlcpo.com\/es\/wp-json\/wp\/v2\/product\/9731\/revisions\/9775"}],"wp:featuredmedia":[{"embeddable":true,"href":"https:\/\/dlcpo.com\/es\/wp-json\/wp\/v2\/media\/9743"}],"wp:attachment":[{"href":"https:\/\/dlcpo.com\/es\/wp-json\/wp\/v2\/media?parent=9731"}],"wp:term":[{"taxonomy":"product_brand","embeddable":true,"href":"https:\/\/dlcpo.com\/es\/wp-json\/wp\/v2\/product_brand?post=9731"},{"taxonomy":"product_cat","embeddable":true,"href":"https:\/\/dlcpo.com\/es\/wp-json\/wp\/v2\/product_cat?post=9731"},{"taxonomy":"product_tag","embeddable":true,"href":"https:\/\/dlcpo.com\/es\/wp-json\/wp\/v2\/product_tag?post=9731"}],"curies":[{"name":"wp","href":"https:\/\/api.w.org\/{rel}","templated":true}]}}