{"id":6079,"date":"2026-03-07T08:56:22","date_gmt":"2026-03-07T00:56:22","guid":{"rendered":"https:\/\/dlcpo.com\/eve-lf105-105ah-celula-de-bateria-lifepo4-grado-a\/"},"modified":"2026-04-11T10:55:50","modified_gmt":"2026-04-11T02:55:50","slug":"eve-lf105-105ah-celula-de-bateria-lifepo4-grado-a","status":"publish","type":"product","link":"https:\/\/dlcpo.com\/es\/eve-lf105-105ah-celula-de-bateria-lifepo4-grado-a\/","title":{"rendered":"EVE LF105 105 Ah LiFePO4 Bater\u00eda C\u00e9lula Grado A | 3C Alta Potencia Carrito de golf Especialista"},"content":{"rendered":"<div class=\"product-description-container\">\n<p>La <strong>c\u00e9lula de bater\u00eda EVE LF105 de 105 Ah LiFePO4 de grado A<\/strong> es una soluci\u00f3n energ\u00e9tica prism\u00e1tica especializada que ha revolucionado el mercado de los veh\u00edculos el\u00e9ctricos ligeros. Aunque funciona a la perfecci\u00f3n para el almacenamiento solar, su verdadera fortaleza t\u00e9cnica reside en su suministro din\u00e1mico de potencia. Con una <strong>tasa de descarga continua de 3C (315 amperios)<\/strong>, la <strong>c\u00e9lula de bater\u00eda EVE LF105 de 105 Ah LiFePO4 de grado A<\/strong> es significativamente m\u00e1s potente que las c\u00e9lulas de almacenamiento est\u00e1ndar de 105 Ah, proporcionando la \u00abfuerza\u00bb necesaria para la tracci\u00f3n de servicio pesado.  <\/p>\n<h2 style=\"font-size: 1.5em; color: #2c3e50;\">\u00bfPor qu\u00e9 elegir el EVE LF105 para tracci\u00f3n y potencia?<\/h2>\n<ul class=\"product-features-list\" style=\"list-style: none; padding-left: 0;\">\n<li style=\"margin-bottom: 15px;\">\ud83c\udfce\ufe0f <strong>Suministro de energ\u00eda 3C sin igual:<\/strong> Las celdas LFP est\u00e1ndar suelen tener dificultades para soportar las enormes corrientes de pico que requieren los carritos de golf o las carretillas elevadoras al subir pendientes. La <strong>c\u00e9lula de bater\u00eda EVE LF105 de 105 Ah LiFePO4 de grado A<\/strong> ofrece una salida constante de alto amperaje sin ca\u00eddas de voltaje, lo que garantiza un par motor constante para sus motores. <\/li>\n<li style=\"margin-bottom: 15px;\">\u23f3 <strong>Vida \u00fatil excepcional en condiciones de tracci\u00f3n:<\/strong> Con una capacidad nominal de <strong>al menos 4.000 ciclos<\/strong> (a 1C\/1C, 25 \u00b0C), esta c\u00e9lula est\u00e1 dise\u00f1ada para durar entre 5 y 10 veces m\u00e1s que las bater\u00edas tradicionales de plomo-\u00e1cido. Representa una inversi\u00f3n a largo plazo que reduce dr\u00e1sticamente los costos de mantenimiento para los operadores de flotas. <\/li>\n<li style=\"margin-bottom: 15px;\">\ud83d\udcd0 <strong>Tama\u00f1o compacto para bandejas personalizadas: <\/strong> Con dimensiones compactas de 130,3 mm (ancho) x 36,7 mm (profundidad) x 200,5 mm (alto), el LF105 es f\u00e1cil de guardar en a14&gt; est\u00e1ndar o personalizadas bandejas para bater\u00edas. Esto lo convierte en la mejor opci\u00f3n para conversiones sin problemas de plomo-\u00e1cido a litio . <\/li>\n<li style=\"margin-bottom: 15px;\">\ud83d\udfcf\ufe0f <strong>Estabilidad de rendimiento a alta intensidad:<\/strong> Ya sea en un arranque en fr\u00edo por la ma\u00f1ana o en una subida con carga pesada, la LF105 mantiene su estabilidad estructural y qu\u00edmica. Su resistencia interna est\u00e1 optimizada para un alto rendimiento de potencia, lo que reduce la generaci\u00f3n de calor durante el funcionamiento en condiciones de m\u00e1xima carga. <\/li>\n<li style=\"margin-bottom: 15px;\">\u2705 <strong>Calidad verificada de grado A y trazabilidad:<\/strong> Cada <strong>c\u00e9lula de bater\u00eda LiFePO4 EVE LF105 de 105 Ah de grado A<\/strong> suministrada por <strong>DLCPO<\/strong> cuenta con un c\u00f3digo QR original que se puede escanear. Garantizamos una coincidencia del 100 % en voltaje y resistencia interna, lo que proporciona la seguridad y la fiabilidad que exigen sus proyectos profesionales. <\/li>\n<\/ul>\n<\/div>\n","protected":false},"excerpt":{"rendered":"<p>Compre la c\u00e9lula de bater\u00eda original <b data-path-to-node=\"4,2,0\" data-index-in-node=\"44\">EVE LF105 de 105 Ah LiFePO4, grado A<\/b> en DLCPO. Ofrece una descarga continua de 315 A (3C), 4000 ciclos y un dise\u00f1o compacto ideal para carritos de golf y veh\u00edculos el\u00e9ctricos ligeros. <\/p>\n","protected":false},"featured_media":1839,"template":"","meta":{"_acf_changed":false,"_joinchat":[]},"product_brand":[],"product_cat":[1388],"product_tag":[1798,1811,1812,1399,1797],"class_list":{"0":"post-6079","1":"product","2":"type-product","3":"status-publish","4":"has-post-thumbnail","6":"product_cat-eve","7":"product_tag-105-ah-lifepo","8":"product_tag-bateria-para-carrito-de-golf","9":"product_tag-celula-de-grado-de-traccion","10":"product_tag-dlcpo","11":"product_tag-eve-lf105","12":"pa_capacity-105ah","14":"first","15":"instock","16":"shipping-taxable","17":"product-type-simple"},"acf":[],"_links":{"self":[{"href":"https:\/\/dlcpo.com\/es\/wp-json\/wp\/v2\/product\/6079","targetHints":{"allow":["GET"]}}],"collection":[{"href":"https:\/\/dlcpo.com\/es\/wp-json\/wp\/v2\/product"}],"about":[{"href":"https:\/\/dlcpo.com\/es\/wp-json\/wp\/v2\/types\/product"}],"version-history":[{"count":1,"href":"https:\/\/dlcpo.com\/es\/wp-json\/wp\/v2\/product\/6079\/revisions"}],"predecessor-version":[{"id":7384,"href":"https:\/\/dlcpo.com\/es\/wp-json\/wp\/v2\/product\/6079\/revisions\/7384"}],"wp:featuredmedia":[{"embeddable":true,"href":"https:\/\/dlcpo.com\/es\/wp-json\/wp\/v2\/media\/1839"}],"wp:attachment":[{"href":"https:\/\/dlcpo.com\/es\/wp-json\/wp\/v2\/media?parent=6079"}],"wp:term":[{"taxonomy":"product_brand","embeddable":true,"href":"https:\/\/dlcpo.com\/es\/wp-json\/wp\/v2\/product_brand?post=6079"},{"taxonomy":"product_cat","embeddable":true,"href":"https:\/\/dlcpo.com\/es\/wp-json\/wp\/v2\/product_cat?post=6079"},{"taxonomy":"product_tag","embeddable":true,"href":"https:\/\/dlcpo.com\/es\/wp-json\/wp\/v2\/product_tag?post=6079"}],"curies":[{"name":"wp","href":"https:\/\/api.w.org\/{rel}","templated":true}]}}