{"id":6073,"date":"2026-03-07T10:01:53","date_gmt":"2026-03-07T02:01:53","guid":{"rendered":"https:\/\/dlcpo.com\/eve-lf230-230ah-celula-de-bateria-lifepo4-grado-a\/"},"modified":"2026-04-11T10:55:51","modified_gmt":"2026-04-11T02:55:51","slug":"eve-lf230-230ah-celula-de-bateria-lifepo4-grado-a","status":"publish","type":"product","link":"https:\/\/dlcpo.com\/es\/eve-lf230-230ah-celula-de-bateria-lifepo4-grado-a\/","title":{"rendered":"EVE LF230, c\u00e9lula de bater\u00eda LiFePO4 de 230 Ah, grado A | Resistencia al fr\u00edo de -35 \u00b0C y mejora a 202 Ah"},"content":{"rendered":"<div class=\"product-description-container\">\n<p>La <strong>c\u00e9lula de bater\u00eda LiFePO4 EVE LF230 de 230 Ah, grado A<\/strong> es una obra maestra estrat\u00e9gica de la ingenier\u00eda de bater\u00edas para 2026, que ofrece una \u00abactualizaci\u00f3n inteligente\u00bb de alta densidad para los sistemas est\u00e1ndar de almacenamiento de energ\u00eda. Dise\u00f1ada espec\u00edficamente para maximizar el almacenamiento de energ\u00eda en espacios limitados, la <strong>C\u00e9lula de bater\u00eda EVE LF230 de 230 Ah LiFePO4, grado A<\/strong> concentra 230 Ah de capacidad confiable en el mismo espacio f\u00edsico que se utiliza normalmente para las c\u00e9lulas de 202 Ah, lo que proporciona un aumento significativo de energ\u00eda sin necesidad de redise\u00f1ar el chasis. <\/p>\n<h2 style=\"font-size: 1.5em; color: #2c3e50;\">\u00bfPor qu\u00e9 elegir la bater\u00eda EVE LF230 de 230 Ah de LiFePO4 de grado A?<\/h2>\n<ul class=\"product-features-list\" style=\"list-style: none; padding-left: 0;\">\n<li style=\"margin-bottom: 15px;\">\ud83c\udffd <strong> Compatibilidad perfecta de tama\u00f1os y densidad:<\/strong> Con un espesor de precisi\u00f3n de <strong>53,85 mm<\/strong>, la <strong>c\u00e9lula de bater\u00eda LiFePO4 EVE LF230 de 230 Ah, grado A<\/strong> encaja perfectamente en las cajas de bater\u00edas dise\u00f1adas para c\u00e9lulas CATL o Lishen de 202 Ah. Esto permite un aumento instant\u00e1neo de la capacidad de ~200 Ah a 230 Ah, maximizando su densidad energ\u00e9tica en bancos solares de alto rendimiento y actualizaciones de veh\u00edculos el\u00e9ctricos. <\/li>\n<li style=\"margin-bottom: 15px;\">\u2744\ufe0f <strong>Resistencia al fr\u00edo extremo (-35 \u00b0C):<\/strong> Dise\u00f1ada para las condiciones geogr\u00e1ficas m\u00e1s adversas del mundo, esta bater\u00eda mantiene un rendimiento de descarga confiable incluso en condiciones de fr\u00edo extremo de hasta <strong>-35 \u00b0C<\/strong>. Mientras que los productos de la competencia suelen fallar a -20 \u00b0C, la LF230 ofrece total tranquilidad a los usuarios fuera de la red en entornos alpinos o de altas latitudes con temperaturas bajo cero. <\/li>\n<li style=\"margin-bottom: 15px;\">\u23f3 <strong> Resistencia industrial superior y de larga duraci\u00f3n:<\/strong> Con una capacidad nominal de <strong>4.000 ciclos profundos<\/strong> al 80 % de profundidad de descarga (DOD), la <strong>c\u00e9lula de bater\u00eda EVE LF230 de 230 Ah LiFePO4 de grado A<\/strong> es una inversi\u00f3n dise\u00f1ada para durar m\u00e1s de 10 a\u00f1os de servicio diario. Esta longevidad de grado profesional garantiza un menor costo nivelado de la energ\u00eda (LCOE) para sistemas solares residenciales y comerciales. <\/li>\n<li style=\"margin-bottom: 15px;\">\ud83d\udee1\ufe0f <strong> Ingenier\u00eda de precisi\u00f3n prism\u00e1tica:<\/strong> Cumpliendo con rigurosas normas de calidad automotriz, el LF230 cuenta con un optimizado prism\u00e1tico factor de forma (aprox. 54 mm x 174 mm x 207 mm) que garantiza una disipaci\u00f3n eficiente del calor a18&gt; disipaci\u00f3n y estabilidad mec\u00e1nica en cl\u00fasteres energ\u00e9ticos modulares de alta densidad.<\/li>\n<li style=\"margin-bottom: 15px;\">\ud83c\udfc5 <strong>Trazabilidad verificada de grado A por DLCPO:<\/strong> Suministradas directamente como stock de grado A reci\u00e9n salido de f\u00e1brica, todas las unidades proporcionadas por <strong>DLCPO<\/strong> incluyen su <strong>c\u00f3digo QR original e intacto<\/strong>. Garantizamos una resistencia interna 100 % coincidente y consistencia de voltaje, lo que proporciona la fiabilidad financiera necesaria para proyectos energ\u00e9ticos B2B de misi\u00f3n cr\u00edtica. <\/li>\n<\/ul>\n<h3 style=\"font-size: 1.2em; color: #34495e;\">Aplicaciones profesionales:<\/h3>\n<p>La <strong>c\u00e9lula de bater\u00eda LiFePO4 EVE LF230 de 230 Ah, grado A<\/strong> es el n\u00facleo energ\u00e9tico definitivo para <strong>sistemas de alimentaci\u00f3n para camionetas todoterreno<\/strong>, <strong>almacenamiento solar adaptado para el invierno<\/strong> y <strong>sistemas de respaldo industriales de alto voltaje<\/strong>. Su capacidad \u00fanica para soportar condiciones \u00e1rticas sin perder su perfil delgado la convierte en la c\u00e9lula de 230 Ah m\u00e1s vers\u00e1til del mercado en 2026. <\/p>\n<\/div>\n","protected":false},"excerpt":{"rendered":"<p>Compra la aut\u00e9ntica <b data-path-to-node=\"5,2,0\" data-index-in-node=\"46\">c\u00e9lula de bater\u00eda EVE LF230 de 230 Ah LiFePO4 de grado A<\/b> en DLCPO. Con descarga a bajas temperaturas de hasta -35 \u00b0C, 4000 ciclos y un dise\u00f1o delgado perfecto de 54 mm para actualizaciones de cajas de bater\u00eda de 202 Ah. <\/p>\n","protected":false},"featured_media":1845,"template":"","meta":{"_acf_changed":false,"_joinchat":[]},"product_brand":[],"product_cat":[1388],"product_tag":[1808,1809,1417,1399,1807],"class_list":{"0":"post-6073","1":"product","2":"type-product","3":"status-publish","4":"has-post-thumbnail","6":"product_cat-eve","7":"product_tag-202ah-recambio","8":"product_tag-almacenamiento-solar-celula-solar","9":"product_tag-bateria-para-climas-frios","10":"product_tag-dlcpo","11":"product_tag-eve-lf230-230ah","12":"pa_capacity-230ah","14":"first","15":"instock","16":"shipping-taxable","17":"product-type-simple"},"acf":[],"_links":{"self":[{"href":"https:\/\/dlcpo.com\/es\/wp-json\/wp\/v2\/product\/6073","targetHints":{"allow":["GET"]}}],"collection":[{"href":"https:\/\/dlcpo.com\/es\/wp-json\/wp\/v2\/product"}],"about":[{"href":"https:\/\/dlcpo.com\/es\/wp-json\/wp\/v2\/types\/product"}],"version-history":[{"count":1,"href":"https:\/\/dlcpo.com\/es\/wp-json\/wp\/v2\/product\/6073\/revisions"}],"predecessor-version":[{"id":7386,"href":"https:\/\/dlcpo.com\/es\/wp-json\/wp\/v2\/product\/6073\/revisions\/7386"}],"wp:featuredmedia":[{"embeddable":true,"href":"https:\/\/dlcpo.com\/es\/wp-json\/wp\/v2\/media\/1845"}],"wp:attachment":[{"href":"https:\/\/dlcpo.com\/es\/wp-json\/wp\/v2\/media?parent=6073"}],"wp:term":[{"taxonomy":"product_brand","embeddable":true,"href":"https:\/\/dlcpo.com\/es\/wp-json\/wp\/v2\/product_brand?post=6073"},{"taxonomy":"product_cat","embeddable":true,"href":"https:\/\/dlcpo.com\/es\/wp-json\/wp\/v2\/product_cat?post=6073"},{"taxonomy":"product_tag","embeddable":true,"href":"https:\/\/dlcpo.com\/es\/wp-json\/wp\/v2\/product_tag?post=6073"}],"curies":[{"name":"wp","href":"https:\/\/api.w.org\/{rel}","templated":true}]}}